{"id":22,"date":"2014-09-18T12:19:57","date_gmt":"2014-09-18T11:19:57","guid":{"rendered":"http:\/\/agora.xtec.cat\/ceiprocafonda\/?page_id=22"},"modified":"2020-04-12T07:46:09","modified_gmt":"2020-04-12T05:46:09","slug":"lescola","status":"publish","type":"page","link":"https:\/\/agora.xtec.cat\/ceiprocafonda\/lescola\/","title":{"rendered":"L&#8217;escola"},"content":{"rendered":"<p class=\"font_8\"><a href=\"https:\/\/agora.xtec.cat\/ceiprocafonda\/wp-content\/uploads\/usu416\/2019\/05\/logo-escola.jpg\"><img loading=\"lazy\" decoding=\"async\" class=\"wp-image-567 alignnone\" src=\"https:\/\/agora.xtec.cat\/ceiprocafonda\/wp-content\/uploads\/usu416\/2019\/05\/logo-escola.jpg\" alt=\"\" width=\"344\" height=\"59\" srcset=\"https:\/\/agora.xtec.cat\/ceiprocafonda\/wp-content\/uploads\/usu416\/2019\/05\/logo-escola.jpg 600w, https:\/\/agora.xtec.cat\/ceiprocafonda\/wp-content\/uploads\/usu416\/2019\/05\/logo-escola-300x52.jpg 300w\" sizes=\"auto, (max-width: 344px) 100vw, 344px\" \/><\/a><\/p>\n<p>L\u2019escola Rocafonda est\u00e0 ubicada a la ciutat de Matar\u00f3, comarca del Maresme, prov\u00edncia de Barcelona. Est\u00e0 situada a l\u2019extrem del barri de Molins, tocant el barri de Rocafonda i de Vista Alegre, en un l\u00edmit de la ciutat, al costa d\u2019una zona industrial i espais urbanitzats. \u00c9s una escola propera amb vocaci\u00f3 d\u2019escola de barri vinculada al territori, ciutat, comarca.<\/p>\n<p>La nostra escola ha de ser el reflex de l\u2019entorn que ens envolta, que els nostres alumnes puguin trobar a l\u2019escola els mateixos amics i amigues que troben a la pla\u00e7a o al carrer.<\/p>\n<p>La nostra societat \u00e9s plural i hi ha diversitat d\u2019ideologies, \u00e8tnies, cultures, classes socials, &#8230;\u00a0 cal, per poder educar realment en la riquesa de la diversitat, que l\u2019escola sigui una continuaci\u00f3 d\u2019aquesta realitat i no un par\u00e8ntesi del m\u00f3n que ens ha tocat viure.<\/p>\n<p>Som una escola propera, on les fam\u00edlies acompanyen personalment als seus fills i filles i comparteixen, amb el contacte quotidi\u00e0 amb els i les mestres, el dia a dia de la seva educaci\u00f3. A mesura que els infants van creixent, aquesta proximitat,\u00a0 facilita l\u2019autonomia i responsabilitat dels infants perqu\u00e8 puguin venir sols\/soles a l\u2019escola.<\/p>\n<p>Participem en molts projectes i propostes que s\u2019organitzen a la ciutat, ja sigui des de l\u2019Ajuntament, Consell comarcal, o de diferents entitats de la ciutat.<\/p>\n<p>La nostra cultura, les nostres festes i tradicions s\u00f3n un punt important en la vida de l\u2019escola<\/p>\n<div class=\"ast-oembed-container \" style=\"height: 100%;\"><iframe loading=\"lazy\" title=\"Rocafonda 2018\" width=\"500\" height=\"281\" src=\"https:\/\/www.youtube.com\/embed\/mATbLjr-SW8?feature=oembed\" frameborder=\"0\" allow=\"accelerometer; autoplay; clipboard-write; encrypted-media; gyroscope; picture-in-picture; web-share\" referrerpolicy=\"strict-origin-when-cross-origin\" allowfullscreen><\/iframe><\/div>\n","protected":false},"excerpt":{"rendered":"<p>L\u2019escola Rocafonda est\u00e0 ubicada a la ciutat de Matar\u00f3, comarca del Maresme, prov\u00edncia de Barcelona. Est\u00e0 situada a l\u2019extrem del barri de Molins, tocant el barri de Rocafonda i de Vista Alegre, en un l\u00edmit de la ciutat, al costa d\u2019una zona industrial i espais urbanitzats. \u00c9s una escola propera amb vocaci\u00f3 d\u2019escola de barri [&hellip;]<\/p>\n","protected":false},"author":1,"featured_media":0,"parent":0,"menu_order":0,"comment_status":"closed","ping_status":"closed","template":"page-templates\/side-menu.php","meta":{"_bbp_topic_count":0,"_bbp_reply_count":0,"_bbp_total_topic_count":0,"_bbp_total_reply_count":0,"_bbp_voice_count":0,"_bbp_anonymous_reply_count":0,"_bbp_topic_count_hidden":0,"_bbp_reply_count_hidden":0,"_bbp_forum_subforum_count":0,"site-sidebar-layout":"default","site-content-layout":"","ast-site-content-layout":"","site-content-style":"default","site-sidebar-style":"default","ast-global-header-display":"","ast-banner-title-visibility":"","ast-main-header-display":"","ast-hfb-above-header-display":"","ast-hfb-below-header-display":"","ast-hfb-mobile-header-display":"","site-post-title":"","ast-breadcrumbs-content":"","ast-featured-img":"","footer-sml-layout":"","theme-transparent-header-meta":"","adv-header-id-meta":"","stick-header-meta":"","header-above-stick-meta":"","header-main-stick-meta":"","header-below-stick-meta":"","astra-migrate-meta-layouts":"default","ast-page-background-enabled":"default","ast-page-background-meta":{"desktop":{"background-color":"var(--ast-global-color-4)","background-image":"","background-repeat":"repeat","background-position":"center center","background-size":"auto","background-attachment":"scroll","background-type":"","background-media":"","overlay-type":"","overlay-color":"","overlay-opacity":"","overlay-gradient":""},"tablet":{"background-color":"","background-image":"","background-repeat":"repeat","background-position":"center center","background-size":"auto","background-attachment":"scroll","background-type":"","background-media":"","overlay-type":"","overlay-color":"","overlay-opacity":"","overlay-gradient":""},"mobile":{"background-color":"","background-image":"","background-repeat":"repeat","background-position":"center center","background-size":"auto","background-attachment":"scroll","background-type":"","background-media":"","overlay-type":"","overlay-color":"","overlay-opacity":"","overlay-gradient":""}},"ast-content-background-meta":{"desktop":{"background-color":"var(--ast-global-color-5)","background-image":"","background-repeat":"repeat","background-position":"center center","background-size":"auto","background-attachment":"scroll","background-type":"","background-media":"","overlay-type":"","overlay-color":"","overlay-opacity":"","overlay-gradient":""},"tablet":{"background-color":"var(--ast-global-color-5)","background-image":"","background-repeat":"repeat","background-position":"center center","background-size":"auto","background-attachment":"scroll","background-type":"","background-media":"","overlay-type":"","overlay-color":"","overlay-opacity":"","overlay-gradient":""},"mobile":{"background-color":"var(--ast-global-color-5)","background-image":"","background-repeat":"repeat","background-position":"center center","background-size":"auto","background-attachment":"scroll","background-type":"","background-media":"","overlay-type":"","overlay-color":"","overlay-opacity":"","overlay-gradient":""}},"footnotes":""},"class_list":["post-22","page","type-page","status-publish","hentry"],"post_mailing_queue_ids":[],"_links":{"self":[{"href":"https:\/\/agora.xtec.cat\/ceiprocafonda\/wp-json\/wp\/v2\/pages\/22","targetHints":{"allow":["GET"]}}],"collection":[{"href":"https:\/\/agora.xtec.cat\/ceiprocafonda\/wp-json\/wp\/v2\/pages"}],"about":[{"href":"https:\/\/agora.xtec.cat\/ceiprocafonda\/wp-json\/wp\/v2\/types\/page"}],"author":[{"embeddable":true,"href":"https:\/\/agora.xtec.cat\/ceiprocafonda\/wp-json\/wp\/v2\/users\/1"}],"replies":[{"embeddable":true,"href":"https:\/\/agora.xtec.cat\/ceiprocafonda\/wp-json\/wp\/v2\/comments?post=22"}],"version-history":[{"count":4,"href":"https:\/\/agora.xtec.cat\/ceiprocafonda\/wp-json\/wp\/v2\/pages\/22\/revisions"}],"predecessor-version":[{"id":1040,"href":"https:\/\/agora.xtec.cat\/ceiprocafonda\/wp-json\/wp\/v2\/pages\/22\/revisions\/1040"}],"wp:attachment":[{"href":"https:\/\/agora.xtec.cat\/ceiprocafonda\/wp-json\/wp\/v2\/media?parent=22"}],"curies":[{"name":"wp","href":"https:\/\/api.w.org\/{rel}","templated":true}]}}