{"id":1476,"date":"2020-05-09T13:12:48","date_gmt":"2020-05-09T11:12:48","guid":{"rendered":"https:\/\/agora.xtec.cat\/ceiprocafonda\/?page_id=1476"},"modified":"2025-02-25T08:04:15","modified_gmt":"2025-02-25T07:04:15","slug":"calendari-de-les-preinscripcions-20-21","status":"publish","type":"page","link":"https:\/\/agora.xtec.cat\/ceiprocafonda\/lescola\/preinscripcio-20-21\/calendari-de-les-preinscripcions-20-21\/","title":{"rendered":"Calendari de les preinscripcions 25-26"},"content":{"rendered":"<div class=\"FW_sPregunta FW_sImpacte\">\n<p>Si vols estar al cas de les diferents dates clau i dels terminis, has de tenir en compte alguns aspectes:<\/p>\n<ul>\n<li>El proc\u00e9s de preinscripci\u00f3 escolar<strong> s&#8217;inicia a principi de mar\u00e7 i acaba amb la formalitzaci\u00f3 de la matr\u00edcula, al juliol.<\/strong><\/li>\n<li><strong>Durant tot aquest temps, hi ha dates i terminis associats a actuacions clau<\/strong>\u00a0que has de tenir presents, ja que determinen l&#8217;assignaci\u00f3 final de places als centres educatius.<\/li>\n<\/ul>\n<p>Aix\u00ed, has d&#8217;estar pendent de les dates i de les gestions espec\u00edfiques de cada moment del proc\u00e9s.<\/p>\n<h4 id=\"FW_bloc_5ff9132d-55e8-11e4-aafa-000c29f68999_1\" class=\"FW_ancora\">Preinscripci\u00f3<\/h4>\n<div class=\"FW_sArticleFoto\">\n<div class=\"FW_sEditPro\">\n<ul>\n<li><strong>11 de mar\u00e7 del 2025<\/strong>: Oferta inicial de places escolars:<\/li>\n<li><strong>Del 12 al 26 de mar\u00e7 del 2025<\/strong>: Presentaci\u00f3 de la sol\u00b7licitud de preinscripci\u00f3<\/li>\n<li><strong>Fins al 28 de mar\u00e7 de 2025<\/strong>: Presentaci\u00f3 de documentaci\u00f3<\/li>\n<li><strong>24 d&#8217;abril de 2025:<\/strong> llista de sol\u00b7licituds amb la puntuaci\u00f3 provisional<\/li>\n<li><strong>Del 24 al 29 d&#8217;abril de 2025:<\/strong> presentaci\u00f3 de reclamacions<\/li>\n<li><strong>5 de maig de 2025:<\/strong> llista de sol\u00b7licituds amb la puntuaci\u00f3 un cop resoltes les reclamacions<\/li>\n<li><strong>8 de maig de 2025:<\/strong> sorteig per resoldre les sol\u00b7licituds de preinscripci\u00f3 empatades en punts<\/li>\n<li><strong>9 de maig de 2025:<\/strong> llista ordenada definitiva<\/li>\n<li><strong>Del 4 al 6 de juny de 2025:<\/strong> ampliaci\u00f3 de peticions de preinscripci\u00f3 per a alumnes sense pla\u00e7a assignada a cap centre<\/li>\n<li><strong>16 de juny de 2025:<\/strong> oferta final de places escolars<\/li>\n<li><strong>16 de juny de 2025:<\/strong> llista d&#8217;alumnes admesos i llista d&#8217;espera<\/li>\n<\/ul>\n<\/div>\n<\/div>\n<\/div>\n<div class=\"FW_sTitolFons\"><\/div>\n<div class=\"FW_sPregunta FW_sImpacte\">\n<h4 id=\"FW_bloc_5ff9132d-55e8-11e4-aafa-000c29f68999_2\" class=\"FW_ancora\">Matr\u00edcula<\/h4>\n<div class=\"FW_sArticleFoto\">\n<div class=\"FW_sEditPro\">\n<ul>\n<li><strong>Del 25 de juny al 3 de juliol de 2025: matriculaci\u00f3<\/strong>. Alumnes preinscrits <strong>amb pla\u00e7a assignada<\/strong> a segon cicle d&#8217;educaci\u00f3 infantil, educaci\u00f3 prim\u00e0ria i ESO.<\/li>\n<\/ul>\n<p>La llista d&#8217;alumnes matriculats al centre procedents del proc\u00e9s de preinscripci\u00f3 i admissi\u00f3 es publica el <strong>30 de setembre del 2025<\/strong><\/p>\n<\/div>\n<\/div>\n<\/div>\n","protected":false},"excerpt":{"rendered":"<p>Si vols estar al cas de les diferents dates clau i dels terminis, has de tenir en compte alguns aspectes: El proc\u00e9s de preinscripci\u00f3 escolar s&#8217;inicia a principi de mar\u00e7 i acaba amb la formalitzaci\u00f3 de la matr\u00edcula, al juliol. Durant tot aquest temps, hi ha dates i terminis associats a actuacions clau\u00a0que has de [&hellip;]<\/p>\n","protected":false},"author":1,"featured_media":0,"parent":798,"menu_order":3,"comment_status":"closed","ping_status":"closed","template":"page-templates\/side-menu.php","meta":{"_bbp_topic_count":0,"_bbp_reply_count":0,"_bbp_total_topic_count":0,"_bbp_total_reply_count":0,"_bbp_voice_count":0,"_bbp_anonymous_reply_count":0,"_bbp_topic_count_hidden":0,"_bbp_reply_count_hidden":0,"_bbp_forum_subforum_count":0,"site-sidebar-layout":"default","site-content-layout":"","ast-site-content-layout":"","site-content-style":"default","site-sidebar-style":"default","ast-global-header-display":"","ast-banner-title-visibility":"","ast-main-header-display":"","ast-hfb-above-header-display":"","ast-hfb-below-header-display":"","ast-hfb-mobile-header-display":"","site-post-title":"","ast-breadcrumbs-content":"","ast-featured-img":"","footer-sml-layout":"","theme-transparent-header-meta":"","adv-header-id-meta":"","stick-header-meta":"","header-above-stick-meta":"","header-main-stick-meta":"","header-below-stick-meta":"","astra-migrate-meta-layouts":"default","ast-page-background-enabled":"default","ast-page-background-meta":{"desktop":{"background-color":"var(--ast-global-color-4)","background-image":"","background-repeat":"repeat","background-position":"center center","background-size":"auto","background-attachment":"scroll","background-type":"","background-media":"","overlay-type":"","overlay-color":"","overlay-opacity":"","overlay-gradient":""},"tablet":{"background-color":"","background-image":"","background-repeat":"repeat","background-position":"center center","background-size":"auto","background-attachment":"scroll","background-type":"","background-media":"","overlay-type":"","overlay-color":"","overlay-opacity":"","overlay-gradient":""},"mobile":{"background-color":"","background-image":"","background-repeat":"repeat","background-position":"center center","background-size":"auto","background-attachment":"scroll","background-type":"","background-media":"","overlay-type":"","overlay-color":"","overlay-opacity":"","overlay-gradient":""}},"ast-content-background-meta":{"desktop":{"background-color":"var(--ast-global-color-5)","background-image":"","background-repeat":"repeat","background-position":"center center","background-size":"auto","background-attachment":"scroll","background-type":"","background-media":"","overlay-type":"","overlay-color":"","overlay-opacity":"","overlay-gradient":""},"tablet":{"background-color":"var(--ast-global-color-5)","background-image":"","background-repeat":"repeat","background-position":"center center","background-size":"auto","background-attachment":"scroll","background-type":"","background-media":"","overlay-type":"","overlay-color":"","overlay-opacity":"","overlay-gradient":""},"mobile":{"background-color":"var(--ast-global-color-5)","background-image":"","background-repeat":"repeat","background-position":"center center","background-size":"auto","background-attachment":"scroll","background-type":"","background-media":"","overlay-type":"","overlay-color":"","overlay-opacity":"","overlay-gradient":""}},"footnotes":""},"class_list":["post-1476","page","type-page","status-publish","hentry"],"post_mailing_queue_ids":[],"_links":{"self":[{"href":"https:\/\/agora.xtec.cat\/ceiprocafonda\/wp-json\/wp\/v2\/pages\/1476","targetHints":{"allow":["GET"]}}],"collection":[{"href":"https:\/\/agora.xtec.cat\/ceiprocafonda\/wp-json\/wp\/v2\/pages"}],"about":[{"href":"https:\/\/agora.xtec.cat\/ceiprocafonda\/wp-json\/wp\/v2\/types\/page"}],"author":[{"embeddable":true,"href":"https:\/\/agora.xtec.cat\/ceiprocafonda\/wp-json\/wp\/v2\/users\/1"}],"replies":[{"embeddable":true,"href":"https:\/\/agora.xtec.cat\/ceiprocafonda\/wp-json\/wp\/v2\/comments?post=1476"}],"version-history":[{"count":6,"href":"https:\/\/agora.xtec.cat\/ceiprocafonda\/wp-json\/wp\/v2\/pages\/1476\/revisions"}],"predecessor-version":[{"id":17253,"href":"https:\/\/agora.xtec.cat\/ceiprocafonda\/wp-json\/wp\/v2\/pages\/1476\/revisions\/17253"}],"up":[{"embeddable":true,"href":"https:\/\/agora.xtec.cat\/ceiprocafonda\/wp-json\/wp\/v2\/pages\/798"}],"wp:attachment":[{"href":"https:\/\/agora.xtec.cat\/ceiprocafonda\/wp-json\/wp\/v2\/media?parent=1476"}],"curies":[{"name":"wp","href":"https:\/\/api.w.org\/{rel}","templated":true}]}}