{"id":3516,"date":"2024-01-05T13:08:50","date_gmt":"2024-01-05T12:08:50","guid":{"rendered":"https:\/\/agora.xtec.cat\/ceiprivorubeo\/?page_id=3516"},"modified":"2025-09-07T09:58:21","modified_gmt":"2025-09-07T07:58:21","slug":"els-menus","status":"publish","type":"page","link":"https:\/\/agora.xtec.cat\/ceiprivorubeo\/afa\/menjador-escolar\/els-menus\/","title":{"rendered":"Els men\u00fas"},"content":{"rendered":"<p>A continuaci\u00f3 trobareu els men\u00fas del menjador:<\/p>\n<p><a href=\"https:\/\/drive.google.com\/drive\/folders\/16qha11wGEUJZV0UgZMAHfNLTJvtF5jfn?usp=drive_link\">Men\u00fas curs 25-26<\/a><\/p>\n<p>&nbsp;<\/p>\n","protected":false},"excerpt":{"rendered":"<p>A continuaci\u00f3 trobareu els men\u00fas del menjador:<br \/>\n<a href=\"https:\/\/drive.google.com\/drive\/folders\/16qha11wGEUJZV0UgZMAHfNLTJvtF5jfn?usp=drive_link\">Men\u00fas curs 25-26<\/a><br \/>\n&nbsp;<\/p>\n","protected":false},"author":30,"featured_media":0,"parent":841,"menu_order":0,"comment_status":"closed","ping_status":"closed","template":"","meta":{"_bbp_topic_count":0,"_bbp_reply_count":0,"_bbp_total_topic_count":0,"_bbp_total_reply_count":0,"_bbp_voice_count":0,"_bbp_anonymous_reply_count":0,"_bbp_topic_count_hidden":0,"_bbp_reply_count_hidden":0,"_bbp_forum_subforum_count":0,"footnotes":""},"class_list":["post-3516","page","type-page","status-publish","hentry"],"post_mailing_queue_ids":[],"_links":{"self":[{"href":"https:\/\/agora.xtec.cat\/ceiprivorubeo\/wp-json\/wp\/v2\/pages\/3516","targetHints":{"allow":["GET"]}}],"collection":[{"href":"https:\/\/agora.xtec.cat\/ceiprivorubeo\/wp-json\/wp\/v2\/pages"}],"about":[{"href":"https:\/\/agora.xtec.cat\/ceiprivorubeo\/wp-json\/wp\/v2\/types\/page"}],"author":[{"embeddable":true,"href":"https:\/\/agora.xtec.cat\/ceiprivorubeo\/wp-json\/wp\/v2\/users\/30"}],"replies":[{"embeddable":true,"href":"https:\/\/agora.xtec.cat\/ceiprivorubeo\/wp-json\/wp\/v2\/comments?post=3516"}],"version-history":[{"count":6,"href":"https:\/\/agora.xtec.cat\/ceiprivorubeo\/wp-json\/wp\/v2\/pages\/3516\/revisions"}],"predecessor-version":[{"id":4867,"href":"https:\/\/agora.xtec.cat\/ceiprivorubeo\/wp-json\/wp\/v2\/pages\/3516\/revisions\/4867"}],"up":[{"embeddable":true,"href":"https:\/\/agora.xtec.cat\/ceiprivorubeo\/wp-json\/wp\/v2\/pages\/841"}],"wp:attachment":[{"href":"https:\/\/agora.xtec.cat\/ceiprivorubeo\/wp-json\/wp\/v2\/media?parent=3516"}],"curies":[{"name":"wp","href":"https:\/\/api.w.org\/{rel}","templated":true}]}}