{"id":308,"date":"2014-11-19T13:27:28","date_gmt":"2014-11-19T11:27:28","guid":{"rendered":"http:\/\/www.rieraderibes.cat\/?page_id=308"},"modified":"2020-01-28T15:39:48","modified_gmt":"2020-01-28T14:39:48","slug":"pel%e2%80%a2licules","status":"publish","type":"page","link":"https:\/\/agora.xtec.cat\/ceiprieraderibes\/pel%e2%80%a2licules\/","title":{"rendered":"Pel\u2022l\u00edcules"},"content":{"rendered":"<p>La intenci\u00f3 d\u2019aquestes presentacions \u00e9s mostrar el sentir de la nostra escola. Un m\u00f3n de persones comprenent cr\u00edticament el m\u00f3n.<\/p>\n<p><iframe loading=\"lazy\" title=\"Una escola que millora e\u0301s una escola que apren\" src=\"https:\/\/player.vimeo.com\/video\/114470400?dnt=1&amp;app_id=122963\" width=\"500\" height=\"333\" frameborder=\"0\" allow=\"autoplay; fullscreen; picture-in-picture; clipboard-write\"><\/iframe><\/p>\n<p><iframe loading=\"lazy\" title=\"Documental La Riera\" src=\"https:\/\/player.vimeo.com\/video\/114470398?dnt=1&amp;app_id=122963\" width=\"500\" height=\"400\" frameborder=\"0\" allow=\"autoplay; fullscreen; picture-in-picture; clipboard-write\"><\/iframe><\/p>\n<p><iframe loading=\"lazy\" title=\"1-El sentit de l&#039;escola....avi\" src=\"https:\/\/player.vimeo.com\/video\/114469218?dnt=1&amp;app_id=122963\" width=\"500\" height=\"400\" frameborder=\"0\" allow=\"autoplay; fullscreen; picture-in-picture; clipboard-write\"><\/iframe><\/p>\n<p>&nbsp;<\/p>\n","protected":false},"excerpt":{"rendered":"<p>La intenci\u00f3 d\u2019aquestes presentacions \u00e9s mostrar el sentir de la nostra escola. Un m\u00f3n de persones comprenent cr\u00edticament el m\u00f3n.<\/p>\n<p>&nbsp;<\/p>\n","protected":false},"author":175,"featured_media":0,"parent":0,"menu_order":0,"comment_status":"open","ping_status":"open","template":"","meta":{"_bbp_topic_count":0,"_bbp_reply_count":0,"_bbp_total_topic_count":0,"_bbp_total_reply_count":0,"_bbp_voice_count":0,"_bbp_anonymous_reply_count":0,"_bbp_topic_count_hidden":0,"_bbp_reply_count_hidden":0,"_bbp_forum_subforum_count":0,"footnotes":""},"class_list":["post-308","page","type-page","status-publish","hentry"],"post_mailing_queue_ids":[],"_links":{"self":[{"href":"https:\/\/agora.xtec.cat\/ceiprieraderibes\/wp-json\/wp\/v2\/pages\/308","targetHints":{"allow":["GET"]}}],"collection":[{"href":"https:\/\/agora.xtec.cat\/ceiprieraderibes\/wp-json\/wp\/v2\/pages"}],"about":[{"href":"https:\/\/agora.xtec.cat\/ceiprieraderibes\/wp-json\/wp\/v2\/types\/page"}],"author":[{"embeddable":true,"href":"https:\/\/agora.xtec.cat\/ceiprieraderibes\/wp-json\/wp\/v2\/users\/175"}],"replies":[{"embeddable":true,"href":"https:\/\/agora.xtec.cat\/ceiprieraderibes\/wp-json\/wp\/v2\/comments?post=308"}],"version-history":[{"count":1,"href":"https:\/\/agora.xtec.cat\/ceiprieraderibes\/wp-json\/wp\/v2\/pages\/308\/revisions"}],"predecessor-version":[{"id":8407,"href":"https:\/\/agora.xtec.cat\/ceiprieraderibes\/wp-json\/wp\/v2\/pages\/308\/revisions\/8407"}],"wp:attachment":[{"href":"https:\/\/agora.xtec.cat\/ceiprieraderibes\/wp-json\/wp\/v2\/media?parent=308"}],"curies":[{"name":"wp","href":"https:\/\/api.w.org\/{rel}","templated":true}]}}