{"id":36,"date":"2014-09-18T12:33:11","date_gmt":"2014-09-18T11:33:11","guid":{"rendered":"http:\/\/agora.xtec.cat\/ceipremolins\/?page_id=36"},"modified":"2024-04-24T12:17:44","modified_gmt":"2024-04-24T10:17:44","slug":"educaciosocial","status":"publish","type":"page","link":"https:\/\/agora.xtec.cat\/ceipremolins\/lescola\/educaciosocial\/","title":{"rendered":"Educador\/a Social"},"content":{"rendered":"<p style=\"text-align: justify;\"><strong>Programa d\u2019educadors socials cofinan\u00e7at per la Uni\u00f3 Europea:<\/strong><\/p>\n<p style=\"text-align: justify;\">El centre Escola Remolins de Tortosa disposa de professionals d\u2019atenci\u00f3 educativa<br \/>\namb la finalitat de garantir l\u2019equitat en l\u2019acc\u00e9s a l\u2019educaci\u00f3: Educadora Social.<\/p>\n<p style=\"text-align: justify;\">La contractaci\u00f3 d\u2019aquest professional est\u00e0 cofinan\u00e7at en un 40% per la Uni\u00f3<br \/>\nEuropea i la resta pel Departament d\u2019Educaci\u00f3 aix\u00f2 comporta el compliment d\u2019unes<br \/>\nmesures de publicitat i comunicaci\u00f3.<\/p>\n<p style=\"text-align: justify;\">La incorporaci\u00f3 de l\u2019educadora social t\u00e9 com a objecte suplementar amb<br \/>\nprofessionals d&#8217;atenci\u00f3 educativa l&#8217;activitat que es presta en els centres docents,<br \/>\namb la finalitat de garantir l&#8217;equitat en l&#8217;acc\u00e9s a l\u2019educaci\u00f3.<\/p>\n<p style=\"text-align: justify;\">Els objectius del<strong> Programa de t\u00e8cnics d\u2019integraci\u00f3 social i els educadors<\/strong><br \/>\n<strong>socials cofinan\u00e7at per la Uni\u00f3 Europea<\/strong> s\u00f3n:<\/p>\n<ul>\n<li>Prevenir l\u2019abandonament prematur i el frac\u00e0s escolar Procurar el benestar<br \/>\nemocional dels alumnes<\/li>\n<li>Facilitar una bona conviv\u00e8ncia en els centres educatius.<\/li>\n<li>Contribuir a l\u2019orientaci\u00f3 dels alumnes<\/li>\n<li>Fomentar la implicaci\u00f3 de les fam\u00edlies<\/li>\n<li>Fomentar el vincle entre l\u2019escola i el seu entorn.<\/li>\n<li>Contribuir al desenvolupament de plans d\u2019\u00e0mbit comunitari.<\/li>\n<\/ul>\n<p>El resultat esperat del programa \u00e9s reduir l\u2019absentisme escolar i l\u2019abandonament<br \/>\nprematur.<\/p>\n<p><img loading=\"lazy\" decoding=\"async\" class=\"alignnone size-full wp-image-1000\" src=\"https:\/\/agora.xtec.cat\/ceipremolins\/wp-content\/uploads\/usu2055\/2024\/04\/logos.png\" alt=\"\" width=\"1376\" height=\"125\" srcset=\"https:\/\/agora.xtec.cat\/ceipremolins\/wp-content\/uploads\/usu2055\/2024\/04\/logos.png 1376w, https:\/\/agora.xtec.cat\/ceipremolins\/wp-content\/uploads\/usu2055\/2024\/04\/logos-768x70.png 768w\" sizes=\"auto, (max-width: 1376px) 100vw, 1376px\" \/><\/p>\n","protected":false},"excerpt":{"rendered":"<p>Programa d\u2019educadors socials cofinan\u00e7at per la Uni\u00f3 Europea:<br \/>\nEl centre Escola Remolins de Tortosa disposa de professionals d\u2019atenci\u00f3 educativa<br \/>\namb la finalitat de garantir l\u2019equitat en l\u2019acc\u00e9s a l\u2019educaci\u00f3: Educadora Social.<br \/>\nLa contractaci\u00f3 d\u2019aquest professional est\u00e0 cofinan\u00e7at en un 40% per la Uni\u00f3<br \/>\nEuropea i la resta pel Departament&hellip;  <a href=\"https:\/\/agora.xtec.cat\/ceipremolins\/lescola\/educaciosocial\/\" title=\"Read Educador\/a Social\">Llegeix m\u00e9s\u00bb<\/a><\/p>\n","protected":false},"author":1,"featured_media":0,"parent":22,"menu_order":70,"comment_status":"closed","ping_status":"closed","template":"page-templates\/side-menu.php","meta":{"_bbp_topic_count":0,"_bbp_reply_count":0,"_bbp_total_topic_count":0,"_bbp_total_reply_count":0,"_bbp_voice_count":0,"_bbp_anonymous_reply_count":0,"_bbp_topic_count_hidden":0,"_bbp_reply_count_hidden":0,"_bbp_forum_subforum_count":0,"footnotes":""},"class_list":["post-36","page","type-page","status-publish","hentry"],"post_mailing_queue_ids":[],"_links":{"self":[{"href":"https:\/\/agora.xtec.cat\/ceipremolins\/wp-json\/wp\/v2\/pages\/36","targetHints":{"allow":["GET"]}}],"collection":[{"href":"https:\/\/agora.xtec.cat\/ceipremolins\/wp-json\/wp\/v2\/pages"}],"about":[{"href":"https:\/\/agora.xtec.cat\/ceipremolins\/wp-json\/wp\/v2\/types\/page"}],"author":[{"embeddable":true,"href":"https:\/\/agora.xtec.cat\/ceipremolins\/wp-json\/wp\/v2\/users\/1"}],"replies":[{"embeddable":true,"href":"https:\/\/agora.xtec.cat\/ceipremolins\/wp-json\/wp\/v2\/comments?post=36"}],"version-history":[{"count":6,"href":"https:\/\/agora.xtec.cat\/ceipremolins\/wp-json\/wp\/v2\/pages\/36\/revisions"}],"predecessor-version":[{"id":1002,"href":"https:\/\/agora.xtec.cat\/ceipremolins\/wp-json\/wp\/v2\/pages\/36\/revisions\/1002"}],"up":[{"embeddable":true,"href":"https:\/\/agora.xtec.cat\/ceipremolins\/wp-json\/wp\/v2\/pages\/22"}],"wp:attachment":[{"href":"https:\/\/agora.xtec.cat\/ceipremolins\/wp-json\/wp\/v2\/media?parent=36"}],"curies":[{"name":"wp","href":"https:\/\/api.w.org\/{rel}","templated":true}]}}