{"id":30,"date":"2014-09-18T12:30:23","date_gmt":"2014-09-18T11:30:23","guid":{"rendered":"http:\/\/agora.xtec.cat\/ceipremolins\/?page_id=30"},"modified":"2024-12-05T13:09:51","modified_gmt":"2024-12-05T12:09:51","slug":"sas","status":"publish","type":"page","link":"https:\/\/agora.xtec.cat\/ceipremolins\/lescola\/sas\/","title":{"rendered":"Servei d&#8217;Atenci\u00f3 Socioeducativa"},"content":{"rendered":"<p>El Servei d&#8217;Atenci\u00f3 Socioeducativa est\u00e0 format per:<\/p>\n<p><strong>&#8211; Treballador\/a Integraci\u00f3 Social (TIS): <\/strong>N\u00faria Franch (nfranch2@xtec.cat)<\/p>\n<p><strong>&#8211;<a href=\"https:\/\/agora.xtec.cat\/ceipremolins\/lescola\/educaciosocial\/\"> Educador\/a<\/a><\/strong><a href=\"https:\/\/agora.xtec.cat\/ceipremolins\/lescola\/educaciosocial\/\"> <strong>Social:<\/strong><\/a> Sergi Pamies (spamies3@xtec.cat)<\/p>\n<p>&nbsp;<\/p>\n","protected":false},"excerpt":{"rendered":"<p>El Servei d&#8217;Atenci\u00f3 Socioeducativa est\u00e0 format per:<br \/>\n&#8211; Treballador\/a Integraci\u00f3 Social (TIS): N\u00faria Franch (nfranch2@xtec.cat)<br \/>\n&#8211;<a href=\"https:\/\/agora.xtec.cat\/ceipremolins\/lescola\/educaciosocial\/\"> Educador\/a<\/a><a href=\"https:\/\/agora.xtec.cat\/ceipremolins\/lescola\/educaciosocial\/\"> Social:<\/a> Sergi Pamies (spamies3@xtec.cat)<br \/>\n&nbsp;<\/p>\n","protected":false},"author":1,"featured_media":0,"parent":22,"menu_order":40,"comment_status":"closed","ping_status":"closed","template":"page-templates\/side-menu.php","meta":{"_bbp_topic_count":0,"_bbp_reply_count":0,"_bbp_total_topic_count":0,"_bbp_total_reply_count":0,"_bbp_voice_count":0,"_bbp_anonymous_reply_count":0,"_bbp_topic_count_hidden":0,"_bbp_reply_count_hidden":0,"_bbp_forum_subforum_count":0,"footnotes":""},"class_list":["post-30","page","type-page","status-publish","hentry"],"post_mailing_queue_ids":[],"_links":{"self":[{"href":"https:\/\/agora.xtec.cat\/ceipremolins\/wp-json\/wp\/v2\/pages\/30","targetHints":{"allow":["GET"]}}],"collection":[{"href":"https:\/\/agora.xtec.cat\/ceipremolins\/wp-json\/wp\/v2\/pages"}],"about":[{"href":"https:\/\/agora.xtec.cat\/ceipremolins\/wp-json\/wp\/v2\/types\/page"}],"author":[{"embeddable":true,"href":"https:\/\/agora.xtec.cat\/ceipremolins\/wp-json\/wp\/v2\/users\/1"}],"replies":[{"embeddable":true,"href":"https:\/\/agora.xtec.cat\/ceipremolins\/wp-json\/wp\/v2\/comments?post=30"}],"version-history":[{"count":6,"href":"https:\/\/agora.xtec.cat\/ceipremolins\/wp-json\/wp\/v2\/pages\/30\/revisions"}],"predecessor-version":[{"id":1138,"href":"https:\/\/agora.xtec.cat\/ceipremolins\/wp-json\/wp\/v2\/pages\/30\/revisions\/1138"}],"up":[{"embeddable":true,"href":"https:\/\/agora.xtec.cat\/ceipremolins\/wp-json\/wp\/v2\/pages\/22"}],"wp:attachment":[{"href":"https:\/\/agora.xtec.cat\/ceipremolins\/wp-json\/wp\/v2\/media?parent=30"}],"curies":[{"name":"wp","href":"https:\/\/api.w.org\/{rel}","templated":true}]}}