{"id":26,"date":"2014-09-18T12:24:32","date_gmt":"2014-09-18T11:24:32","guid":{"rendered":"http:\/\/agora.xtec.cat\/ceipremolins\/?page_id=26"},"modified":"2024-04-09T09:21:15","modified_gmt":"2024-04-09T07:21:15","slug":"historia","status":"publish","type":"page","link":"https:\/\/agora.xtec.cat\/ceipremolins\/lescola\/historia\/","title":{"rendered":"Hist\u00f2ria"},"content":{"rendered":"<p>L\u2019Escola Remolins es troba situada al barri de Sant Jaume, encara que el seu nom fa refer\u00e8ncia al barri que est\u00e0 situat despr\u00e9s d\u2019aquest. El centre escolaritza alumnes de fam\u00edlies que viuen en els diferents barris de la ciutat:\u00a0 la zona antiga de Remolins ( zona jueva), barri de Sant Jaume, darrera de\u00a0 la Catedral,\u00a0 la part m\u00e9s antiga del barri de Ferreries i\u00a0 la zona del barri del Temple. La majoria d\u2019aquestes fam\u00edlies s\u00f3n immigrants, la qual cosa fa que l\u2019escola sigui considerada un centre d\u2019alta complexitat, segons la resoluci\u00f3 de 19 de novembre de 1997.<\/p>\n<p>Som un total de 200 alumnes aproximadament, amb una plantilla de professorat de 18,5 docents, alguns d\u2019ells amb una reducci\u00f3 de jornada que es completa amb\u00a0 els ter\u00e7os d\u2019 altres docents. Comptem tamb\u00e9 amb les figures de la TEI, TIS, vetlladora i educadora social. Pel que fa a la proced\u00e8ncia de l\u2019alumnat ens trobem amb altes quotes de nens i nenes d\u2019origen magreb\u00ed, pakistan\u00e8s, i alguns centreamericans i sud americans. Comptem amb un percentatge molt baix d\u2019alumnat aut\u00f2cton.<\/p>\n<p>Els nostres nens i nenes presenten una s\u00e8rie de caracter\u00edstiques que demanen l\u2019adaptaci\u00f3 del professorat buscant noves metodologies, recursos,.. Aquestes xiquets i xiquetes, majorit\u00e0riament, inicien l\u2019educaci\u00f3 infantil sense haver sentit mai parlar amb catal\u00e0 ja que la seva llengua materna \u00e9s una altra. Per aquest motiu s\u2019ha de fer un treball d\u2019aprenentatge de vocabulari molt semblant al d\u2019una llar d\u2019infants. Les situacions socioecon\u00f2miques desfavorides tamb\u00e9 s\u00f3n un factor important per a\u00a0 les nostres fam\u00edlies. Per aquests motius, hi ha un nombre elevat d\u2019alumnes que presenta dificultats d\u2019aprenentatge, les quals, els diferents professionals aprofiten com a reptes i oportunitats per a la innovaci\u00f3 educativa en un context escolar que presenta un alt risc d\u2019exclusi\u00f3 social, duent a terme interessants propostes educatives.<\/p>\n","protected":false},"excerpt":{"rendered":"<p>L\u2019Escola Remolins es troba situada al barri de Sant Jaume, encara que el seu nom fa refer\u00e8ncia al barri que est\u00e0 situat despr\u00e9s d\u2019aquest. El centre escolaritza alumnes de fam\u00edlies que viuen en els diferents barris de la ciutat:\u00a0 la zona antiga de Remolins (&hellip;  <a href=\"https:\/\/agora.xtec.cat\/ceipremolins\/lescola\/historia\/\" title=\"Read Hist\u00f2ria\">Llegeix m\u00e9s\u00bb<\/a><\/p>\n","protected":false},"author":1,"featured_media":0,"parent":22,"menu_order":20,"comment_status":"closed","ping_status":"closed","template":"page-templates\/side-menu.php","meta":{"_bbp_topic_count":0,"_bbp_reply_count":0,"_bbp_total_topic_count":0,"_bbp_total_reply_count":0,"_bbp_voice_count":0,"_bbp_anonymous_reply_count":0,"_bbp_topic_count_hidden":0,"_bbp_reply_count_hidden":0,"_bbp_forum_subforum_count":0,"footnotes":""},"class_list":["post-26","page","type-page","status-publish","hentry"],"post_mailing_queue_ids":[],"_links":{"self":[{"href":"https:\/\/agora.xtec.cat\/ceipremolins\/wp-json\/wp\/v2\/pages\/26","targetHints":{"allow":["GET"]}}],"collection":[{"href":"https:\/\/agora.xtec.cat\/ceipremolins\/wp-json\/wp\/v2\/pages"}],"about":[{"href":"https:\/\/agora.xtec.cat\/ceipremolins\/wp-json\/wp\/v2\/types\/page"}],"author":[{"embeddable":true,"href":"https:\/\/agora.xtec.cat\/ceipremolins\/wp-json\/wp\/v2\/users\/1"}],"replies":[{"embeddable":true,"href":"https:\/\/agora.xtec.cat\/ceipremolins\/wp-json\/wp\/v2\/comments?post=26"}],"version-history":[{"count":2,"href":"https:\/\/agora.xtec.cat\/ceipremolins\/wp-json\/wp\/v2\/pages\/26\/revisions"}],"predecessor-version":[{"id":984,"href":"https:\/\/agora.xtec.cat\/ceipremolins\/wp-json\/wp\/v2\/pages\/26\/revisions\/984"}],"up":[{"embeddable":true,"href":"https:\/\/agora.xtec.cat\/ceipremolins\/wp-json\/wp\/v2\/pages\/22"}],"wp:attachment":[{"href":"https:\/\/agora.xtec.cat\/ceipremolins\/wp-json\/wp\/v2\/media?parent=26"}],"curies":[{"name":"wp","href":"https:\/\/api.w.org\/{rel}","templated":true}]}}