{"id":9,"date":"2014-09-17T15:08:18","date_gmt":"2014-09-17T15:08:18","guid":{"rendered":"http:\/\/agora.xtec.cat\/ceiprellinars\/?page_id=9"},"modified":"2026-04-15T15:02:49","modified_gmt":"2026-04-15T13:02:49","slug":"pagina-dinici-buida","status":"publish","type":"page","link":"https:\/\/agora.xtec.cat\/ceiprellinars\/","title":{"rendered":""},"content":{"rendered":"\n<h1 class=\"wp-block-heading has-text-align-center has-ast-global-color-0-color has-text-color has-link-color wp-elements-09f2170623839eb6e4b75edc8dd34183\">&#8220;L&#8217;escola on els infants volen all\u00f2 que fan&#8221;<\/h1>\n\n\n\n<div class=\"wp-block-columns is-layout-flex wp-container-core-columns-is-layout-1 wp-block-columns-is-layout-flex\">\n<div class=\"wp-block-column is-layout-flow wp-block-column-is-layout-flow\">\n<figure class=\"wp-block-image size-full\"><a href=\"https:\/\/agora.xtec.cat\/ceiprellinars\/tag\/minis-2025-2026\/\"><img loading=\"lazy\" decoding=\"async\" width=\"421\" height=\"421\" src=\"https:\/\/agora.xtec.cat\/ceiprellinars\/wp-content\/uploads\/usu566\/2026\/02\/Minis-edited.png\" alt=\"\" class=\"wp-image-10311\" srcset=\"https:\/\/agora.xtec.cat\/ceiprellinars\/wp-content\/uploads\/usu566\/2026\/02\/Minis-edited.png 421w, https:\/\/agora.xtec.cat\/ceiprellinars\/wp-content\/uploads\/usu566\/2026\/02\/Minis-edited-300x300.png 300w, https:\/\/agora.xtec.cat\/ceiprellinars\/wp-content\/uploads\/usu566\/2026\/02\/Minis-edited-150x150.png 150w\" sizes=\"auto, (max-width: 421px) 100vw, 421px\" \/><\/a><\/figure>\n\n\n\n<div class=\"wp-block-buttons is-content-justification-center is-layout-flex wp-container-core-buttons-is-layout-1 wp-block-buttons-is-layout-flex\">\n<div class=\"wp-block-button\"><a class=\"wp-block-button__link wp-element-button\" href=\"https:\/\/agora.xtec.cat\/ceiprellinars\/tag\/minis-2025-2026\/\">Minis<\/a><\/div>\n<\/div>\n<\/div>\n\n\n\n<div class=\"wp-block-column is-layout-flow wp-block-column-is-layout-flow\">\n<figure class=\"wp-block-image size-full\"><a href=\"https:\/\/agora.xtec.cat\/ceiprellinars\/tag\/petits-1-2025-2026\/\"><img loading=\"lazy\" decoding=\"async\" width=\"420\" height=\"420\" src=\"https:\/\/agora.xtec.cat\/ceiprellinars\/wp-content\/uploads\/usu566\/2026\/02\/a6dfdf23ff6766afd89a0358680e69fd-removebg-preview-edited.png\" alt=\"\" class=\"wp-image-10310\" srcset=\"https:\/\/agora.xtec.cat\/ceiprellinars\/wp-content\/uploads\/usu566\/2026\/02\/a6dfdf23ff6766afd89a0358680e69fd-removebg-preview-edited.png 420w, https:\/\/agora.xtec.cat\/ceiprellinars\/wp-content\/uploads\/usu566\/2026\/02\/a6dfdf23ff6766afd89a0358680e69fd-removebg-preview-edited-300x300.png 300w, https:\/\/agora.xtec.cat\/ceiprellinars\/wp-content\/uploads\/usu566\/2026\/02\/a6dfdf23ff6766afd89a0358680e69fd-removebg-preview-edited-150x150.png 150w\" sizes=\"auto, (max-width: 420px) 100vw, 420px\" \/><\/a><\/figure>\n\n\n\n<div class=\"wp-block-buttons is-content-justification-center is-layout-flex wp-container-core-buttons-is-layout-2 wp-block-buttons-is-layout-flex\">\n<div class=\"wp-block-button\"><a class=\"wp-block-button__link wp-element-button\" href=\"https:\/\/agora.xtec.cat\/ceiprellinars\/tag\/petits-1-2025-2026\/\">Petits 1<\/a><\/div>\n<\/div>\n<\/div>\n\n\n\n<div class=\"wp-block-column is-layout-flow wp-block-column-is-layout-flow\">\n<figure class=\"wp-block-image size-full\"><a href=\"https:\/\/agora.xtec.cat\/ceiprellinars\/tag\/petits-2-2025-2026\/\"><img loading=\"lazy\" decoding=\"async\" width=\"420\" height=\"420\" src=\"https:\/\/agora.xtec.cat\/ceiprellinars\/wp-content\/uploads\/usu566\/2026\/02\/a6dfdf23ff6766afd89a0358680e69fd-removebg-preview-edited.png\" alt=\"\" class=\"wp-image-10310\" srcset=\"https:\/\/agora.xtec.cat\/ceiprellinars\/wp-content\/uploads\/usu566\/2026\/02\/a6dfdf23ff6766afd89a0358680e69fd-removebg-preview-edited.png 420w, https:\/\/agora.xtec.cat\/ceiprellinars\/wp-content\/uploads\/usu566\/2026\/02\/a6dfdf23ff6766afd89a0358680e69fd-removebg-preview-edited-300x300.png 300w, https:\/\/agora.xtec.cat\/ceiprellinars\/wp-content\/uploads\/usu566\/2026\/02\/a6dfdf23ff6766afd89a0358680e69fd-removebg-preview-edited-150x150.png 150w\" sizes=\"auto, (max-width: 420px) 100vw, 420px\" \/><\/a><\/figure>\n\n\n\n<div class=\"wp-block-buttons is-content-justification-center is-layout-flex wp-container-core-buttons-is-layout-3 wp-block-buttons-is-layout-flex\">\n<div class=\"wp-block-button\"><a class=\"wp-block-button__link wp-element-button\" href=\"https:\/\/agora.xtec.cat\/ceiprellinars\/tag\/petits-2-2025-2026\/\">Petits 2<\/a><\/div>\n<\/div>\n<\/div>\n\n\n\n<div class=\"wp-block-column is-layout-flow wp-block-column-is-layout-flow\">\n<figure class=\"wp-block-image size-full\"><a href=\"https:\/\/agora.xtec.cat\/ceiprellinars\/tag\/mitjans-petits-2025-2026\/\"><img loading=\"lazy\" decoding=\"async\" width=\"297\" height=\"297\" src=\"https:\/\/agora.xtec.cat\/ceiprellinars\/wp-content\/uploads\/usu566\/2026\/02\/mmp-edited.png\" alt=\"\" class=\"wp-image-10312\" srcset=\"https:\/\/agora.xtec.cat\/ceiprellinars\/wp-content\/uploads\/usu566\/2026\/02\/mmp-edited.png 297w, https:\/\/agora.xtec.cat\/ceiprellinars\/wp-content\/uploads\/usu566\/2026\/02\/mmp-edited-150x150.png 150w\" sizes=\"auto, (max-width: 297px) 100vw, 297px\" \/><\/a><\/figure>\n\n\n\n<div class=\"wp-block-buttons is-content-justification-center is-layout-flex wp-container-core-buttons-is-layout-4 wp-block-buttons-is-layout-flex\">\n<div class=\"wp-block-button\"><a class=\"wp-block-button__link wp-element-button\">Mitjans Petits<\/a><\/div>\n<\/div>\n<\/div>\n<\/div>\n\n\n\n<div class=\"wp-block-columns is-layout-flex wp-container-core-columns-is-layout-2 wp-block-columns-is-layout-flex\">\n<div class=\"wp-block-column is-layout-flow wp-block-column-is-layout-flow\">\n<figure class=\"wp-block-image size-full\"><a href=\"https:\/\/agora.xtec.cat\/ceiprellinars\/tag\/mitjans-grans-1-2025-2026\/\"><img loading=\"lazy\" decoding=\"async\" width=\"362\" height=\"362\" src=\"https:\/\/agora.xtec.cat\/ceiprellinars\/wp-content\/uploads\/usu566\/2026\/02\/unnamed-removebg-preview-edited.png\" alt=\"\" class=\"wp-image-10313\" srcset=\"https:\/\/agora.xtec.cat\/ceiprellinars\/wp-content\/uploads\/usu566\/2026\/02\/unnamed-removebg-preview-edited.png 362w, https:\/\/agora.xtec.cat\/ceiprellinars\/wp-content\/uploads\/usu566\/2026\/02\/unnamed-removebg-preview-edited-300x300.png 300w, https:\/\/agora.xtec.cat\/ceiprellinars\/wp-content\/uploads\/usu566\/2026\/02\/unnamed-removebg-preview-edited-150x150.png 150w\" sizes=\"auto, (max-width: 362px) 100vw, 362px\" \/><\/a><\/figure>\n\n\n\n<div class=\"wp-block-buttons is-content-justification-center is-layout-flex wp-container-core-buttons-is-layout-5 wp-block-buttons-is-layout-flex\">\n<div class=\"wp-block-button\"><a class=\"wp-block-button__link wp-element-button\" href=\"https:\/\/agora.xtec.cat\/ceiprellinars\/tag\/mitjans-grans-1-2025-2026\/\">Mitjans Grans 1<\/a><\/div>\n<\/div>\n<\/div>\n\n\n\n<div class=\"wp-block-column is-layout-flow wp-block-column-is-layout-flow\">\n<figure class=\"wp-block-image size-full\"><a href=\"https:\/\/agora.xtec.cat\/ceiprellinars\/tag\/mitjans-grans-2-2025-2026\/\"><img loading=\"lazy\" decoding=\"async\" width=\"362\" height=\"362\" src=\"https:\/\/agora.xtec.cat\/ceiprellinars\/wp-content\/uploads\/usu566\/2026\/02\/unnamed-removebg-preview-edited.png\" alt=\"\" class=\"wp-image-10313\" srcset=\"https:\/\/agora.xtec.cat\/ceiprellinars\/wp-content\/uploads\/usu566\/2026\/02\/unnamed-removebg-preview-edited.png 362w, https:\/\/agora.xtec.cat\/ceiprellinars\/wp-content\/uploads\/usu566\/2026\/02\/unnamed-removebg-preview-edited-300x300.png 300w, https:\/\/agora.xtec.cat\/ceiprellinars\/wp-content\/uploads\/usu566\/2026\/02\/unnamed-removebg-preview-edited-150x150.png 150w\" sizes=\"auto, (max-width: 362px) 100vw, 362px\" \/><\/a><\/figure>\n\n\n\n<div class=\"wp-block-buttons is-content-justification-center is-layout-flex wp-container-core-buttons-is-layout-6 wp-block-buttons-is-layout-flex\">\n<div class=\"wp-block-button\"><a class=\"wp-block-button__link wp-element-button\" href=\"https:\/\/agora.xtec.cat\/ceiprellinars\/tag\/mitjans-grans-2-2025-2026\/\">Mitjans Grans 2<\/a><\/div>\n<\/div>\n<\/div>\n\n\n\n<div class=\"wp-block-column is-layout-flow wp-block-column-is-layout-flow\">\n<figure class=\"wp-block-image size-full\"><a href=\"https:\/\/agora.xtec.cat\/ceiprellinars\/tag\/grans-2025-2026\/\"><img loading=\"lazy\" decoding=\"async\" width=\"421\" height=\"421\" src=\"https:\/\/agora.xtec.cat\/ceiprellinars\/wp-content\/uploads\/usu566\/2026\/02\/MP-edited.png\" alt=\"\" class=\"wp-image-10314\" srcset=\"https:\/\/agora.xtec.cat\/ceiprellinars\/wp-content\/uploads\/usu566\/2026\/02\/MP-edited.png 421w, https:\/\/agora.xtec.cat\/ceiprellinars\/wp-content\/uploads\/usu566\/2026\/02\/MP-edited-300x300.png 300w, https:\/\/agora.xtec.cat\/ceiprellinars\/wp-content\/uploads\/usu566\/2026\/02\/MP-edited-150x150.png 150w\" sizes=\"auto, (max-width: 421px) 100vw, 421px\" \/><\/a><\/figure>\n\n\n\n<div class=\"wp-block-buttons is-content-justification-center is-layout-flex wp-container-core-buttons-is-layout-7 wp-block-buttons-is-layout-flex\">\n<div class=\"wp-block-button\"><a class=\"wp-block-button__link wp-element-button\" href=\"https:\/\/agora.xtec.cat\/ceiprellinars\/tag\/grans-2025-2026\/\">Grans<\/a><\/div>\n<\/div>\n<\/div>\n\n\n\n<div class=\"wp-block-column is-layout-flow wp-block-column-is-layout-flow\">\n<figure class=\"wp-block-image size-full\"><a href=\"https:\/\/blocs.xtec.cat\/crosrellinars\/\" target=\"_blank\" rel=\" noreferrer noopener\"><img loading=\"lazy\" decoding=\"async\" width=\"261\" height=\"261\" src=\"https:\/\/agora.xtec.cat\/ceiprellinars\/wp-content\/uploads\/usu566\/2026\/02\/logo-261x300-removebg-preview-edited.png\" alt=\"\" class=\"wp-image-10315\" srcset=\"https:\/\/agora.xtec.cat\/ceiprellinars\/wp-content\/uploads\/usu566\/2026\/02\/logo-261x300-removebg-preview-edited.png 261w, https:\/\/agora.xtec.cat\/ceiprellinars\/wp-content\/uploads\/usu566\/2026\/02\/logo-261x300-removebg-preview-edited-150x150.png 150w\" sizes=\"auto, (max-width: 261px) 100vw, 261px\" \/><\/a><\/figure>\n\n\n\n<div class=\"wp-block-buttons is-content-justification-center is-layout-flex wp-container-core-buttons-is-layout-8 wp-block-buttons-is-layout-flex\">\n<div class=\"wp-block-button\"><a class=\"wp-block-button__link wp-element-button\" href=\"https:\/\/blocs.xtec.cat\/crosrellinars\/\" target=\"_blank\" rel=\"noreferrer noopener\">Cros Escolar<\/a><\/div>\n<\/div>\n<\/div>\n<\/div>\n\n\n\n<div style=\"height:116px\" aria-hidden=\"true\" class=\"wp-block-spacer\"><\/div>\n\n\n\n<h1 class=\"wp-block-heading alignfull has-text-align-center\">PREINSCRIPCI\u00d3 CURS 26-27<\/h1>\n\n\n\n<figure class=\"wp-block-image aligncenter size-full\"><a href=\"https:\/\/agora.xtec.cat\/ceiprellinars\/wp-content\/uploads\/usu566\/2026\/03\/Captura-de-pantalla-2026-02-19-160255.jpg\"><img loading=\"lazy\" decoding=\"async\" width=\"735\" height=\"253\" src=\"https:\/\/agora.xtec.cat\/ceiprellinars\/wp-content\/uploads\/usu566\/2026\/03\/Captura-de-pantalla-2026-02-19-160255.jpg\" alt=\"\" class=\"wp-image-10469\" srcset=\"https:\/\/agora.xtec.cat\/ceiprellinars\/wp-content\/uploads\/usu566\/2026\/03\/Captura-de-pantalla-2026-02-19-160255.jpg 735w, https:\/\/agora.xtec.cat\/ceiprellinars\/wp-content\/uploads\/usu566\/2026\/03\/Captura-de-pantalla-2026-02-19-160255-300x103.jpg 300w\" sizes=\"auto, (max-width: 735px) 100vw, 735px\" \/><\/a><\/figure>\n\n\n\n<p>La preinscripci\u00f3 per al curs 2026-2027, per a infantil segon cicle i prim\u00e0ria, es pot realitzar en el seg\u00fcent enlla\u00e7:<\/p>\n\n\n\n<p><a href=\"https:\/\/preinscripcio.gencat.cat\/ca\/inici\">https:\/\/preinscripcio.gencat.cat\/ca\/inici<\/a><\/p>\n\n\n\n<p>En cas de voler fer preinscripci\u00f3, per a la llar d&#8217;infants, cal trucar al centre i demanar cita. La preinscripci\u00f3 es fa de manera presencial al centre en les mateixes dates que per a infantil segon cicle i prim\u00e0ria.<\/p>\n\n\n\n<p class=\"has-text-align-center\">Tel\u00e8fon escola. 93 834 58 77<\/p>\n\n\n\n<p>03\/03. Publicaci\u00f3 de l&#8217;oferta inicial de places. <strong><a href=\"https:\/\/drive.google.com\/file\/d\/1IKu5IYg5uHSynSDWf99wJwGkdRD89QzW\/view?usp=sharing\">Aqu\u00ed.<\/a><\/strong><\/p>\n\n\n\n<p>03\/03. Publicaci\u00f3 de l&#8217;oferta inicial de places per la llar d&#8217;infants. <a href=\"https:\/\/drive.google.com\/file\/d\/1tAzLk_-L8jiNUljm0NoWT0kaq02ZwPVk\/view?usp=sharing\">Aqu\u00ed.<\/a><\/p>\n\n\n\n<p>15\/04. Publicaci\u00f3 llista sol.licituds amb la puntuaci\u00f3 provisional.<a href=\"https:\/\/drive.google.com\/file\/d\/1aFmEnt3U4cbPNlbjTE0-wJv5lA-7rj16\/view?usp=sharing\"> Aqu\u00ed.<\/a><\/p>\n\n\n\n<p>15\/04. Publicaci\u00f3 llista sol.licituds amb la puntuaci\u00f3 provisional per la llar d&#8217;infants. <a href=\"https:\/\/drive.google.com\/file\/d\/1_dLRuLApG5pqcmrlsCjHeqW4WeGhR2dO\/view?usp=sharing\">Aqu\u00ed.<\/a><\/p>\n\n\n\n<h3 class=\"wp-block-heading\">MATR\u00cdCULA<\/h3>\n\n\n\n<p><strong>Infantil 1r cicle &#8211; DEL 16 AL 25 DE JUNY<\/strong><\/p>\n\n\n\n<p><strong>Infantil 2n cicle i prim\u00e0ria &#8211; DEL 22 AL 30 DE JUNY<\/strong><\/p>\n\n\n\n<p><\/p>\n","protected":false},"excerpt":{"rendered":"<p>&#8220;L&#8217;escola on els infants volen all\u00f2 que fan&#8221; PREINSCRIPCI\u00d3 CURS 26-27 La preinscripci\u00f3 per al curs 2026-2027, per a infantil segon cicle i prim\u00e0ria, es pot realitzar en el seg\u00fcent enlla\u00e7: https:\/\/preinscripcio.gencat.cat\/ca\/inici En cas de voler fer preinscripci\u00f3, per a la llar d&#8217;infants, cal trucar al centre i demanar cita. La preinscripci\u00f3 es fa de [&hellip;]<\/p>\n","protected":false},"author":2,"featured_media":0,"parent":0,"menu_order":0,"comment_status":"closed","ping_status":"closed","template":"","meta":{"_bbp_topic_count":0,"_bbp_reply_count":0,"_bbp_total_topic_count":0,"_bbp_total_reply_count":0,"_bbp_voice_count":0,"_bbp_anonymous_reply_count":0,"_bbp_topic_count_hidden":0,"_bbp_reply_count_hidden":0,"_bbp_forum_subforum_count":0,"site-sidebar-layout":"default","site-content-layout":"","ast-site-content-layout":"default","site-content-style":"default","site-sidebar-style":"default","ast-global-header-display":"","ast-banner-title-visibility":"","ast-main-header-display":"","ast-hfb-above-header-display":"","ast-hfb-below-header-display":"","ast-hfb-mobile-header-display":"","site-post-title":"","ast-breadcrumbs-content":"","ast-featured-img":"","footer-sml-layout":"","theme-transparent-header-meta":"","adv-header-id-meta":"","stick-header-meta":"","header-above-stick-meta":"","header-main-stick-meta":"","header-below-stick-meta":"","astra-migrate-meta-layouts":"set","ast-page-background-enabled":"default","ast-page-background-meta":{"desktop":{"background-color":"var(--ast-global-color-4)","background-image":"","background-repeat":"repeat","background-position":"center center","background-size":"auto","background-attachment":"scroll","background-type":"","background-media":"","overlay-type":"","overlay-color":"","overlay-opacity":"","overlay-gradient":""},"tablet":{"background-color":"","background-image":"","background-repeat":"repeat","background-position":"center center","background-size":"auto","background-attachment":"scroll","background-type":"","background-media":"","overlay-type":"","overlay-color":"","overlay-opacity":"","overlay-gradient":""},"mobile":{"background-color":"","background-image":"","background-repeat":"repeat","background-position":"center center","background-size":"auto","background-attachment":"scroll","background-type":"","background-media":"","overlay-type":"","overlay-color":"","overlay-opacity":"","overlay-gradient":""}},"ast-content-background-meta":{"desktop":{"background-color":"var(--ast-global-color-5)","background-image":"","background-repeat":"repeat","background-position":"center center","background-size":"auto","background-attachment":"scroll","background-type":"","background-media":"","overlay-type":"","overlay-color":"","overlay-opacity":"","overlay-gradient":""},"tablet":{"background-color":"var(--ast-global-color-5)","background-image":"","background-repeat":"repeat","background-position":"center center","background-size":"auto","background-attachment":"scroll","background-type":"","background-media":"","overlay-type":"","overlay-color":"","overlay-opacity":"","overlay-gradient":""},"mobile":{"background-color":"var(--ast-global-color-5)","background-image":"","background-repeat":"repeat","background-position":"center center","background-size":"auto","background-attachment":"scroll","background-type":"","background-media":"","overlay-type":"","overlay-color":"","overlay-opacity":"","overlay-gradient":""}},"footnotes":""},"class_list":["post-9","page","type-page","status-publish","hentry"],"post_mailing_queue_ids":[],"_links":{"self":[{"href":"https:\/\/agora.xtec.cat\/ceiprellinars\/wp-json\/wp\/v2\/pages\/9","targetHints":{"allow":["GET"]}}],"collection":[{"href":"https:\/\/agora.xtec.cat\/ceiprellinars\/wp-json\/wp\/v2\/pages"}],"about":[{"href":"https:\/\/agora.xtec.cat\/ceiprellinars\/wp-json\/wp\/v2\/types\/page"}],"author":[{"embeddable":true,"href":"https:\/\/agora.xtec.cat\/ceiprellinars\/wp-json\/wp\/v2\/users\/2"}],"replies":[{"embeddable":true,"href":"https:\/\/agora.xtec.cat\/ceiprellinars\/wp-json\/wp\/v2\/comments?post=9"}],"version-history":[{"count":6,"href":"https:\/\/agora.xtec.cat\/ceiprellinars\/wp-json\/wp\/v2\/pages\/9\/revisions"}],"predecessor-version":[{"id":10564,"href":"https:\/\/agora.xtec.cat\/ceiprellinars\/wp-json\/wp\/v2\/pages\/9\/revisions\/10564"}],"wp:attachment":[{"href":"https:\/\/agora.xtec.cat\/ceiprellinars\/wp-json\/wp\/v2\/media?parent=9"}],"curies":[{"name":"wp","href":"https:\/\/api.w.org\/{rel}","templated":true}]}}