{"id":6482,"date":"2020-04-26T14:37:49","date_gmt":"2020-04-26T12:37:49","guid":{"rendered":"http:\/\/agora.xtec.cat\/ceiprellinars\/?page_id=6482"},"modified":"2026-02-12T20:15:27","modified_gmt":"2026-02-12T19:15:27","slug":"menjador","status":"publish","type":"page","link":"https:\/\/agora.xtec.cat\/ceiprellinars\/menjador\/","title":{"rendered":"Menjador"},"content":{"rendered":"\n<p>L&#8217;estona de menjador compr\u00e8n la franja hor\u00e0ria que va des de les 12:30h fins les 15:00h.<\/p>\n\n\n\n<p>Les dues empreses que porten aquesta estona s\u00f3n FRESCOOP (cuina) i LA XARRANCA (monitors).<\/p>\n\n\n\n<p class=\"has-text-align-center\"><strong>\u00a0Men\u00fa del mes de FEBRER de 2026<\/strong><\/p>\n\n\n\n<figure class=\"wp-block-image aligncenter\"><a href=\"https:\/\/drive.google.com\/file\/d\/1aaV2RrDsMSh7NfgMR9LaKw0sSBs3X0SU\/view?usp=sharing\"><img loading=\"lazy\" decoding=\"async\" width=\"136\" height=\"165\" src=\"https:\/\/agora.xtec.cat\/ceiprellinars\/wp-content\/uploads\/usu566\/2016\/09\/cuiner.png\" alt=\"\" class=\"wp-image-1215\"\/><\/a><\/figure>\n\n\n\n<p class=\"has-text-align-center\"><strong>(Clica imatge)<\/strong><\/p>\n\n\n\n<div class=\"wp-block-buttons is-content-justification-center is-layout-flex wp-container-core-buttons-is-layout-1 wp-block-buttons-is-layout-flex\">\n<div class=\"wp-block-button\"><a class=\"wp-block-button__link wp-element-button\" href=\"https:\/\/drive.google.com\/file\/d\/1oHyWpHa1aDZihFXQt4xKWVU6Dkg3B-ka\/view?usp=sharing\" target=\"_blank\" rel=\"noreferrer noopener\">Proposta d&#8217;esmorzars i berenars<\/a><\/div>\n\n\n\n<div class=\"wp-block-button\"><a class=\"wp-block-button__link has-light-green-cyan-background-color has-background wp-element-button\" href=\"https:\/\/drive.google.com\/file\/d\/10MZ7RjazkVyewHhHN9DqfRB1izrKOZjW\/view?usp=sharing\" target=\"_blank\" rel=\"noreferrer noopener\">Proposta de sopars<\/a><\/div>\n\n\n\n<div class=\"wp-block-button\"><a class=\"wp-block-button__link has-vivid-green-cyan-background-color has-background wp-element-button\" href=\"https:\/\/drive.google.com\/file\/d\/1VgVsSl67DPHABFZNliKDEvsAyQDTxQqy\/view?usp=sharing\" target=\"_blank\" rel=\"noreferrer noopener\">Producte de temporada<\/a><\/div>\n<\/div>\n\n\n\n<h3 class=\"wp-block-heading\"><em><strong>LA RECEPTA DEL MES Curs 25-26:<\/strong><\/em><\/h3>\n\n\n\n<ul class=\"wp-block-list\">\n<li>Setembre:<span style=\"color: #0000ff;\"><a href=\"https:\/\/drive.google.com\/file\/d\/151UxriJmQIXt6_wycWhJuHoaO9fcDROc\/view?usp=sharing\"> <\/a><a href=\"https:\/\/drive.google.com\/file\/d\/151UxriJmQIXt6_wycWhJuHoaO9fcDROc\/view?usp=sharing\" data-type=\"link\" data-id=\"https:\/\/drive.google.com\/file\/d\/151UxriJmQIXt6_wycWhJuHoaO9fcDROc\/view?usp=sharing\" target=\"_blank\" rel=\"noreferrer noopener\">Estofat de gall dindi amb xampinyons<\/a><\/span><\/li>\n\n\n\n<li>Octubre: <span style=\"color: #33cccc;\"><a href=\"https:\/\/drive.google.com\/file\/d\/113oVJhHdOVmbAqDw70bY3T7NJ1ow2Ksq\/view?usp=sharing\" data-type=\"link\" data-id=\"https:\/\/drive.google.com\/file\/d\/113oVJhHdOVmbAqDw70bY3T7NJ1ow2Ksq\/view?usp=sharing\" target=\"_blank\" rel=\"noreferrer noopener\">Bacall\u00e0 amb samfaina.<\/a><\/span><\/li>\n\n\n\n<li class=\"has-black-color has-text-color has-link-color wp-elements-73b2c1592b8f75c6e16ab2ba6a37f0cd\">Novembre: <span style=\"color: #3366ff;\"><a href=\"https:\/\/drive.google.com\/file\/d\/10LBbmllh-IKmunYxl2PV6jT7suuEOoca\/view?usp=sharing\" data-type=\"link\" data-id=\"https:\/\/drive.google.com\/file\/d\/10LBbmllh-IKmunYxl2PV6jT7suuEOoca\/view?usp=sharing\" target=\"_blank\" rel=\"noreferrer noopener\">Past\u00eds de patata i bolonyesa de llenties.<\/a><\/span><\/li>\n\n\n\n<li>Desembre: <span style=\"color: #339966;\"><a href=\"https:\/\/drive.google.com\/file\/d\/16ebDpoHkYlsO0MdcyHsbNWcZFOGtKXOy\/view?usp=sharing\" data-type=\"link\" data-id=\"https:\/\/drive.google.com\/file\/d\/16ebDpoHkYlsO0MdcyHsbNWcZFOGtKXOy\/view?usp=sharing\" target=\"_blank\" rel=\"noreferrer noopener\">Curri de cigrons amb arr\u00f2s integral ecol\u00f2gic.<\/a><\/span><\/li>\n<\/ul>\n\n\n\n<p>Gener: <a href=\"https:\/\/drive.google.com\/file\/d\/1RFW6r1dnoZ1kQTCtRjQpuw6Y2ovTo3iZ\/view?usp=sharing\">Llu\u00e7 a la marinera amb patates.<\/a><\/p>\n","protected":false},"excerpt":{"rendered":"<p>L&#8217;estona de menjador compr\u00e8n la franja hor\u00e0ria que va des de les 12:30h fins les 15:00h. Les dues empreses que porten aquesta estona s\u00f3n FRESCOOP (cuina) i LA XARRANCA (monitors). \u00a0Men\u00fa del mes de FEBRER de 2026 (Clica imatge) LA RECEPTA DEL MES Curs 25-26: Gener: Llu\u00e7 a la marinera amb patates.<\/p>\n","protected":false},"author":16,"featured_media":0,"parent":0,"menu_order":0,"comment_status":"closed","ping_status":"closed","template":"","meta":{"_bbp_topic_count":0,"_bbp_reply_count":0,"_bbp_total_topic_count":0,"_bbp_total_reply_count":0,"_bbp_voice_count":0,"_bbp_anonymous_reply_count":0,"_bbp_topic_count_hidden":0,"_bbp_reply_count_hidden":0,"_bbp_forum_subforum_count":0,"site-sidebar-layout":"default","site-content-layout":"","ast-site-content-layout":"default","site-content-style":"default","site-sidebar-style":"default","ast-global-header-display":"","ast-banner-title-visibility":"","ast-main-header-display":"","ast-hfb-above-header-display":"","ast-hfb-below-header-display":"","ast-hfb-mobile-header-display":"","site-post-title":"","ast-breadcrumbs-content":"","ast-featured-img":"","footer-sml-layout":"","theme-transparent-header-meta":"","adv-header-id-meta":"","stick-header-meta":"","header-above-stick-meta":"","header-main-stick-meta":"","header-below-stick-meta":"","astra-migrate-meta-layouts":"set","ast-page-background-enabled":"default","ast-page-background-meta":{"desktop":{"background-color":"var(--ast-global-color-4)","background-image":"","background-repeat":"repeat","background-position":"center center","background-size":"auto","background-attachment":"scroll","background-type":"","background-media":"","overlay-type":"","overlay-color":"","overlay-opacity":"","overlay-gradient":""},"tablet":{"background-color":"","background-image":"","background-repeat":"repeat","background-position":"center center","background-size":"auto","background-attachment":"scroll","background-type":"","background-media":"","overlay-type":"","overlay-color":"","overlay-opacity":"","overlay-gradient":""},"mobile":{"background-color":"","background-image":"","background-repeat":"repeat","background-position":"center center","background-size":"auto","background-attachment":"scroll","background-type":"","background-media":"","overlay-type":"","overlay-color":"","overlay-opacity":"","overlay-gradient":""}},"ast-content-background-meta":{"desktop":{"background-color":"var(--ast-global-color-5)","background-image":"","background-repeat":"repeat","background-position":"center center","background-size":"auto","background-attachment":"scroll","background-type":"","background-media":"","overlay-type":"","overlay-color":"","overlay-opacity":"","overlay-gradient":""},"tablet":{"background-color":"var(--ast-global-color-5)","background-image":"","background-repeat":"repeat","background-position":"center center","background-size":"auto","background-attachment":"scroll","background-type":"","background-media":"","overlay-type":"","overlay-color":"","overlay-opacity":"","overlay-gradient":""},"mobile":{"background-color":"var(--ast-global-color-5)","background-image":"","background-repeat":"repeat","background-position":"center center","background-size":"auto","background-attachment":"scroll","background-type":"","background-media":"","overlay-type":"","overlay-color":"","overlay-opacity":"","overlay-gradient":""}},"footnotes":""},"class_list":["post-6482","page","type-page","status-publish","hentry"],"post_mailing_queue_ids":[],"_links":{"self":[{"href":"https:\/\/agora.xtec.cat\/ceiprellinars\/wp-json\/wp\/v2\/pages\/6482","targetHints":{"allow":["GET"]}}],"collection":[{"href":"https:\/\/agora.xtec.cat\/ceiprellinars\/wp-json\/wp\/v2\/pages"}],"about":[{"href":"https:\/\/agora.xtec.cat\/ceiprellinars\/wp-json\/wp\/v2\/types\/page"}],"author":[{"embeddable":true,"href":"https:\/\/agora.xtec.cat\/ceiprellinars\/wp-json\/wp\/v2\/users\/16"}],"replies":[{"embeddable":true,"href":"https:\/\/agora.xtec.cat\/ceiprellinars\/wp-json\/wp\/v2\/comments?post=6482"}],"version-history":[{"count":6,"href":"https:\/\/agora.xtec.cat\/ceiprellinars\/wp-json\/wp\/v2\/pages\/6482\/revisions"}],"predecessor-version":[{"id":10445,"href":"https:\/\/agora.xtec.cat\/ceiprellinars\/wp-json\/wp\/v2\/pages\/6482\/revisions\/10445"}],"wp:attachment":[{"href":"https:\/\/agora.xtec.cat\/ceiprellinars\/wp-json\/wp\/v2\/media?parent=6482"}],"curies":[{"name":"wp","href":"https:\/\/api.w.org\/{rel}","templated":true}]}}