{"id":9166,"date":"2017-09-26T15:42:56","date_gmt":"2017-09-26T13:42:56","guid":{"rendered":"http:\/\/agora.xtec.cat\/ceipreixac\/?page_id=9166"},"modified":"2020-09-22T12:17:56","modified_gmt":"2020-09-22T10:17:56","slug":"documents","status":"publish","type":"page","link":"https:\/\/agora.xtec.cat\/ceipreixac\/documents\/","title":{"rendered":"DOCUMENTS"},"content":{"rendered":"<p>A l&#8217;enlla\u00e7, trobareu el recull d&#8217;autoritzacions reglades a la normativa del centre (NOFC), aix\u00ed com el web a on es regula tot el proc\u00e9s de preinscipci\u00f3 i matr\u00edcula escolar.<\/p>\n<p><a href=\"http:\/\/agora.xtec.cat\/ceipreixac\/docs\/autoritzacions-diverses\/\" target=\"_blank\" rel=\"noopener noreferrer\">AUTORITZACIONS DIVERSES<\/a><\/p>\n<p><a href=\"http:\/\/familiaiescola.gencat.cat\/ca\/escolaritat\/serveis-tramits\/\" target=\"_blank\" rel=\"noopener noreferrer\">PREINSCRIPCI\u00d3 I MATR\u00cdCULA<\/a><\/p>\n<p>&nbsp;<\/p>\n","protected":false},"excerpt":{"rendered":"<p>A l&#8217;enlla\u00e7, trobareu el recull d&#8217;autoritzacions reglades a la normativa del centre (NOFC), aix\u00ed com el web a on es regula tot el proc\u00e9s de preinscipci\u00f3 i matr\u00edcula escolar.<br \/>\n<a href=\"http:\/\/agora.xtec.cat\/ceipreixac\/docs\/autoritzacions-diverses\/\" target=\"_blank\" rel=\"noopener noreferrer\">AUTORITZACIONS DIVERSES<\/a><br \/>\n<a href=\"http:\/\/familiaiescola.gencat.cat\/ca\/escolaritat\/serveis-tramits\/\" target=\"_blank\" rel=\"noopener noreferrer\">PREINSCRIPCI\u00d3 I MATR\u00cdCULA<\/a><br \/>\n&nbsp;<\/p>\n","protected":false},"author":1,"featured_media":0,"parent":0,"menu_order":0,"comment_status":"closed","ping_status":"closed","template":"","meta":{"_bbp_topic_count":0,"_bbp_reply_count":0,"_bbp_total_topic_count":0,"_bbp_total_reply_count":0,"_bbp_voice_count":0,"_bbp_anonymous_reply_count":0,"_bbp_topic_count_hidden":0,"_bbp_reply_count_hidden":0,"_bbp_forum_subforum_count":0,"footnotes":""},"class_list":["post-9166","page","type-page","status-publish","hentry"],"post_mailing_queue_ids":[],"_links":{"self":[{"href":"https:\/\/agora.xtec.cat\/ceipreixac\/wp-json\/wp\/v2\/pages\/9166","targetHints":{"allow":["GET"]}}],"collection":[{"href":"https:\/\/agora.xtec.cat\/ceipreixac\/wp-json\/wp\/v2\/pages"}],"about":[{"href":"https:\/\/agora.xtec.cat\/ceipreixac\/wp-json\/wp\/v2\/types\/page"}],"author":[{"embeddable":true,"href":"https:\/\/agora.xtec.cat\/ceipreixac\/wp-json\/wp\/v2\/users\/1"}],"replies":[{"embeddable":true,"href":"https:\/\/agora.xtec.cat\/ceipreixac\/wp-json\/wp\/v2\/comments?post=9166"}],"version-history":[{"count":3,"href":"https:\/\/agora.xtec.cat\/ceipreixac\/wp-json\/wp\/v2\/pages\/9166\/revisions"}],"predecessor-version":[{"id":9176,"href":"https:\/\/agora.xtec.cat\/ceipreixac\/wp-json\/wp\/v2\/pages\/9166\/revisions\/9176"}],"wp:attachment":[{"href":"https:\/\/agora.xtec.cat\/ceipreixac\/wp-json\/wp\/v2\/media?parent=9166"}],"curies":[{"name":"wp","href":"https:\/\/api.w.org\/{rel}","templated":true}]}}