{"id":87,"date":"2014-09-18T14:28:12","date_gmt":"2014-09-18T13:28:12","guid":{"rendered":"http:\/\/agora.xtec.cat\/ceipreixac\/?page_id=87"},"modified":"2017-09-27T15:34:16","modified_gmt":"2017-09-27T13:34:16","slug":"nivells","status":"publish","type":"page","link":"https:\/\/agora.xtec.cat\/ceipreixac\/nivells\/","title":{"rendered":"Nivells"},"content":{"rendered":"<p>De P3 a 6\u00e8 cada cicle t\u00e9 una p\u00e0gina pr\u00f2pia. Com ja sabeu:<\/p>\n<ul>\n<li><a href=\"http:\/\/agora.xtec.cat\/ceipreixac\/categoria\/infantil\/\" target=\"_blank\" rel=\"noopener noreferrer\"><span style=\"text-decoration: underline;\"><strong>Infantil,<\/strong><\/span><\/a> s\u00f3n: P3, P4 i P5<\/li>\n<\/ul>\n<p>Educaci\u00f3 Prim\u00e0ria est\u00e0 dividida en tres cicles:<\/p>\n<ul>\n<li><a href=\"http:\/\/agora.xtec.cat\/ceipreixac\/categoria\/cicle-inicial\/\" target=\"_blank\" rel=\"noopener noreferrer\"><span style=\"text-decoration: underline;\"><strong>Cicle Inicial<\/strong><\/span><\/a>: 1r i 2n<img loading=\"lazy\" decoding=\"async\" class=\"size-full wp-image-9044 alignright\" src=\"http:\/\/agora.xtec.cat\/ceipreixac\/wp-content\/uploads\/usu1230\/2014\/09\/creciendo.jpg\" alt=\"\" width=\"326\" height=\"164\" srcset=\"https:\/\/agora.xtec.cat\/ceipreixac\/wp-content\/uploads\/usu1230\/2014\/09\/creciendo.jpg 326w, https:\/\/agora.xtec.cat\/ceipreixac\/wp-content\/uploads\/usu1230\/2014\/09\/creciendo-300x151.jpg 300w\" sizes=\"auto, (max-width: 326px) 100vw, 326px\" \/><\/li>\n<li><a href=\"http:\/\/agora.xtec.cat\/ceipreixac\/categoria\/cicle-mitja\/\" target=\"_blank\" rel=\"noopener noreferrer\"><span style=\"text-decoration: underline;\"><strong>Cicle Mitj\u00e0<\/strong><\/span><\/a>: 3r i 4t<\/li>\n<li><a href=\"http:\/\/agora.xtec.cat\/ceipreixac\/categoria\/cicle-superior\/\" target=\"_blank\" rel=\"noopener noreferrer\"><span style=\"text-decoration: underline;\"><strong>Cicle Superior<\/strong><\/span>:<\/a> 5\u00e8 i 6\u00e8<\/li>\n<\/ul>\n","protected":false},"excerpt":{"rendered":"<p>De P3 a 6\u00e8 cada cicle t\u00e9 una p\u00e0gina pr\u00f2pia. Com ja sabeu:<\/p>\n<ul>\n<li><a href=\"http:\/\/agora.xtec.cat\/ceipreixac\/categoria\/infantil\/\" target=\"_blank\" rel=\"noopener noreferrer\">Infantil,<\/a> s\u00f3n: P3, P4 i P5<\/li>\n<\/ul>\n<p>Educaci\u00f3 Prim\u00e0ria est\u00e0 dividida en tres cicles:<\/p>\n<ul>\n<li><a href=\"http:\/\/agora.xtec.cat\/ceipreixac\/categoria\/cicle-inicial\/\" target=\"_blank\" rel=\"noopener noreferrer\">Cicle Inicial<\/a>: 1r i 2n<\/li>\n<li><a href=\"http:\/\/agora.xtec.cat\/ceipreixac\/categoria\/cicle-mitja\/\" target=\"_blank\" rel=\"noopener noreferrer\">Cicle Mitj\u00e0<\/a>: 3r i 4t<\/li>\n<li><a href=\"http:\/\/agora.xtec.cat\/ceipreixac\/categoria\/cicle-superior\/\"&hellip;  <a href=\"https:\/\/agora.xtec.cat\/ceipreixac\/nivells\/\" title=\"Read Nivells\">Llegeix m\u00e9s\u00bb<\/a><br \/>\n","protected":false},"author":1,"featured_media":0,"parent":0,"menu_order":0,"comment_status":"closed","ping_status":"closed","template":"page-templates\/side-menu.php","meta":{"_bbp_topic_count":0,"_bbp_reply_count":0,"_bbp_total_topic_count":0,"_bbp_total_reply_count":0,"_bbp_voice_count":0,"_bbp_anonymous_reply_count":0,"_bbp_topic_count_hidden":0,"_bbp_reply_count_hidden":0,"_bbp_forum_subforum_count":0,"footnotes":""},"class_list":["post-87","page","type-page","status-publish","hentry"],"post_mailing_queue_ids":[],"_links":{"self":[{"href":"https:\/\/agora.xtec.cat\/ceipreixac\/wp-json\/wp\/v2\/pages\/87","targetHints":{"allow":["GET"]}}],"collection":[{"href":"https:\/\/agora.xtec.cat\/ceipreixac\/wp-json\/wp\/v2\/pages"}],"about":[{"href":"https:\/\/agora.xtec.cat\/ceipreixac\/wp-json\/wp\/v2\/types\/page"}],"author":[{"embeddable":true,"href":"https:\/\/agora.xtec.cat\/ceipreixac\/wp-json\/wp\/v2\/users\/1"}],"replies":[{"embeddable":true,"href":"https:\/\/agora.xtec.cat\/ceipreixac\/wp-json\/wp\/v2\/comments?post=87"}],"version-history":[{"count":4,"href":"https:\/\/agora.xtec.cat\/ceipreixac\/wp-json\/wp\/v2\/pages\/87\/revisions"}],"predecessor-version":[{"id":9048,"href":"https:\/\/agora.xtec.cat\/ceipreixac\/wp-json\/wp\/v2\/pages\/87\/revisions\/9048"}],"wp:attachment":[{"href":"https:\/\/agora.xtec.cat\/ceipreixac\/wp-json\/wp\/v2\/media?parent=87"}],"curies":[{"name":"wp","href":"https:\/\/api.w.org\/{rel}","templated":true}]}}