{"id":26,"date":"2014-09-18T12:24:32","date_gmt":"2014-09-18T11:24:32","guid":{"rendered":"http:\/\/agora.xtec.cat\/ceipreixac\/?page_id=26"},"modified":"2019-01-17T08:46:08","modified_gmt":"2019-01-17T07:46:08","slug":"historia","status":"publish","type":"page","link":"https:\/\/agora.xtec.cat\/ceipreixac\/lescola\/historia\/","title":{"rendered":"D&#8217;on venim?"},"content":{"rendered":"<p style=\"text-align: justify;\">L&#8217;escola Reixac \u00e9s una edificaci\u00f3 moderna i actual, encara que no sempre ha estat aix\u00ed.<\/p>\n<p>Va iniciar <img loading=\"lazy\" decoding=\"async\" class=\"size-medium wp-image-11009 alignleft\" src=\"https:\/\/agora.xtec.cat\/ceipreixac\/wp-content\/uploads\/usu1230\/2019\/01\/vista-aerea-cargoles1-300x172.jpg\" alt=\"\" width=\"300\" height=\"172\" srcset=\"https:\/\/agora.xtec.cat\/ceipreixac\/wp-content\/uploads\/usu1230\/2019\/01\/vista-aerea-cargoles1-300x172.jpg 300w, https:\/\/agora.xtec.cat\/ceipreixac\/wp-content\/uploads\/usu1230\/2019\/01\/vista-aerea-cargoles1-768x440.jpg 768w, https:\/\/agora.xtec.cat\/ceipreixac\/wp-content\/uploads\/usu1230\/2019\/01\/vista-aerea-cargoles1.jpg 965w\" sizes=\"auto, (max-width: 300px) 100vw, 300px\" \/>el seu funcionament a l\u2019edifici on \u00e9s situat l\u2019actual INS LA RIBERA, aleshores anomenat &#8220;<em>Escola Municipal de Formaci\u00f3 Professional 25 de setembre&#8221;.<\/em><\/p>\n<p style=\"text-align: justify;\">L\u2019any 1980 va iniciar-se la construcci\u00f3 del parvulari; m\u00e9s tard i per tal d\u2019ampliar les seves instal\u00b7lacions, per necessitats de matr\u00edcula, s\u2019ubiquen barracons on hi havia el camp de futbol situat al centre de la localitat.<img loading=\"lazy\" decoding=\"async\" class=\"wp-image-8947 alignright\" src=\"http:\/\/agora.xtec.cat\/ceipreixac\/wp-content\/uploads\/usu1230\/2014\/09\/25-anys-escola-Reixac-2004-1024x715.jpg\" alt=\"\" width=\"266\" height=\"186\" srcset=\"https:\/\/agora.xtec.cat\/ceipreixac\/wp-content\/uploads\/usu1230\/2014\/09\/25-anys-escola-Reixac-2004-1024x715.jpg 1024w, https:\/\/agora.xtec.cat\/ceipreixac\/wp-content\/uploads\/usu1230\/2014\/09\/25-anys-escola-Reixac-2004-300x209.jpg 300w, https:\/\/agora.xtec.cat\/ceipreixac\/wp-content\/uploads\/usu1230\/2014\/09\/25-anys-escola-Reixac-2004-768x536.jpg 768w, https:\/\/agora.xtec.cat\/ceipreixac\/wp-content\/uploads\/usu1230\/2014\/09\/25-anys-escola-Reixac-2004.jpg 1464w\" sizes=\"auto, (max-width: 266px) 100vw, 266px\" \/><\/p>\n<p style=\"text-align: justify;\">Aix\u00ed que, a poc a poc, i sense deixar l\u2019activitat educativa, es va anar avan\u00e7ant en el proc\u00e9s d\u2019edificaci\u00f3 i remodelaci\u00f3 cont\u00ednua de l\u2019edifici per fases.<\/p>\n<p style=\"text-align: justify;\">Mentrestant, la matriculaci\u00f3 de l\u2019alumnat va anar augmentant i de forma progressiva es va anar convertint en un centre de dues l\u00ednies educatives.<\/p>\n<p style=\"text-align: justify;\">Definitivament el curs 95-96, ja es pot considerar l\u2019edifici completament acabat i ja pod\u00edem gaudir tots plegats, des de P3 fins a 6\u00e8 de Prim\u00e0ria dels nous serveis.<\/p>\n<p style=\"text-align: justify;\">Posteriorment, i am<img loading=\"lazy\" decoding=\"async\" class=\"wp-image-8946 alignleft\" src=\"http:\/\/agora.xtec.cat\/ceipreixac\/wp-content\/uploads\/usu1230\/2014\/09\/inauguracio-pista-coberta-escola-reixac-2009.jpg\" alt=\"\" width=\"249\" height=\"180\" srcset=\"https:\/\/agora.xtec.cat\/ceipreixac\/wp-content\/uploads\/usu1230\/2014\/09\/inauguracio-pista-coberta-escola-reixac-2009.jpg 304w, https:\/\/agora.xtec.cat\/ceipreixac\/wp-content\/uploads\/usu1230\/2014\/09\/inauguracio-pista-coberta-escola-reixac-2009-300x217.jpg 300w\" sizes=\"auto, (max-width: 249px) 100vw, 249px\" \/>b l&#8217;ajuda i la col.laboraci\u00f3 de l&#8217;AMPA de l&#8217;Escola i de l&#8217;Ajuntament, es van anar aconseguint progressives millores als edificis. A l&#8217;any 2009 es va cobrir una de les pistes exteriors i al 2011 inaugur\u00e0vem noves instal.lacions al pati d&#8217;infantil. Les tecnologies, evidentment, tamb\u00e9 s&#8217;han anat fet un lloc al centre. Antigament, ens hav\u00edem de despla\u00e7ar a l&#8217;aula d&#8217;audiovisuals per fer qualsevol projecci\u00f3, i ara totes les aules ja<img loading=\"lazy\" decoding=\"async\" class=\"wp-image-8999 alignright\" src=\"http:\/\/agora.xtec.cat\/ceipreixac\/wp-content\/uploads\/usu1230\/2014\/09\/inauguracio-jocs-infantil2-1024x768.jpg\" alt=\"\" width=\"271\" height=\"203\" srcset=\"https:\/\/agora.xtec.cat\/ceipreixac\/wp-content\/uploads\/usu1230\/2014\/09\/inauguracio-jocs-infantil2-1024x768.jpg 1024w, https:\/\/agora.xtec.cat\/ceipreixac\/wp-content\/uploads\/usu1230\/2014\/09\/inauguracio-jocs-infantil2-300x225.jpg 300w, https:\/\/agora.xtec.cat\/ceipreixac\/wp-content\/uploads\/usu1230\/2014\/09\/inauguracio-jocs-infantil2-768x576.jpg 768w, https:\/\/agora.xtec.cat\/ceipreixac\/wp-content\/uploads\/usu1230\/2014\/09\/inauguracio-jocs-infantil2-200x150.jpg 200w, https:\/\/agora.xtec.cat\/ceipreixac\/wp-content\/uploads\/usu1230\/2014\/09\/inauguracio-jocs-infantil2.jpg 1500w\" sizes=\"auto, (max-width: 271px) 100vw, 271px\" \/> disposen de can\u00f3. Tamb\u00e9 han arribat a moltes aules, les pissarres digitals.<\/p>\n<p style=\"text-align: justify;\">I aix\u00ed com l&#8217;espai en el qu\u00e8 ens ubiquem ha anat creixent i enriquint-se, la nostra identitat tamb\u00e9 ho ha anat fent. La inauguraci\u00f3 el curs 2007-2008 de la USEE, -anomenada actualment SIEI (<em>Suport intensiu escolaritzaci\u00f3 inclusiva<\/em>)- una de les pioneres al <em>Vall\u00e8s Occidental<\/em> i la primera del Municipi \u00e9s segurament, un dels trets que m\u00e9s ens caracteritza i defineix avui en dia. La inclusi\u00f3 de la diversitat i l&#8217;acceptaci\u00f3 i el respecte per la difer\u00e8ncia esdevenen sens dubte, un dels grans motors del centre.<\/p>\n","protected":false},"excerpt":{"rendered":"<p>L&#8217;escola Reixac \u00e9s una edificaci\u00f3 moderna i actual, encara que no sempre ha estat aix\u00ed.<br \/>\nVa iniciar el seu funcionament a l\u2019edifici on \u00e9s situat l\u2019actual INS LA RIBERA, aleshores anomenat &#8220;Escola Municipal de Formaci\u00f3 Professional 25 de setembre&#8221;.<br \/>\nL\u2019any 1980 va iniciar-se la construcci\u00f3 del parvulari;&hellip;  <a href=\"https:\/\/agora.xtec.cat\/ceipreixac\/lescola\/historia\/\" title=\"Read D&#8217;on venim?\">Llegeix m\u00e9s\u00bb<\/a><\/p>\n","protected":false},"author":1,"featured_media":0,"parent":22,"menu_order":20,"comment_status":"closed","ping_status":"closed","template":"page-templates\/side-menu.php","meta":{"_bbp_topic_count":0,"_bbp_reply_count":0,"_bbp_total_topic_count":0,"_bbp_total_reply_count":0,"_bbp_voice_count":0,"_bbp_anonymous_reply_count":0,"_bbp_topic_count_hidden":0,"_bbp_reply_count_hidden":0,"_bbp_forum_subforum_count":0,"footnotes":""},"class_list":["post-26","page","type-page","status-publish","hentry"],"post_mailing_queue_ids":[],"_links":{"self":[{"href":"https:\/\/agora.xtec.cat\/ceipreixac\/wp-json\/wp\/v2\/pages\/26","targetHints":{"allow":["GET"]}}],"collection":[{"href":"https:\/\/agora.xtec.cat\/ceipreixac\/wp-json\/wp\/v2\/pages"}],"about":[{"href":"https:\/\/agora.xtec.cat\/ceipreixac\/wp-json\/wp\/v2\/types\/page"}],"author":[{"embeddable":true,"href":"https:\/\/agora.xtec.cat\/ceipreixac\/wp-json\/wp\/v2\/users\/1"}],"replies":[{"embeddable":true,"href":"https:\/\/agora.xtec.cat\/ceipreixac\/wp-json\/wp\/v2\/comments?post=26"}],"version-history":[{"count":4,"href":"https:\/\/agora.xtec.cat\/ceipreixac\/wp-json\/wp\/v2\/pages\/26\/revisions"}],"predecessor-version":[{"id":11012,"href":"https:\/\/agora.xtec.cat\/ceipreixac\/wp-json\/wp\/v2\/pages\/26\/revisions\/11012"}],"up":[{"embeddable":true,"href":"https:\/\/agora.xtec.cat\/ceipreixac\/wp-json\/wp\/v2\/pages\/22"}],"wp:attachment":[{"href":"https:\/\/agora.xtec.cat\/ceipreixac\/wp-json\/wp\/v2\/media?parent=26"}],"curies":[{"name":"wp","href":"https:\/\/api.w.org\/{rel}","templated":true}]}}