{"id":22,"date":"2014-09-18T12:19:57","date_gmt":"2014-09-18T11:19:57","guid":{"rendered":"http:\/\/agora.xtec.cat\/ceipreixac\/?page_id=22"},"modified":"2024-05-31T18:53:25","modified_gmt":"2024-05-31T16:53:25","slug":"lescola","status":"publish","type":"page","link":"https:\/\/agora.xtec.cat\/ceipreixac\/lescola\/","title":{"rendered":"L&#8217;escola"},"content":{"rendered":"<p>La<strong> missi\u00f3<\/strong> de l\u2019Escola Reixac \u00e9s la formaci\u00f3 integral dels seus alumnes en el respecte al pluralisme democr\u00e0tic, centrat en el marc de valors com la pau, la toler\u00e0ncia, la inclusi\u00f3, la solidaritat, la cooperaci\u00f3 i l\u2019intercanvi cultural i social.<\/p>\n<p>La <strong>visi\u00f3<\/strong> \u00e9s esdevenir un centre referent d\u2019excel\u00b7l\u00e8ncia <em>d\u2019Educaci\u00f3 Infantil i Prim\u00e0ria<\/em> per a la formaci\u00f3 humana i social. Una escola que desenvolupa les capacitats i les compet\u00e8ncies b\u00e0siques de tots els alumnes, per adaptar-se de manera positiva i amb respecte a l\u2019entorn canviant i a les noves tecnologies, tot fomentant l\u2019autoaprenentatge.<\/p>\n<p>La <strong>ra\u00f3<\/strong> de ser, els valors que ens mouen s\u00f3n els de l\u2019escola p\u00fablica, catalana, arrelada a l\u2019entorn i al context cultural, laica, a on es promouen valors \u00e8tics, i es vetlla per esdevenir agent coeducador, afavorint la integraci\u00f3 i la inclusi\u00f3 de tot l\u2019alumnat.<\/p>\n<p><img loading=\"lazy\" decoding=\"async\" class=\"aligncenter wp-image-464\" src=\"http:\/\/agora.xtec.cat\/ceipreixac\/wp-content\/uploads\/usu1230\/2017\/07\/capella-nou-1024x738.jpg\" alt=\"\" width=\"448\" height=\"323\" srcset=\"https:\/\/agora.xtec.cat\/ceipreixac\/wp-content\/uploads\/usu1230\/2017\/07\/capella-nou-1024x738.jpg 1024w, https:\/\/agora.xtec.cat\/ceipreixac\/wp-content\/uploads\/usu1230\/2017\/07\/capella-nou-300x216.jpg 300w, https:\/\/agora.xtec.cat\/ceipreixac\/wp-content\/uploads\/usu1230\/2017\/07\/capella-nou-768x553.jpg 768w, https:\/\/agora.xtec.cat\/ceipreixac\/wp-content\/uploads\/usu1230\/2017\/07\/capella-nou.jpg 1449w\" sizes=\"auto, (max-width: 448px) 100vw, 448px\" \/><\/p>\n","protected":false},"excerpt":{"rendered":"<p>La missi\u00f3 de l\u2019Escola Reixac \u00e9s la formaci\u00f3 integral dels seus alumnes en el respecte al pluralisme democr\u00e0tic, centrat en el marc de valors com la pau, la toler\u00e0ncia, la inclusi\u00f3, la solidaritat, la cooperaci\u00f3 i l\u2019intercanvi cultural i social.<br \/>\nLa visi\u00f3 \u00e9s esdevenir un centre&hellip;  <a href=\"https:\/\/agora.xtec.cat\/ceipreixac\/lescola\/\" title=\"Read L&#8217;escola\">Llegeix m\u00e9s\u00bb<\/a><\/p>\n","protected":false},"author":1,"featured_media":0,"parent":0,"menu_order":0,"comment_status":"closed","ping_status":"closed","template":"page-templates\/side-menu.php","meta":{"_bbp_topic_count":0,"_bbp_reply_count":0,"_bbp_total_topic_count":0,"_bbp_total_reply_count":0,"_bbp_voice_count":0,"_bbp_anonymous_reply_count":0,"_bbp_topic_count_hidden":0,"_bbp_reply_count_hidden":0,"_bbp_forum_subforum_count":0,"footnotes":""},"class_list":["post-22","page","type-page","status-publish","hentry"],"post_mailing_queue_ids":[],"_links":{"self":[{"href":"https:\/\/agora.xtec.cat\/ceipreixac\/wp-json\/wp\/v2\/pages\/22","targetHints":{"allow":["GET"]}}],"collection":[{"href":"https:\/\/agora.xtec.cat\/ceipreixac\/wp-json\/wp\/v2\/pages"}],"about":[{"href":"https:\/\/agora.xtec.cat\/ceipreixac\/wp-json\/wp\/v2\/types\/page"}],"author":[{"embeddable":true,"href":"https:\/\/agora.xtec.cat\/ceipreixac\/wp-json\/wp\/v2\/users\/1"}],"replies":[{"embeddable":true,"href":"https:\/\/agora.xtec.cat\/ceipreixac\/wp-json\/wp\/v2\/comments?post=22"}],"version-history":[{"count":4,"href":"https:\/\/agora.xtec.cat\/ceipreixac\/wp-json\/wp\/v2\/pages\/22\/revisions"}],"predecessor-version":[{"id":17464,"href":"https:\/\/agora.xtec.cat\/ceipreixac\/wp-json\/wp\/v2\/pages\/22\/revisions\/17464"}],"wp:attachment":[{"href":"https:\/\/agora.xtec.cat\/ceipreixac\/wp-json\/wp\/v2\/media?parent=22"}],"curies":[{"name":"wp","href":"https:\/\/api.w.org\/{rel}","templated":true}]}}