{"id":6510,"date":"2021-09-25T12:19:46","date_gmt":"2021-09-25T10:19:46","guid":{"rendered":"https:\/\/agora.xtec.cat\/ceipramonfausiesteve\/?page_id=6510"},"modified":"2021-11-03T11:21:27","modified_gmt":"2021-11-03T10:21:27","slug":"la-xarxa","status":"publish","type":"page","link":"https:\/\/agora.xtec.cat\/ceipramonfausiesteve\/la-xarxa\/","title":{"rendered":"La Xarxa"},"content":{"rendered":"<h1><a href=\"https:\/\/agora.xtec.cat\/ceipramonfausiesteve\/wp-content\/uploads\/usu1656\/2021\/11\/Captura.png\"><img loading=\"lazy\" decoding=\"async\" class=\"alignnone size-full wp-image-6699\" src=\"https:\/\/agora.xtec.cat\/ceipramonfausiesteve\/wp-content\/uploads\/usu1656\/2021\/11\/Captura.png\" alt=\"\" width=\"226\" height=\"102\" \/><\/a><\/h1>\n<h1><a href=\"http:\/\/xtec.gencat.cat\/ca\/curriculum\/xarxacb\"><span style=\"color: #ff6600;\">Per qu\u00e8 fer innovaci\u00f3 pedag\u00f2gica ?Clica&#8217;m<\/span><\/a><\/h1>\n<h2 style=\"text-align: center;\"><strong>Passem el poder de l&#8217;avaluaci\u00f3 als aprenents<\/strong><\/h2>\n<h2 style=\"text-align: center;\"><strong>A la xarxa, sumar multiplica<\/strong><\/h2>\n","protected":false},"excerpt":{"rendered":"<p><a href=\"https:\/\/agora.xtec.cat\/ceipramonfausiesteve\/wp-content\/uploads\/usu1656\/2021\/11\/Captura.png\"><\/a><br \/>\n<a href=\"http:\/\/xtec.gencat.cat\/ca\/curriculum\/xarxacb\">Per qu\u00e8 fer innovaci\u00f3 pedag\u00f2gica ?Clica&#8217;m<\/a><br \/>\nPassem el poder de l&#8217;avaluaci\u00f3 als aprenents<br \/>\nA la xarxa, sumar multiplica<\/p>\n","protected":false},"author":1,"featured_media":0,"parent":0,"menu_order":0,"comment_status":"closed","ping_status":"closed","template":"","meta":{"_bbp_topic_count":0,"_bbp_reply_count":0,"_bbp_total_topic_count":0,"_bbp_total_reply_count":0,"_bbp_voice_count":0,"_bbp_anonymous_reply_count":0,"_bbp_topic_count_hidden":0,"_bbp_reply_count_hidden":0,"_bbp_forum_subforum_count":0,"footnotes":""},"class_list":["post-6510","page","type-page","status-publish","hentry"],"post_mailing_queue_ids":[],"_links":{"self":[{"href":"https:\/\/agora.xtec.cat\/ceipramonfausiesteve\/wp-json\/wp\/v2\/pages\/6510","targetHints":{"allow":["GET"]}}],"collection":[{"href":"https:\/\/agora.xtec.cat\/ceipramonfausiesteve\/wp-json\/wp\/v2\/pages"}],"about":[{"href":"https:\/\/agora.xtec.cat\/ceipramonfausiesteve\/wp-json\/wp\/v2\/types\/page"}],"author":[{"embeddable":true,"href":"https:\/\/agora.xtec.cat\/ceipramonfausiesteve\/wp-json\/wp\/v2\/users\/1"}],"replies":[{"embeddable":true,"href":"https:\/\/agora.xtec.cat\/ceipramonfausiesteve\/wp-json\/wp\/v2\/comments?post=6510"}],"version-history":[{"count":4,"href":"https:\/\/agora.xtec.cat\/ceipramonfausiesteve\/wp-json\/wp\/v2\/pages\/6510\/revisions"}],"predecessor-version":[{"id":6700,"href":"https:\/\/agora.xtec.cat\/ceipramonfausiesteve\/wp-json\/wp\/v2\/pages\/6510\/revisions\/6700"}],"wp:attachment":[{"href":"https:\/\/agora.xtec.cat\/ceipramonfausiesteve\/wp-json\/wp\/v2\/media?parent=6510"}],"curies":[{"name":"wp","href":"https:\/\/api.w.org\/{rel}","templated":true}]}}