{"id":6506,"date":"2021-09-25T12:18:19","date_gmt":"2021-09-25T10:18:19","guid":{"rendered":"https:\/\/agora.xtec.cat\/ceipramonfausiesteve\/?page_id=6506"},"modified":"2023-02-28T11:47:18","modified_gmt":"2023-02-28T10:47:18","slug":"projecte-pati","status":"publish","type":"page","link":"https:\/\/agora.xtec.cat\/ceipramonfausiesteve\/projecte-pati\/","title":{"rendered":"Projecte pati"},"content":{"rendered":"<h2><span style=\"color: #ff6600;\"><a href=\"https:\/\/drive.google.com\/file\/d\/1_kVmOf2F66ckaUF0eQ-eAp2Baueh4B4m\/view?usp=sharing\">Clica&#8217;m\ud83d\ude0d<\/a><\/span><\/h2>\n<h2><span style=\"color: #ff6600;\">Projecte pati: una mirada constructiva per repensar el pati de l&#8217;escola<\/span><\/h2>\n<h6><span style=\"color: #ff6600;\">Com i quan es va iniciar aquest projecte ?<\/span><\/h6>\n<p>La necessitat de la transformaci\u00f3 del pati era evident. Haviem realitzat visites a diferents centres on el pati ja no era l&#8217;espai tradicional sin\u00f3 que havia esdevingut un espai educatiu alhora ric i meravell\u00f3s pels infants. Aix\u00f2 ens va ajudar a originar el <strong><span style=\"color: #ff6600;\">debat<\/span> <\/strong>\u00a0intern dels mestres i les mestres: voliem un pati amb harmonia amb la natura, sense conflictivitat, amb espais de conviv\u00e8ncia, de relacions, de vida entre el dins i el fora.<\/p>\n<h5><span style=\"color: #ff6600;\">Formaci\u00f3<\/span><\/h5>\n<p>Calia trobar la<span style=\"color: #000000;\"> formaci\u00f3 <\/span>necess\u00e0ria per tenir les eines per fer-ho possible. Com a tal projecte s&#8217;havia d&#8217;anar acollint i interpretant les demandes i necessitats dels infants, del professorat, de les fam\u00edlies, en definititva de tota la comunitat educativa. Aix\u00ed, doncs, assessorats i acompanyats per la Carme Cols, tot el claustre vam rebre la formaci\u00f3 per part de l&#8217;Esther Montoy.<\/p>\n<pre><a href=\"https:\/\/drive.google.com\/file\/d\/1kKY4cFAXcrP8YXJ5gGwkRTYtN2j16UdQ\/view?usp=sharing\">Primera jornada<\/a>\r\n<a href=\"https:\/\/drive.google.com\/file\/d\/1_SjOfeqTX6yDd0QKqdJy-_KYAlPc407e\/view?usp=sharing\">\r\nSegona jornada<\/a>\r\n\r\n<a href=\"https:\/\/drive.google.com\/file\/d\/1wwsG6TjrADnj-OV5s9tH0eGRNnENWKXz\/view?usp=sharing\">Tercera jornada<\/a>\r\n\r\n<a href=\"https:\/\/drive.google.com\/file\/d\/1lj8TWXN6Le6M5ujMD6QoyWsKCpsggKGl\/view?usp=sharing\">Quarta jornada<\/a>\r\n\r\n<\/pre>\n<h5><span style=\"color: #ff6600;\"><strong>Normativa<\/strong><\/span><\/h5>\n<p>Com que el projecte ha de tenir en compte la <span style=\"color: #000000;\">normativa <\/span>de la <em>Comunitat Europea<\/em> sobre l\u2019equipament de les \u00e0rees de joc infantil a l\u2019aire lliure i per tal d\u2019assegurar que el projecte compleix la normativa els serveis t\u00e8cnics municipals i l&#8217;arquitecta t\u00e8cnica del projecte, en fan el seguiment.<\/p>\n<p>A m\u00e9s, el Departament d&#8217;Educaci\u00f3 hi ha donat el seu vist-i-plau.<\/p>\n<h6><span style=\"color: #ff6600;\">Entrebancs que anem superant&#8230;<\/span><\/h6>\n<p>Les obres d&#8217;ampliaci\u00f3 de l&#8217;escola i la pand\u00e8mia ens han aturat el calendari d&#8217;execuci\u00f3, &#8230;per\u00f2 anem trobant formes pel <span style=\"color: #ff6600;\"><strong>comprom\u00eds<\/strong><\/span> en la cooperaci\u00f3, plantejant noves comissions per fer possibles les demandes que tots han expressat.<\/p>\n<h2 style=\"text-align: center;\"><span style=\"color: #ff6600;\"><a href=\"https:\/\/drive.google.com\/file\/d\/1NcjqmHSpV7lErrBuY3BM0aOqGOD5p_Ov\/view?usp=sharing\">La proposta del pati, clica&#8217;m !<\/a><\/span><\/h2>\n<p><a href=\"https:\/\/drive.google.com\/file\/d\/1NcjqmHSpV7lErrBuY3BM0aOqGOD5p_Ov\/view?usp=sharing\"><img loading=\"lazy\" decoding=\"async\" class=\"alignnone wp-image-5006\" src=\"https:\/\/agora.xtec.cat\/ceipramonfausiesteve\/wp-content\/uploads\/usu1656\/2020\/07\/5-03-2020-A0-PROPOSTA-PATI-INFANTIL-ESCOLA-RAMON-FAUS-ESTEVE-GUISSONA.pptx_page-0001.jpg\" alt=\"\" width=\"671\" height=\"474\" srcset=\"https:\/\/agora.xtec.cat\/ceipramonfausiesteve\/wp-content\/uploads\/usu1656\/2020\/07\/5-03-2020-A0-PROPOSTA-PATI-INFANTIL-ESCOLA-RAMON-FAUS-ESTEVE-GUISSONA.pptx_page-0001.jpg 800w, https:\/\/agora.xtec.cat\/ceipramonfausiesteve\/wp-content\/uploads\/usu1656\/2020\/07\/5-03-2020-A0-PROPOSTA-PATI-INFANTIL-ESCOLA-RAMON-FAUS-ESTEVE-GUISSONA.pptx_page-0001-300x212.jpg 300w, https:\/\/agora.xtec.cat\/ceipramonfausiesteve\/wp-content\/uploads\/usu1656\/2020\/07\/5-03-2020-A0-PROPOSTA-PATI-INFANTIL-ESCOLA-RAMON-FAUS-ESTEVE-GUISSONA.pptx_page-0001-768x542.jpg 768w\" sizes=\"auto, (max-width: 671px) 100vw, 671px\" \/><\/a><\/p>\n<h1 style=\"text-align: center;\"><strong>El pati pas a pas<\/strong><\/h1>\n<h2>1a Fase<\/h2>\n<p>\u200b<\/p>\n<table style=\"width: 100%; border-collapse: collapse; background-color: #d4a826;\">\n<tbody>\n<tr>\n<td style=\"width: 172.188px; border-style: solid;\"><a href=\"https:\/\/agora.xtec.cat\/ceipramonfausiesteve\/wp-content\/uploads\/usu1656\/2021\/10\/el-pati-deducacio-infantil.jpg\"><img loading=\"lazy\" decoding=\"async\" class=\"alignnone size-full wp-image-6553\" src=\"https:\/\/agora.xtec.cat\/ceipramonfausiesteve\/wp-content\/uploads\/usu1656\/2021\/10\/el-pati-deducacio-infantil.jpg\" alt=\"\" width=\"1587\" height=\"2245\" srcset=\"https:\/\/agora.xtec.cat\/ceipramonfausiesteve\/wp-content\/uploads\/usu1656\/2021\/10\/el-pati-deducacio-infantil.jpg 1587w, https:\/\/agora.xtec.cat\/ceipramonfausiesteve\/wp-content\/uploads\/usu1656\/2021\/10\/el-pati-deducacio-infantil-212x300.jpg 212w, https:\/\/agora.xtec.cat\/ceipramonfausiesteve\/wp-content\/uploads\/usu1656\/2021\/10\/el-pati-deducacio-infantil-724x1024.jpg 724w, https:\/\/agora.xtec.cat\/ceipramonfausiesteve\/wp-content\/uploads\/usu1656\/2021\/10\/el-pati-deducacio-infantil-768x1086.jpg 768w, https:\/\/agora.xtec.cat\/ceipramonfausiesteve\/wp-content\/uploads\/usu1656\/2021\/10\/el-pati-deducacio-infantil-1086x1536.jpg 1086w, https:\/\/agora.xtec.cat\/ceipramonfausiesteve\/wp-content\/uploads\/usu1656\/2021\/10\/el-pati-deducacio-infantil-1448x2048.jpg 1448w\" sizes=\"auto, (max-width: 1587px) 100vw, 1587px\" \/><\/a><\/td>\n<td style=\"width: 172.188px; border-color: #cc580a; background-color: #dbb353; border-style: solid;\"><a href=\"https:\/\/agora.xtec.cat\/ceipramonfausiesteve\/wp-content\/uploads\/usu1656\/2021\/11\/1.jpg\"><img loading=\"lazy\" decoding=\"async\" class=\"alignnone size-full wp-image-6754\" src=\"https:\/\/agora.xtec.cat\/ceipramonfausiesteve\/wp-content\/uploads\/usu1656\/2021\/11\/1.jpg\" alt=\"\" width=\"800\" height=\"675\" srcset=\"https:\/\/agora.xtec.cat\/ceipramonfausiesteve\/wp-content\/uploads\/usu1656\/2021\/11\/1.jpg 800w, https:\/\/agora.xtec.cat\/ceipramonfausiesteve\/wp-content\/uploads\/usu1656\/2021\/11\/1-300x253.jpg 300w, https:\/\/agora.xtec.cat\/ceipramonfausiesteve\/wp-content\/uploads\/usu1656\/2021\/11\/1-768x648.jpg 768w\" sizes=\"auto, (max-width: 800px) 100vw, 800px\" \/><\/a><\/td>\n<td style=\"width: 172.188px; border-style: solid; background-color: #e3a30e;\"><a href=\"https:\/\/agora.xtec.cat\/ceipramonfausiesteve\/wp-content\/uploads\/usu1656\/2021\/11\/2.jpg\"><img loading=\"lazy\" decoding=\"async\" class=\"alignnone size-full wp-image-6755\" src=\"https:\/\/agora.xtec.cat\/ceipramonfausiesteve\/wp-content\/uploads\/usu1656\/2021\/11\/2.jpg\" alt=\"\" width=\"800\" height=\"600\" srcset=\"https:\/\/agora.xtec.cat\/ceipramonfausiesteve\/wp-content\/uploads\/usu1656\/2021\/11\/2.jpg 800w, https:\/\/agora.xtec.cat\/ceipramonfausiesteve\/wp-content\/uploads\/usu1656\/2021\/11\/2-300x225.jpg 300w, https:\/\/agora.xtec.cat\/ceipramonfausiesteve\/wp-content\/uploads\/usu1656\/2021\/11\/2-768x576.jpg 768w, https:\/\/agora.xtec.cat\/ceipramonfausiesteve\/wp-content\/uploads\/usu1656\/2021\/11\/2-200x150.jpg 200w\" sizes=\"auto, (max-width: 800px) 100vw, 800px\" \/><\/a><\/td>\n<td style=\"width: 172.188px; border-style: solid;\"><a href=\"https:\/\/agora.xtec.cat\/ceipramonfausiesteve\/wp-content\/uploads\/usu1656\/2021\/11\/pati_11-de-nocembre-de-2021.jpg\"><img loading=\"lazy\" decoding=\"async\" class=\"alignnone size-full wp-image-6760\" src=\"https:\/\/agora.xtec.cat\/ceipramonfausiesteve\/wp-content\/uploads\/usu1656\/2021\/11\/pati_11-de-nocembre-de-2021.jpg\" alt=\"\" width=\"800\" height=\"1067\" srcset=\"https:\/\/agora.xtec.cat\/ceipramonfausiesteve\/wp-content\/uploads\/usu1656\/2021\/11\/pati_11-de-nocembre-de-2021.jpg 800w, https:\/\/agora.xtec.cat\/ceipramonfausiesteve\/wp-content\/uploads\/usu1656\/2021\/11\/pati_11-de-nocembre-de-2021-225x300.jpg 225w, https:\/\/agora.xtec.cat\/ceipramonfausiesteve\/wp-content\/uploads\/usu1656\/2021\/11\/pati_11-de-nocembre-de-2021-768x1024.jpg 768w\" sizes=\"auto, (max-width: 800px) 100vw, 800px\" \/><\/a><\/td>\n<td style=\"width: 172.188px; border-style: solid;\"><a href=\"https:\/\/agora.xtec.cat\/ceipramonfausiesteve\/wp-content\/uploads\/usu1656\/2022\/02\/20220207_Preparant-el-reg-automatic-1.jpg\"><img loading=\"lazy\" decoding=\"async\" class=\"alignnone size-full wp-image-6958\" src=\"https:\/\/agora.xtec.cat\/ceipramonfausiesteve\/wp-content\/uploads\/usu1656\/2022\/02\/20220207_Preparant-el-reg-automatic-1.jpg\" alt=\"\" width=\"800\" height=\"586\" srcset=\"https:\/\/agora.xtec.cat\/ceipramonfausiesteve\/wp-content\/uploads\/usu1656\/2022\/02\/20220207_Preparant-el-reg-automatic-1.jpg 800w, https:\/\/agora.xtec.cat\/ceipramonfausiesteve\/wp-content\/uploads\/usu1656\/2022\/02\/20220207_Preparant-el-reg-automatic-1-300x220.jpg 300w, https:\/\/agora.xtec.cat\/ceipramonfausiesteve\/wp-content\/uploads\/usu1656\/2022\/02\/20220207_Preparant-el-reg-automatic-1-768x563.jpg 768w\" sizes=\"auto, (max-width: 800px) 100vw, 800px\" \/><\/a><\/td>\n<td style=\"width: 172.188px; border-style: solid;\"><a href=\"https:\/\/agora.xtec.cat\/ceipramonfausiesteve\/wp-content\/uploads\/usu1656\/2022\/03\/foto-dron.jpg\"><img loading=\"lazy\" decoding=\"async\" class=\"alignnone size-full wp-image-7074\" src=\"https:\/\/agora.xtec.cat\/ceipramonfausiesteve\/wp-content\/uploads\/usu1656\/2022\/03\/foto-dron.jpg\" alt=\"\" width=\"1280\" height=\"720\" srcset=\"https:\/\/agora.xtec.cat\/ceipramonfausiesteve\/wp-content\/uploads\/usu1656\/2022\/03\/foto-dron.jpg 1280w, https:\/\/agora.xtec.cat\/ceipramonfausiesteve\/wp-content\/uploads\/usu1656\/2022\/03\/foto-dron-300x169.jpg 300w, https:\/\/agora.xtec.cat\/ceipramonfausiesteve\/wp-content\/uploads\/usu1656\/2022\/03\/foto-dron-1024x576.jpg 1024w, https:\/\/agora.xtec.cat\/ceipramonfausiesteve\/wp-content\/uploads\/usu1656\/2022\/03\/foto-dron-768x432.jpg 768w\" sizes=\"auto, (max-width: 1280px) 100vw, 1280px\" \/><\/a><\/td>\n<td style=\"width: 172.244px; border-style: solid;\"><a href=\"https:\/\/agora.xtec.cat\/ceipramonfausiesteve\/wp-content\/uploads\/usu1656\/2022\/04\/pati-6-abril-2022.jpg\"><img loading=\"lazy\" decoding=\"async\" class=\"alignnone size-full wp-image-7248\" src=\"https:\/\/agora.xtec.cat\/ceipramonfausiesteve\/wp-content\/uploads\/usu1656\/2022\/04\/pati-6-abril-2022.jpg\" alt=\"\" width=\"2168\" height=\"2168\" srcset=\"https:\/\/agora.xtec.cat\/ceipramonfausiesteve\/wp-content\/uploads\/usu1656\/2022\/04\/pati-6-abril-2022.jpg 2168w, https:\/\/agora.xtec.cat\/ceipramonfausiesteve\/wp-content\/uploads\/usu1656\/2022\/04\/pati-6-abril-2022-300x300.jpg 300w, https:\/\/agora.xtec.cat\/ceipramonfausiesteve\/wp-content\/uploads\/usu1656\/2022\/04\/pati-6-abril-2022-1024x1024.jpg 1024w, https:\/\/agora.xtec.cat\/ceipramonfausiesteve\/wp-content\/uploads\/usu1656\/2022\/04\/pati-6-abril-2022-150x150.jpg 150w, https:\/\/agora.xtec.cat\/ceipramonfausiesteve\/wp-content\/uploads\/usu1656\/2022\/04\/pati-6-abril-2022-768x768.jpg 768w, https:\/\/agora.xtec.cat\/ceipramonfausiesteve\/wp-content\/uploads\/usu1656\/2022\/04\/pati-6-abril-2022-1536x1536.jpg 1536w, https:\/\/agora.xtec.cat\/ceipramonfausiesteve\/wp-content\/uploads\/usu1656\/2022\/04\/pati-6-abril-2022-2048x2048.jpg 2048w\" sizes=\"auto, (max-width: 2168px) 100vw, 2168px\" \/><\/a><\/td>\n<\/tr>\n<tr>\n<td style=\"width: 172.188px; border-style: solid; border-color: #ed8f0c; background-color: #cf730a;\">&nbsp;<\/p>\n<p><a href=\"https:\/\/agora.xtec.cat\/ceipramonfausiesteve\/wp-content\/uploads\/usu1656\/2022\/04\/pati-21-abril-2022.jpg\"><img loading=\"lazy\" decoding=\"async\" class=\"alignnone size-full wp-image-7276\" src=\"https:\/\/agora.xtec.cat\/ceipramonfausiesteve\/wp-content\/uploads\/usu1656\/2022\/04\/pati-21-abril-2022.jpg\" alt=\"\" width=\"800\" height=\"1067\" srcset=\"https:\/\/agora.xtec.cat\/ceipramonfausiesteve\/wp-content\/uploads\/usu1656\/2022\/04\/pati-21-abril-2022.jpg 800w, https:\/\/agora.xtec.cat\/ceipramonfausiesteve\/wp-content\/uploads\/usu1656\/2022\/04\/pati-21-abril-2022-225x300.jpg 225w, https:\/\/agora.xtec.cat\/ceipramonfausiesteve\/wp-content\/uploads\/usu1656\/2022\/04\/pati-21-abril-2022-768x1024.jpg 768w\" sizes=\"auto, (max-width: 800px) 100vw, 800px\" \/><\/a><\/td>\n<td style=\"width: 172.188px; border-style: solid; background-color: #c26634;\"><a href=\"https:\/\/agora.xtec.cat\/ceipramonfausiesteve\/wp-content\/uploads\/usu1656\/2022\/04\/25abril2022.jpg\"><img loading=\"lazy\" decoding=\"async\" class=\"alignnone size-full wp-image-7316\" src=\"https:\/\/agora.xtec.cat\/ceipramonfausiesteve\/wp-content\/uploads\/usu1656\/2022\/04\/25abril2022.jpg\" alt=\"\" width=\"800\" height=\"1067\" srcset=\"https:\/\/agora.xtec.cat\/ceipramonfausiesteve\/wp-content\/uploads\/usu1656\/2022\/04\/25abril2022.jpg 800w, https:\/\/agora.xtec.cat\/ceipramonfausiesteve\/wp-content\/uploads\/usu1656\/2022\/04\/25abril2022-225x300.jpg 225w, https:\/\/agora.xtec.cat\/ceipramonfausiesteve\/wp-content\/uploads\/usu1656\/2022\/04\/25abril2022-768x1024.jpg 768w\" sizes=\"auto, (max-width: 800px) 100vw, 800px\" \/><\/a><\/td>\n<td style=\"width: 172.188px; border-style: solid; background-color: #d48c44;\"><a href=\"https:\/\/agora.xtec.cat\/ceipramonfausiesteve\/wp-content\/uploads\/usu1656\/2022\/04\/25-abril-2022.jpg\"><img loading=\"lazy\" decoding=\"async\" class=\"alignnone size-full wp-image-7317\" src=\"https:\/\/agora.xtec.cat\/ceipramonfausiesteve\/wp-content\/uploads\/usu1656\/2022\/04\/25-abril-2022.jpg\" alt=\"\" width=\"800\" height=\"1067\" srcset=\"https:\/\/agora.xtec.cat\/ceipramonfausiesteve\/wp-content\/uploads\/usu1656\/2022\/04\/25-abril-2022.jpg 800w, https:\/\/agora.xtec.cat\/ceipramonfausiesteve\/wp-content\/uploads\/usu1656\/2022\/04\/25-abril-2022-225x300.jpg 225w, https:\/\/agora.xtec.cat\/ceipramonfausiesteve\/wp-content\/uploads\/usu1656\/2022\/04\/25-abril-2022-768x1024.jpg 768w\" sizes=\"auto, (max-width: 800px) 100vw, 800px\" \/><\/a><\/td>\n<td style=\"width: 172.188px; border-style: solid; background-color: #b08f43;\"><a href=\"https:\/\/agora.xtec.cat\/ceipramonfausiesteve\/wp-content\/uploads\/usu1656\/2022\/04\/pati-27-dabril.jpg\"><img loading=\"lazy\" decoding=\"async\" class=\"alignnone size-full wp-image-7320\" src=\"https:\/\/agora.xtec.cat\/ceipramonfausiesteve\/wp-content\/uploads\/usu1656\/2022\/04\/pati-27-dabril.jpg\" alt=\"\" width=\"800\" height=\"1067\" srcset=\"https:\/\/agora.xtec.cat\/ceipramonfausiesteve\/wp-content\/uploads\/usu1656\/2022\/04\/pati-27-dabril.jpg 800w, https:\/\/agora.xtec.cat\/ceipramonfausiesteve\/wp-content\/uploads\/usu1656\/2022\/04\/pati-27-dabril-225x300.jpg 225w, https:\/\/agora.xtec.cat\/ceipramonfausiesteve\/wp-content\/uploads\/usu1656\/2022\/04\/pati-27-dabril-768x1024.jpg 768w\" sizes=\"auto, (max-width: 800px) 100vw, 800px\" \/><\/a><\/td>\n<td style=\"width: 172.188px; border-style: solid;\"><a href=\"https:\/\/agora.xtec.cat\/ceipramonfausiesteve\/wp-content\/uploads\/usu1656\/2022\/06\/plantem_31-de-maig-2022.jpg\"><img loading=\"lazy\" decoding=\"async\" class=\"wp-image-7461 aligncenter\" src=\"https:\/\/agora.xtec.cat\/ceipramonfausiesteve\/wp-content\/uploads\/usu1656\/2022\/06\/plantem_31-de-maig-2022.jpg\" alt=\"\" width=\"216\" height=\"289\" srcset=\"https:\/\/agora.xtec.cat\/ceipramonfausiesteve\/wp-content\/uploads\/usu1656\/2022\/06\/plantem_31-de-maig-2022.jpg 800w, https:\/\/agora.xtec.cat\/ceipramonfausiesteve\/wp-content\/uploads\/usu1656\/2022\/06\/plantem_31-de-maig-2022-225x300.jpg 225w, https:\/\/agora.xtec.cat\/ceipramonfausiesteve\/wp-content\/uploads\/usu1656\/2022\/06\/plantem_31-de-maig-2022-768x1024.jpg 768w\" sizes=\"auto, (max-width: 216px) 100vw, 216px\" \/><\/a><\/td>\n<td style=\"width: 172.188px; border-style: solid;\"><a href=\"https:\/\/agora.xtec.cat\/ceipramonfausiesteve\/wp-content\/uploads\/usu1656\/2022\/06\/plantem-2-31-de-maig.jpg\"><img loading=\"lazy\" decoding=\"async\" class=\"alignnone size-full wp-image-7464\" src=\"https:\/\/agora.xtec.cat\/ceipramonfausiesteve\/wp-content\/uploads\/usu1656\/2022\/06\/plantem-2-31-de-maig.jpg\" alt=\"\" width=\"800\" height=\"1067\" srcset=\"https:\/\/agora.xtec.cat\/ceipramonfausiesteve\/wp-content\/uploads\/usu1656\/2022\/06\/plantem-2-31-de-maig.jpg 800w, https:\/\/agora.xtec.cat\/ceipramonfausiesteve\/wp-content\/uploads\/usu1656\/2022\/06\/plantem-2-31-de-maig-225x300.jpg 225w, https:\/\/agora.xtec.cat\/ceipramonfausiesteve\/wp-content\/uploads\/usu1656\/2022\/06\/plantem-2-31-de-maig-768x1024.jpg 768w\" sizes=\"auto, (max-width: 800px) 100vw, 800px\" \/><\/a><\/td>\n<td style=\"width: 172.244px; border-style: solid;\"><a href=\"https:\/\/agora.xtec.cat\/ceipramonfausiesteve\/wp-content\/uploads\/usu1656\/2023\/02\/pati-febrer-2023.jpg\"><img loading=\"lazy\" decoding=\"async\" class=\"alignnone size-full wp-image-8233\" src=\"https:\/\/agora.xtec.cat\/ceipramonfausiesteve\/wp-content\/uploads\/usu1656\/2023\/02\/pati-febrer-2023.jpg\" alt=\"\" width=\"800\" height=\"1067\" srcset=\"https:\/\/agora.xtec.cat\/ceipramonfausiesteve\/wp-content\/uploads\/usu1656\/2023\/02\/pati-febrer-2023.jpg 800w, https:\/\/agora.xtec.cat\/ceipramonfausiesteve\/wp-content\/uploads\/usu1656\/2023\/02\/pati-febrer-2023-225x300.jpg 225w, https:\/\/agora.xtec.cat\/ceipramonfausiesteve\/wp-content\/uploads\/usu1656\/2023\/02\/pati-febrer-2023-768x1024.jpg 768w\" sizes=\"auto, (max-width: 800px) 100vw, 800px\" \/><\/a><\/td>\n<\/tr>\n<tr>\n<td style=\"width: 172.188px;\"><\/td>\n<td style=\"width: 172.188px;\"><\/td>\n<td style=\"width: 172.188px;\"><\/td>\n<td style=\"width: 172.188px;\"><\/td>\n<td style=\"width: 172.188px;\"><\/td>\n<td style=\"width: 172.188px;\"><\/td>\n<td style=\"width: 172.244px;\"><\/td>\n<\/tr>\n<\/tbody>\n<\/table>\n<h4><a href=\"https:\/\/drive.google.com\/file\/d\/1_kVmOf2F66ckaUF0eQ-eAp2Baueh4B4m\/view?usp=sharing\">PMOE. Pla de millora d&#8217;oportunitats educatives, Clica&#8217;m per veure el video.<\/a><\/h4>\n","protected":false},"excerpt":{"rendered":"<p><a href=\"https:\/\/drive.google.com\/file\/d\/1_kVmOf2F66ckaUF0eQ-eAp2Baueh4B4m\/view?usp=sharing\">Clica&#8217;m\ud83d\ude0d<\/a><br \/>\nProjecte pati: una mirada constructiva per repensar el pati de l&#8217;escola<br \/>\nCom i quan es va iniciar aquest projecte ?<br \/>\nLa necessitat de la transformaci\u00f3 del pati era evident. Haviem realitzat visites a diferents centres on el pati ja no era l&#8217;espai tradicional sin\u00f3 que havia&hellip;  <a href=\"https:\/\/agora.xtec.cat\/ceipramonfausiesteve\/projecte-pati\/\" title=\"Read Projecte pati\">Llegeix m\u00e9s\u00bb<\/a><\/p>\n","protected":false},"author":1,"featured_media":0,"parent":0,"menu_order":0,"comment_status":"closed","ping_status":"closed","template":"","meta":{"_bbp_topic_count":0,"_bbp_reply_count":0,"_bbp_total_topic_count":0,"_bbp_total_reply_count":0,"_bbp_voice_count":0,"_bbp_anonymous_reply_count":0,"_bbp_topic_count_hidden":0,"_bbp_reply_count_hidden":0,"_bbp_forum_subforum_count":0,"footnotes":""},"class_list":["post-6506","page","type-page","status-publish","hentry"],"post_mailing_queue_ids":[],"_links":{"self":[{"href":"https:\/\/agora.xtec.cat\/ceipramonfausiesteve\/wp-json\/wp\/v2\/pages\/6506","targetHints":{"allow":["GET"]}}],"collection":[{"href":"https:\/\/agora.xtec.cat\/ceipramonfausiesteve\/wp-json\/wp\/v2\/pages"}],"about":[{"href":"https:\/\/agora.xtec.cat\/ceipramonfausiesteve\/wp-json\/wp\/v2\/types\/page"}],"author":[{"embeddable":true,"href":"https:\/\/agora.xtec.cat\/ceipramonfausiesteve\/wp-json\/wp\/v2\/users\/1"}],"replies":[{"embeddable":true,"href":"https:\/\/agora.xtec.cat\/ceipramonfausiesteve\/wp-json\/wp\/v2\/comments?post=6506"}],"version-history":[{"count":4,"href":"https:\/\/agora.xtec.cat\/ceipramonfausiesteve\/wp-json\/wp\/v2\/pages\/6506\/revisions"}],"predecessor-version":[{"id":8234,"href":"https:\/\/agora.xtec.cat\/ceipramonfausiesteve\/wp-json\/wp\/v2\/pages\/6506\/revisions\/8234"}],"wp:attachment":[{"href":"https:\/\/agora.xtec.cat\/ceipramonfausiesteve\/wp-json\/wp\/v2\/media?parent=6506"}],"curies":[{"name":"wp","href":"https:\/\/api.w.org\/{rel}","templated":true}]}}