{"id":590,"date":"2017-11-07T12:32:25","date_gmt":"2017-11-07T11:32:25","guid":{"rendered":"http:\/\/agora.xtec.cat\/ceipramonfausiesteve\/?page_id=590"},"modified":"2025-11-06T12:15:32","modified_gmt":"2025-11-06T11:15:32","slug":"ampa","status":"publish","type":"page","link":"https:\/\/agora.xtec.cat\/ceipramonfausiesteve\/ampa\/","title":{"rendered":"L&#8217;AFA: qui som i qu\u00e8 fem ?"},"content":{"rendered":"<h2 style=\"text-align: center;\"><span style=\"color: #000080;\"><strong><img loading=\"lazy\" decoding=\"async\" class=\"\" src=\"https:\/\/agora.xtec.cat\/ceip-albert-vives\/wp-content\/uploads\/usu1841\/2021\/06\/Captura-afa-1024x306.jpg\" width=\"649\" height=\"194\" \/><\/strong><\/span><\/h2>\n<h4 style=\"text-align: center;\"><span style=\"color: #000080;\"><strong>Est\u00e0 regulada per uns estatuts i s\u2019organitza a trav\u00e9s d\u2019una Junta. Mitjan\u00e7ant una assemblea s\u2019escull la Junta i cada membre escollit roman quatre anys al c\u00e0rrec. La Junta es reuneix sempre que sigui necessari amb l\u2019objectiu de dirigir l\u2019associaci\u00f3 d\u2019acord amb els criteris indicats a l\u2019Assemblea.<\/strong><\/span><\/h4>\n<p><strong><span style=\"color: #ff6600;\"><u>LA JUNTA DE L\u2019AFA RAMON FAUS I ESTEVE EST\u00c0 FORMADA PELS SEG\u00dcENTS MEMBRES:<\/u><\/span><\/strong><\/p>\n<p>Presidenta<br \/>\nLaura Beltr\u00e1n Balcells<\/p>\n<p>Vicepresidenta<br \/>\nJordina Vila Vilar\u00f3<\/p>\n<p>Secret\u00e0ria<br \/>\nTetyana Bashta<\/p>\n<p>Tresorera<br \/>\nEster Gracia Rosell<\/p>\n<p>Vocal<br \/>\nJosep Gasull Royes<\/p>\n<p>Vocal<br \/>\nAlba Juanola Ribera<\/p>\n<p>Vocal<br \/>\nSandra Perez Lobo<\/p>\n<p>Vocal<br \/>\n\u00c8ric Vidal Grau<\/p>\n<p><strong>REPRESENTANT de la Junta de l&#8217;AFA AL CONSELL ESCOLAR DE L&#8217;ESCOLA I MUNICIPAL DE L&#8217;AJUNTAMENT:\u00a0<\/strong><\/p>\n<p>I per aix\u00f2,<\/p>\n<ul>\n<li>\n<h6><span style=\"color: #ff6600;\"><strong>Gestionem de forma adequada tant administrativament com econ\u00f2micament l\u2019associaci\u00f3.<\/strong><\/span><\/h6>\n<\/li>\n<li>\n<h6><span style=\"color: #ff6600;\"><strong>Debatem i acordem tots els temes que afecten al funcionament de l\u2019escola i la seva relaci\u00f3 amb els pares i mares.<\/strong><\/span><\/h6>\n<\/li>\n<li>\n<h6><span style=\"color: #ff6600;\"><strong>Atenem i traslladem les inquietuds dels pares i mares a l\u2019escola.<\/strong><\/span><\/h6>\n<\/li>\n<\/ul>\n<table class=\" aligncenter\" style=\"height: 417px; width: 93.6549%; border-style: dotted; border-color: #000000; background-color: #f7f2f0;\" width=\"792\">\n<tbody>\n<tr style=\"height: 83px;\">\n<td style=\"width: 196.55%; height: 52px; border-color: #000000;\" colspan=\"5\">\n<h6 style=\"text-align: center;\"><span style=\"color: #ff6600;\"><strong>HORARI OFICINA AFA <em>(Miquel)<\/em>: 8:30 a 14:30 i de 15 a 16:30\u00a0 \u00a0 \u00a0 \u00a0 \u00a0 \u00a0 \u00a0 <\/strong><\/span><span style=\"color: #000000;\"><strong>tel\u00e8fon: 602222729<\/strong><\/span><\/h6>\n<\/td>\n<\/tr>\n<tr style=\"height: 31px;\">\n<td style=\"width: 18.4431%; text-align: center; vertical-align: middle; border-color: #000000; height: 31px;\">\n<h6><span style=\"color: #ff6600;\">dilluns<\/span><\/h6>\n<\/td>\n<td style=\"width: 25.7185%; text-align: center; vertical-align: middle; border-color: #000000; height: 31px;\">\n<h6><span style=\"color: #ff6600;\">dimarts<\/span><\/h6>\n<\/td>\n<td style=\"width: 25.8982%; text-align: center; vertical-align: middle; border-color: #000000; height: 31px;\">\n<h6><span style=\"color: #ff6600;\">dimecres<\/span><\/h6>\n<\/td>\n<td style=\"width: 9.7006%; text-align: center; vertical-align: middle; border-color: #000000; height: 31px;\">\n<h6><span style=\"color: #ff6600;\">dijous<\/span><\/h6>\n<\/td>\n<td style=\"width: 116.79%; text-align: center; vertical-align: middle; border-color: #000000; height: 31px;\">\n<h6><span style=\"color: #ff6600;\">divendres<\/span><\/h6>\n<\/td>\n<\/tr>\n<tr style=\"height: 80px;\">\n<td style=\"width: 196.55%; border-color: #000000; height: 33px; background-color: #36bf32; text-align: center; vertical-align: middle;\" colspan=\"5\"><\/td>\n<\/tr>\n<tr style=\"height: 73px;\">\n<td style=\"width: 196.55%; text-align: center; vertical-align: middle; border-color: #000000; height: 38px;\" colspan=\"5\">\n<h6 style=\"text-align: center;\"><span style=\"color: #ff6600;\"><strong>Compte ingressos a l&#8217;AMPA: <\/strong><strong>\u00a0Caixa Guissona\u00a0 ES29 3140 0001 9800 0958 6200<\/strong><\/span><\/h6>\n<\/td>\n<\/tr>\n<tr style=\"height: 85px;\">\n<td style=\"width: 196.55%; text-align: center; vertical-align: middle; border-color: #000000; height: 40px;\" colspan=\"5\">\n<h6 style=\"text-align: center;\"><span style=\"color: #ff6600;\"><strong>Si voleu m\u00e9s informaci\u00f3, cliqueu a cada quadre:<\/strong><\/span><\/h6>\n<\/td>\n<\/tr>\n<tr style=\"height: 58px;\">\n<td style=\"width: 18.4431%; text-align: center; vertical-align: middle; border-color: #000000; height: 39px; background-color: #f5a56c;\">\n<h6><span style=\"color: #000000;\"><strong><a style=\"color: #000000;\" href=\"http:\/\/agora.xtec.cat\/ceipramonfausiesteve\/categoria\/menjador\/\">Menjador<\/a><\/strong><\/span><\/h6>\n<\/td>\n<td style=\"width: 25.7185%; text-align: center; vertical-align: middle; border-color: #000000; height: 39px; background-color: #f5a56c;\">\n<h6><span style=\"color: #000000;\"><strong><a style=\"color: #000000;\" href=\"http:\/\/agora.xtec.cat\/ceipramonfausiesteve\/categoria\/extraescolars\/\">Activitats extraescolars<\/a><\/strong><\/span><\/h6>\n<\/td>\n<td style=\"width: 25.8982%; text-align: center; vertical-align: middle; border-color: #000000; height: 39px; background-color: #f5a56c;\">\n<h6 style=\"text-align: center;\"><span style=\"color: #000000;\"><strong><a style=\"color: #000000;\" href=\"http:\/\/agora.xtec.cat\/ceipramonfausiesteve\/serveis\/acollida\/\">Acollida matinal<\/a>\u00a0<\/strong><\/span><\/h6>\n<\/td>\n<td style=\"width: 9.7006%; text-align: center; vertical-align: middle; border-color: #000000; height: 39px; background-color: #f5a56c;\">\n<h6><span style=\"color: #000000;\"><strong><a style=\"color: #000000;\" href=\"http:\/\/agora.xtec.cat\/ceipramonfausiesteve\/categoria\/noticies\/\">Not\u00edcies<\/a><\/strong><\/span><\/h6>\n<\/td>\n<td style=\"width: 116.79%; text-align: center; vertical-align: middle; border-color: #000000; height: 39px; background-color: #f5a56c;\">\n<h6><span style=\"color: #000000;\"><strong><a style=\"color: #000000;\" href=\"https:\/\/drive.google.com\/file\/d\/1suSkZDgASivBwWhBEEdjbeMofn4rKcy-\/view?usp=sharing\">Documents d&#8217;inter\u00e8s<\/a><\/strong><\/span><\/h6>\n<\/td>\n<\/tr>\n<tr style=\"height: 94px;\">\n<td style=\"width: 18.4431%; text-align: center; vertical-align: middle; border-color: #000000; background-color: #f5a56c; height: 33px;\">\n<h6><span style=\"color: #000000;\"><strong><a style=\"color: #000000;\" href=\"http:\/\/agora.xtec.cat\/ceipramonfausiesteve\/fapac\/\">FAPAC<\/a><\/strong><\/span><\/h6>\n<\/td>\n<td style=\"width: 25.7185%; text-align: center; vertical-align: middle; border-color: #000000; background-color: #f5a56c; height: 33px;\">\n<h6><span style=\"color: #000000;\"><strong><a style=\"color: #000000;\" href=\"https:\/\/drive.google.com\/file\/d\/1XACdJISx3ogyMX_2Ts8-qeMBQkxIyFCS\/view?usp=sharing\">Assemblea anual. Acta 18 de juny de 2018<\/a><\/strong><\/span><\/h6>\n<\/td>\n<td style=\"width: 25.8982%; text-align: center; vertical-align: middle; border-color: #000000; background-color: #f5a56c; height: 33px;\">\n<h6 style=\"text-align: center;\"><span style=\"color: #000000;\"><strong>Quota socis anual:\u00a0<\/strong><\/span><span style=\"color: #000000;\"><strong>30\u20ac per fam\u00edlia\u00a0\u00a0<\/strong><\/span><\/h6>\n<\/td>\n<td style=\"width: 9.7006%; text-align: center; vertical-align: middle; border-color: #000000; background-color: #f5a56c; height: 33px;\"><\/td>\n<td style=\"width: 116.79%; text-align: center; vertical-align: middle; border-color: #000000; background-color: #f5a56c; height: 33px;\"><\/td>\n<\/tr>\n<tr style=\"height: 72px;\">\n<td style=\"width: 18.4431%; text-align: center; vertical-align: middle; border-color: #000000; background-color: #f5a56c; height: 46px;\">\n<h6><a href=\"https:\/\/drive.google.com\/file\/d\/1uT9SZ0BU16niJVFg0Pb1OB6y1RL6s3-v\/view?usp=sharing\"><span style=\"color: #000000;\"><strong>Assemblea 2019\u00a0<\/strong><\/span><\/a><\/h6>\n<\/td>\n<td style=\"width: 25.7185%; text-align: center; vertical-align: middle; border-color: #000000; background-color: #f5a56c; height: 46px;\">\n<h6><a href=\"https:\/\/drive.google.com\/file\/d\/1fWqdDWEowqCQ1EF8G2CFMsIpUG9MyTiQ\/view?usp=sharing\"><span style=\"color: #000000;\"><strong>Acta 13 de maig de 2021<\/strong><\/span><\/a><\/h6>\n<\/td>\n<td style=\"width: 25.8982%; text-align: center; vertical-align: middle; border-color: #000000; background-color: #f5a56c; height: 46px;\">\n<h6 style=\"text-align: center;\"><span style=\"color: #000000;\"><strong>\u00a0<\/strong><\/span><\/h6>\n<\/td>\n<td style=\"width: 9.7006%; text-align: center; vertical-align: middle; border-color: #000000; background-color: #f5a56c; height: 46px;\"><\/td>\n<td style=\"width: 116.79%; text-align: center; vertical-align: middle; border-color: #000000; background-color: #f5a56c; height: 46px;\"><\/td>\n<\/tr>\n<tr style=\"height: 66px;\">\n<td style=\"width: 18.4431%; text-align: center; vertical-align: middle; border-color: #000000; background-color: #f5a56c; height: 42px;\">\n<h6><span style=\"color: #000000;\"><strong>Assemblea 2021<\/strong><\/span><\/h6>\n<\/td>\n<td style=\"width: 25.7185%; text-align: center; vertical-align: middle; border-color: #000000; background-color: #f5a56c; height: 42px;\">\n<h6><a href=\"https:\/\/drive.google.com\/file\/d\/1DuUnrqr0DoNBx7h-vUU0-_E8M24llN4m\/view?usp=sharing\"><span style=\"color: #000000;\"><strong>Acta del 12 de juliol de 2021<\/strong><\/span><\/a><\/h6>\n<\/td>\n<td style=\"width: 25.8982%; text-align: center; vertical-align: middle; border-color: #000000; background-color: #f5a56c; height: 42px;\">\n<h6 style=\"text-align: center;\"><span style=\"color: #000000;\"><strong>\u00a0<\/strong><\/span><\/h6>\n<\/td>\n<td style=\"width: 9.7006%; text-align: center; vertical-align: middle; border-color: #000000; background-color: #f5a56c; height: 42px;\"><\/td>\n<td style=\"width: 116.79%; text-align: center; vertical-align: middle; border-color: #000000; background-color: #f5a56c; height: 42px;\"><\/td>\n<\/tr>\n<tr style=\"height: 58px;\">\n<td style=\"width: 196.55%; height: 58px;\" colspan=\"5\">\n<h6 style=\"text-align: center;\"><span style=\"text-decoration: underline; color: #000080;\"><strong>QU\u00c8 FEM ?<\/strong><\/span><\/h6>\n<h6 style=\"text-align: center;\"><span style=\"color: #000080;\"><strong>A QU\u00c8 ES DESTINEN ELS DINERS OBTINGUTS AMB LA VENDA DE LLIBRES I MATERIAL ? i amb l&#8217;aportaci\u00f3 dels SOCIS?<\/strong><\/span><\/h6>\n<p>Organitzem la parada de llibres i roses per Sant Jordi i aix\u00ed podem subvencionar les col\u00f2nies de FI DE CURS de 6\u00e8Ajudem pagant l&#8217;autocar de la sortida a Sant Joan de l&#8217;Erm de 5\u00e8.<\/p>\n<h5>Participem subvencionant les festes que organitza l&#8217;escola com ara el &#8220;Pas de l&#8217;arc&#8221; d&#8217;I5, la castanyada, l&#8217;activitat de la Marat\u00f3 amb un berenar per l&#8217;alumnat, l&#8217;esmorzar de Nadal, el de les Jornades Culturals, entre altres.<\/h5>\n<p>Adquirim material pel pati i participem en el projecte<\/p>\n<p>Organitzem la festa de fi de curs<\/p>\n<p>Adquirim llibres per la biblioteca<\/p>\n<p>Les fam\u00edlies s\u00f2cies reben un obsequi pels seus fill quan es matriculen al centre<\/p>\n<h5>En definitiva: recolzem i participem, conjuntament amb les mestres i els mestres de l&#8217;escola, del projecte pedag\u00f2gic conjunt.<\/h5>\n<\/td>\n<\/tr>\n<\/tbody>\n<\/table>\n<h5><\/h5>\n<p>&nbsp;<\/p>\n<p>&nbsp;<\/p>\n<h5><\/h5>\n<p>&nbsp;<\/p>\n<h5><\/h5>\n<h5><\/h5>\n<h5><\/h5>\n<h5><\/h5>\n<h4><\/h4>\n","protected":false},"excerpt":{"rendered":"<p>Est\u00e0 regulada per uns estatuts i s\u2019organitza a trav\u00e9s d\u2019una Junta. Mitjan\u00e7ant una assemblea s\u2019escull la Junta i cada membre escollit roman quatre anys al c\u00e0rrec. La Junta es reuneix sempre que sigui necessari amb l\u2019objectiu de dirigir l\u2019associaci\u00f3 d\u2019acord amb els criteris indicats a&hellip;  <a href=\"https:\/\/agora.xtec.cat\/ceipramonfausiesteve\/ampa\/\" title=\"Read L&#8217;AFA: qui som i qu\u00e8 fem ?\">Llegeix m\u00e9s\u00bb<\/a><\/p>\n","protected":false},"author":1,"featured_media":0,"parent":0,"menu_order":0,"comment_status":"closed","ping_status":"closed","template":"page-templates\/side-menu.php","meta":{"_bbp_topic_count":0,"_bbp_reply_count":0,"_bbp_total_topic_count":0,"_bbp_total_reply_count":0,"_bbp_voice_count":0,"_bbp_anonymous_reply_count":0,"_bbp_topic_count_hidden":0,"_bbp_reply_count_hidden":0,"_bbp_forum_subforum_count":0,"footnotes":""},"class_list":["post-590","page","type-page","status-publish","hentry"],"post_mailing_queue_ids":[],"_links":{"self":[{"href":"https:\/\/agora.xtec.cat\/ceipramonfausiesteve\/wp-json\/wp\/v2\/pages\/590","targetHints":{"allow":["GET"]}}],"collection":[{"href":"https:\/\/agora.xtec.cat\/ceipramonfausiesteve\/wp-json\/wp\/v2\/pages"}],"about":[{"href":"https:\/\/agora.xtec.cat\/ceipramonfausiesteve\/wp-json\/wp\/v2\/types\/page"}],"author":[{"embeddable":true,"href":"https:\/\/agora.xtec.cat\/ceipramonfausiesteve\/wp-json\/wp\/v2\/users\/1"}],"replies":[{"embeddable":true,"href":"https:\/\/agora.xtec.cat\/ceipramonfausiesteve\/wp-json\/wp\/v2\/comments?post=590"}],"version-history":[{"count":6,"href":"https:\/\/agora.xtec.cat\/ceipramonfausiesteve\/wp-json\/wp\/v2\/pages\/590\/revisions"}],"predecessor-version":[{"id":10641,"href":"https:\/\/agora.xtec.cat\/ceipramonfausiesteve\/wp-json\/wp\/v2\/pages\/590\/revisions\/10641"}],"wp:attachment":[{"href":"https:\/\/agora.xtec.cat\/ceipramonfausiesteve\/wp-json\/wp\/v2\/media?parent=590"}],"curies":[{"name":"wp","href":"https:\/\/api.w.org\/{rel}","templated":true}]}}