{"id":522,"date":"2017-10-19T09:39:23","date_gmt":"2017-10-19T07:39:23","guid":{"rendered":"http:\/\/agora.xtec.cat\/ceipramonfausiesteve\/?page_id=522"},"modified":"2018-04-06T22:35:19","modified_gmt":"2018-04-06T20:35:19","slug":"pla-catala-de-lesport-2","status":"publish","type":"page","link":"https:\/\/agora.xtec.cat\/ceipramonfausiesteve\/pla-catala-de-lesport-2\/","title":{"rendered":"Pla catal\u00e0 de l&#8217;esport"},"content":{"rendered":"<p>El Pla pret\u00e9n posar a l&#8217;abast de tots els alumnes de prim\u00e0ria i secund\u00e0ria la pr\u00e0ctica d&#8217;activitats f\u00edsiques i esportives, i aprofitar el gran potencial d&#8217;aquestes activitats per contribuir a la formaci\u00f3 personal i c\u00edvica dels nostres infants i joves.<br \/>\nM\u00e9s concretament, podem destacar els objectius seg\u00fcents:<\/p>\n<p>Incrementar la participaci\u00f3 en activitats f\u00edsiques i esportives en horari no lectiu de l&#8217;alumnat dels centres educatius de prim\u00e0ria i de secund\u00e0ria, amb una incid\u00e8ncia especial en el col\u00b7lectiu de noies.<br \/>\nAprofitar el gran potencial educatiu i formatiu de les activitats f\u00edsiques i esportives, cercant la participaci\u00f3 per damunt de la competitivitat.<br \/>\nPotenciar la funci\u00f3 integradora i de cohesi\u00f3 social de l&#8217;esport escolar, facilitant l&#8217;acc\u00e9s de tots els nens i nenes a la pr\u00e0ctica esportiva escolar, i en especial dels nouvinguts.<br \/>\nContribuir mitjan\u00e7ant la pr\u00e0ctica esportiva a la formaci\u00f3 en valors com la toler\u00e0ncia, el respecte als altres i a les regles, la confian\u00e7a en un mateix, l&#8217;esfor\u00e7 de superaci\u00f3, l&#8217;autocr\u00edtica, l&#8217;autonomia, la capacitat de decisi\u00f3, l&#8217;autogesti\u00f3, la cooperaci\u00f3, el treball en equip, entre d&#8217;altres.<br \/>\nFomentar la pr\u00e0ctica regular d&#8217;activitats f\u00edsiques i esportives i l&#8217;adquisici\u00f3 d&#8217;h\u00e0bits saludables que contribueixin a un millor benestar.<br \/>\nFormar joves en els valors ciutadans mitjan\u00e7ant la seva participaci\u00f3 activa en la gesti\u00f3 de les associacions esportives escolars de nova creaci\u00f3.<\/p>\n","protected":false},"excerpt":{"rendered":"<p>El Pla pret\u00e9n posar a l&#8217;abast de tots els alumnes de prim\u00e0ria i secund\u00e0ria la pr\u00e0ctica d&#8217;activitats f\u00edsiques i esportives, i aprofitar el gran potencial d&#8217;aquestes activitats per contribuir a la formaci\u00f3 personal i c\u00edvica dels nostres infants i joves.<br \/>\nM\u00e9s concretament, podem destacar els objectius&hellip;  <a href=\"https:\/\/agora.xtec.cat\/ceipramonfausiesteve\/pla-catala-de-lesport-2\/\" title=\"Read Pla catal\u00e0 de l&#8217;esport\">Llegeix m\u00e9s\u00bb<\/a><\/p>\n","protected":false},"author":1,"featured_media":0,"parent":0,"menu_order":0,"comment_status":"closed","ping_status":"closed","template":"","meta":{"_bbp_topic_count":0,"_bbp_reply_count":0,"_bbp_total_topic_count":0,"_bbp_total_reply_count":0,"_bbp_voice_count":0,"_bbp_anonymous_reply_count":0,"_bbp_topic_count_hidden":0,"_bbp_reply_count_hidden":0,"_bbp_forum_subforum_count":0,"footnotes":""},"class_list":["post-522","page","type-page","status-publish","hentry"],"post_mailing_queue_ids":[],"_links":{"self":[{"href":"https:\/\/agora.xtec.cat\/ceipramonfausiesteve\/wp-json\/wp\/v2\/pages\/522","targetHints":{"allow":["GET"]}}],"collection":[{"href":"https:\/\/agora.xtec.cat\/ceipramonfausiesteve\/wp-json\/wp\/v2\/pages"}],"about":[{"href":"https:\/\/agora.xtec.cat\/ceipramonfausiesteve\/wp-json\/wp\/v2\/types\/page"}],"author":[{"embeddable":true,"href":"https:\/\/agora.xtec.cat\/ceipramonfausiesteve\/wp-json\/wp\/v2\/users\/1"}],"replies":[{"embeddable":true,"href":"https:\/\/agora.xtec.cat\/ceipramonfausiesteve\/wp-json\/wp\/v2\/comments?post=522"}],"version-history":[{"count":3,"href":"https:\/\/agora.xtec.cat\/ceipramonfausiesteve\/wp-json\/wp\/v2\/pages\/522\/revisions"}],"predecessor-version":[{"id":1189,"href":"https:\/\/agora.xtec.cat\/ceipramonfausiesteve\/wp-json\/wp\/v2\/pages\/522\/revisions\/1189"}],"wp:attachment":[{"href":"https:\/\/agora.xtec.cat\/ceipramonfausiesteve\/wp-json\/wp\/v2\/media?parent=522"}],"curies":[{"name":"wp","href":"https:\/\/api.w.org\/{rel}","templated":true}]}}