{"id":521,"date":"2017-10-19T09:39:23","date_gmt":"2017-10-19T07:39:23","guid":{"rendered":"http:\/\/agora.xtec.cat\/ceipramonfausiesteve\/?page_id=521"},"modified":"2021-11-05T13:00:37","modified_gmt":"2021-11-05T12:00:37","slug":"escoles-verdes-2","status":"publish","type":"page","link":"https:\/\/agora.xtec.cat\/ceipramonfausiesteve\/escoles-verdes-2\/","title":{"rendered":"ODS"},"content":{"rendered":"<h1><span style=\"color: #ff0000;\"><strong>\u201cTRANSFORMAR L\u2019EDUCACI\u00d3 PER TRANSFORMAR EL M\u00d3N\u201d<\/strong><\/span><\/h1>\n<p>Al\u00a0<a href=\"https:\/\/unescocat.org\/wp-content\/uploads\/2019\/04\/ED2030_DeclaracioIncheonCAT.pdf\">F\u00f2rum Mundial d\u2019Educaci\u00f3, organitzat a Incheon l\u2019any 2015<\/a>,\u00a0s\u2019hi van debatre les prioritats globals sobre educaci\u00f3 per als pr\u00f2xims quinze anys, en el context de l\u2019adopci\u00f3 per part de Nacions Unides dels\u00a0<a href=\"https:\/\/unescocat.org\/wp-content\/uploads\/2019\/04\/Educaci%C3%B3-per-als-objectius-de-desenvolupament-sostenible.pdf\">Objectius de Desenvolupament Sostenible (ODS): l\u2019<strong>Agenda 2030<\/strong><\/a>.<\/p>\n<p>En la declaraci\u00f3 d\u2019Incheon, entre d\u2019altres s\u2019 estableixen:<\/p>\n<ul>\n<li>els valors universals en qu\u00e8 es basa l\u2019educaci\u00f3<\/li>\n<li>la necessitat que la inclusi\u00f3, l\u2019equitat i la igualtat de g\u00e8nere estiguin al centre<\/li>\n<\/ul>\n<p>i concreta la\u00a0<strong>necess\u00e0ria actualitzaci\u00f3 educativa<\/strong>, redefinint qu\u00e8 entenem per qualitat.<\/p>\n<p>El prop\u00f2sit, al que l\u2019escola ens sentim plenament alineats, \u00e9s \u201c<strong>Transformar l\u2019educaci\u00f3 per transformar el m\u00f3n<\/strong>\u201d i \u00e9s per aix\u00f2 que ens\u00a0comprometem:<\/p>\n<ul>\n<li>amb una educaci\u00f3 on s\u2019aprengui a canviar el m\u00f3n per tal que les noves generacions puguin viure en un m\u00f3n millor.<\/li>\n<li>amb una educaci\u00f3 vinculada de forma plena amb l\u2019assoliment dels 17\u00a0\u00a0Objectius de Desenvolupament Sostenible (ODS)\u00a0proposats per UNESCO, en aquesta transformaci\u00f3 positiva del planeta.<\/li>\n<\/ul>\n<h6><\/h6>\n<h1 style=\"text-align: center;\"><span style=\"color: #339966;\"><a href=\"http:\/\/www.globalgoals.org\/\"><img loading=\"lazy\" decoding=\"async\" class=\"\" src=\"https:\/\/img.beteve.cat\/wp-content\/uploads\/2019\/11\/ods-261119.jpg\" alt=\"Principals objectius de desenvolupament sostenible de la ...\" width=\"155\" height=\"87\" \/><\/a>VOLEM UN PLANETA SOSTENIBLE I TREBALLEM ELS ODS<\/span><\/h1>\n<p><strong>Els Objectius de Desenvolupament Sostenible (ODS)<\/strong>, oficialment coneguts mitjan\u00e7ant l\u2019agenda per\u00a0<strong>\u201c<\/strong>Transformar el nostre m\u00f3n: l\u2019Agenda 2030 pel Desenvolupament Sostenible\u201d,\u00a0<strong>s\u00f3n un conjunt d\u2019objectius relacionats amb el futur desenvolupament internacional creats per les Nacions Unides<\/strong>\u00a0i promoguts com a Objectius Mundials per al Desenvolupament Sostenible.\u00a0<strong>Hi ha 17\u00a0<a href=\"https:\/\/ca.wikipedia.org\/wiki\/Objectius_de_Desenvolupament_Sostenible#\/media\/Fitxer:ODS_Objectius_Desenvolupament_Sostenible_Respon.cat_SDG_Icons_CAT_Poster_A4.jpg\" target=\"_blank\" rel=\"noopener noreferrer\">objectius<\/a> per protegir el planeta contra el canvi clim\u00e0tic i aconseguir que el m\u00f3n sigui m\u00e9s equitatiu, m\u00e9s just i m\u00e9s segur. <a href=\"http:\/\/mediambient.gencat.cat\/ca\/05_ambits_dactuacio\/educacio_i_sostenibilitat\/desenvolupament_sostenible\/agenda-2030-ods\/\">CLICA PER SABER-NE M\u00c9S.<\/a><\/strong><\/p>\n<p>Aqu\u00ed en podeu veure un v\u00eddeo explicatiu titulat\u00a0<strong>\u201cLa lecci\u00f3n m\u00e1s grande del mundo\u201d<a href=\"https:\/\/youtu.be\/LPyjXkExnuw\"><img loading=\"lazy\" decoding=\"async\" class=\"alignnone size-full wp-image-4013\" src=\"https:\/\/agora.xtec.cat\/ceipramonfausiesteve\/wp-content\/uploads\/usu1656\/2020\/04\/0.jpg\" alt=\"\" width=\"480\" height=\"360\" srcset=\"https:\/\/agora.xtec.cat\/ceipramonfausiesteve\/wp-content\/uploads\/usu1656\/2020\/04\/0.jpg 480w, https:\/\/agora.xtec.cat\/ceipramonfausiesteve\/wp-content\/uploads\/usu1656\/2020\/04\/0-300x225.jpg 300w, https:\/\/agora.xtec.cat\/ceipramonfausiesteve\/wp-content\/uploads\/usu1656\/2020\/04\/0-200x150.jpg 200w\" sizes=\"auto, (max-width: 480px) 100vw, 480px\" \/><\/a><\/strong><\/p>\n<h1><a href=\"https:\/\/youtu.be\/LPyjXkExnuw\"><span style=\"color: #339966;\"><strong>CLICA&#8217;M I VEUR\u00c0S<\/strong><\/span><\/a><\/h1>\n","protected":false},"excerpt":{"rendered":"<p>\u201cTRANSFORMAR L\u2019EDUCACI\u00d3 PER TRANSFORMAR EL M\u00d3N\u201d<br \/>\nAl\u00a0<a href=\"https:\/\/unescocat.org\/wp-content\/uploads\/2019\/04\/ED2030_DeclaracioIncheonCAT.pdf\">F\u00f2rum Mundial d\u2019Educaci\u00f3, organitzat a Incheon l\u2019any 2015<\/a>,\u00a0s\u2019hi van debatre les prioritats globals sobre educaci\u00f3 per als pr\u00f2xims quinze anys, en el context de l\u2019adopci\u00f3 per part de Nacions Unides dels\u00a0<a href=\"https:\/\/unescocat.org\/wp-content\/uploads\/2019\/04\/Educaci%C3%B3-per-als-objectius-de-desenvolupament-sostenible.pdf\">Objectius de Desenvolupament Sostenible (ODS): l\u2019Agenda 2030<\/a>.<br \/>\nEn la&hellip;  <a href=\"https:\/\/agora.xtec.cat\/ceipramonfausiesteve\/escoles-verdes-2\/\" title=\"Read ODS\">Llegeix m\u00e9s\u00bb<\/a><\/p>\n","protected":false},"author":1,"featured_media":0,"parent":0,"menu_order":0,"comment_status":"closed","ping_status":"closed","template":"","meta":{"_bbp_topic_count":0,"_bbp_reply_count":0,"_bbp_total_topic_count":0,"_bbp_total_reply_count":0,"_bbp_voice_count":0,"_bbp_anonymous_reply_count":0,"_bbp_topic_count_hidden":0,"_bbp_reply_count_hidden":0,"_bbp_forum_subforum_count":0,"footnotes":""},"class_list":["post-521","page","type-page","status-publish","hentry"],"post_mailing_queue_ids":[],"_links":{"self":[{"href":"https:\/\/agora.xtec.cat\/ceipramonfausiesteve\/wp-json\/wp\/v2\/pages\/521","targetHints":{"allow":["GET"]}}],"collection":[{"href":"https:\/\/agora.xtec.cat\/ceipramonfausiesteve\/wp-json\/wp\/v2\/pages"}],"about":[{"href":"https:\/\/agora.xtec.cat\/ceipramonfausiesteve\/wp-json\/wp\/v2\/types\/page"}],"author":[{"embeddable":true,"href":"https:\/\/agora.xtec.cat\/ceipramonfausiesteve\/wp-json\/wp\/v2\/users\/1"}],"replies":[{"embeddable":true,"href":"https:\/\/agora.xtec.cat\/ceipramonfausiesteve\/wp-json\/wp\/v2\/comments?post=521"}],"version-history":[{"count":3,"href":"https:\/\/agora.xtec.cat\/ceipramonfausiesteve\/wp-json\/wp\/v2\/pages\/521\/revisions"}],"predecessor-version":[{"id":6725,"href":"https:\/\/agora.xtec.cat\/ceipramonfausiesteve\/wp-json\/wp\/v2\/pages\/521\/revisions\/6725"}],"wp:attachment":[{"href":"https:\/\/agora.xtec.cat\/ceipramonfausiesteve\/wp-json\/wp\/v2\/media?parent=521"}],"curies":[{"name":"wp","href":"https:\/\/api.w.org\/{rel}","templated":true}]}}