{"id":511,"date":"2017-10-17T15:29:04","date_gmt":"2017-10-17T13:29:04","guid":{"rendered":"http:\/\/agora.xtec.cat\/ceipramonfausiesteve\/?page_id=511"},"modified":"2026-02-02T09:29:18","modified_gmt":"2026-02-02T08:29:18","slug":"documents","status":"publish","type":"page","link":"https:\/\/agora.xtec.cat\/ceipramonfausiesteve\/documents\/","title":{"rendered":"Documents"},"content":{"rendered":"<p><em>Podeu clicar i veure o descarregar-vos diferents documents que us poden ser d&#8217;utilitat.<\/em><\/p>\n<h3>DOCUMENTS DE CENTRE:<\/h3>\n<ul style=\"list-style-type: square;\">\n<li><a href=\"https:\/\/drive.google.com\/file\/d\/1k-gPBXNef9j2hWro2GbN3PX1s74hSV9M\/view?usp=sharing\">Carta de comprom\u00eds\u00a0educatiu<\/a><\/li>\n<li><a href=\"https:\/\/drive.google.com\/file\/d\/1Hnc8QsvXQ-K_4OHthcQERz7HyB84um31\/view?usp=sharing\">Projecte educatiu de centre\u00a0 (PEC)<\/a><\/li>\n<li><a href=\"https:\/\/drive.google.com\/file\/d\/1K-R0piT5axv7pEhmhMrsLE2rWLBh53aM\/view?usp=sharing\">Projecte ling\u00fc\u00edstic (PL)<\/a><\/li>\n<li><a href=\"https:\/\/sites.google.com\/xtec.cat\/estrategiadigitalfaus?usp=sharing\">EDC<\/a><\/li>\n<li><a href=\"https:\/\/drive.google.com\/file\/d\/1c6rUulgh8uD_K-TXD-0w8GQaCBSLRWCp\/view?usp=sharing\">Pla organitzatiu COVID- 2020_2021<\/a><\/li>\n<li><a href=\"https:\/\/drive.google.com\/file\/d\/1mDxAcTm7pcAA14Rvtul2xuBgoW5IBx8L\/view?usp=sharing\">Pla organitzatiu COVID 2021_2022<\/a><\/li>\n<li><a href=\"https:\/\/drive.google.com\/file\/d\/1fw132HA1BT49Fr7ECRJf_jwevBSAO0gL\/view?usp=drive_link\">Projecte de conviv\u00e8ncia<\/a><\/li>\n<\/ul>\n<h3>ALTRES DOCUMENTS:<\/h3>\n<ul style=\"list-style-type: square;\">\n<li><a href=\"https:\/\/drive.google.com\/file\/d\/1AipJmlLzTmEWpqIMDkRit-NBwe9cyOEb\/view?usp=sharing\">Actuacions en cas de neu\/<\/a> <a href=\"https:\/\/drive.google.com\/file\/d\/1nmIteTuxmu6aKTiyz7JnF4YkpM-CvViU\/view?usp=sharing\">Protocol NEUCAT<\/a><\/li>\n<li><a href=\"https:\/\/drive.google.com\/file\/d\/1v9zKEqF9X33CqsI9YTVoLnQSCmlONyZq\/view?usp=sharing\">Justificant assist\u00e8ncia reuni\u00f3<\/a><\/li>\n<li><a href=\"https:\/\/drive.google.com\/file\/d\/1BGn2851v7CK-RnxTnfpS_pV1F4DcK8j2\/view?usp=sharing\">Sol\u00b7licitud baixa centre escolar<\/a><\/li>\n<li><a href=\"https:\/\/drive.google.com\/file\/d\/1jvwVaAkIudEhQNokyzlwqimgtnJz9vgM\/view?usp=sharing\">Pagaments sortides escolars<\/a><\/li>\n<\/ul>\n<h3>NORMES D&#8217;ORGANITZACI\u00d3 I FUNCIONAMENT:<\/h3>\n<ul style=\"list-style-type: square;\">\n<li><a href=\"https:\/\/drive.google.com\/file\/d\/1GSpFY-ym2uE1QlHkuv9BnhY1c0H3-PtK\/view?usp=drive_link\">NOFC(en revisi\u00f3)<\/a><\/li>\n<li><a href=\"https:\/\/drive.google.com\/file\/d\/1hmIz8uZ-tx4Cy6tH0qbsnqaWcfqCMdHF\/view?usp=sharing\">\u00das d&#8217;ordinadors alumnat_carta a les fam\u00edlies<\/a><\/li>\n<li><a href=\"https:\/\/drive.google.com\/file\/d\/1lzM5X4qxhplxRK9g2U1WDh0xeFmP0p-N\/view?usp=drive_link\">Sancions sobre el mal \u00fas del material digital<\/a><\/li>\n<li><a href=\"https:\/\/drive.google.com\/file\/d\/1tD1hIySbFF8PJUjj5cL4_kkDqXKjWZ3h\/view?usp=share_link\">Imatges i veu<\/a><\/li>\n<li><a href=\"https:\/\/drive.google.com\/file\/d\/1pRGyxg0Pe1YMEUGvraxb2GjenS8jOyhU\/view?usp=sharing\">Pla de transport<\/a><\/li>\n<\/ul>\n<h3>AUTORITZACIONS:<\/h3>\n<ul style=\"list-style-type: square;\">\n<li><a href=\"https:\/\/drive.google.com\/file\/d\/1N4xwMXfnOBKkeIfTZmuNchj1Y9Q6SfIE\/view?usp=sharing\">Autoritzaci\u00f3 sortides sense autocar<\/a><\/li>\n<li><a href=\"https:\/\/drive.google.com\/file\/d\/1hBVEAx3IjukrTOLmKSEwrq0dnm3tn42T\/view?usp=sharing\">Autoritzaci\u00f3\u00a0administraci\u00f3 de medicaments<\/a><\/li>\n<li><a href=\"https:\/\/drive.google.com\/file\/d\/1Ssqyreugmj1mbGAUSJmTbuR4ueisT6rH\/view?usp=sharing\">Autoritzaci\u00f3 recollida alumnat<\/a><\/li>\n<li><a href=\"https:\/\/drive.google.com\/file\/d\/1iTZa9xgjPtRsi2EOWRUHllvHfjWo8Ofq\/view?usp=sharing\">Autoritzaci\u00f3 sortida del centre en finalitzar l&#8217;activitat lectiva: CM i CS<\/a><\/li>\n<li><a href=\"https:\/\/drive.google.com\/file\/d\/1RVjQpLu4IxIrqC1T2k-azb_zt9ZdF6Rk\/view?usp=sharing\">Autoritzaci\u00f3 recollida alumnat a les col\u00f2nies i\/o sortides escolars<\/a><\/li>\n<li><a href=\"https:\/\/drive.google.com\/file\/d\/1-cMRTX9uoXuGlleERIUicZOXCLKJ4GW2\/view?usp=drive_link\">Autoritzaci\u00f3 relativa als alumnes menors de 14 anys: d&#8217;\u00fas d&#8217;imatges, publicaci\u00f3 de dades de car\u00e0cter personal i de material que elaboren.<\/a><\/li>\n<li><a href=\"https:\/\/drive.google.com\/file\/d\/18aLNY2E-xf_o5q-UeXZ1FJmr4UStQJbD\/view?usp=drive_link\">Autoritzaci\u00f3 de l&#8217;\u00fas de serveis i recursos digitals a l&#8217;aula per part de l&#8217;alumnat menor de 14 anys<\/a><\/li>\n<li><a style=\"font-family: inherit; font-size: 1em;\" href=\"https:\/\/drive.google.com\/file\/d\/1ri6YQMbL_uW0SyaRekFV4spyhZzBKQ2j\/view?usp=sharing\">Administraci\u00f3 de paracetamol<\/a><\/li>\n<li><a href=\"https:\/\/drive.google.com\/file\/d\/1f5nY8g9jX_bbe6HK3Tr-YSn3pF79iD-6\/view?usp=sharing\">Autoritzaci\u00f3 per l&#8217;atenci\u00f3 a l&#8217;alumnat amb necessitats especials de salut als centre educatiu<\/a><\/li>\n<\/ul>\n<h3>TR\u00cdPTIC INFORMATIU(en construcci\u00f3)<\/h3>\n<p><a href=\"https:\/\/agora.xtec.cat\/ceipramonfausiesteve\/wp-content\/uploads\/usu1656\/2021\/03\/Dise\u00f1o-sin-t\u00edtulo.jpg\"><img loading=\"lazy\" decoding=\"async\" class=\"alignnone wp-image-5907\" src=\"https:\/\/agora.xtec.cat\/ceipramonfausiesteve\/wp-content\/uploads\/usu1656\/2021\/03\/Dise\u00f1o-sin-t\u00edtulo.jpg\" alt=\"\" width=\"337\" height=\"337\" srcset=\"https:\/\/agora.xtec.cat\/ceipramonfausiesteve\/wp-content\/uploads\/usu1656\/2021\/03\/Dise\u00f1o-sin-t\u00edtulo.jpg 1654w, https:\/\/agora.xtec.cat\/ceipramonfausiesteve\/wp-content\/uploads\/usu1656\/2021\/03\/Dise\u00f1o-sin-t\u00edtulo-150x150.jpg 150w, https:\/\/agora.xtec.cat\/ceipramonfausiesteve\/wp-content\/uploads\/usu1656\/2021\/03\/Dise\u00f1o-sin-t\u00edtulo-300x300.jpg 300w, https:\/\/agora.xtec.cat\/ceipramonfausiesteve\/wp-content\/uploads\/usu1656\/2021\/03\/Dise\u00f1o-sin-t\u00edtulo-768x768.jpg 768w, https:\/\/agora.xtec.cat\/ceipramonfausiesteve\/wp-content\/uploads\/usu1656\/2021\/03\/Dise\u00f1o-sin-t\u00edtulo-1024x1024.jpg 1024w\" sizes=\"auto, (max-width: 337px) 100vw, 337px\" \/><\/a><\/p>\n<p><a href=\"https:\/\/agora.xtec.cat\/ceipramonfausiesteve\/wp-content\/uploads\/usu1656\/2020\/04\/Web-Escola-Ramon-Faus-Esteve-02.jpg\"><img loading=\"lazy\" decoding=\"async\" class=\"alignnone wp-image-4205\" src=\"https:\/\/agora.xtec.cat\/ceipramonfausiesteve\/wp-content\/uploads\/usu1656\/2020\/04\/Web-Escola-Ramon-Faus-Esteve-02.jpg\" alt=\"\" width=\"329\" height=\"263\" srcset=\"https:\/\/agora.xtec.cat\/ceipramonfausiesteve\/wp-content\/uploads\/usu1656\/2020\/04\/Web-Escola-Ramon-Faus-Esteve-02.jpg 800w, https:\/\/agora.xtec.cat\/ceipramonfausiesteve\/wp-content\/uploads\/usu1656\/2020\/04\/Web-Escola-Ramon-Faus-Esteve-02-300x240.jpg 300w, https:\/\/agora.xtec.cat\/ceipramonfausiesteve\/wp-content\/uploads\/usu1656\/2020\/04\/Web-Escola-Ramon-Faus-Esteve-02-768x613.jpg 768w\" sizes=\"auto, (max-width: 329px) 100vw, 329px\" \/><\/a><\/p>\n","protected":false},"excerpt":{"rendered":"<p>Podeu clicar i veure o descarregar-vos diferents documents que us poden ser d&#8217;utilitat.<br \/>\nDOCUMENTS DE CENTRE:<\/p>\n<ul style=\"list-style-type: square;\">\n<li><a href=\"https:\/\/drive.google.com\/file\/d\/1k-gPBXNef9j2hWro2GbN3PX1s74hSV9M\/view?usp=sharing\">Carta de comprom\u00eds\u00a0educatiu<\/a><\/li>\n<li><a href=\"https:\/\/drive.google.com\/file\/d\/1Hnc8QsvXQ-K_4OHthcQERz7HyB84um31\/view?usp=sharing\">Projecte educatiu de centre\u00a0 (PEC)<\/a><\/li>\n<li><a href=\"https:\/\/drive.google.com\/file\/d\/1K-R0piT5axv7pEhmhMrsLE2rWLBh53aM\/view?usp=sharing\">Projecte ling\u00fc\u00edstic (PL)<\/a><\/li>\n<li><a href=\"https:\/\/sites.google.com\/xtec.cat\/estrategiadigitalfaus?usp=sharing\">EDC<\/a><\/li>\n<li><a href=\"https:\/\/drive.google.com\/file\/d\/1c6rUulgh8uD_K-TXD-0w8GQaCBSLRWCp\/view?usp=sharing\">Pla organitzatiu COVID- 2020_2021<\/a><\/li>\n<li><a href=\"https:\/\/drive.google.com\/file\/d\/1mDxAcTm7pcAA14Rvtul2xuBgoW5IBx8L\/view?usp=sharing\">Pla organitzatiu COVID 2021_2022<\/a><\/li>\n<li><a href=\"https:\/\/drive.google.com\/file\/d\/1fw132HA1BT49Fr7ECRJf_jwevBSAO0gL\/view?usp=drive_link\">Projecte de conviv\u00e8ncia<\/a><\/li>\n<\/ul>\n<p>ALTRES DOCUMENTS:<\/p>\n<ul style=\"list-style-type: square;\">\n<li><a href=\"https:\/\/drive.google.com\/file\/d\/1AipJmlLzTmEWpqIMDkRit-NBwe9cyOEb\/view?usp=sharing\">Actuacions en&hellip;  <a href=\"https:\/\/agora.xtec.cat\/ceipramonfausiesteve\/documents\/\" title=\"Read Documents\">Llegeix m\u00e9s\u00bb<\/a><br \/>\n","protected":false},"author":1,"featured_media":0,"parent":0,"menu_order":0,"comment_status":"closed","ping_status":"closed","template":"","meta":{"_bbp_topic_count":0,"_bbp_reply_count":0,"_bbp_total_topic_count":0,"_bbp_total_reply_count":0,"_bbp_voice_count":0,"_bbp_anonymous_reply_count":0,"_bbp_topic_count_hidden":0,"_bbp_reply_count_hidden":0,"_bbp_forum_subforum_count":0,"footnotes":""},"class_list":["post-511","page","type-page","status-publish","hentry"],"post_mailing_queue_ids":[],"_links":{"self":[{"href":"https:\/\/agora.xtec.cat\/ceipramonfausiesteve\/wp-json\/wp\/v2\/pages\/511","targetHints":{"allow":["GET"]}}],"collection":[{"href":"https:\/\/agora.xtec.cat\/ceipramonfausiesteve\/wp-json\/wp\/v2\/pages"}],"about":[{"href":"https:\/\/agora.xtec.cat\/ceipramonfausiesteve\/wp-json\/wp\/v2\/types\/page"}],"author":[{"embeddable":true,"href":"https:\/\/agora.xtec.cat\/ceipramonfausiesteve\/wp-json\/wp\/v2\/users\/1"}],"replies":[{"embeddable":true,"href":"https:\/\/agora.xtec.cat\/ceipramonfausiesteve\/wp-json\/wp\/v2\/comments?post=511"}],"version-history":[{"count":6,"href":"https:\/\/agora.xtec.cat\/ceipramonfausiesteve\/wp-json\/wp\/v2\/pages\/511\/revisions"}],"predecessor-version":[{"id":10850,"href":"https:\/\/agora.xtec.cat\/ceipramonfausiesteve\/wp-json\/wp\/v2\/pages\/511\/revisions\/10850"}],"wp:attachment":[{"href":"https:\/\/agora.xtec.cat\/ceipramonfausiesteve\/wp-json\/wp\/v2\/media?parent=511"}],"curies":[{"name":"wp","href":"https:\/\/api.w.org\/{rel}","templated":true}]}}