{"id":1200,"date":"2018-04-10T13:41:32","date_gmt":"2018-04-10T11:41:32","guid":{"rendered":"http:\/\/agora.xtec.cat\/ceipramonfausiesteve\/?page_id=1200"},"modified":"2021-09-08T10:30:32","modified_gmt":"2021-09-08T08:30:32","slug":"pla-educatiu-dentorn-2","status":"publish","type":"page","link":"https:\/\/agora.xtec.cat\/ceipramonfausiesteve\/pla-educatiu-dentorn-2\/","title":{"rendered":"Pla Educatiu d&#8217;Entorn"},"content":{"rendered":"<p>Els Plans educatius d\u2019entorn s\u00f3n una proposta educativa innovadora que vol donar resposta a les m\u00faltiples necessitats de la nostra societat.<\/p>\n<p>S\u00f3n instruments per donar una resposta integrada i comunit\u00e0ria a les necessitats educatives dels membres m\u00e9s joves de la nostra societat, coordinant i dinamitzant l\u2019acci\u00f3 educativa en els diferents \u00e0mbits de la vida dels infants i joves. S\u2019adrecen a tot l\u2019alumnat, i a tota la comunitat educativa, per\u00f2 amb una especial sensibilitat als sectors socials m\u00e9s desafavorits.<\/p>\n<p>&nbsp;<\/p>\n<h2 id=\"content-core\" style=\"text-align: center;\"><span style=\"color: #ff6600;\"><a style=\"color: #ff6600;\" href=\"http:\/\/www.guissona.cat\/viure\/educacio\/pla-educatiu-dentorn\">Pla Educatiu d&#8217;Entorn de Guissona. Clica&#8217;m<\/a><\/span><\/h2>\n","protected":false},"excerpt":{"rendered":"<p>Els Plans educatius d\u2019entorn s\u00f3n una proposta educativa innovadora que vol donar resposta a les m\u00faltiples necessitats de la nostra societat.<br \/>\nS\u00f3n instruments per donar una resposta integrada i comunit\u00e0ria a les necessitats educatives dels membres m\u00e9s joves de la nostra societat, coordinant i dinamitzant l\u2019acci\u00f3&hellip;  <a href=\"https:\/\/agora.xtec.cat\/ceipramonfausiesteve\/pla-educatiu-dentorn-2\/\" title=\"Read Pla Educatiu d&#8217;Entorn\">Llegeix m\u00e9s\u00bb<\/a><\/p>\n","protected":false},"author":1,"featured_media":0,"parent":0,"menu_order":0,"comment_status":"closed","ping_status":"closed","template":"","meta":{"_bbp_topic_count":0,"_bbp_reply_count":0,"_bbp_total_topic_count":0,"_bbp_total_reply_count":0,"_bbp_voice_count":0,"_bbp_anonymous_reply_count":0,"_bbp_topic_count_hidden":0,"_bbp_reply_count_hidden":0,"_bbp_forum_subforum_count":0,"footnotes":""},"class_list":["post-1200","page","type-page","status-publish","hentry"],"post_mailing_queue_ids":[],"_links":{"self":[{"href":"https:\/\/agora.xtec.cat\/ceipramonfausiesteve\/wp-json\/wp\/v2\/pages\/1200","targetHints":{"allow":["GET"]}}],"collection":[{"href":"https:\/\/agora.xtec.cat\/ceipramonfausiesteve\/wp-json\/wp\/v2\/pages"}],"about":[{"href":"https:\/\/agora.xtec.cat\/ceipramonfausiesteve\/wp-json\/wp\/v2\/types\/page"}],"author":[{"embeddable":true,"href":"https:\/\/agora.xtec.cat\/ceipramonfausiesteve\/wp-json\/wp\/v2\/users\/1"}],"replies":[{"embeddable":true,"href":"https:\/\/agora.xtec.cat\/ceipramonfausiesteve\/wp-json\/wp\/v2\/comments?post=1200"}],"version-history":[{"count":4,"href":"https:\/\/agora.xtec.cat\/ceipramonfausiesteve\/wp-json\/wp\/v2\/pages\/1200\/revisions"}],"predecessor-version":[{"id":6396,"href":"https:\/\/agora.xtec.cat\/ceipramonfausiesteve\/wp-json\/wp\/v2\/pages\/1200\/revisions\/6396"}],"wp:attachment":[{"href":"https:\/\/agora.xtec.cat\/ceipramonfausiesteve\/wp-json\/wp\/v2\/media?parent=1200"}],"curies":[{"name":"wp","href":"https:\/\/api.w.org\/{rel}","templated":true}]}}