{"id":87,"date":"2014-09-18T14:28:12","date_gmt":"2014-09-18T13:28:12","guid":{"rendered":"http:\/\/agora.xtec.cat\/ceipramonestadella\/?page_id=87"},"modified":"2022-03-14T16:25:53","modified_gmt":"2022-03-14T15:25:53","slug":"nivells","status":"publish","type":"page","link":"https:\/\/agora.xtec.cat\/ceipramonestadella\/nivells\/","title":{"rendered":"BLOCS DE CENTRE"},"content":{"rendered":"<p>En els seg\u00fcents enlla\u00e7os podreu veure algunes de les activitats que fem di\u00e0riament al nostre centre:<\/p>\n<p><strong>BLOCS D&#8217; EDUCACI\u00d3 INFANTIL:<\/strong><\/p>\n<p><strong><a href=\"https:\/\/agora.xtec.cat\/ceipramonestadella\/tag\/educacio-infantil\/\"><img loading=\"lazy\" decoding=\"async\" class=\"alignnone wp-image-12508\" src=\"https:\/\/agora.xtec.cat\/ceipramonestadella\/wp-content\/uploads\/usu385\/2022\/03\/2-1.jpg\" alt=\"\" width=\"175\" height=\"175\" srcset=\"https:\/\/agora.xtec.cat\/ceipramonestadella\/wp-content\/uploads\/usu385\/2022\/03\/2-1.jpg 500w, https:\/\/agora.xtec.cat\/ceipramonestadella\/wp-content\/uploads\/usu385\/2022\/03\/2-1-300x300.jpg 300w, https:\/\/agora.xtec.cat\/ceipramonestadella\/wp-content\/uploads\/usu385\/2022\/03\/2-1-150x150.jpg 150w\" sizes=\"auto, (max-width: 175px) 100vw, 175px\" \/><\/a><\/strong><\/p>\n<p><strong>BLOCS D&#8217;EDUCACI\u00d3 PRIM\u00c0RIA:<\/strong><\/p>\n<p><a href=\"http:\/\/agora.xtec.cat\/ceipramonestadella\/tag\/cicle-inicial\/\"><img loading=\"lazy\" decoding=\"async\" class=\"alignnone wp-image-12507\" src=\"https:\/\/agora.xtec.cat\/ceipramonestadella\/wp-content\/uploads\/usu385\/2022\/03\/1-1.jpg\" alt=\"\" width=\"166\" height=\"166\" srcset=\"https:\/\/agora.xtec.cat\/ceipramonestadella\/wp-content\/uploads\/usu385\/2022\/03\/1-1.jpg 500w, https:\/\/agora.xtec.cat\/ceipramonestadella\/wp-content\/uploads\/usu385\/2022\/03\/1-1-300x300.jpg 300w, https:\/\/agora.xtec.cat\/ceipramonestadella\/wp-content\/uploads\/usu385\/2022\/03\/1-1-150x150.jpg 150w\" sizes=\"auto, (max-width: 166px) 100vw, 166px\" \/><\/a> <a href=\"http:\/\/agora.xtec.cat\/ceipramonestadella\/tag\/cicle-mitja\/\"><img loading=\"lazy\" decoding=\"async\" class=\"alignnone wp-image-12509\" src=\"https:\/\/agora.xtec.cat\/ceipramonestadella\/wp-content\/uploads\/usu385\/2022\/03\/3-1.jpg\" alt=\"\" width=\"166\" height=\"166\" srcset=\"https:\/\/agora.xtec.cat\/ceipramonestadella\/wp-content\/uploads\/usu385\/2022\/03\/3-1.jpg 500w, https:\/\/agora.xtec.cat\/ceipramonestadella\/wp-content\/uploads\/usu385\/2022\/03\/3-1-300x300.jpg 300w, https:\/\/agora.xtec.cat\/ceipramonestadella\/wp-content\/uploads\/usu385\/2022\/03\/3-1-150x150.jpg 150w\" sizes=\"auto, (max-width: 166px) 100vw, 166px\" \/><\/a> <a href=\"http:\/\/agora.xtec.cat\/ceipramonestadella\/tag\/cicle-superior\/\"><img loading=\"lazy\" decoding=\"async\" class=\"alignnone wp-image-12510\" src=\"https:\/\/agora.xtec.cat\/ceipramonestadella\/wp-content\/uploads\/usu385\/2022\/03\/4-1.jpg\" alt=\"\" width=\"164\" height=\"164\" srcset=\"https:\/\/agora.xtec.cat\/ceipramonestadella\/wp-content\/uploads\/usu385\/2022\/03\/4-1.jpg 500w, https:\/\/agora.xtec.cat\/ceipramonestadella\/wp-content\/uploads\/usu385\/2022\/03\/4-1-300x300.jpg 300w, https:\/\/agora.xtec.cat\/ceipramonestadella\/wp-content\/uploads\/usu385\/2022\/03\/4-1-150x150.jpg 150w\" sizes=\"auto, (max-width: 164px) 100vw, 164px\" \/><\/a><\/p>\n<p>&nbsp;<\/p>\n","protected":false},"excerpt":{"rendered":"<p>En els seg\u00fcents enlla\u00e7os podreu veure algunes de les activitats que fem di\u00e0riament al nostre centre:<br \/>\nBLOCS D&#8217; EDUCACI\u00d3 INFANTIL:<br \/>\n<a href=\"https:\/\/agora.xtec.cat\/ceipramonestadella\/tag\/educacio-infantil\/\"><\/a><br \/>\nBLOCS D&#8217;EDUCACI\u00d3 PRIM\u00c0RIA:<br \/>\n<a href=\"http:\/\/agora.xtec.cat\/ceipramonestadella\/tag\/cicle-inicial\/\"><\/a> <a href=\"http:\/\/agora.xtec.cat\/ceipramonestadella\/tag\/cicle-mitja\/\"><\/a> <a href=\"http:\/\/agora.xtec.cat\/ceipramonestadella\/tag\/cicle-superior\/\"><\/a><br \/>\n&nbsp;<\/p>\n","protected":false},"author":2,"featured_media":0,"parent":0,"menu_order":5,"comment_status":"closed","ping_status":"closed","template":"page-templates\/side-menu.php","meta":{"_bbp_topic_count":0,"_bbp_reply_count":0,"_bbp_total_topic_count":0,"_bbp_total_reply_count":0,"_bbp_voice_count":0,"_bbp_anonymous_reply_count":0,"_bbp_topic_count_hidden":0,"_bbp_reply_count_hidden":0,"_bbp_forum_subforum_count":0,"footnotes":""},"class_list":["post-87","page","type-page","status-publish","hentry"],"post_mailing_queue_ids":[],"_links":{"self":[{"href":"https:\/\/agora.xtec.cat\/ceipramonestadella\/wp-json\/wp\/v2\/pages\/87","targetHints":{"allow":["GET"]}}],"collection":[{"href":"https:\/\/agora.xtec.cat\/ceipramonestadella\/wp-json\/wp\/v2\/pages"}],"about":[{"href":"https:\/\/agora.xtec.cat\/ceipramonestadella\/wp-json\/wp\/v2\/types\/page"}],"author":[{"embeddable":true,"href":"https:\/\/agora.xtec.cat\/ceipramonestadella\/wp-json\/wp\/v2\/users\/2"}],"replies":[{"embeddable":true,"href":"https:\/\/agora.xtec.cat\/ceipramonestadella\/wp-json\/wp\/v2\/comments?post=87"}],"version-history":[{"count":3,"href":"https:\/\/agora.xtec.cat\/ceipramonestadella\/wp-json\/wp\/v2\/pages\/87\/revisions"}],"predecessor-version":[{"id":12512,"href":"https:\/\/agora.xtec.cat\/ceipramonestadella\/wp-json\/wp\/v2\/pages\/87\/revisions\/12512"}],"wp:attachment":[{"href":"https:\/\/agora.xtec.cat\/ceipramonestadella\/wp-json\/wp\/v2\/media?parent=87"}],"curies":[{"name":"wp","href":"https:\/\/api.w.org\/{rel}","templated":true}]}}