{"id":716,"date":"2017-09-07T21:39:54","date_gmt":"2017-09-07T19:39:54","guid":{"rendered":"http:\/\/agora.xtec.cat\/ceipramonestadella\/?page_id=716"},"modified":"2022-11-28T22:38:19","modified_gmt":"2022-11-28T21:38:19","slug":"pla-educatiu-dentorn","status":"publish","type":"page","link":"https:\/\/agora.xtec.cat\/ceipramonestadella\/activitats\/pla-educatiu-dentorn\/","title":{"rendered":"Pla educatiu d&#8217;entorn"},"content":{"rendered":"<p class=\"entry-title\" style=\"text-align: justify;\">El Pla Educatiu d\u2019Entorn \u00e9s una proposta educativa innovadora que vol donar resposta integrada i comunit\u00e0ria a les necessitats educatives dels membres m\u00e9s joves de la nostra societat, coordinant i dinamitzant l\u2019acci\u00f3 educativa en els diferents \u00e0mbits de la vida dels infants i joves. \u00a0\u00c9s per aquest motiu que s\u2019organitzen diverses activitats en tot el municipi de Guissona i on hi participen totes les escoles i tots els instituts. Cada curs hi ha un calendari d&#8217;activitats proposades entre Ajuntament i totes les institucions educatives.<\/p>\n<div class=\"entry-content\">\n<p>&nbsp;<\/p>\n<\/div>\n","protected":false},"excerpt":{"rendered":"<p>El Pla Educatiu d\u2019Entorn \u00e9s una proposta educativa innovadora que vol donar resposta integrada i comunit\u00e0ria a les necessitats educatives dels membres m\u00e9s joves de la nostra societat, coordinant i dinamitzant l\u2019acci\u00f3 educativa en els diferents \u00e0mbits de la vida dels infants i joves. \u00a0\u00c9s&hellip;  <a href=\"https:\/\/agora.xtec.cat\/ceipramonestadella\/activitats\/pla-educatiu-dentorn\/\" title=\"Read Pla educatiu d&#8217;entorn\">Llegeix m\u00e9s\u00bb<\/a><\/p>\n","protected":false},"author":3,"featured_media":0,"parent":449,"menu_order":0,"comment_status":"closed","ping_status":"closed","template":"","meta":{"_bbp_topic_count":0,"_bbp_reply_count":0,"_bbp_total_topic_count":0,"_bbp_total_reply_count":0,"_bbp_voice_count":0,"_bbp_anonymous_reply_count":0,"_bbp_topic_count_hidden":0,"_bbp_reply_count_hidden":0,"_bbp_forum_subforum_count":0,"footnotes":""},"class_list":["post-716","page","type-page","status-publish","hentry"],"post_mailing_queue_ids":[],"_links":{"self":[{"href":"https:\/\/agora.xtec.cat\/ceipramonestadella\/wp-json\/wp\/v2\/pages\/716","targetHints":{"allow":["GET"]}}],"collection":[{"href":"https:\/\/agora.xtec.cat\/ceipramonestadella\/wp-json\/wp\/v2\/pages"}],"about":[{"href":"https:\/\/agora.xtec.cat\/ceipramonestadella\/wp-json\/wp\/v2\/types\/page"}],"author":[{"embeddable":true,"href":"https:\/\/agora.xtec.cat\/ceipramonestadella\/wp-json\/wp\/v2\/users\/3"}],"replies":[{"embeddable":true,"href":"https:\/\/agora.xtec.cat\/ceipramonestadella\/wp-json\/wp\/v2\/comments?post=716"}],"version-history":[{"count":3,"href":"https:\/\/agora.xtec.cat\/ceipramonestadella\/wp-json\/wp\/v2\/pages\/716\/revisions"}],"predecessor-version":[{"id":12633,"href":"https:\/\/agora.xtec.cat\/ceipramonestadella\/wp-json\/wp\/v2\/pages\/716\/revisions\/12633"}],"up":[{"embeddable":true,"href":"https:\/\/agora.xtec.cat\/ceipramonestadella\/wp-json\/wp\/v2\/pages\/449"}],"wp:attachment":[{"href":"https:\/\/agora.xtec.cat\/ceipramonestadella\/wp-json\/wp\/v2\/media?parent=716"}],"curies":[{"name":"wp","href":"https:\/\/api.w.org\/{rel}","templated":true}]}}