{"id":360,"date":"2015-06-29T10:57:56","date_gmt":"2015-06-29T09:57:56","guid":{"rendered":"http:\/\/agora.xtec.cat\/ceipramonestadella\/?page_id=360"},"modified":"2025-02-17T12:15:25","modified_gmt":"2025-02-17T11:15:25","slug":"ampa","status":"publish","type":"page","link":"https:\/\/agora.xtec.cat\/ceipramonestadella\/families\/ampa\/","title":{"rendered":"AFA"},"content":{"rendered":"<h4><a href=\"https:\/\/agora.xtec.cat\/ceipramonestadella\/wp-content\/uploads\/usu385\/2025\/01\/unnamed-3.jpg\"><img loading=\"lazy\" decoding=\"async\" class=\"alignnone wp-image-13059\" src=\"https:\/\/agora.xtec.cat\/ceipramonestadella\/wp-content\/uploads\/usu385\/2025\/01\/unnamed-3.jpg\" alt=\"\" width=\"82\" height=\"82\" srcset=\"https:\/\/agora.xtec.cat\/ceipramonestadella\/wp-content\/uploads\/usu385\/2025\/01\/unnamed-3.jpg 288w, https:\/\/agora.xtec.cat\/ceipramonestadella\/wp-content\/uploads\/usu385\/2025\/01\/unnamed-3-150x150.jpg 150w\" sizes=\"auto, (max-width: 82px) 100vw, 82px\" \/><\/a><\/h4>\n<p><strong>QU\u00c8 FA L&#8217;AFA?\u00a0<\/strong><\/p>\n<p><a href=\"https:\/\/agora.xtec.cat\/ceipramonestadella\/wp-content\/uploads\/usu385\/2025\/02\/afa.jpg\"><img loading=\"lazy\" decoding=\"async\" class=\"alignnone size-large wp-image-13100\" src=\"https:\/\/agora.xtec.cat\/ceipramonestadella\/wp-content\/uploads\/usu385\/2025\/02\/afa-410x1024.jpg\" alt=\"\" width=\"410\" height=\"1024\" srcset=\"https:\/\/agora.xtec.cat\/ceipramonestadella\/wp-content\/uploads\/usu385\/2025\/02\/afa-410x1024.jpg 410w, https:\/\/agora.xtec.cat\/ceipramonestadella\/wp-content\/uploads\/usu385\/2025\/02\/afa-120x300.jpg 120w, https:\/\/agora.xtec.cat\/ceipramonestadella\/wp-content\/uploads\/usu385\/2025\/02\/afa.jpg 640w\" sizes=\"auto, (max-width: 410px) 100vw, 410px\" \/><\/a><\/p>\n<h4><\/h4>\n<h4><\/h4>\n<h4><strong>PRESENTACI\u00d3, JUNTA AFA CURS 2024\/2025<\/strong><\/h4>\n<p>&nbsp;<\/p>\n<p>Benvolgudes fam\u00edlies,<\/p>\n<p>El passat 4 d&#8217;octubre de 2024 es va celebrar l\u2019Assemblea de l\u2019AFA; en aquesta assemblea es va renovar la Junta:<\/p>\n<p>&nbsp;<\/p>\n<p><strong>La Junta actual som:<\/strong><\/p>\n<p>President: Ra\u00fal Alc\u00f3n Garrido<\/p>\n<p>Vicepresidenta: Gemma Alavedra Falc\u00f3n<\/p>\n<p>Secret\u00e0ria: Cristina Andreea Marginean<\/p>\n<p>Tresorera: Tamara Santander Moral<\/p>\n<p>Vocals:<\/p>\n<p>Larissa Silva De Moura<\/p>\n<p>Sandra Montalvo P\u00e9rez<\/p>\n<p>Ruslava Pankiv<\/p>\n<p>&nbsp;<\/p>\n<p>Les maneres de contactar amb nosaltres \u00e9s mitjan\u00e7ant el correu electr\u00f2nic: \u00a0<u>ampaestadella@gmail.com <\/u><\/p>\n<p>Tot esperant la vostra col\u00b7laboraci\u00f3, ens acomiadem cordialment.<\/p>\n<p>La Junta de l\u2019AFA ESCOLA RAMON ESTADELLA TORRADEFLOT<\/p>\n<p>&nbsp;<\/p>\n<p>Guissona, gener de 2025<\/p>\n<p>&nbsp;<\/p>\n","protected":false},"excerpt":{"rendered":"<p><a href=\"https:\/\/agora.xtec.cat\/ceipramonestadella\/wp-content\/uploads\/usu385\/2025\/01\/unnamed-3.jpg\"><\/a><br \/>\nQU\u00c8 FA L&#8217;AFA?\u00a0<br \/>\n<a href=\"https:\/\/agora.xtec.cat\/ceipramonestadella\/wp-content\/uploads\/usu385\/2025\/02\/afa.jpg\"><\/a><\/p>\n<p>PRESENTACI\u00d3, JUNTA AFA CURS 2024\/2025<br \/>\n&nbsp;<br \/>\nBenvolgudes fam\u00edlies,<br \/>\nEl passat 4 d&#8217;octubre de 2024 es va celebrar l\u2019Assemblea de l\u2019AFA; en aquesta assemblea es va renovar la Junta:<br \/>\n&nbsp;<br \/>\nLa Junta actual som:<br \/>\nPresident: Ra\u00fal Alc\u00f3n Garrido<br \/>\nVicepresidenta: Gemma Alavedra Falc\u00f3n<br \/>\nSecret\u00e0ria: Cristina Andreea Marginean<br \/>\nTresorera: Tamara Santander Moral<br \/>\nVocals:<br \/>\nLarissa Silva&hellip;  <a href=\"https:\/\/agora.xtec.cat\/ceipramonestadella\/families\/ampa\/\" title=\"Read AFA\">Llegeix m\u00e9s\u00bb<\/a><\/p>\n","protected":false},"author":3,"featured_media":0,"parent":355,"menu_order":0,"comment_status":"closed","ping_status":"closed","template":"","meta":{"_bbp_topic_count":0,"_bbp_reply_count":0,"_bbp_total_topic_count":0,"_bbp_total_reply_count":0,"_bbp_voice_count":0,"_bbp_anonymous_reply_count":0,"_bbp_topic_count_hidden":0,"_bbp_reply_count_hidden":0,"_bbp_forum_subforum_count":0,"footnotes":""},"class_list":["post-360","page","type-page","status-publish","hentry"],"post_mailing_queue_ids":[],"_links":{"self":[{"href":"https:\/\/agora.xtec.cat\/ceipramonestadella\/wp-json\/wp\/v2\/pages\/360","targetHints":{"allow":["GET"]}}],"collection":[{"href":"https:\/\/agora.xtec.cat\/ceipramonestadella\/wp-json\/wp\/v2\/pages"}],"about":[{"href":"https:\/\/agora.xtec.cat\/ceipramonestadella\/wp-json\/wp\/v2\/types\/page"}],"author":[{"embeddable":true,"href":"https:\/\/agora.xtec.cat\/ceipramonestadella\/wp-json\/wp\/v2\/users\/3"}],"replies":[{"embeddable":true,"href":"https:\/\/agora.xtec.cat\/ceipramonestadella\/wp-json\/wp\/v2\/comments?post=360"}],"version-history":[{"count":7,"href":"https:\/\/agora.xtec.cat\/ceipramonestadella\/wp-json\/wp\/v2\/pages\/360\/revisions"}],"predecessor-version":[{"id":13101,"href":"https:\/\/agora.xtec.cat\/ceipramonestadella\/wp-json\/wp\/v2\/pages\/360\/revisions\/13101"}],"up":[{"embeddable":true,"href":"https:\/\/agora.xtec.cat\/ceipramonestadella\/wp-json\/wp\/v2\/pages\/355"}],"wp:attachment":[{"href":"https:\/\/agora.xtec.cat\/ceipramonestadella\/wp-json\/wp\/v2\/media?parent=360"}],"curies":[{"name":"wp","href":"https:\/\/api.w.org\/{rel}","templated":true}]}}