{"id":28,"date":"2014-09-18T12:29:35","date_gmt":"2014-09-18T11:29:35","guid":{"rendered":"http:\/\/agora.xtec.cat\/ceipramonestadella\/?page_id=28"},"modified":"2024-06-25T12:10:39","modified_gmt":"2024-06-25T10:10:39","slug":"consell-escolar-2","status":"publish","type":"page","link":"https:\/\/agora.xtec.cat\/ceipramonestadella\/qui-som\/consell-escolar-2\/","title":{"rendered":"Consell escolar"},"content":{"rendered":"<h4 class=\"entry-title\"><strong style=\"font-size: 1.6875em;\">MEMBRES QUE FORMEN PART DEL CONSELL ESCOLAR DEL CENTRE:<\/strong><\/h4>\n<div class=\"entry-content\">\n<p><strong>Representants del sector fam\u00edlies:<\/strong><\/p>\n<p>Marta Montan\u00e9 Simon (AFA)<\/p>\n<p>Cristina Andrea Marginean<\/p>\n<p>Ester Rius Sol\u00e9<\/p>\n<p>Tetiana Onliak<\/p>\n<p>Iona Denisa Rares<\/p>\n<p>&nbsp;<\/p>\n<p><strong>Representants del sector mestres:<\/strong><\/p>\n<p>Anna Bor\u00e9s Villar\u00f3<\/p>\n<p>Maria Cuenca Condal<\/p>\n<p>Romi Pedr\u00f3s Cu\u00f1at<\/p>\n<p>Maria Naval\u00f3n Pastor<\/p>\n<p>Sandra Verni Boix<\/p>\n<p><strong>Membres nats:<\/strong><\/p>\n<p>Directora: Anna Minguell Segura<\/p>\n<p>Cap d&#8217;estudis: Eva Fornells Sol\u00e9<\/p>\n<p>Secret\u00e0ria: Vanesa G\u00f3mez Torguet<\/p>\n<p><strong>Representant PAS\/PAE:<\/strong><\/p>\n<p>Marga Codina Donaire<\/p>\n<p><strong>Representant ajuntament:<\/strong><\/p>\n<p>N\u00faria Cu\u00f1\u00e9 Castellana<\/p>\n<\/div>\n<p>&nbsp;<\/p>\n<div class=\"entry-content\">\n<h1>Acords de les reunions de Consell<\/h1>\n<p>CLIQUEU DAMUNT DEL CURS:<\/p>\n<p><a href=\"https:\/\/agora.xtec.cat\/ceipramonestadella\/?page_id=12337&amp;preview=true\"><strong>CURS 2021 &#8211; 2022<\/strong><\/a><\/p>\n<h1>Informaci\u00f3 sobre el seu funcionament:<\/h1>\n<p><span style=\"text-decoration: underline;\"><strong>QU\u00c8 \u00c9S?<\/strong><\/span><\/p>\n<p>El consell escolar d\u2019una escola \u00e9s l\u2019\u00f2rgan de participaci\u00f3 de la comunitat escolar en el govern dels centres i l\u2019\u00f2rgan de programaci\u00f3, seguiment i avaluaci\u00f3 general de les seves activitats que s\u2019hi fan.<\/p>\n<p><span style=\"text-decoration: underline;\"><strong>PER QUI EST\u00c0 COMPOST?<\/strong><\/span><\/p>\n<p>El presideix el director\/a del centre que actuar\u00e0 com a president\/a. El secretari actuar\u00e0 amb veu per\u00f2 sense vot. Tamb\u00e9 hi formen part un\/a representant de l\u2019ajuntament de Guissona, un\/a representant de l\u2019AMPA, 4 representants de pares i mares dels alumnes i 4 mestres del centre.<\/p>\n<p><span style=\"text-decoration: underline;\"><strong>CADA QUANT DE TEMPS \u00c9S RENOVA?<\/strong><\/span><\/p>\n<p>Els membres representants dels diferents sectors de la comunitat educativa seran renovats dins dels terminis establerts per la normativa reguladora (4 anys).<\/p>\n<p><strong><span style=\"text-decoration: underline;\">QUAN \u00c9S FAN LES REUNIONS?<\/span><\/strong><\/p>\n<p>Les reunions ordin\u00e0ries es celebraran com a m\u00ednim una vegada al trimestre i les reunions extraordin\u00e0ries les vegades que siguin necess\u00e0ries per raons d\u2019urg\u00e8ncia. \u00c9s prioritzaran a la 13h del migdia i s\u2019avisar\u00e0 amb un m\u00ednim de 48h via telem\u00e0tica, llevat en els casos d\u2019urg\u00e8ncia.<\/p>\n<p><span style=\"text-decoration: underline;\"><strong>QUINES S\u00d3N LES COMPET\u00c8NCIES DEL CONSELL ESCOLAR?<\/strong><\/span><\/p>\n<p>Segons la normativa vigent (LEC) s\u00f3n:<\/p>\n<p>\u2013 Aprovar el projecte educatiu i les modificacions corresponents per una majoria de tres cinquenes parts dels membres.<\/p>\n<p>\u2013 Aprovar les propostes d\u2019acords de coresponsabilitat, convenis i altres acords de col\u00b7laboraci\u00f3 del centre amb entitats o institucions.<\/p>\n<p>\u2013 Aprovar la programaci\u00f3 general anual del centre i avaluar-ne el desenvolupament i els resultats.<\/p>\n<p>\u2013 Aprovar les normes d\u2019organitzaci\u00f3 i funcionament i les modificacions corresponents.<\/p>\n<p>\u2013 Aprovar la carta de comprom\u00eds educatiu.<\/p>\n<p>\u2013 Aprova el pressupost del centre i el rendiment de comptes.<\/p>\n<p>\u2013 Intervenir en el procediment d\u2019admissi\u00f3 d\u2019alumnes.<\/p>\n<p>\u2013 Intervenir en la resoluci\u00f3 de conflictes i , si escau, revisar les sancions als alumnes.<\/p>\n<p>\u2013 Aprovar les directrius per a la programaci\u00f3 d\u2019activitats escolars complement\u00e0ries i d\u2019activitats extraescolars, i avaluar-ne el desenvolupament.<\/p>\n<p>\u2013 Participar en les an\u00e0lisi i les avaluacions del funcionament general del centre i con\u00e8ixer l\u2019evoluci\u00f3 del rendiment escolar.<\/p>\n<p>\u2013 Aprovar els criteris de col\u00b7laboraci\u00f3 amb altres centres i amb l\u2019entorn.<\/p>\n<p>\u2013 Qualsevol altra que sigui atribu\u00efda per les normes legals o reglament\u00e0ries.<\/p>\n<\/div>\n","protected":false},"excerpt":{"rendered":"<p>MEMBRES QUE FORMEN PART DEL CONSELL ESCOLAR DEL CENTRE:<\/p>\n<p>Representants del sector fam\u00edlies:<br \/>\nMarta Montan\u00e9 Simon (AFA)<br \/>\nCristina Andrea Marginean<br \/>\nEster Rius Sol\u00e9<br \/>\nTetiana Onliak<br \/>\nIona Denisa Rares<br \/>\n&nbsp;<br \/>\nRepresentants del sector mestres:<br \/>\nAnna Bor\u00e9s Villar\u00f3<br \/>\nMaria Cuenca Condal<br \/>\nRomi Pedr\u00f3s Cu\u00f1at<br \/>\nMaria Naval\u00f3n Pastor<br \/>\nSandra Verni Boix<br \/>\nMembres nats:<br \/>\nDirectora: Anna Minguell Segura<br \/>\nCap d&#8217;estudis: Eva Fornells Sol\u00e9<br \/>\nSecret\u00e0ria: Vanesa G\u00f3mez&hellip;  <a href=\"https:\/\/agora.xtec.cat\/ceipramonestadella\/qui-som\/consell-escolar-2\/\" title=\"Read Consell escolar\">Llegeix m\u00e9s\u00bb<\/a><\/p>\n","protected":false},"author":2,"featured_media":0,"parent":444,"menu_order":30,"comment_status":"closed","ping_status":"closed","template":"page-templates\/side-menu.php","meta":{"_bbp_topic_count":0,"_bbp_reply_count":0,"_bbp_total_topic_count":0,"_bbp_total_reply_count":0,"_bbp_voice_count":0,"_bbp_anonymous_reply_count":0,"_bbp_topic_count_hidden":0,"_bbp_reply_count_hidden":0,"_bbp_forum_subforum_count":0,"footnotes":""},"class_list":["post-28","page","type-page","status-publish","hentry"],"post_mailing_queue_ids":[],"_links":{"self":[{"href":"https:\/\/agora.xtec.cat\/ceipramonestadella\/wp-json\/wp\/v2\/pages\/28","targetHints":{"allow":["GET"]}}],"collection":[{"href":"https:\/\/agora.xtec.cat\/ceipramonestadella\/wp-json\/wp\/v2\/pages"}],"about":[{"href":"https:\/\/agora.xtec.cat\/ceipramonestadella\/wp-json\/wp\/v2\/types\/page"}],"author":[{"embeddable":true,"href":"https:\/\/agora.xtec.cat\/ceipramonestadella\/wp-json\/wp\/v2\/users\/2"}],"replies":[{"embeddable":true,"href":"https:\/\/agora.xtec.cat\/ceipramonestadella\/wp-json\/wp\/v2\/comments?post=28"}],"version-history":[{"count":7,"href":"https:\/\/agora.xtec.cat\/ceipramonestadella\/wp-json\/wp\/v2\/pages\/28\/revisions"}],"predecessor-version":[{"id":12989,"href":"https:\/\/agora.xtec.cat\/ceipramonestadella\/wp-json\/wp\/v2\/pages\/28\/revisions\/12989"}],"up":[{"embeddable":true,"href":"https:\/\/agora.xtec.cat\/ceipramonestadella\/wp-json\/wp\/v2\/pages\/444"}],"wp:attachment":[{"href":"https:\/\/agora.xtec.cat\/ceipramonestadella\/wp-json\/wp\/v2\/media?parent=28"}],"curies":[{"name":"wp","href":"https:\/\/api.w.org\/{rel}","templated":true}]}}