{"id":1997,"date":"2017-09-15T23:45:57","date_gmt":"2017-09-15T21:45:57","guid":{"rendered":"http:\/\/agora.xtec.cat\/ceipramonestadella\/?page_id=1997"},"modified":"2018-02-21T12:55:53","modified_gmt":"2018-02-21T11:55:53","slug":"projectes-descola","status":"publish","type":"page","link":"https:\/\/agora.xtec.cat\/ceipramonestadella\/activitats\/projectes-descola\/","title":{"rendered":"Projectes d&#8217;escola"},"content":{"rendered":"<header class=\"entry-header\">\n<h1 class=\"entry-title\">Projectes d\u2019escola<\/h1>\n<\/header>\n<div class=\"entry-content\">\n<div id=\"toc_container\" class=\"toc_wrap_right no_bullets\">\n<ul class=\"toc_list\">\n<li><a href=\"https:\/\/agora.xtec.cat\/ceipramonestadella\/projectes-descola\/#Projectes_descola\">Projectes d\u2019escola<\/a>:\n<ul>\n<li>\n<ul>\n<li><a href=\"https:\/\/agora.xtec.cat\/ceipramonestadella\/projectes-descola\/#Pla_Esportiu_de_Centre\">Pla Esportiu de Centre<\/a><\/li>\n<li><a href=\"https:\/\/agora.xtec.cat\/ceipramonestadella\/projectes-descola\/#Projecte_GEP_ARTS_IN_ENGLISH\">Projecte GEP \u2013 ARTS IN ENGLISH<\/a><\/li>\n<li><a href=\"https:\/\/agora.xtec.cat\/ceipramonestadella\/projectes-descola\/#Els_escacs_a_lescola_Primaria\">Els escacs a l\u2019escola (Prim\u00e0ria)<\/a><\/li>\n<li><a href=\"https:\/\/agora.xtec.cat\/ceipramonestadella\/projectes-descola\/#Centre_formador_destudiants_en_practiques\">Centre formador d\u2019estudiants en pr\u00e0ctiques<\/a><\/li>\n<li><a href=\"https:\/\/agora.xtec.cat\/ceipramonestadella\/projectes-descola\/#Escoles_Verdes\">Escoles Verdes<\/a><\/li>\n<li><a href=\"https:\/\/agora.xtec.cat\/ceipramonestadella\/projectes-descola\/#Escola_i_Salut\">Escola i Salut<\/a><\/li>\n<li><a href=\"https:\/\/agora.xtec.cat\/ceipramonestadella\/projectes-descola\/#Projecte_de_Lectura_ILEC_primaria\">Projecte de Lectura\u00a0 ILEC (prim\u00e0ria)<\/a><\/li>\n<li><a href=\"https:\/\/agora.xtec.cat\/ceipramonestadella\/projectes-descola\/#Projecte_de_Llengua_anglesa\">Projecte de Llengua anglesa<\/a><\/li>\n<li><a href=\"https:\/\/agora.xtec.cat\/ceipramonestadella\/projectes-descola\/#Projecte_de_Mobilitat_Segura\">Projecte de Mobilitat Segura<\/a><\/li>\n<li><a href=\"https:\/\/agora.xtec.cat\/ceipramonestadella\/projectes-descola\/#Projecte_Interdisciplinari_descola\">Projecte Interdisciplinari d\u2019escola<\/a><\/li>\n<\/ul>\n<\/li>\n<\/ul>\n<\/li>\n<\/ul>\n<\/div>\n<h1 class=\"entry-title\"><span id=\"Projectes_descola\">Projectes d\u2019escola<\/span><\/h1>\n<div class=\"entry-content\">\n<ul>\n<li>\n<h3><span id=\"Pla_Esportiu_de_Centre\">Pla Esportiu de Centre<\/span><\/h3>\n<\/li>\n<\/ul>\n<p>El Pla Esportiu de Centre i la seva participaci\u00f3 en el Pla Catal\u00e0 de l\u2019Esport pret\u00e9n posar a l\u2019abast de tots els alumnes de prim\u00e0ria la pr\u00e0ctica d\u2019activitats f\u00edsiques i esportives, i aprofitar el gran potencial d\u2019aquestes activitats per contribuir a la formaci\u00f3 personal i c\u00edvica dels nostres infants (la toler\u00e0ncia, el respecte als altres i a les regles, la confian\u00e7a en un mateix, l\u2019esfor\u00e7 de superaci\u00f3, l\u2019autocr\u00edtica, l\u2019autonomia, la capacitat de decisi\u00f3, l\u2019autogesti\u00f3, la cooperaci\u00f3, el treball en equip, entre d\u2019altres).<\/p>\n<p><img loading=\"lazy\" decoding=\"async\" class=\"aligncenter\" src=\"http:\/\/blocs.xtec.cat\/mdpastorsabadell\/files\/2013\/01\/titol-Efisica2.png\" alt=\"Imatge relacionada\" width=\"176\" height=\"150\" \/><\/p>\n<ul>\n<li>\n<h3><span id=\"Projecte_GEP_ARTS_IN_ENGLISH\">Projecte GEP \u2013 ARTS IN ENGLISH<\/span><\/h3>\n<\/li>\n<\/ul>\n<p>L\u2019alumnat de prim\u00e0ria treballa l\u2019\u00e0rea curricular de pl\u00e0stica en llengua anglesa. La finalitat del projecte es formar alumnes competents en l\u2019\u00e0mbit ling\u00fc\u00edstic a trav\u00e9s de la metodologia AICLE sense oblidar-nos del treball de t\u00e8cniques art\u00edstiques i coneixement d\u2019autors per millorar les manualitats que es facin a l\u2019aula. Aquestes activitats les durem a terme a trav\u00e9s de TALLERS INTERNIVELLS a tota la prim\u00e0ria per reduir la quantitat d\u2019alumnes per grup, per millorar el treball cooperatiu i per fomentar una atenci\u00f3 m\u00e9s personalitzada per potenciar l\u2019expressi\u00f3 oral en angl\u00e8s.<\/p>\n<p><a href=\"http:\/\/blocs.xtec.cat\/ramonestadella\/files\/2011\/09\/arteplasticas.jpg\"><img loading=\"lazy\" decoding=\"async\" class=\"aligncenter\" src=\"http:\/\/blocs.xtec.cat\/ramonestadella\/files\/2011\/09\/arteplasticas.jpg\" alt=\"\" width=\"123\" height=\"130\" \/><\/a><\/p>\n<ul>\n<li>\n<h3><span id=\"Els_escacs_a_lescola_Primaria\">Els escacs a l\u2019escola (Prim\u00e0ria)<\/span><\/h3>\n<\/li>\n<\/ul>\n<p>El Departament d\u2019Ensenyament col\u00b7labora amb les Universitats de Girona i\u00a0Lleida, i amb la Federaci\u00f3 Catalana d\u2019Escacs per introduir el joc dels escacs a l\u2019escola com\u00a0a eina educativa, dins l\u2019horari lectiu en escoles d\u2019educaci\u00f3 infantil i prim\u00e0ria.<\/p>\n<p>La Universitat \u00e9s la responsable del projecte i del seu seguiment i avaluaci\u00f3, mentre que la\u00a0Federaci\u00f3 es responsabilitza de la formaci\u00f3 i aporta el programa i els t\u00e8cnics que la\u00a0impartiran.<\/p>\n<p>Des de fa m\u00e9s de 30 anys, s\u2019han realitzat investigacions a diversos pa\u00efsos (Estats\u00a0Units, Vene\u00e7uela, Argentina, Canad\u00e0\u2026) que han concl\u00f2s que la pr\u00e0ctica del joc dels\u00a0escacs t\u00e9 una influ\u00e8ncia important sobre el desenvolupament de diverses habilitats\u00a0cognitives i socials de les persones que el practiquen, i que \u00e9s una eina pedag\u00f2gica molt potent. \u00c9s per aix\u00f2 que el Departament d\u2019Ensenyament vol col\u00b7laborar en aquesta\u00a0experi\u00e8ncia de recerca d\u2019introducci\u00f3 dels escacs a l\u2019escola.<\/p>\n<p><a href=\"http:\/\/blocs.xtec.cat\/ramonestadella\/files\/2011\/09\/escacs.jpg\"><img loading=\"lazy\" decoding=\"async\" class=\"aligncenter size-full wp-image-680\" src=\"http:\/\/blocs.xtec.cat\/ramonestadella\/files\/2011\/09\/escacs.jpg\" sizes=\"auto, (max-width: 304px) 100vw, 304px\" srcset=\"http:\/\/blocs.xtec.cat\/ramonestadella\/files\/2011\/09\/escacs.jpg 304w, http:\/\/blocs.xtec.cat\/ramonestadella\/files\/2011\/09\/escacs-300x163.jpg 300w\" alt=\"escacs\" width=\"304\" height=\"166\" \/><\/a><\/p>\n<ul>\n<li>\n<h3><span id=\"Centre_formador_destudiants_en_practiques\">Centre formador d\u2019estudiants en pr\u00e0ctiques<\/span><\/h3>\n<\/li>\n<\/ul>\n<p>El nostre centre ha estat seleccionat pel Departament d\u2019Ensenyament com a escola formadora d\u2019estudiants en pr\u00e0ctiques dels graus de mestre pel per\u00edode 2017 \u2013 2018 tal i com queda registrat en la resoluci\u00f3 ENS\/1638\/2013 del 22 de juliol. \u00a0\u00c9s per aquest motiu que al llarg d\u2019aquest temps, l\u2019escola tindr\u00e0 mestres en pr\u00e0ctiques ajudant i col\u00b7laborant amb nosaltres.<\/p>\n<ul>\n<li>\n<h3><span id=\"Escoles_Verdes\">Escoles Verdes<\/span><\/h3>\n<\/li>\n<\/ul>\n<p>A partir del curs escolar 2011 \u2013 2012, el nostre centre formar\u00e0 part del projecte\u00a0<em>Escoles Verdes\u00a0<\/em>amb la finalitat i el comprom\u00eds d\u2019afrontar, des de l\u2019educaci\u00f3, els nous reptes i valors de la sostenibilitat.<\/p>\n<p>Un cop realitzat i aprovat un Pla de cohesi\u00f3 ambiental i portat a terme el Pla d\u2019Acci\u00f3, l\u2019escola ha sol\u00b7licitat l\u2019atorgament del Distintiu d\u2019Escola Verda. Aquest Distintiu consisteix en un certificat de la Generalitat de Catalunya i una placa per col\u00b7locar en el centre.<\/p>\n<p>Aquesta placa est\u00e0 penjada juntament amb el nom de l\u2019escola.<\/p>\n<p><a href=\"http:\/\/blocs.xtec.cat\/ramonestadella\/files\/2011\/09\/verda.jpg\"><img loading=\"lazy\" decoding=\"async\" class=\"aligncenter size-full wp-image-33\" src=\"http:\/\/blocs.xtec.cat\/ramonestadella\/files\/2011\/09\/verda.jpg\" sizes=\"auto, (max-width: 181px) 100vw, 181px\" srcset=\"http:\/\/blocs.xtec.cat\/ramonestadella\/files\/2011\/09\/verda.jpg 181w, http:\/\/blocs.xtec.cat\/ramonestadella\/files\/2011\/09\/verda-150x150.jpg 150w\" alt=\"\" width=\"181\" height=\"182\" \/><\/a><\/p>\n<ul>\n<li>\n<h3><span id=\"Escola_i_Salut\">Escola i Salut<\/span><\/h3>\n<\/li>\n<\/ul>\n<p>Mitjan\u00e7ant aquest projecte pretenem potenciar\u00a0 h\u00e0bits saludables en els nostres alumnes, per aix\u00f2 fem les seg\u00fcents actuacions:<\/p>\n<ol>\n<li>El dimecres mengem fruita.<\/li>\n<li>No repartim llaminadures als aniversaris.<\/li>\n<li>Fomentem l\u2019h\u00e0bit de rentar-se les dents despr\u00e9s de dinar.<\/li>\n<\/ol>\n<p><a href=\"http:\/\/blocs.xtec.cat\/ramonestadella\/files\/2011\/09\/dents.png\"><img loading=\"lazy\" decoding=\"async\" class=\"size-full wp-image-184 aligncenter\" src=\"http:\/\/blocs.xtec.cat\/ramonestadella\/files\/2011\/09\/dents.png\" alt=\"\" width=\"157\" height=\"138\" \/><\/a><\/p>\n<ul>\n<li>\n<h3><span id=\"Projecte_de_Lectura_ILEC_primaria\">Projecte de Lectura\u00a0 ILEC (prim\u00e0ria)<\/span><\/h3>\n<\/li>\n<\/ul>\n<p>Degut a la import\u00e0ncia que t\u00e9 la lectura, tal i com marca les instruccions d\u2019inici de curs, l\u2019escola desenvolupar\u00e0 un pla lector per prim\u00e0ria. Les actuacions que durem a terme s\u00f3n les\u00a0 seg\u00fcents:<\/p>\n<ol>\n<li>Lectura de 30 minuts diaris.<\/li>\n<li>Implantaci\u00f3 de la 6a hora \u201c Llegim\u201d que es desenvolupar\u00e0 durant 1 hora setmanal.<\/li>\n<li>Lectura d\u2019un llibre obligatori en catal\u00e0, castell\u00e0 o angl\u00e8s depenen del nivell(que facilitar\u00e0 l\u2019escola a tot l\u2019alumnat a trav\u00e9s\u00a0<strong>del projecte de reutilitzaci\u00f3 de llibres<\/strong>).<\/li>\n<li>Desenvolupament del projecte Apadrinament Lector amb alumnat de 1r i 4t de prim\u00e0ria.<\/li>\n<li>Visita d\u2019un contacontes per fer activitats d\u2019animaci\u00f3 a la lectura i fomentar h\u00e0bits i rutines positives en vers ella.<\/li>\n<\/ol>\n<p><a href=\"http:\/\/blocs.xtec.cat\/ramonestadella\/files\/2011\/09\/lectura.jpg\"><img loading=\"lazy\" decoding=\"async\" class=\"aligncenter size-full wp-image-185\" src=\"http:\/\/blocs.xtec.cat\/ramonestadella\/files\/2011\/09\/lectura.jpg\" alt=\"\" width=\"200\" height=\"143\" \/><\/a><\/p>\n<ul>\n<li>\n<h3><span id=\"Projecte_de_Llengua_anglesa\">Projecte de Llengua anglesa<\/span><\/h3>\n<\/li>\n<\/ul>\n<p>Tal i com s\u2019indica en les instruccions d\u2019inici de curs, la llengua anglesa ha tenir un predomini important en les activitats que es desenvolupen al centre. \u00c9s per aquest motiu que l\u2019escola inicia l\u2019aprenentatge de la\u00a0<strong>llengua anglesa en l\u2019educaci\u00f3 infantil<\/strong>: P3, P4 i P5, els quals tenen una hora setmanal per poder-la treballar.<\/p>\n<p>A\u00a0<strong>prim\u00e0ria<\/strong>, la llengua anglesa tamb\u00e9 t\u00e9 un paper molt important ja que es desenvolupen tres sessions setmanals pel treball d\u2019aquesta llengua, donant-li la mateixa import\u00e0ncia que a les dues lleng\u00fces oficials: el catal\u00e0 i el castell\u00e0.<\/p>\n<p><a href=\"http:\/\/blocs.xtec.cat\/ramonestadella\/files\/2011\/09\/english.jpg\"><img loading=\"lazy\" decoding=\"async\" class=\"aligncenter size-full wp-image-186\" src=\"http:\/\/blocs.xtec.cat\/ramonestadella\/files\/2011\/09\/english.jpg\" alt=\"\" width=\"200\" height=\"151\" \/><\/a><\/p>\n<ul>\n<li>\n<h3><span id=\"Projecte_de_Mobilitat_Segura\">Projecte de Mobilitat Segura<\/span><\/h3>\n<\/li>\n<\/ul>\n<p>Aquest projecte es va iniciar \u00a0quan la nostra escola va participar en el pla pilot de mobilitat segura que es feia a totes les escoles de Guissona. Aquest projecte s\u2019ha continu\u00eftat i es treballa a tots els cursos a l\u2019\u00e0rea de medi a prim\u00e0ria i a descoberta de l\u2019entorn a Infantil.<\/p>\n<p>Al llarg d\u2019aquest curs estan planificades les seg\u00fcents activitats:<\/p>\n<ol>\n<li>Parc del tr\u00e0nsit pels alumnes de prim\u00e0ria.<\/li>\n<li>Visita dels mossos d\u2019esquadra a l\u2019escola i bombers (P3, P4 i P5)<\/li>\n<\/ol>\n<p><a href=\"http:\/\/blocs.xtec.cat\/ramonestadella\/files\/2011\/09\/stop.png\"><img loading=\"lazy\" decoding=\"async\" class=\"aligncenter size-full wp-image-187\" src=\"http:\/\/blocs.xtec.cat\/ramonestadella\/files\/2011\/09\/stop.png\" alt=\"\" width=\"129\" height=\"123\" \/><\/a><\/p>\n<ul>\n<li>\n<h3><span id=\"Projecte_Interdisciplinari_descola\">Projecte Interdisciplinari d\u2019escola<em><br \/>\n<\/em><\/span><\/h3>\n<\/li>\n<\/ul>\n<p>Durant el segon trimestre es far\u00e0 un projecte interdisciplinari d\u2019escola sobre un tema vertebrador i es treballar\u00e0 a totes les classes i dins de totes les \u00e0rees del curr\u00edculum afavorint el treball per compet\u00e8ncies i per capacitats.<\/p>\n<p>A m\u00e9s a m\u00e9s, a prim\u00e0ria, es desenvolupar\u00e0 l\u2019\u00e0rea d\u2019inform\u00e0tica de manera interdisciplin\u00e0ria, tal i com marca el curr\u00edculum. Iniciem aix\u00ed, un treball per\u00a0<strong>compet\u00e8ncia digital\u00a0<\/strong>en totes les \u00e0rees del curr\u00edculum.<\/p>\n<\/div>\n<\/div>\n","protected":false},"excerpt":{"rendered":"<p>Projectes d\u2019escola<\/p>\n<ul class=\"toc_list\">\n<li><a href=\"https:\/\/agora.xtec.cat\/ceipramonestadella\/projectes-descola\/#Projectes_descola\">Projectes d\u2019escola<\/a>:\n<ul>\n<li>\n<ul>\n<li><a href=\"https:\/\/agora.xtec.cat\/ceipramonestadella\/projectes-descola\/#Pla_Esportiu_de_Centre\">Pla Esportiu de Centre<\/a><\/li>\n<li><a href=\"https:\/\/agora.xtec.cat\/ceipramonestadella\/projectes-descola\/#Projecte_GEP_ARTS_IN_ENGLISH\">Projecte GEP \u2013 ARTS IN ENGLISH<\/a><\/li>\n<li><a href=\"https:\/\/agora.xtec.cat\/ceipramonestadella\/projectes-descola\/#Els_escacs_a_lescola_Primaria\">Els escacs a l\u2019escola (Prim\u00e0ria)<\/a><\/li>\n<li><a href=\"https:\/\/agora.xtec.cat\/ceipramonestadella\/projectes-descola\/#Centre_formador_destudiants_en_practiques\">Centre formador d\u2019estudiants en pr\u00e0ctiques<\/a><\/li>\n<li><a href=\"https:\/\/agora.xtec.cat\/ceipramonestadella\/projectes-descola\/#Escoles_Verdes\">Escoles Verdes<\/a><\/li>\n<li><a href=\"https:\/\/agora.xtec.cat\/ceipramonestadella\/projectes-descola\/#Escola_i_Salut\">Escola i Salut<\/a><\/li>\n<li><a href=\"https:\/\/agora.xtec.cat\/ceipramonestadella\/projectes-descola\/#Projecte_de_Lectura_ILEC_primaria\">Projecte de Lectura\u00a0 ILEC (prim\u00e0ria)<\/a><\/li>\n<li><a href=\"https:\/\/agora.xtec.cat\/ceipramonestadella\/projectes-descola\/#Projecte_de_Llengua_anglesa\">Projecte de Llengua anglesa<\/a><\/li>\n<li><a href=\"https:\/\/agora.xtec.cat\/ceipramonestadella\/projectes-descola\/#Projecte_de_Mobilitat_Segura\">Projecte de Mobilitat Segura<\/a><\/li>\n<li><a href=\"https:\/\/agora.xtec.cat\/ceipramonestadella\/projectes-descola\/#Projecte_Interdisciplinari_descola\">Projecte Interdisciplinari&hellip;  <a href=\"https:\/\/agora.xtec.cat\/ceipramonestadella\/activitats\/projectes-descola\/\" title=\"Read Projectes d&#8217;escola\">Llegeix m\u00e9s\u00bb<\/a><br \/>\n","protected":false},"author":3,"featured_media":0,"parent":449,"menu_order":0,"comment_status":"closed","ping_status":"closed","template":"","meta":{"_bbp_topic_count":0,"_bbp_reply_count":0,"_bbp_total_topic_count":0,"_bbp_total_reply_count":0,"_bbp_voice_count":0,"_bbp_anonymous_reply_count":0,"_bbp_topic_count_hidden":0,"_bbp_reply_count_hidden":0,"_bbp_forum_subforum_count":0,"footnotes":""},"class_list":["post-1997","page","type-page","status-publish","hentry"],"post_mailing_queue_ids":[],"_links":{"self":[{"href":"https:\/\/agora.xtec.cat\/ceipramonestadella\/wp-json\/wp\/v2\/pages\/1997","targetHints":{"allow":["GET"]}}],"collection":[{"href":"https:\/\/agora.xtec.cat\/ceipramonestadella\/wp-json\/wp\/v2\/pages"}],"about":[{"href":"https:\/\/agora.xtec.cat\/ceipramonestadella\/wp-json\/wp\/v2\/types\/page"}],"author":[{"embeddable":true,"href":"https:\/\/agora.xtec.cat\/ceipramonestadella\/wp-json\/wp\/v2\/users\/3"}],"replies":[{"embeddable":true,"href":"https:\/\/agora.xtec.cat\/ceipramonestadella\/wp-json\/wp\/v2\/comments?post=1997"}],"version-history":[{"count":2,"href":"https:\/\/agora.xtec.cat\/ceipramonestadella\/wp-json\/wp\/v2\/pages\/1997\/revisions"}],"predecessor-version":[{"id":4101,"href":"https:\/\/agora.xtec.cat\/ceipramonestadella\/wp-json\/wp\/v2\/pages\/1997\/revisions\/4101"}],"up":[{"embeddable":true,"href":"https:\/\/agora.xtec.cat\/ceipramonestadella\/wp-json\/wp\/v2\/pages\/449"}],"wp:attachment":[{"href":"https:\/\/agora.xtec.cat\/ceipramonestadella\/wp-json\/wp\/v2\/media?parent=1997"}],"curies":[{"name":"wp","href":"https:\/\/api.w.org\/{rel}","templated":true}]}}