{"id":11205,"date":"2021-02-04T12:25:13","date_gmt":"2021-02-04T11:25:13","guid":{"rendered":"http:\/\/agora.xtec.cat\/ceipramonestadella\/?page_id=11205"},"modified":"2025-07-09T12:26:52","modified_gmt":"2025-07-09T10:26:52","slug":"material-escolar-20-21","status":"publish","type":"page","link":"https:\/\/agora.xtec.cat\/ceipramonestadella\/families\/material-escolar-20-21\/","title":{"rendered":"MATERIAL ESCOLAR 25-26"},"content":{"rendered":"<p><strong>FEU CLIC\u00a0 A CADA IMATGE PER VEURE EL LLISTAT DE MATERIAL:\u00a0<\/strong><\/p>\n<p><a href=\"https:\/\/docs.google.com\/document\/d\/1s4ITGJhEND39SoZEJqqb9GkXFDd6wMZw\/edit?usp=drive_link&amp;ouid=116762963945019785720&amp;rtpof=true&amp;sd=true\"><img loading=\"lazy\" decoding=\"async\" class=\"alignnone wp-image-12774\" src=\"https:\/\/agora.xtec.cat\/ceipramonestadella\/wp-content\/uploads\/usu385\/2023\/06\/15-724x1024.jpg\" alt=\"\" width=\"220\" height=\"311\" srcset=\"https:\/\/agora.xtec.cat\/ceipramonestadella\/wp-content\/uploads\/usu385\/2023\/06\/15-724x1024.jpg 724w, https:\/\/agora.xtec.cat\/ceipramonestadella\/wp-content\/uploads\/usu385\/2023\/06\/15-212x300.jpg 212w, https:\/\/agora.xtec.cat\/ceipramonestadella\/wp-content\/uploads\/usu385\/2023\/06\/15-768x1086.jpg 768w, https:\/\/agora.xtec.cat\/ceipramonestadella\/wp-content\/uploads\/usu385\/2023\/06\/15-1086x1536.jpg 1086w, https:\/\/agora.xtec.cat\/ceipramonestadella\/wp-content\/uploads\/usu385\/2023\/06\/15-1448x2048.jpg 1448w, https:\/\/agora.xtec.cat\/ceipramonestadella\/wp-content\/uploads\/usu385\/2023\/06\/15.jpg 1587w\" sizes=\"auto, (max-width: 220px) 100vw, 220px\" \/><\/a> <a href=\"https:\/\/docs.google.com\/document\/d\/1xQoRULyud2EKJlT_nCN-7WD5yeW2smPP\/edit?usp=sharing&amp;ouid=116762963945019785720&amp;rtpof=true&amp;sd=true\"><img loading=\"lazy\" decoding=\"async\" class=\"alignnone wp-image-12775\" src=\"https:\/\/agora.xtec.cat\/ceipramonestadella\/wp-content\/uploads\/usu385\/2023\/06\/16-724x1024.jpg\" alt=\"\" width=\"215\" height=\"304\" srcset=\"https:\/\/agora.xtec.cat\/ceipramonestadella\/wp-content\/uploads\/usu385\/2023\/06\/16-724x1024.jpg 724w, https:\/\/agora.xtec.cat\/ceipramonestadella\/wp-content\/uploads\/usu385\/2023\/06\/16-212x300.jpg 212w, https:\/\/agora.xtec.cat\/ceipramonestadella\/wp-content\/uploads\/usu385\/2023\/06\/16-768x1086.jpg 768w, https:\/\/agora.xtec.cat\/ceipramonestadella\/wp-content\/uploads\/usu385\/2023\/06\/16-1086x1536.jpg 1086w, https:\/\/agora.xtec.cat\/ceipramonestadella\/wp-content\/uploads\/usu385\/2023\/06\/16-1448x2048.jpg 1448w, https:\/\/agora.xtec.cat\/ceipramonestadella\/wp-content\/uploads\/usu385\/2023\/06\/16.jpg 1587w\" sizes=\"auto, (max-width: 215px) 100vw, 215px\" \/><\/a> <a href=\"https:\/\/docs.google.com\/document\/d\/1TeDu0Zt8Te8dCUP6Q9GKggQndY-P9_ha\/edit?usp=sharing&amp;ouid=116762963945019785720&amp;rtpof=true&amp;sd=true\"><img loading=\"lazy\" decoding=\"async\" class=\"alignnone wp-image-12776\" src=\"https:\/\/agora.xtec.cat\/ceipramonestadella\/wp-content\/uploads\/usu385\/2023\/06\/17-724x1024.jpg\" alt=\"\" width=\"213\" height=\"301\" srcset=\"https:\/\/agora.xtec.cat\/ceipramonestadella\/wp-content\/uploads\/usu385\/2023\/06\/17-724x1024.jpg 724w, https:\/\/agora.xtec.cat\/ceipramonestadella\/wp-content\/uploads\/usu385\/2023\/06\/17-212x300.jpg 212w, https:\/\/agora.xtec.cat\/ceipramonestadella\/wp-content\/uploads\/usu385\/2023\/06\/17-768x1086.jpg 768w, https:\/\/agora.xtec.cat\/ceipramonestadella\/wp-content\/uploads\/usu385\/2023\/06\/17-1086x1536.jpg 1086w, https:\/\/agora.xtec.cat\/ceipramonestadella\/wp-content\/uploads\/usu385\/2023\/06\/17-1448x2048.jpg 1448w, https:\/\/agora.xtec.cat\/ceipramonestadella\/wp-content\/uploads\/usu385\/2023\/06\/17.jpg 1587w\" sizes=\"auto, (max-width: 213px) 100vw, 213px\" \/><\/a> <a href=\"https:\/\/docs.google.com\/document\/d\/143Mu5-uebfZerWGtyv18lSm2-xEa4gUF\/edit?usp=drive_link&amp;ouid=116762963945019785720&amp;rtpof=true&amp;sd=true\"><img loading=\"lazy\" decoding=\"async\" class=\"alignnone wp-image-12777\" src=\"https:\/\/agora.xtec.cat\/ceipramonestadella\/wp-content\/uploads\/usu385\/2023\/06\/18-724x1024.jpg\" alt=\"\" width=\"210\" height=\"297\" srcset=\"https:\/\/agora.xtec.cat\/ceipramonestadella\/wp-content\/uploads\/usu385\/2023\/06\/18-724x1024.jpg 724w, https:\/\/agora.xtec.cat\/ceipramonestadella\/wp-content\/uploads\/usu385\/2023\/06\/18-212x300.jpg 212w, https:\/\/agora.xtec.cat\/ceipramonestadella\/wp-content\/uploads\/usu385\/2023\/06\/18-768x1086.jpg 768w, https:\/\/agora.xtec.cat\/ceipramonestadella\/wp-content\/uploads\/usu385\/2023\/06\/18-1086x1536.jpg 1086w, https:\/\/agora.xtec.cat\/ceipramonestadella\/wp-content\/uploads\/usu385\/2023\/06\/18-1448x2048.jpg 1448w, https:\/\/agora.xtec.cat\/ceipramonestadella\/wp-content\/uploads\/usu385\/2023\/06\/18.jpg 1587w\" sizes=\"auto, (max-width: 210px) 100vw, 210px\" \/><\/a><\/p>\n<p>&nbsp;<\/p>\n<p><span style=\"font-size: 28px; background-color: #ffff00;\"><strong>PAGAMENT MATERIAL ALUMNAT\u00a0<\/strong><\/span><\/p>\n<p>&nbsp;<\/p>\n<p>Us informem que ja podeu fer el PAGAMENT DE MATERIAL per al curs vinent 24-25 que<span style=\"font-size: 28px;\"><strong> \u00e9s de 60 euros.\u00a0<\/strong><\/span><\/p>\n<p>Per fer-ho aneu a l\u00b4aplicaci\u00f3 &#8220;Comunicapp Edu&#8221; del vostre tel\u00e8fon m\u00f2bil.<br \/>\n1. A la icona &#8220;PAGOS TPV&#8221;<br \/>\n2. Pagaments pendents<br \/>\n3. Seleccioneu l\u00b4alumne (el vostre fill\/a)<br \/>\n4. Concepte: Material curs 24-25<br \/>\n5. Procediu al pagament i ompliu les dades de la vostra targeta.<\/p>\n<p>&nbsp;<\/p>\n<p>&nbsp;<\/p>\n","protected":false},"excerpt":{"rendered":"<p>FEU CLIC\u00a0 A CADA IMATGE PER VEURE EL LLISTAT DE MATERIAL:\u00a0<br \/>\n<a href=\"https:\/\/docs.google.com\/document\/d\/1s4ITGJhEND39SoZEJqqb9GkXFDd6wMZw\/edit?usp=drive_link&amp;ouid=116762963945019785720&amp;rtpof=true&amp;sd=true\"><\/a> <a href=\"https:\/\/docs.google.com\/document\/d\/1xQoRULyud2EKJlT_nCN-7WD5yeW2smPP\/edit?usp=sharing&amp;ouid=116762963945019785720&amp;rtpof=true&amp;sd=true\"><\/a> <a href=\"https:\/\/docs.google.com\/document\/d\/1TeDu0Zt8Te8dCUP6Q9GKggQndY-P9_ha\/edit?usp=sharing&amp;ouid=116762963945019785720&amp;rtpof=true&amp;sd=true\"><\/a> <a href=\"https:\/\/docs.google.com\/document\/d\/143Mu5-uebfZerWGtyv18lSm2-xEa4gUF\/edit?usp=drive_link&amp;ouid=116762963945019785720&amp;rtpof=true&amp;sd=true\"><\/a><br \/>\n&nbsp;<br \/>\nPAGAMENT MATERIAL ALUMNAT\u00a0<br \/>\n&nbsp;<br \/>\nUs informem que ja podeu fer el PAGAMENT DE MATERIAL per al curs vinent 24-25 que \u00e9s de 60 euros.\u00a0<br \/>\nPer fer-ho aneu a l\u00b4aplicaci\u00f3 &#8220;Comunicapp Edu&#8221;&hellip;  <a href=\"https:\/\/agora.xtec.cat\/ceipramonestadella\/families\/material-escolar-20-21\/\" title=\"Read MATERIAL ESCOLAR 25-26\">Llegeix m\u00e9s\u00bb<\/a><\/p>\n","protected":false},"author":3,"featured_media":0,"parent":355,"menu_order":0,"comment_status":"closed","ping_status":"closed","template":"","meta":{"_bbp_topic_count":0,"_bbp_reply_count":0,"_bbp_total_topic_count":0,"_bbp_total_reply_count":0,"_bbp_voice_count":0,"_bbp_anonymous_reply_count":0,"_bbp_topic_count_hidden":0,"_bbp_reply_count_hidden":0,"_bbp_forum_subforum_count":0,"footnotes":""},"class_list":["post-11205","page","type-page","status-publish","hentry"],"post_mailing_queue_ids":[],"_links":{"self":[{"href":"https:\/\/agora.xtec.cat\/ceipramonestadella\/wp-json\/wp\/v2\/pages\/11205","targetHints":{"allow":["GET"]}}],"collection":[{"href":"https:\/\/agora.xtec.cat\/ceipramonestadella\/wp-json\/wp\/v2\/pages"}],"about":[{"href":"https:\/\/agora.xtec.cat\/ceipramonestadella\/wp-json\/wp\/v2\/types\/page"}],"author":[{"embeddable":true,"href":"https:\/\/agora.xtec.cat\/ceipramonestadella\/wp-json\/wp\/v2\/users\/3"}],"replies":[{"embeddable":true,"href":"https:\/\/agora.xtec.cat\/ceipramonestadella\/wp-json\/wp\/v2\/comments?post=11205"}],"version-history":[{"count":7,"href":"https:\/\/agora.xtec.cat\/ceipramonestadella\/wp-json\/wp\/v2\/pages\/11205\/revisions"}],"predecessor-version":[{"id":13198,"href":"https:\/\/agora.xtec.cat\/ceipramonestadella\/wp-json\/wp\/v2\/pages\/11205\/revisions\/13198"}],"up":[{"embeddable":true,"href":"https:\/\/agora.xtec.cat\/ceipramonestadella\/wp-json\/wp\/v2\/pages\/355"}],"wp:attachment":[{"href":"https:\/\/agora.xtec.cat\/ceipramonestadella\/wp-json\/wp\/v2\/media?parent=11205"}],"curies":[{"name":"wp","href":"https:\/\/api.w.org\/{rel}","templated":true}]}}