{"id":84,"date":"2014-09-18T14:11:31","date_gmt":"2014-09-18T13:11:31","guid":{"rendered":"http:\/\/agora.xtec.cat\/ceipramoncasas\/?page_id=84"},"modified":"2026-02-25T15:03:20","modified_gmt":"2026-02-25T14:03:20","slug":"activitats-extraescolars","status":"publish","type":"page","link":"https:\/\/agora.xtec.cat\/ceipramoncasas\/informacio-families\/activitats-extraescolars\/","title":{"rendered":"AFA"},"content":{"rendered":"<h4 style=\"text-align: center;\"><strong>ASSOCIACI\u00d3 DE FAM\u00cdLIES D&#8217;ALUMNES DE L&#8217;ESCOLA RAMON CASAS<\/strong><\/h4>\n<p>&nbsp;<\/p>\n<p style=\"text-align: justify;\">Des de l&#8217;AFA de l&#8217;Escola Ramon Casas treballem per fer millor la nostra escola.<\/p>\n<p style=\"text-align: justify;\">Fem d&#8217;enlla\u00e7 entre direcci\u00f3 i fam\u00edlies, transmetent les inquietuds que aquestes ens comuniquen.<\/p>\n<p style=\"text-align: justify;\">Organitzem l&#8217;acollida, les activitats extraescolars fora de l&#8217;horari lectiu i el casal d&#8217;estiu. A m\u00e9s a m\u00e9s, participem en\u00a0activitats culturals de l&#8217;escola i del barri.<\/p>\n<p style=\"text-align: justify;\">Les associacions de fam\u00edlies\u00a0 d&#8217;alumnes\u00a0 (AFA) s\u00f3n associacions volunt\u00e0ries sense \u00e0nim de lucre de les fam\u00edlies d&#8217;un centre educatiu, amb l&#8217;objectiu general de promoure la participaci\u00f3 i col\u00b7laborar en les activitats educatives del centre. L&#8217;AFA est\u00e0 reconeguda legalment al registre d&#8217;associacions.<\/p>\n<p style=\"text-align: justify;\">Els nostres objectius s\u00f3n:<\/p>\n<ul style=\"text-align: justify;\">\n<li>Donar suport a pares i mares, mestres i alumnes i tamb\u00e9 als \u00f2rgans de govern del Centre en tot all\u00f2 que\u00a0contribueixi a la millora de la qualitat d&#8217;ensenyament que reben els nens i les nenes.<\/li>\n<li>Col\u00b7laborar amb l&#8217;escola en l&#8217;organitzaci\u00f3 i realitzaci\u00f3 d&#8217;actes l\u00fadics i festius (visita del patge reial, regal de Nadal per a cada classe&#8230;).<\/li>\n<li>Organitzar i gestionar les activitats d&#8217;extraescolars.<\/li>\n<li>Gestionar el servei d&#8217;acollida de 8 a 9h.<\/li>\n<li>Organitzar i gestionar el casal d&#8217;estiu.<\/li>\n<li>Organitzar festes i activtats al llarg del curs.<\/li>\n<\/ul>\n<p style=\"text-align: justify;\">El finan\u00e7ament de l&#8217;AFA s&#8217;obt\u00e9 de les quotes dels socis, que \u00e9s una quota \u00fanica i anual per fam\u00edlia (28\u20ac per al curs 24-25).<\/p>\n<p style=\"text-align: justify;\">Els avantatges de ser soci s\u00f3n els seg\u00fcents:<\/p>\n<ul style=\"text-align: justify;\">\n<li>Ser part\u00edcips solidaris amb la resta de mares i pares en les tasques socials.<\/li>\n<li>Fer \u00fas del servei d&#8217;acollida a un preu redu\u00eft.<\/li>\n<li>Possibilitat d&#8217;inscriure&#8217;s a les activitats extraescolars.<\/li>\n<li>Entrada gratu\u00efta i berenar en totes les festes.<\/li>\n<\/ul>\n<h6 style=\"text-align: justify;\"><strong><em>Aprofitem per animar-vos a fer-vos socis de l\u2019AFA i a col\u00b7laborar en les tasques que es realitzen durant el curs. Recordeu que la vostra participaci\u00f3 volunt\u00e0ria \u00e9s en benefici dels nostres fills i filles.<\/em><\/strong><\/h6>\n<p><img loading=\"lazy\" decoding=\"async\" class=\"aligncenter size-full wp-image-6908\" src=\"https:\/\/agora.xtec.cat\/ceipramoncasas\/wp-content\/uploads\/usu1758\/2026\/02\/QUE-ES-LAFA_page-0001.jpg\" alt=\"\" width=\"1600\" height=\"1200\" srcset=\"https:\/\/agora.xtec.cat\/ceipramoncasas\/wp-content\/uploads\/usu1758\/2026\/02\/QUE-ES-LAFA_page-0001.jpg 1600w, https:\/\/agora.xtec.cat\/ceipramoncasas\/wp-content\/uploads\/usu1758\/2026\/02\/QUE-ES-LAFA_page-0001-300x225.jpg 300w, https:\/\/agora.xtec.cat\/ceipramoncasas\/wp-content\/uploads\/usu1758\/2026\/02\/QUE-ES-LAFA_page-0001-1024x768.jpg 1024w, https:\/\/agora.xtec.cat\/ceipramoncasas\/wp-content\/uploads\/usu1758\/2026\/02\/QUE-ES-LAFA_page-0001-768x576.jpg 768w, https:\/\/agora.xtec.cat\/ceipramoncasas\/wp-content\/uploads\/usu1758\/2026\/02\/QUE-ES-LAFA_page-0001-1536x1152.jpg 1536w, https:\/\/agora.xtec.cat\/ceipramoncasas\/wp-content\/uploads\/usu1758\/2026\/02\/QUE-ES-LAFA_page-0001-200x150.jpg 200w\" sizes=\"auto, (max-width: 1600px) 100vw, 1600px\" \/> <img loading=\"lazy\" decoding=\"async\" class=\"aligncenter size-full wp-image-6909\" src=\"https:\/\/agora.xtec.cat\/ceipramoncasas\/wp-content\/uploads\/usu1758\/2026\/02\/QUE-ES-LAFA_page-0002.jpg\" alt=\"\" width=\"1600\" height=\"1200\" srcset=\"https:\/\/agora.xtec.cat\/ceipramoncasas\/wp-content\/uploads\/usu1758\/2026\/02\/QUE-ES-LAFA_page-0002.jpg 1600w, https:\/\/agora.xtec.cat\/ceipramoncasas\/wp-content\/uploads\/usu1758\/2026\/02\/QUE-ES-LAFA_page-0002-300x225.jpg 300w, https:\/\/agora.xtec.cat\/ceipramoncasas\/wp-content\/uploads\/usu1758\/2026\/02\/QUE-ES-LAFA_page-0002-1024x768.jpg 1024w, https:\/\/agora.xtec.cat\/ceipramoncasas\/wp-content\/uploads\/usu1758\/2026\/02\/QUE-ES-LAFA_page-0002-768x576.jpg 768w, https:\/\/agora.xtec.cat\/ceipramoncasas\/wp-content\/uploads\/usu1758\/2026\/02\/QUE-ES-LAFA_page-0002-1536x1152.jpg 1536w, https:\/\/agora.xtec.cat\/ceipramoncasas\/wp-content\/uploads\/usu1758\/2026\/02\/QUE-ES-LAFA_page-0002-200x150.jpg 200w\" sizes=\"auto, (max-width: 1600px) 100vw, 1600px\" \/><\/p>\n<p>&nbsp;<\/p>\n<p><img loading=\"lazy\" decoding=\"async\" class=\"aligncenter wp-image-6427\" src=\"https:\/\/agora.xtec.cat\/ceipramoncasas\/wp-content\/uploads\/usu1758\/2025\/09\/HORARIS-EXTRAESCOLARS.png\" alt=\"\" width=\"1137\" height=\"804\" srcset=\"https:\/\/agora.xtec.cat\/ceipramoncasas\/wp-content\/uploads\/usu1758\/2025\/09\/HORARIS-EXTRAESCOLARS.png 2000w, https:\/\/agora.xtec.cat\/ceipramoncasas\/wp-content\/uploads\/usu1758\/2025\/09\/HORARIS-EXTRAESCOLARS-300x212.png 300w, https:\/\/agora.xtec.cat\/ceipramoncasas\/wp-content\/uploads\/usu1758\/2025\/09\/HORARIS-EXTRAESCOLARS-1024x724.png 1024w, https:\/\/agora.xtec.cat\/ceipramoncasas\/wp-content\/uploads\/usu1758\/2025\/09\/HORARIS-EXTRAESCOLARS-768x543.png 768w, https:\/\/agora.xtec.cat\/ceipramoncasas\/wp-content\/uploads\/usu1758\/2025\/09\/HORARIS-EXTRAESCOLARS-1536x1086.png 1536w\" sizes=\"auto, (max-width: 1137px) 100vw, 1137px\" \/><\/p>\n","protected":false},"excerpt":{"rendered":"<p>ASSOCIACI\u00d3 DE FAM\u00cdLIES D&#8217;ALUMNES DE L&#8217;ESCOLA RAMON CASAS<br \/>\n&nbsp;<br \/>\nDes de l&#8217;AFA de l&#8217;Escola Ramon Casas treballem per fer millor la nostra escola.<br \/>\nFem d&#8217;enlla\u00e7 entre direcci\u00f3 i fam\u00edlies, transmetent les inquietuds que aquestes ens comuniquen.<br \/>\nOrganitzem l&#8217;acollida, les activitats extraescolars fora de l&#8217;horari lectiu i el casal d&#8217;estiu.&hellip;  <a href=\"https:\/\/agora.xtec.cat\/ceipramoncasas\/informacio-families\/activitats-extraescolars\/\" title=\"Read AFA\">Llegeix m\u00e9s\u00bb<\/a><\/p>\n","protected":false},"author":1,"featured_media":0,"parent":2479,"menu_order":40,"comment_status":"closed","ping_status":"closed","template":"page-templates\/side-menu.php","meta":{"_bbp_topic_count":0,"_bbp_reply_count":0,"_bbp_total_topic_count":0,"_bbp_total_reply_count":0,"_bbp_voice_count":0,"_bbp_anonymous_reply_count":0,"_bbp_topic_count_hidden":0,"_bbp_reply_count_hidden":0,"_bbp_forum_subforum_count":0,"footnotes":""},"class_list":["post-84","page","type-page","status-publish","hentry"],"post_mailing_queue_ids":[],"_links":{"self":[{"href":"https:\/\/agora.xtec.cat\/ceipramoncasas\/wp-json\/wp\/v2\/pages\/84","targetHints":{"allow":["GET"]}}],"collection":[{"href":"https:\/\/agora.xtec.cat\/ceipramoncasas\/wp-json\/wp\/v2\/pages"}],"about":[{"href":"https:\/\/agora.xtec.cat\/ceipramoncasas\/wp-json\/wp\/v2\/types\/page"}],"author":[{"embeddable":true,"href":"https:\/\/agora.xtec.cat\/ceipramoncasas\/wp-json\/wp\/v2\/users\/1"}],"replies":[{"embeddable":true,"href":"https:\/\/agora.xtec.cat\/ceipramoncasas\/wp-json\/wp\/v2\/comments?post=84"}],"version-history":[{"count":6,"href":"https:\/\/agora.xtec.cat\/ceipramoncasas\/wp-json\/wp\/v2\/pages\/84\/revisions"}],"predecessor-version":[{"id":6910,"href":"https:\/\/agora.xtec.cat\/ceipramoncasas\/wp-json\/wp\/v2\/pages\/84\/revisions\/6910"}],"up":[{"embeddable":true,"href":"https:\/\/agora.xtec.cat\/ceipramoncasas\/wp-json\/wp\/v2\/pages\/2479"}],"wp:attachment":[{"href":"https:\/\/agora.xtec.cat\/ceipramoncasas\/wp-json\/wp\/v2\/media?parent=84"}],"curies":[{"name":"wp","href":"https:\/\/api.w.org\/{rel}","templated":true}]}}