{"id":2830,"date":"2020-01-19T17:37:53","date_gmt":"2020-01-19T16:37:53","guid":{"rendered":"http:\/\/agora.xtec.cat\/ceipramoncasas\/?page_id=2830"},"modified":"2025-09-16T08:53:47","modified_gmt":"2025-09-16T06:53:47","slug":"consell-escolar","status":"publish","type":"page","link":"https:\/\/agora.xtec.cat\/ceipramoncasas\/lescola\/consell-escolar\/","title":{"rendered":"Consell Escolar"},"content":{"rendered":"<p>El Consell Escolar \u00e9s l&#8217;\u00f2rgan de participaci\u00f3 de la comunitat escolar en el govern de l&#8217;escola i l&#8217;\u00f2rgan de programaci\u00f3, seguiment i avaluaci\u00f3 de les activitats.<\/p>\n<p><strong>Funcions del Consell Escolar<\/strong><\/p>\n<ul>\n<li>Aprovar el Projecte Educatiu i les modificacions corresponents.<\/li>\n<li>Aprovar la Programaci\u00f3 General Anual del centre i avaluar-ne el desenvolupament i els resultats.<\/li>\n<li>Aprovar les propostes d&#8217;acords de coresponsabilitat, convenis i altres acords de col\u00b7laboraci\u00f3 del centre amb entitats o institucions.<\/li>\n<li>Aprovar les normes d&#8217;organitzaci\u00f3 i funcionament i les modificacions corresponents.<\/li>\n<li>Aprovar la carta de comprom\u00eds educatiu.<\/li>\n<li>Aprovar el pressupost del centre i el rendiment de comptes.<\/li>\n<li>Participar en\u00a0 el procediment de selecci\u00f3 del director o directora en el marc del que estableix la normativa.<\/li>\n<li>Aprovar les directriuis per a la programaci\u00f3 d&#8217;activitats escolars complement\u00e0ries i d&#8217;activitats extraescolars i avaluar-ne el desenvolupament.<\/li>\n<li>Participar en l&#8217;an\u00e0lisi i les avaluacions del funcionament general del centre i con\u00e8ixer l&#8217;evoluci\u00f3 del rendiment escolar.<\/li>\n<li>Aprovar els criteris de col\u00b7laboraci\u00f3 amb altres centres i amb l&#8217;entorn.<\/li>\n<li>Qualsevol altra que li sigui atribu\u00efda per les normes legals o reglament\u00e0ries.<\/li>\n<\/ul>\n<p><strong>Composici\u00f3 del Consell Escolar<\/strong><\/p>\n<p><strong>Directora<\/strong>:<\/p>\n<p><strong>Cap d&#8217;Estudis<\/strong>:<\/p>\n<p><strong>Una representant de l&#8217;Ajuntament<\/strong>:<\/p>\n<p><strong>Representants mestres<\/strong><\/p>\n<p><strong>Representants de fam\u00edlies<\/strong>:<\/p>\n<p><strong>Representant AFA:<\/strong><\/p>\n<p><strong>Representant del Personal d&#8217;Administraci\u00f3 i Serveis<\/strong>:<\/p>\n<p><strong>La secret\u00e0ria<\/strong>,<\/p>\n","protected":false},"excerpt":{"rendered":"<p>El Consell Escolar \u00e9s l&#8217;\u00f2rgan de participaci\u00f3 de la comunitat escolar en el govern de l&#8217;escola i l&#8217;\u00f2rgan de programaci\u00f3, seguiment i avaluaci\u00f3 de les activitats.<br \/>\nFuncions del Consell Escolar<\/p>\n<ul>\n<li>Aprovar el Projecte Educatiu i les modificacions corresponents.<\/li>\n<li>Aprovar la Programaci\u00f3 General Anual del centre i avaluar-ne el&hellip;  <a href=\"https:\/\/agora.xtec.cat\/ceipramoncasas\/lescola\/consell-escolar\/\" title=\"Read Consell Escolar\">Llegeix m\u00e9s\u00bb<\/a><br \/>\n","protected":false},"author":1,"featured_media":0,"parent":22,"menu_order":50,"comment_status":"closed","ping_status":"closed","template":"page-templates\/side-menu.php","meta":{"_bbp_topic_count":0,"_bbp_reply_count":0,"_bbp_total_topic_count":0,"_bbp_total_reply_count":0,"_bbp_voice_count":0,"_bbp_anonymous_reply_count":0,"_bbp_topic_count_hidden":0,"_bbp_reply_count_hidden":0,"_bbp_forum_subforum_count":0,"footnotes":""},"class_list":["post-2830","page","type-page","status-publish","hentry"],"post_mailing_queue_ids":[],"_links":{"self":[{"href":"https:\/\/agora.xtec.cat\/ceipramoncasas\/wp-json\/wp\/v2\/pages\/2830","targetHints":{"allow":["GET"]}}],"collection":[{"href":"https:\/\/agora.xtec.cat\/ceipramoncasas\/wp-json\/wp\/v2\/pages"}],"about":[{"href":"https:\/\/agora.xtec.cat\/ceipramoncasas\/wp-json\/wp\/v2\/types\/page"}],"author":[{"embeddable":true,"href":"https:\/\/agora.xtec.cat\/ceipramoncasas\/wp-json\/wp\/v2\/users\/1"}],"replies":[{"embeddable":true,"href":"https:\/\/agora.xtec.cat\/ceipramoncasas\/wp-json\/wp\/v2\/comments?post=2830"}],"version-history":[{"count":5,"href":"https:\/\/agora.xtec.cat\/ceipramoncasas\/wp-json\/wp\/v2\/pages\/2830\/revisions"}],"predecessor-version":[{"id":6406,"href":"https:\/\/agora.xtec.cat\/ceipramoncasas\/wp-json\/wp\/v2\/pages\/2830\/revisions\/6406"}],"up":[{"embeddable":true,"href":"https:\/\/agora.xtec.cat\/ceipramoncasas\/wp-json\/wp\/v2\/pages\/22"}],"wp:attachment":[{"href":"https:\/\/agora.xtec.cat\/ceipramoncasas\/wp-json\/wp\/v2\/media?parent=2830"}],"curies":[{"name":"wp","href":"https:\/\/api.w.org\/{rel}","templated":true}]}}