{"id":2807,"date":"2020-01-18T20:21:43","date_gmt":"2020-01-18T19:21:43","guid":{"rendered":"http:\/\/agora.xtec.cat\/ceipramoncasas\/?page_id=2807"},"modified":"2021-09-04T10:42:51","modified_gmt":"2021-09-04T08:42:51","slug":"piscina","status":"publish","type":"page","link":"https:\/\/agora.xtec.cat\/ceipramoncasas\/projectes\/piscina\/","title":{"rendered":"Piscina"},"content":{"rendered":"<p>En la programaci\u00f3 d&#8217;Educaci\u00f3 F\u00edsica de 1r i 2n, s&#8217;ha incl\u00f2s la Nataci\u00f3.<\/p>\n<p>Aquesta activitat es desenvolupa en horari escolar i t\u00e9 un caire obligatori (excepte els casos justificats per un certificat m\u00e8dic) i s&#8217;avalua com les altres mat\u00e8ries.<\/p>\n<p>Es realitza a les Piscines Bernat Picornell.<\/p>\n","protected":false},"excerpt":{"rendered":"<p>En la programaci\u00f3 d&#8217;Educaci\u00f3 F\u00edsica de 1r i 2n, s&#8217;ha incl\u00f2s la Nataci\u00f3.<br \/>\nAquesta activitat es desenvolupa en horari escolar i t\u00e9 un caire obligatori (excepte els casos justificats per un certificat m\u00e8dic) i s&#8217;avalua com les altres mat\u00e8ries.<br \/>\nEs realitza a les Piscines Bernat Picornell.<\/p>\n","protected":false},"author":1,"featured_media":0,"parent":2512,"menu_order":70,"comment_status":"closed","ping_status":"closed","template":"page-templates\/side-menu.php","meta":{"_bbp_topic_count":0,"_bbp_reply_count":0,"_bbp_total_topic_count":0,"_bbp_total_reply_count":0,"_bbp_voice_count":0,"_bbp_anonymous_reply_count":0,"_bbp_topic_count_hidden":0,"_bbp_reply_count_hidden":0,"_bbp_forum_subforum_count":0,"footnotes":""},"class_list":["post-2807","page","type-page","status-publish","hentry"],"post_mailing_queue_ids":[],"_links":{"self":[{"href":"https:\/\/agora.xtec.cat\/ceipramoncasas\/wp-json\/wp\/v2\/pages\/2807","targetHints":{"allow":["GET"]}}],"collection":[{"href":"https:\/\/agora.xtec.cat\/ceipramoncasas\/wp-json\/wp\/v2\/pages"}],"about":[{"href":"https:\/\/agora.xtec.cat\/ceipramoncasas\/wp-json\/wp\/v2\/types\/page"}],"author":[{"embeddable":true,"href":"https:\/\/agora.xtec.cat\/ceipramoncasas\/wp-json\/wp\/v2\/users\/1"}],"replies":[{"embeddable":true,"href":"https:\/\/agora.xtec.cat\/ceipramoncasas\/wp-json\/wp\/v2\/comments?post=2807"}],"version-history":[{"count":3,"href":"https:\/\/agora.xtec.cat\/ceipramoncasas\/wp-json\/wp\/v2\/pages\/2807\/revisions"}],"predecessor-version":[{"id":3992,"href":"https:\/\/agora.xtec.cat\/ceipramoncasas\/wp-json\/wp\/v2\/pages\/2807\/revisions\/3992"}],"up":[{"embeddable":true,"href":"https:\/\/agora.xtec.cat\/ceipramoncasas\/wp-json\/wp\/v2\/pages\/2512"}],"wp:attachment":[{"href":"https:\/\/agora.xtec.cat\/ceipramoncasas\/wp-json\/wp\/v2\/media?parent=2807"}],"curies":[{"name":"wp","href":"https:\/\/api.w.org\/{rel}","templated":true}]}}