{"id":2804,"date":"2020-01-18T20:19:56","date_gmt":"2020-01-18T19:19:56","guid":{"rendered":"http:\/\/agora.xtec.cat\/ceipramoncasas\/?page_id=2804"},"modified":"2020-01-19T17:49:53","modified_gmt":"2020-01-19T16:49:53","slug":"dansa-ara","status":"publish","type":"page","link":"https:\/\/agora.xtec.cat\/ceipramoncasas\/projectes\/dansa-ara\/","title":{"rendered":"Dansa Ara"},"content":{"rendered":"<p>Dansa Ara \u00e9s un projecte dins la iniciativa de<em> L&#8217;escola fa esport a la ciutat<\/em>, en el que participen els alumnes de 2n i vincula tota la comunitat educativa (alumnat, professorat i fam\u00edlies), implicant-la en un gran esdeveniment de ciutat de dansa contempor\u00e0nia.<\/p>\n<p>Dansa ara consta de diferents fases:<\/p>\n<ul>\n<li>Formaci\u00f3 del professorat per con\u00e8ixer el repertori de danses i les orientacions did\u00e0ctiques pertinents.<\/li>\n<li>Treball amb l&#8217;alumnat per a l&#8217;aprenentatge de les danses al centre educatiu.<\/li>\n<li>Participaci\u00f3 final de l&#8217;alumnat i el professorat en la gran jornada de dansa en qu\u00e8 els infants s\u00f3n protagonistes d&#8217;un espectacle de dansa contempor\u00e0nia i les fam\u00edlies assisteixen com a espectadores.<\/li>\n<\/ul>\n","protected":false},"excerpt":{"rendered":"<p>Dansa Ara \u00e9s un projecte dins la iniciativa de L&#8217;escola fa esport a la ciutat, en el que participen els alumnes de 2n i vincula tota la comunitat educativa (alumnat, professorat i fam\u00edlies), implicant-la en un gran esdeveniment de ciutat de dansa contempor\u00e0nia.<br \/>\nDansa ara consta&hellip;  <a href=\"https:\/\/agora.xtec.cat\/ceipramoncasas\/projectes\/dansa-ara\/\" title=\"Read Dansa Ara\">Llegeix m\u00e9s\u00bb<\/a><\/p>\n","protected":false},"author":1,"featured_media":0,"parent":2512,"menu_order":90,"comment_status":"closed","ping_status":"closed","template":"page-templates\/side-menu.php","meta":{"_bbp_topic_count":0,"_bbp_reply_count":0,"_bbp_total_topic_count":0,"_bbp_total_reply_count":0,"_bbp_voice_count":0,"_bbp_anonymous_reply_count":0,"_bbp_topic_count_hidden":0,"_bbp_reply_count_hidden":0,"_bbp_forum_subforum_count":0,"footnotes":""},"class_list":["post-2804","page","type-page","status-publish","hentry"],"post_mailing_queue_ids":[],"_links":{"self":[{"href":"https:\/\/agora.xtec.cat\/ceipramoncasas\/wp-json\/wp\/v2\/pages\/2804","targetHints":{"allow":["GET"]}}],"collection":[{"href":"https:\/\/agora.xtec.cat\/ceipramoncasas\/wp-json\/wp\/v2\/pages"}],"about":[{"href":"https:\/\/agora.xtec.cat\/ceipramoncasas\/wp-json\/wp\/v2\/types\/page"}],"author":[{"embeddable":true,"href":"https:\/\/agora.xtec.cat\/ceipramoncasas\/wp-json\/wp\/v2\/users\/1"}],"replies":[{"embeddable":true,"href":"https:\/\/agora.xtec.cat\/ceipramoncasas\/wp-json\/wp\/v2\/comments?post=2804"}],"version-history":[{"count":3,"href":"https:\/\/agora.xtec.cat\/ceipramoncasas\/wp-json\/wp\/v2\/pages\/2804\/revisions"}],"predecessor-version":[{"id":2823,"href":"https:\/\/agora.xtec.cat\/ceipramoncasas\/wp-json\/wp\/v2\/pages\/2804\/revisions\/2823"}],"up":[{"embeddable":true,"href":"https:\/\/agora.xtec.cat\/ceipramoncasas\/wp-json\/wp\/v2\/pages\/2512"}],"wp:attachment":[{"href":"https:\/\/agora.xtec.cat\/ceipramoncasas\/wp-json\/wp\/v2\/media?parent=2804"}],"curies":[{"name":"wp","href":"https:\/\/api.w.org\/{rel}","templated":true}]}}