{"id":2664,"date":"2019-10-27T08:37:20","date_gmt":"2019-10-27T07:37:20","guid":{"rendered":"http:\/\/agora.xtec.cat\/ceipramoncasas\/?page_id=2664"},"modified":"2020-07-25T10:58:35","modified_gmt":"2020-07-25T08:58:35","slug":"projecte-linguistic","status":"publish","type":"page","link":"https:\/\/agora.xtec.cat\/ceipramoncasas\/documents\/projecte-linguistic\/","title":{"rendered":"Projecte ling\u00fc\u00edstic"},"content":{"rendered":"<p>El Projecte Ling\u00fc\u00edstic \u00e9s l&#8217;instrument amb el qu\u00e8 l&#8217;escola organitza i gestiona determinats aspectes en refer\u00e8ncia a l&#8217;estat, l&#8217;\u00fas i el tractament curricular de les diferents lleng\u00fces presents a l&#8217;escola.<\/p>\n<p>Com indica la Llei 19\/2014, del 29 de desembre, de transpar\u00e8ncia, acc\u00e9s a la informaci\u00f3 p\u00fablica i bon govern, tot i que el nostre centre est\u00e0 fent una revisi\u00f3 d&#8217;aquest document, s&#8217;aniran publicant les parts del projecte que anem elaborant.<\/p>\n<p>El Consell Escolar de l&#8217;escola Ramon Casas ha donat el vist-i-plau a aquest document el 16 de juliol de 2020.<\/p>\n<p><a href=\"https:\/\/agora.xtec.cat\/ceipramoncasas\/wp-content\/uploads\/usu1758\/2020\/07\/PROJECTE-LING\u00dc\u00cdSTIC-en-revisi\u00f3-WEB.pdf\" target=\"_blank\" rel=\"noopener noreferrer\">PROJECTE LING\u00dc\u00cdSTIC<\/a><\/p>\n<p>&nbsp;<\/p>\n","protected":false},"excerpt":{"rendered":"<p>El Projecte Ling\u00fc\u00edstic \u00e9s l&#8217;instrument amb el qu\u00e8 l&#8217;escola organitza i gestiona determinats aspectes en refer\u00e8ncia a l&#8217;estat, l&#8217;\u00fas i el tractament curricular de les diferents lleng\u00fces presents a l&#8217;escola.<br \/>\nCom indica la Llei 19\/2014, del 29 de desembre, de transpar\u00e8ncia, acc\u00e9s a la informaci\u00f3 p\u00fablica&hellip;  <a href=\"https:\/\/agora.xtec.cat\/ceipramoncasas\/documents\/projecte-linguistic\/\" title=\"Read Projecte ling\u00fc\u00edstic\">Llegeix m\u00e9s\u00bb<\/a><\/p>\n","protected":false},"author":1,"featured_media":0,"parent":2485,"menu_order":6,"comment_status":"closed","ping_status":"closed","template":"page-templates\/side-menu.php","meta":{"_bbp_topic_count":0,"_bbp_reply_count":0,"_bbp_total_topic_count":0,"_bbp_total_reply_count":0,"_bbp_voice_count":0,"_bbp_anonymous_reply_count":0,"_bbp_topic_count_hidden":0,"_bbp_reply_count_hidden":0,"_bbp_forum_subforum_count":0,"footnotes":""},"class_list":["post-2664","page","type-page","status-publish","hentry"],"post_mailing_queue_ids":[],"_links":{"self":[{"href":"https:\/\/agora.xtec.cat\/ceipramoncasas\/wp-json\/wp\/v2\/pages\/2664","targetHints":{"allow":["GET"]}}],"collection":[{"href":"https:\/\/agora.xtec.cat\/ceipramoncasas\/wp-json\/wp\/v2\/pages"}],"about":[{"href":"https:\/\/agora.xtec.cat\/ceipramoncasas\/wp-json\/wp\/v2\/types\/page"}],"author":[{"embeddable":true,"href":"https:\/\/agora.xtec.cat\/ceipramoncasas\/wp-json\/wp\/v2\/users\/1"}],"replies":[{"embeddable":true,"href":"https:\/\/agora.xtec.cat\/ceipramoncasas\/wp-json\/wp\/v2\/comments?post=2664"}],"version-history":[{"count":3,"href":"https:\/\/agora.xtec.cat\/ceipramoncasas\/wp-json\/wp\/v2\/pages\/2664\/revisions"}],"predecessor-version":[{"id":3460,"href":"https:\/\/agora.xtec.cat\/ceipramoncasas\/wp-json\/wp\/v2\/pages\/2664\/revisions\/3460"}],"up":[{"embeddable":true,"href":"https:\/\/agora.xtec.cat\/ceipramoncasas\/wp-json\/wp\/v2\/pages\/2485"}],"wp:attachment":[{"href":"https:\/\/agora.xtec.cat\/ceipramoncasas\/wp-json\/wp\/v2\/media?parent=2664"}],"curies":[{"name":"wp","href":"https:\/\/api.w.org\/{rel}","templated":true}]}}