{"id":2549,"date":"2019-07-15T11:31:47","date_gmt":"2019-07-15T09:31:47","guid":{"rendered":"http:\/\/agora.xtec.cat\/ceipramoncasas\/?page_id=2549"},"modified":"2025-02-14T15:08:58","modified_gmt":"2025-02-14T14:08:58","slug":"instituts-vinculats","status":"publish","type":"page","link":"https:\/\/agora.xtec.cat\/ceipramoncasas\/informacio-families\/instituts-vinculats\/","title":{"rendered":"Instituts vinculats"},"content":{"rendered":"<p>Els nostres alumnes, en acabar l&#8217;etapa de Prim\u00e0ria, tenen continu\u00eftat a Secund\u00e0ria, a dos instituts p\u00fablics de la nostra zona educativa:<\/p>\n<ul>\n<li><a href=\"http:\/\/www.domenechimontaner.cat\/\" target=\"_blank\" rel=\"noopener noreferrer\">Institut Dom\u00e8nech i Montaner<\/a><\/li>\n<li><a href=\"https:\/\/agora.xtec.cat\/ies-montjuic\/\" target=\"_blank\" rel=\"noopener noreferrer\">Institut Montju\u00efc<\/a><\/li>\n<\/ul>\n","protected":false},"excerpt":{"rendered":"<p>Els nostres alumnes, en acabar l&#8217;etapa de Prim\u00e0ria, tenen continu\u00eftat a Secund\u00e0ria, a dos instituts p\u00fablics de la nostra zona educativa:<\/p>\n<ul>\n<li><a href=\"http:\/\/www.domenechimontaner.cat\/\" target=\"_blank\" rel=\"noopener noreferrer\">Institut Dom\u00e8nech i Montaner<\/a><\/li>\n<li><a href=\"https:\/\/agora.xtec.cat\/ies-montjuic\/\" target=\"_blank\" rel=\"noopener noreferrer\">Institut Montju\u00efc<\/a><\/li>\n<\/ul>\n","protected":false},"author":1,"featured_media":0,"parent":2479,"menu_order":30,"comment_status":"closed","ping_status":"closed","template":"page-templates\/side-menu.php","meta":{"_bbp_topic_count":0,"_bbp_reply_count":0,"_bbp_total_topic_count":0,"_bbp_total_reply_count":0,"_bbp_voice_count":0,"_bbp_anonymous_reply_count":0,"_bbp_topic_count_hidden":0,"_bbp_reply_count_hidden":0,"_bbp_forum_subforum_count":0,"footnotes":""},"class_list":["post-2549","page","type-page","status-publish","hentry"],"post_mailing_queue_ids":[],"_links":{"self":[{"href":"https:\/\/agora.xtec.cat\/ceipramoncasas\/wp-json\/wp\/v2\/pages\/2549","targetHints":{"allow":["GET"]}}],"collection":[{"href":"https:\/\/agora.xtec.cat\/ceipramoncasas\/wp-json\/wp\/v2\/pages"}],"about":[{"href":"https:\/\/agora.xtec.cat\/ceipramoncasas\/wp-json\/wp\/v2\/types\/page"}],"author":[{"embeddable":true,"href":"https:\/\/agora.xtec.cat\/ceipramoncasas\/wp-json\/wp\/v2\/users\/1"}],"replies":[{"embeddable":true,"href":"https:\/\/agora.xtec.cat\/ceipramoncasas\/wp-json\/wp\/v2\/comments?post=2549"}],"version-history":[{"count":5,"href":"https:\/\/agora.xtec.cat\/ceipramoncasas\/wp-json\/wp\/v2\/pages\/2549\/revisions"}],"predecessor-version":[{"id":5958,"href":"https:\/\/agora.xtec.cat\/ceipramoncasas\/wp-json\/wp\/v2\/pages\/2549\/revisions\/5958"}],"up":[{"embeddable":true,"href":"https:\/\/agora.xtec.cat\/ceipramoncasas\/wp-json\/wp\/v2\/pages\/2479"}],"wp:attachment":[{"href":"https:\/\/agora.xtec.cat\/ceipramoncasas\/wp-json\/wp\/v2\/media?parent=2549"}],"curies":[{"name":"wp","href":"https:\/\/api.w.org\/{rel}","templated":true}]}}