{"id":2524,"date":"2019-07-15T11:18:21","date_gmt":"2019-07-15T09:18:21","guid":{"rendered":"http:\/\/agora.xtec.cat\/ceipramoncasas\/?page_id=2524"},"modified":"2020-01-19T18:00:02","modified_gmt":"2020-01-19T17:00:02","slug":"refugis-climatics","status":"publish","type":"page","link":"https:\/\/agora.xtec.cat\/ceipramoncasas\/projectes\/refugis-climatics\/","title":{"rendered":"Refugis clim\u00e0tics"},"content":{"rendered":"<div>\n<p dir=\"ltr\">La nostra escola \u00e9s una de les 11 seleccionades per participar en el projecte Refugis Clim\u00e0tics. \u00c9s un projecte per fer front a altes temperatures que, segons les projeccions clim\u00e0tiques afectaran a la ciutat de Barcelona, especialment als col\u00b7lectius m\u00e9s vulnerables: els infants i la gent gran .<\/p>\n<p dir=\"ltr\">En aquest projecte hi participen l\u2019Ajuntament de Barcelona, el Consorci d\u2019Educaci\u00f3, Barcelona Cicle de l\u2019Aigua, Ag\u00e8ncia Salut P\u00fablica, IS Global i l\u2019escola Vila Ol\u00edmpica.<\/p>\n<p dir=\"ltr\">El projecte presentat planteja intervenir a les escoles amb un paquet de mesures blaves (incorporaci\u00f3 de punts d\u2019aigua en els patis), verdes ( espais d\u2019ombra tamb\u00e9 als patis) i grises (intervencions sobre els edificis per millorar-ne l\u2019a\u00efllament o generar energia). D\u2019aquestes millores en podran gaudir la ciutadania, ja que els patis romandran oberts a l\u2019estiu.<\/p>\n<p dir=\"ltr\">El projecte tamb\u00e9 t\u00e9 una vessant pedag\u00f2gica, perqu\u00e8 els nens i les nenes de l&#8217;escola participaran en el disseny de solucions clim\u00e0tiques i en l\u2019avaluaci\u00f3 de les accions. El grup d\u2019estudi seran els alumnes de 5\u00e8.<\/p>\n<p dir=\"ltr\">Entre totes i tots trobarem la intervenci\u00f3 m\u00e9s adient per l&#8217;escola!<\/p>\n<p dir=\"ltr\">Segons el darrer informe sobre el canvi clim\u00e0tic s\u2019estima que \u201cla humanitat t\u00e9 12 anys per evitar un desastre ambiental catastr\u00f2fic\u201d.<\/p>\n<p dir=\"ltr\">Posem el nostre granet de sorra i treballem tots i totes plegades perqu\u00e8 aix\u00f2 no passi!<\/p>\n<p dir=\"ltr\">Junts ho podem aconseguir!!!<\/p>\n<p dir=\"ltr\">Us adjuntem aquest v\u00eddeo explicatiu del projecte:<\/p>\n<p dir=\"ltr\"><a href=\"https:\/\/www.youtube.com\/watch?v=1M-J2tmDH5I&amp;feature=youtu.be\">https:\/\/www.youtube.com\/watch?v=1M-J2tmDH5I&amp;feature=youtu.be<\/a><\/p>\n<\/div>\n<div><\/div>\n<p>&nbsp;<\/p>\n","protected":false},"excerpt":{"rendered":"<p>La nostra escola \u00e9s una de les 11 seleccionades per participar en el projecte Refugis Clim\u00e0tics. \u00c9s un projecte per fer front a altes temperatures que, segons les projeccions clim\u00e0tiques afectaran a la ciutat de Barcelona, especialment als col\u00b7lectius m\u00e9s vulnerables: els infants i la&hellip;  <a href=\"https:\/\/agora.xtec.cat\/ceipramoncasas\/projectes\/refugis-climatics\/\" title=\"Read Refugis clim\u00e0tics\">Llegeix m\u00e9s\u00bb<\/a><\/p>\n","protected":false},"author":1,"featured_media":0,"parent":2512,"menu_order":0,"comment_status":"closed","ping_status":"closed","template":"page-templates\/side-menu.php","meta":{"_bbp_topic_count":0,"_bbp_reply_count":0,"_bbp_total_topic_count":0,"_bbp_total_reply_count":0,"_bbp_voice_count":0,"_bbp_anonymous_reply_count":0,"_bbp_topic_count_hidden":0,"_bbp_reply_count_hidden":0,"_bbp_forum_subforum_count":0,"footnotes":""},"class_list":["post-2524","page","type-page","status-publish","hentry"],"post_mailing_queue_ids":[],"_links":{"self":[{"href":"https:\/\/agora.xtec.cat\/ceipramoncasas\/wp-json\/wp\/v2\/pages\/2524","targetHints":{"allow":["GET"]}}],"collection":[{"href":"https:\/\/agora.xtec.cat\/ceipramoncasas\/wp-json\/wp\/v2\/pages"}],"about":[{"href":"https:\/\/agora.xtec.cat\/ceipramoncasas\/wp-json\/wp\/v2\/types\/page"}],"author":[{"embeddable":true,"href":"https:\/\/agora.xtec.cat\/ceipramoncasas\/wp-json\/wp\/v2\/users\/1"}],"replies":[{"embeddable":true,"href":"https:\/\/agora.xtec.cat\/ceipramoncasas\/wp-json\/wp\/v2\/comments?post=2524"}],"version-history":[{"count":3,"href":"https:\/\/agora.xtec.cat\/ceipramoncasas\/wp-json\/wp\/v2\/pages\/2524\/revisions"}],"predecessor-version":[{"id":2621,"href":"https:\/\/agora.xtec.cat\/ceipramoncasas\/wp-json\/wp\/v2\/pages\/2524\/revisions\/2621"}],"up":[{"embeddable":true,"href":"https:\/\/agora.xtec.cat\/ceipramoncasas\/wp-json\/wp\/v2\/pages\/2512"}],"wp:attachment":[{"href":"https:\/\/agora.xtec.cat\/ceipramoncasas\/wp-json\/wp\/v2\/media?parent=2524"}],"curies":[{"name":"wp","href":"https:\/\/api.w.org\/{rel}","templated":true}]}}