{"id":2522,"date":"2019-07-15T11:17:54","date_gmt":"2019-07-15T09:17:54","guid":{"rendered":"http:\/\/agora.xtec.cat\/ceipramoncasas\/?page_id=2522"},"modified":"2020-10-23T21:37:13","modified_gmt":"2020-10-23T19:37:13","slug":"ambients","status":"publish","type":"page","link":"https:\/\/agora.xtec.cat\/ceipramoncasas\/projectes\/ambients\/","title":{"rendered":"Ambients"},"content":{"rendered":"<p>Els ambients a Educaci\u00f3 Infantil es fan una tarda a la setmana i s\u00f3n diferents espais d&#8217;aprenenetatge, de relaci\u00f3 i comunicaci\u00f3, on a a partir de diferents propostes els infants poden actuar, observar, experimentar, construir, inventar, imaginar, compartir, relacionar-se, emocionar-se i interactuar amb els altres.<\/p>\n<p>Els ambients que estem realitzant s\u00f3n: Experiments, Ens movem, Artistes, Joc simb\u00f2lic i Encaixem.<\/p>\n<p>Aquest curs, per motius de la pand\u00e8mia del Covid-19, els ambients es realitzen dins de l&#8217;aula, amb el grup estable.<\/p>\n","protected":false},"excerpt":{"rendered":"<p>Els ambients a Educaci\u00f3 Infantil es fan una tarda a la setmana i s\u00f3n diferents espais d&#8217;aprenenetatge, de relaci\u00f3 i comunicaci\u00f3, on a a partir de diferents propostes els infants poden actuar, observar, experimentar, construir, inventar, imaginar, compartir, relacionar-se, emocionar-se i interactuar amb els altres.<br \/>\nEls&hellip;  <a href=\"https:\/\/agora.xtec.cat\/ceipramoncasas\/projectes\/ambients\/\" title=\"Read Ambients\">Llegeix m\u00e9s\u00bb<\/a><\/p>\n","protected":false},"author":1,"featured_media":0,"parent":2512,"menu_order":10,"comment_status":"closed","ping_status":"closed","template":"page-templates\/side-menu.php","meta":{"_bbp_topic_count":0,"_bbp_reply_count":0,"_bbp_total_topic_count":0,"_bbp_total_reply_count":0,"_bbp_voice_count":0,"_bbp_anonymous_reply_count":0,"_bbp_topic_count_hidden":0,"_bbp_reply_count_hidden":0,"_bbp_forum_subforum_count":0,"footnotes":""},"class_list":["post-2522","page","type-page","status-publish","hentry"],"post_mailing_queue_ids":[],"_links":{"self":[{"href":"https:\/\/agora.xtec.cat\/ceipramoncasas\/wp-json\/wp\/v2\/pages\/2522","targetHints":{"allow":["GET"]}}],"collection":[{"href":"https:\/\/agora.xtec.cat\/ceipramoncasas\/wp-json\/wp\/v2\/pages"}],"about":[{"href":"https:\/\/agora.xtec.cat\/ceipramoncasas\/wp-json\/wp\/v2\/types\/page"}],"author":[{"embeddable":true,"href":"https:\/\/agora.xtec.cat\/ceipramoncasas\/wp-json\/wp\/v2\/users\/1"}],"replies":[{"embeddable":true,"href":"https:\/\/agora.xtec.cat\/ceipramoncasas\/wp-json\/wp\/v2\/comments?post=2522"}],"version-history":[{"count":3,"href":"https:\/\/agora.xtec.cat\/ceipramoncasas\/wp-json\/wp\/v2\/pages\/2522\/revisions"}],"predecessor-version":[{"id":3510,"href":"https:\/\/agora.xtec.cat\/ceipramoncasas\/wp-json\/wp\/v2\/pages\/2522\/revisions\/3510"}],"up":[{"embeddable":true,"href":"https:\/\/agora.xtec.cat\/ceipramoncasas\/wp-json\/wp\/v2\/pages\/2512"}],"wp:attachment":[{"href":"https:\/\/agora.xtec.cat\/ceipramoncasas\/wp-json\/wp\/v2\/media?parent=2522"}],"curies":[{"name":"wp","href":"https:\/\/api.w.org\/{rel}","templated":true}]}}