{"id":2518,"date":"2019-07-15T11:17:03","date_gmt":"2019-07-15T09:17:03","guid":{"rendered":"http:\/\/agora.xtec.cat\/ceipramoncasas\/?page_id=2518"},"modified":"2020-01-19T17:46:42","modified_gmt":"2020-01-19T16:46:42","slug":"xarxes-pel-canvi","status":"publish","type":"page","link":"https:\/\/agora.xtec.cat\/ceipramoncasas\/projectes\/xarxes-pel-canvi\/","title":{"rendered":"Xarxes per al canvi"},"content":{"rendered":"<p>\u00c9s un projecte d&#8217;innovaci\u00f3 pedag\u00f2gica en el que participem totes les escoles de la ciutat de Barcelona.<\/p>\n<p>Les principals funcions de les xarxes s\u00f3n compartir i adquirir els coneixements rellevants per a avan\u00e7ar cap a un hortiz\u00f3 com\u00fa de transformaci\u00f3 educativa; interactuar al voltant dels recursos que generi el programa; impulsar i articular processos de coneixement, formaci\u00f3 i capacitaci\u00f3 de forma col\u00b7laborativa i autogestionada i compartir experi\u00e8ncies dels centres en el proc\u00e9s de transformaci\u00f3.<\/p>\n<p><a href=\"https:\/\/youtu.be\/uj7DDrwIR0E\">http:\/\/youru.be\/ui7DDrwlR0<\/a><\/p>\n","protected":false},"excerpt":{"rendered":"<p>\u00c9s un projecte d&#8217;innovaci\u00f3 pedag\u00f2gica en el que participem totes les escoles de la ciutat de Barcelona.<br \/>\nLes principals funcions de les xarxes s\u00f3n compartir i adquirir els coneixements rellevants per a avan\u00e7ar cap a un hortiz\u00f3 com\u00fa de transformaci\u00f3 educativa; interactuar al voltant dels recursos&hellip;  <a href=\"https:\/\/agora.xtec.cat\/ceipramoncasas\/projectes\/xarxes-pel-canvi\/\" title=\"Read Xarxes per al canvi\">Llegeix m\u00e9s\u00bb<\/a><\/p>\n","protected":false},"author":1,"featured_media":0,"parent":2512,"menu_order":30,"comment_status":"closed","ping_status":"closed","template":"page-templates\/side-menu.php","meta":{"_bbp_topic_count":0,"_bbp_reply_count":0,"_bbp_total_topic_count":0,"_bbp_total_reply_count":0,"_bbp_voice_count":0,"_bbp_anonymous_reply_count":0,"_bbp_topic_count_hidden":0,"_bbp_reply_count_hidden":0,"_bbp_forum_subforum_count":0,"footnotes":""},"class_list":["post-2518","page","type-page","status-publish","hentry"],"post_mailing_queue_ids":[],"_links":{"self":[{"href":"https:\/\/agora.xtec.cat\/ceipramoncasas\/wp-json\/wp\/v2\/pages\/2518","targetHints":{"allow":["GET"]}}],"collection":[{"href":"https:\/\/agora.xtec.cat\/ceipramoncasas\/wp-json\/wp\/v2\/pages"}],"about":[{"href":"https:\/\/agora.xtec.cat\/ceipramoncasas\/wp-json\/wp\/v2\/types\/page"}],"author":[{"embeddable":true,"href":"https:\/\/agora.xtec.cat\/ceipramoncasas\/wp-json\/wp\/v2\/users\/1"}],"replies":[{"embeddable":true,"href":"https:\/\/agora.xtec.cat\/ceipramoncasas\/wp-json\/wp\/v2\/comments?post=2518"}],"version-history":[{"count":3,"href":"https:\/\/agora.xtec.cat\/ceipramoncasas\/wp-json\/wp\/v2\/pages\/2518\/revisions"}],"predecessor-version":[{"id":2797,"href":"https:\/\/agora.xtec.cat\/ceipramoncasas\/wp-json\/wp\/v2\/pages\/2518\/revisions\/2797"}],"up":[{"embeddable":true,"href":"https:\/\/agora.xtec.cat\/ceipramoncasas\/wp-json\/wp\/v2\/pages\/2512"}],"wp:attachment":[{"href":"https:\/\/agora.xtec.cat\/ceipramoncasas\/wp-json\/wp\/v2\/media?parent=2518"}],"curies":[{"name":"wp","href":"https:\/\/api.w.org\/{rel}","templated":true}]}}