{"id":2516,"date":"2019-07-15T11:16:30","date_gmt":"2019-07-15T09:16:30","guid":{"rendered":"http:\/\/agora.xtec.cat\/ceipramoncasas\/?page_id=2516"},"modified":"2020-10-23T21:39:34","modified_gmt":"2020-10-23T19:39:34","slug":"cantania","status":"publish","type":"page","link":"https:\/\/agora.xtec.cat\/ceipramoncasas\/projectes\/cantania\/","title":{"rendered":"Cant\u00e0nia"},"content":{"rendered":"<p>La Cant\u00e0nia \u00e9s una activitat participativa organitzada per l&#8217;Auditori de Barcelona, en la que escoles de tota Catalunya treballen una obra durant el curs.<\/p>\n<p>A la nostra escola hi participen els alumnes de 6\u00e8 i a final de curs fan la interpretaci\u00f3; una experi\u00e8ncia musical inoblidable sobre l&#8217;escenari.<\/p>\n","protected":false},"excerpt":{"rendered":"<p>La Cant\u00e0nia \u00e9s una activitat participativa organitzada per l&#8217;Auditori de Barcelona, en la que escoles de tota Catalunya treballen una obra durant el curs.<br \/>\nA la nostra escola hi participen els alumnes de 6\u00e8 i a final de curs fan la interpretaci\u00f3; una experi\u00e8ncia musical inoblidable&hellip;  <a href=\"https:\/\/agora.xtec.cat\/ceipramoncasas\/projectes\/cantania\/\" title=\"Read Cant\u00e0nia\">Llegeix m\u00e9s\u00bb<\/a><\/p>\n","protected":false},"author":1,"featured_media":0,"parent":2512,"menu_order":40,"comment_status":"closed","ping_status":"closed","template":"page-templates\/side-menu.php","meta":{"_bbp_topic_count":0,"_bbp_reply_count":0,"_bbp_total_topic_count":0,"_bbp_total_reply_count":0,"_bbp_voice_count":0,"_bbp_anonymous_reply_count":0,"_bbp_topic_count_hidden":0,"_bbp_reply_count_hidden":0,"_bbp_forum_subforum_count":0,"footnotes":""},"class_list":["post-2516","page","type-page","status-publish","hentry"],"post_mailing_queue_ids":[],"_links":{"self":[{"href":"https:\/\/agora.xtec.cat\/ceipramoncasas\/wp-json\/wp\/v2\/pages\/2516","targetHints":{"allow":["GET"]}}],"collection":[{"href":"https:\/\/agora.xtec.cat\/ceipramoncasas\/wp-json\/wp\/v2\/pages"}],"about":[{"href":"https:\/\/agora.xtec.cat\/ceipramoncasas\/wp-json\/wp\/v2\/types\/page"}],"author":[{"embeddable":true,"href":"https:\/\/agora.xtec.cat\/ceipramoncasas\/wp-json\/wp\/v2\/users\/1"}],"replies":[{"embeddable":true,"href":"https:\/\/agora.xtec.cat\/ceipramoncasas\/wp-json\/wp\/v2\/comments?post=2516"}],"version-history":[{"count":3,"href":"https:\/\/agora.xtec.cat\/ceipramoncasas\/wp-json\/wp\/v2\/pages\/2516\/revisions"}],"predecessor-version":[{"id":2796,"href":"https:\/\/agora.xtec.cat\/ceipramoncasas\/wp-json\/wp\/v2\/pages\/2516\/revisions\/2796"}],"up":[{"embeddable":true,"href":"https:\/\/agora.xtec.cat\/ceipramoncasas\/wp-json\/wp\/v2\/pages\/2512"}],"wp:attachment":[{"href":"https:\/\/agora.xtec.cat\/ceipramoncasas\/wp-json\/wp\/v2\/media?parent=2516"}],"curies":[{"name":"wp","href":"https:\/\/api.w.org\/{rel}","templated":true}]}}