{"id":2495,"date":"2019-07-15T10:54:14","date_gmt":"2019-07-15T08:54:14","guid":{"rendered":"http:\/\/agora.xtec.cat\/ceipramoncasas\/?page_id=2495"},"modified":"2025-01-30T15:45:28","modified_gmt":"2025-01-30T14:45:28","slug":"carta-de-compromis-educatiu","status":"publish","type":"page","link":"https:\/\/agora.xtec.cat\/ceipramoncasas\/documents\/carta-de-compromis-educatiu\/","title":{"rendered":"Carta comprom\u00eds educatiu"},"content":{"rendered":"<p>Els mestres i les fam\u00edlies de l&#8217;escola, conscients que l&#8217;educaci\u00f3 d&#8217;infants i joves implica l&#8217;acci\u00f3 conjunta de la fam\u00edlia i de l&#8217;escola hem revisat conjuntament la carta de comprom\u00eds educatiu.<\/p>\n<p>El Consell Escolar de l&#8217;escola Ramon Casas ha donat el vist-i-plau el 29 de gener de 2025.<\/p>\n<p><a href=\"https:\/\/agora.xtec.cat\/ceipramoncasas\/wp-content\/uploads\/usu1758\/2025\/01\/Carta-de-compromis.pdf\">Carta de comprom\u00eds<\/a><\/p>\n","protected":false},"excerpt":{"rendered":"<p>Els mestres i les fam\u00edlies de l&#8217;escola, conscients que l&#8217;educaci\u00f3 d&#8217;infants i joves implica l&#8217;acci\u00f3 conjunta de la fam\u00edlia i de l&#8217;escola hem revisat conjuntament la carta de comprom\u00eds educatiu.<br \/>\nEl Consell Escolar de l&#8217;escola Ramon Casas ha donat el vist-i-plau el 29 de gener de&hellip;  <a href=\"https:\/\/agora.xtec.cat\/ceipramoncasas\/documents\/carta-de-compromis-educatiu\/\" title=\"Read Carta comprom\u00eds educatiu\">Llegeix m\u00e9s\u00bb<\/a><\/p>\n","protected":false},"author":1,"featured_media":0,"parent":2485,"menu_order":0,"comment_status":"closed","ping_status":"closed","template":"page-templates\/side-menu.php","meta":{"_bbp_topic_count":0,"_bbp_reply_count":0,"_bbp_total_topic_count":0,"_bbp_total_reply_count":0,"_bbp_voice_count":0,"_bbp_anonymous_reply_count":0,"_bbp_topic_count_hidden":0,"_bbp_reply_count_hidden":0,"_bbp_forum_subforum_count":0,"footnotes":""},"class_list":["post-2495","page","type-page","status-publish","hentry"],"post_mailing_queue_ids":[],"_links":{"self":[{"href":"https:\/\/agora.xtec.cat\/ceipramoncasas\/wp-json\/wp\/v2\/pages\/2495","targetHints":{"allow":["GET"]}}],"collection":[{"href":"https:\/\/agora.xtec.cat\/ceipramoncasas\/wp-json\/wp\/v2\/pages"}],"about":[{"href":"https:\/\/agora.xtec.cat\/ceipramoncasas\/wp-json\/wp\/v2\/types\/page"}],"author":[{"embeddable":true,"href":"https:\/\/agora.xtec.cat\/ceipramoncasas\/wp-json\/wp\/v2\/users\/1"}],"replies":[{"embeddable":true,"href":"https:\/\/agora.xtec.cat\/ceipramoncasas\/wp-json\/wp\/v2\/comments?post=2495"}],"version-history":[{"count":6,"href":"https:\/\/agora.xtec.cat\/ceipramoncasas\/wp-json\/wp\/v2\/pages\/2495\/revisions"}],"predecessor-version":[{"id":5866,"href":"https:\/\/agora.xtec.cat\/ceipramoncasas\/wp-json\/wp\/v2\/pages\/2495\/revisions\/5866"}],"up":[{"embeddable":true,"href":"https:\/\/agora.xtec.cat\/ceipramoncasas\/wp-json\/wp\/v2\/pages\/2485"}],"wp:attachment":[{"href":"https:\/\/agora.xtec.cat\/ceipramoncasas\/wp-json\/wp\/v2\/media?parent=2495"}],"curies":[{"name":"wp","href":"https:\/\/api.w.org\/{rel}","templated":true}]}}