{"id":1673,"date":"2018-10-26T12:12:06","date_gmt":"2018-10-26T10:12:06","guid":{"rendered":"http:\/\/agora.xtec.cat\/ceipramoncasas\/?page_id=1673"},"modified":"2020-10-23T21:26:29","modified_gmt":"2020-10-23T19:26:29","slug":"sortides-2018-2019","status":"publish","type":"page","link":"https:\/\/agora.xtec.cat\/ceipramoncasas\/informacio-families\/sortides-2018-2019\/","title":{"rendered":"Sortides i col\u00f2nies"},"content":{"rendered":"<p><strong>Sortim, experimentem, aprenem, gaudim!!!<\/strong><\/p>\n<ul>\n<li>Perqu\u00e8 s\u00f3n un aprenentatge vivencial, a trav\u00e9s del qual els infants toquen, senten, oloren i viuen la natura, les obres d&#8217;art, el barri, la ciutat&#8230;<\/li>\n<li>Perqu\u00e8 permeten posar en pr\u00e0ctica els aprenentatges treballats a l&#8217;aula.<\/li>\n<li>Perqu\u00e8 el coneixement de l&#8217;entorn repercuteix en el comprom\u00eds de voler actuar-hi, per tal de millorar-lo, canviar-lo, o simplement respectar-lo.<\/li>\n<li>Perqu\u00e8 permeten un desenvolupament global dels infants, ja que integren els coneixements diversificats.<\/li>\n<\/ul>\n","protected":false},"excerpt":{"rendered":"<p>Sortim, experimentem, aprenem, gaudim!!!<\/p>\n<ul>\n<li>Perqu\u00e8 s\u00f3n un aprenentatge vivencial, a trav\u00e9s del qual els infants toquen, senten, oloren i viuen la natura, les obres d&#8217;art, el barri, la ciutat&#8230;<\/li>\n<li>Perqu\u00e8 permeten posar en pr\u00e0ctica els aprenentatges treballats a l&#8217;aula.<\/li>\n<li>Perqu\u00e8 el coneixement de l&#8217;entorn repercuteix en el comprom\u00eds&hellip;  <a href=\"https:\/\/agora.xtec.cat\/ceipramoncasas\/informacio-families\/sortides-2018-2019\/\" title=\"Read Sortides i col\u00f2nies\">Llegeix m\u00e9s\u00bb<\/a><br \/>\n","protected":false},"author":1,"featured_media":0,"parent":2479,"menu_order":10,"comment_status":"closed","ping_status":"closed","template":"page-templates\/side-menu.php","meta":{"_bbp_topic_count":0,"_bbp_reply_count":0,"_bbp_total_topic_count":0,"_bbp_total_reply_count":0,"_bbp_voice_count":0,"_bbp_anonymous_reply_count":0,"_bbp_topic_count_hidden":0,"_bbp_reply_count_hidden":0,"_bbp_forum_subforum_count":0,"footnotes":""},"class_list":["post-1673","page","type-page","status-publish","hentry"],"post_mailing_queue_ids":[],"_links":{"self":[{"href":"https:\/\/agora.xtec.cat\/ceipramoncasas\/wp-json\/wp\/v2\/pages\/1673","targetHints":{"allow":["GET"]}}],"collection":[{"href":"https:\/\/agora.xtec.cat\/ceipramoncasas\/wp-json\/wp\/v2\/pages"}],"about":[{"href":"https:\/\/agora.xtec.cat\/ceipramoncasas\/wp-json\/wp\/v2\/types\/page"}],"author":[{"embeddable":true,"href":"https:\/\/agora.xtec.cat\/ceipramoncasas\/wp-json\/wp\/v2\/users\/1"}],"replies":[{"embeddable":true,"href":"https:\/\/agora.xtec.cat\/ceipramoncasas\/wp-json\/wp\/v2\/comments?post=1673"}],"version-history":[{"count":4,"href":"https:\/\/agora.xtec.cat\/ceipramoncasas\/wp-json\/wp\/v2\/pages\/1673\/revisions"}],"predecessor-version":[{"id":3505,"href":"https:\/\/agora.xtec.cat\/ceipramoncasas\/wp-json\/wp\/v2\/pages\/1673\/revisions\/3505"}],"up":[{"embeddable":true,"href":"https:\/\/agora.xtec.cat\/ceipramoncasas\/wp-json\/wp\/v2\/pages\/2479"}],"wp:attachment":[{"href":"https:\/\/agora.xtec.cat\/ceipramoncasas\/wp-json\/wp\/v2\/media?parent=1673"}],"curies":[{"name":"wp","href":"https:\/\/api.w.org\/{rel}","templated":true}]}}