{"id":28,"date":"2014-09-18T12:29:35","date_gmt":"2014-09-18T12:29:35","guid":{"rendered":"http:\/\/agora.xtec.cat\/ceipramonbergada\/?page_id=28"},"modified":"2024-07-04T10:29:31","modified_gmt":"2024-07-04T08:29:31","slug":"consell-escolar","status":"publish","type":"page","link":"https:\/\/agora.xtec.cat\/ceipramonbergada\/lescola\/consell-escolar\/","title":{"rendered":"Consell escolar"},"content":{"rendered":"<p>\u00c9s l&#8217;\u00f2rgan de govern del centre educatiu. Est\u00e0 compost per representants del personal docent, del personal d&#8217;administraci\u00f3 i serveis, dels pares i mares, de l&#8217;associaci\u00f3 de pares i mares, dels alumnes i un representant de l&#8217;Ajuntament. Els representants surten elegits per votaci\u00f3. Aquest any hi havia d&#8217;haver eleccions al consell escolar, per tal de renovar-lo parcialment. Degut a la pand\u00e8mia, les eleccions s&#8217;ajornen un curs escolar. Per a m\u00e9s informaci\u00f3, cliqueu <a href=\"http:\/\/agora.xtec.cat\/ceipramonbergada\/general\/eleccions-al-consell-escolar-201617\/\">aqu\u00ed<\/a>.<\/p>\n<p>Les seves funcions s\u00f3n entre altres:<\/p>\n<ul>\n<li>Aprovar el pressupost del centre, fer-ne el seguiment i aprovar-ne la liquidaci\u00f3.<\/li>\n<li>Aprovar el reglament de r\u00e8gim intern del centre.<\/li>\n<li>Promoure la conservaci\u00f3 i renovaci\u00f3 de les instal\u00b7lacions i material escolar.<\/li>\n<li>Analitzar i valorar el funcionament general del centre, l&#8217;evoluci\u00f3 del rendiment escolar.<\/li>\n<li>Elaborar un informe que s&#8217;inclou en la mem\u00f2ria anual.<\/li>\n<\/ul>\n<p><a href=\"https:\/\/drive.google.com\/drive\/folders\/1kU8I4doKTme1OJ7A0hiFwmIqqkAnVQ8i?usp=sharing\">Acords consell escolar<\/a><\/p>\n<p>&nbsp;<\/p>\n","protected":false},"excerpt":{"rendered":"<p>\u00c9s l&#8217;\u00f2rgan de govern del centre educatiu. Est\u00e0 compost per representants del personal docent, del personal d&#8217;administraci\u00f3 i serveis, dels pares i mares, de l&#8217;associaci\u00f3 de pares i mares, dels alumnes i un representant de l&#8217;Ajuntament. Els representants surten elegits per votaci\u00f3. Aquest any hi&hellip;  <a href=\"https:\/\/agora.xtec.cat\/ceipramonbergada\/lescola\/consell-escolar\/\" title=\"Read Consell escolar\">Llegeix m\u00e9s\u00bb<\/a><\/p>\n","protected":false},"author":2,"featured_media":0,"parent":22,"menu_order":30,"comment_status":"closed","ping_status":"closed","template":"page-templates\/side-menu.php","meta":{"_bbp_topic_count":0,"_bbp_reply_count":0,"_bbp_total_topic_count":0,"_bbp_total_reply_count":0,"_bbp_voice_count":0,"_bbp_anonymous_reply_count":0,"_bbp_topic_count_hidden":0,"_bbp_reply_count_hidden":0,"_bbp_forum_subforum_count":0,"footnotes":""},"class_list":["post-28","page","type-page","status-publish","hentry"],"post_mailing_queue_ids":[],"_links":{"self":[{"href":"https:\/\/agora.xtec.cat\/ceipramonbergada\/wp-json\/wp\/v2\/pages\/28","targetHints":{"allow":["GET"]}}],"collection":[{"href":"https:\/\/agora.xtec.cat\/ceipramonbergada\/wp-json\/wp\/v2\/pages"}],"about":[{"href":"https:\/\/agora.xtec.cat\/ceipramonbergada\/wp-json\/wp\/v2\/types\/page"}],"author":[{"embeddable":true,"href":"https:\/\/agora.xtec.cat\/ceipramonbergada\/wp-json\/wp\/v2\/users\/2"}],"replies":[{"embeddable":true,"href":"https:\/\/agora.xtec.cat\/ceipramonbergada\/wp-json\/wp\/v2\/comments?post=28"}],"version-history":[{"count":5,"href":"https:\/\/agora.xtec.cat\/ceipramonbergada\/wp-json\/wp\/v2\/pages\/28\/revisions"}],"predecessor-version":[{"id":10190,"href":"https:\/\/agora.xtec.cat\/ceipramonbergada\/wp-json\/wp\/v2\/pages\/28\/revisions\/10190"}],"up":[{"embeddable":true,"href":"https:\/\/agora.xtec.cat\/ceipramonbergada\/wp-json\/wp\/v2\/pages\/22"}],"wp:attachment":[{"href":"https:\/\/agora.xtec.cat\/ceipramonbergada\/wp-json\/wp\/v2\/media?parent=28"}],"curies":[{"name":"wp","href":"https:\/\/api.w.org\/{rel}","templated":true}]}}