{"id":80,"date":"2014-09-18T14:09:48","date_gmt":"2014-09-18T13:09:48","guid":{"rendered":"http:\/\/agora.xtec.cat\/ceipquermany\/?page_id=80"},"modified":"2023-09-04T18:13:40","modified_gmt":"2023-09-04T16:13:40","slug":"transport-escolar","status":"publish","type":"page","link":"https:\/\/agora.xtec.cat\/ceipquermany\/serveis\/transport-escolar\/","title":{"rendered":"AFA i extraescolars"},"content":{"rendered":"<p style=\"color: #666666;\"><span style=\"color: #000000;\">L&#8217;AFA de l&#8217;escola Quermany \u00e9s l&#8217;associaci\u00f3 de fam\u00edlies de l&#8217;alumnat. Coordina activitats extraescolars, subvenciona activitats i material pel centre i dona veu als pares dins la comunitat educativa, segons les funcions encomanades pel <a style=\"color: #000000;\" title=\"Projecte educatiu de centre\" href=\"https:\/\/ca.wikipedia.org\/wiki\/Projecte_educatiu_de_centre\">projecte educatiu de centre<\/a>.\u00a0<\/span><\/p>\n<p style=\"color: #666666;\">MAIL:\u00a0<a href=\"mailto:hola@afaquermany.cat\" target=\"_blank\" rel=\"noopener\"><span class=\"il\">hola@afaquermany.cat<\/span><\/a><\/p>\n<p style=\"color: #666666;\">WEB:\u00a0<a href=\"https:\/\/www.afaquermany.cat\/\" target=\"_blank\" rel=\"noopener\" data-saferedirecturl=\"https:\/\/www.google.com\/url?q=https:\/\/www.afaquermany.cat\/&amp;source=gmail&amp;ust=1693929991862000&amp;usg=AOvVaw2Bsui47BV5Hh3kDsHai_2m\">https:\/\/www.afaquermany.<wbr \/>cat\/<\/a><\/p>\n<p style=\"color: #666666;\">Instagram:\u00a0<a id=\"m_-919499082724316226plusReplyChip-0\" class=\"gmail_plusreply\"><\/a>https:\/\/www.<wbr \/>instagram.com\/afaquermanypals\/<\/p>\n<p style=\"color: #666666;\">\n<p>&nbsp;<\/p>\n","protected":false},"excerpt":{"rendered":"<p>L&#8217;AFA de l&#8217;escola Quermany \u00e9s l&#8217;associaci\u00f3 de fam\u00edlies de l&#8217;alumnat. Coordina activitats extraescolars, subvenciona activitats i material pel centre i dona veu als pares dins la comunitat educativa, segons les funcions encomanades pel <a style=\"color: #000000;\" title=\"Projecte educatiu de centre\" href=\"https:\/\/ca.wikipedia.org\/wiki\/Projecte_educatiu_de_centre\">projecte educatiu de centre<\/a>.\u00a0<br \/>\nMAIL:\u00a0<a href=\"mailto:hola@afaquermany.cat\"&hellip;  <a href=\"https:\/\/agora.xtec.cat\/ceipquermany\/serveis\/transport-escolar\/\" title=\"Read AFA i extraescolars\">Llegeix m\u00e9s\u00bb<\/a><\/p>\n","protected":false},"author":1,"featured_media":0,"parent":66,"menu_order":40,"comment_status":"closed","ping_status":"closed","template":"page-templates\/side-menu.php","meta":{"_bbp_topic_count":0,"_bbp_reply_count":0,"_bbp_total_topic_count":0,"_bbp_total_reply_count":0,"_bbp_voice_count":0,"_bbp_anonymous_reply_count":0,"_bbp_topic_count_hidden":0,"_bbp_reply_count_hidden":0,"_bbp_forum_subforum_count":0,"footnotes":""},"class_list":["post-80","page","type-page","status-publish","hentry"],"post_mailing_queue_ids":[],"_links":{"self":[{"href":"https:\/\/agora.xtec.cat\/ceipquermany\/wp-json\/wp\/v2\/pages\/80","targetHints":{"allow":["GET"]}}],"collection":[{"href":"https:\/\/agora.xtec.cat\/ceipquermany\/wp-json\/wp\/v2\/pages"}],"about":[{"href":"https:\/\/agora.xtec.cat\/ceipquermany\/wp-json\/wp\/v2\/types\/page"}],"author":[{"embeddable":true,"href":"https:\/\/agora.xtec.cat\/ceipquermany\/wp-json\/wp\/v2\/users\/1"}],"replies":[{"embeddable":true,"href":"https:\/\/agora.xtec.cat\/ceipquermany\/wp-json\/wp\/v2\/comments?post=80"}],"version-history":[{"count":5,"href":"https:\/\/agora.xtec.cat\/ceipquermany\/wp-json\/wp\/v2\/pages\/80\/revisions"}],"predecessor-version":[{"id":14085,"href":"https:\/\/agora.xtec.cat\/ceipquermany\/wp-json\/wp\/v2\/pages\/80\/revisions\/14085"}],"up":[{"embeddable":true,"href":"https:\/\/agora.xtec.cat\/ceipquermany\/wp-json\/wp\/v2\/pages\/66"}],"wp:attachment":[{"href":"https:\/\/agora.xtec.cat\/ceipquermany\/wp-json\/wp\/v2\/media?parent=80"}],"curies":[{"name":"wp","href":"https:\/\/api.w.org\/{rel}","templated":true}]}}