{"id":2676,"date":"2017-11-13T15:51:56","date_gmt":"2017-11-13T14:51:56","guid":{"rendered":"http:\/\/agora.xtec.cat\/ceipquermany\/?page_id=2676"},"modified":"2022-05-27T12:33:44","modified_gmt":"2022-05-27T10:33:44","slug":"linies-dimplementacio-propies-del-centre","status":"publish","type":"page","link":"https:\/\/agora.xtec.cat\/ceipquermany\/projecte-educatiu\/linies-dimplementacio-propies-del-centre\/","title":{"rendered":"Projectes de centre"},"content":{"rendered":"<p><a href=\"https:\/\/mediambient.gencat.cat\/ca\/05_ambits_dactuacio\/educacio_i_sostenibilitat\/educacio_per_a_la_sostenibilitat\/escoles_verdes\/el_programa_escoles_verdes\/\"><strong>ESCOLA VERDA<\/strong><\/a><\/p>\n<p>El nostre centre \u00e9s escola verda i aix\u00f2 vol dir que eduquem perqu\u00e8 l&#8217;alumnat del nostre centre sigui conscient que vivim en un planeta que hem de conservar i que les nostres accions s\u00f3n clau en aquest aspecte. Per aix\u00f2:<\/p>\n<p><strong style=\"font-family: inherit; font-size: 1em;\">QU\u00c8 FEM?<\/strong><\/p>\n<ul>\n<li>Recollida selectiva de mat\u00e8ria org\u00e0nica, paper i pl\u00e0stics, procurant disminuir al m\u00e0xim els residus.<\/li>\n<li>\u00das de carmanyoles i<\/li>\n<li>Projecte de reutilitzaci\u00f3 de llibres.<\/li>\n<li>Utilitzaci\u00f3 de fulls reutilitzats sempre que sigui possible i fotoc\u00f2pies a dues cares.<\/li>\n<li>Aprofitament de material de rebuig en les activitats de pl\u00e0stica.<\/li>\n<li>Difusi\u00f3 d\u2019activitats relacionades amb el medi ambient (Cartellera Verda)<\/li>\n<li>Treball de l\u2019hort al llarg de les diferents estacions.<\/li>\n<li>Esmorzars saludables. Cada divendres mengem fruita.<\/li>\n<li>Estalvi d\u2019aigua posant brides a les aixetes que ragen massa.<\/li>\n<li>Naturalitzaci\u00f3 del pati de l\u2019escola: plantes arom\u00e0tiques, caixes nius i menjadores.<\/li>\n<li>Reducci\u00f3 de la despesa energ\u00e8tica: tanquem els llums, ordinadors i aparells el\u00e8ctrics quan no es fan servir.<\/li>\n<li>Control de la despesa de calefacci\u00f3 regulant els radiadors i les hores de funcionament.<\/li>\n<li>Recollida d\u2019aig\u00fces pluvials.<\/li>\n<\/ul>\n<p>Us animem a participar en el nostre projecte i a dur-lo a terme a les vostres llars<\/p>\n<p><a href=\"https:\/\/xtec.gencat.cat\/ca\/innovacio\/programes_innovacio\/educacio-infantil-i-primaria\/impuls-de-la-lectura-ilec\/\"><strong>PROJECTE ILEC<\/strong><\/a><\/p>\n<p>El projecte ILEC (projecte d&#8217;innovaci\u00f3 de la lectura) consisteix en fomentar la lectura sistem\u00e0tica en totes les \u00e0rees i mat\u00e8ries del curr\u00edculum al llarg de tota l&#8217;educaci\u00f3 b\u00e0sica per augmentar la <strong>compet\u00e8ncia comunicativa ling\u00fc\u00edstica<\/strong>\u00a0i el\u00a0<strong>desenvolupament de l&#8217;h\u00e0bit lector<\/strong>\u00a0dels infants, tenint present que la\u00a0<strong>compet\u00e8ncia lectora<\/strong>\u00a0\u00e9s a la base de molts dels aprenentatges i un requisit per participar amb \u00e8xit en bona part dels \u00e0mbits de la vida adulta.<\/p>\n<p>El claustre de mestres s&#8217;ha format durant tres cursos (2015-2018) per poder ajudar als alumnes a millorar la compet\u00e8ncia ling\u00fc\u00edstica mitjan\u00e7ant noves orientacions i pautes\u00a0espec\u00edfiques per a cada nivell.<\/p>\n<p>D&#8217;aquest projecte n&#8217;ha sortit l&#8217;elaboraci\u00f3 del nou Pla de Lectura del centre, que forma part del nostre PEC.<\/p>\n","protected":false},"excerpt":{"rendered":"<p><a href=\"https:\/\/mediambient.gencat.cat\/ca\/05_ambits_dactuacio\/educacio_i_sostenibilitat\/educacio_per_a_la_sostenibilitat\/escoles_verdes\/el_programa_escoles_verdes\/\">ESCOLA VERDA<\/a><br \/>\nEl nostre centre \u00e9s escola verda i aix\u00f2 vol dir que eduquem perqu\u00e8 l&#8217;alumnat del nostre centre sigui conscient que vivim en un planeta que hem de conservar i que les nostres accions s\u00f3n clau en aquest aspecte. Per aix\u00f2:<br \/>\nQU\u00c8 FEM?<\/p>\n<ul>\n<li>Recollida selectiva de&hellip;  <a href=\"https:\/\/agora.xtec.cat\/ceipquermany\/projecte-educatiu\/linies-dimplementacio-propies-del-centre\/\" title=\"Read Projectes de centre\">Llegeix m\u00e9s\u00bb<\/a><br \/>\n","protected":false},"author":5,"featured_media":0,"parent":64,"menu_order":0,"comment_status":"closed","ping_status":"closed","template":"","meta":{"_bbp_topic_count":0,"_bbp_reply_count":0,"_bbp_total_topic_count":0,"_bbp_total_reply_count":0,"_bbp_voice_count":0,"_bbp_anonymous_reply_count":0,"_bbp_topic_count_hidden":0,"_bbp_reply_count_hidden":0,"_bbp_forum_subforum_count":0,"footnotes":""},"class_list":["post-2676","page","type-page","status-publish","hentry"],"post_mailing_queue_ids":[],"_links":{"self":[{"href":"https:\/\/agora.xtec.cat\/ceipquermany\/wp-json\/wp\/v2\/pages\/2676","targetHints":{"allow":["GET"]}}],"collection":[{"href":"https:\/\/agora.xtec.cat\/ceipquermany\/wp-json\/wp\/v2\/pages"}],"about":[{"href":"https:\/\/agora.xtec.cat\/ceipquermany\/wp-json\/wp\/v2\/types\/page"}],"author":[{"embeddable":true,"href":"https:\/\/agora.xtec.cat\/ceipquermany\/wp-json\/wp\/v2\/users\/5"}],"replies":[{"embeddable":true,"href":"https:\/\/agora.xtec.cat\/ceipquermany\/wp-json\/wp\/v2\/comments?post=2676"}],"version-history":[{"count":4,"href":"https:\/\/agora.xtec.cat\/ceipquermany\/wp-json\/wp\/v2\/pages\/2676\/revisions"}],"predecessor-version":[{"id":11326,"href":"https:\/\/agora.xtec.cat\/ceipquermany\/wp-json\/wp\/v2\/pages\/2676\/revisions\/11326"}],"up":[{"embeddable":true,"href":"https:\/\/agora.xtec.cat\/ceipquermany\/wp-json\/wp\/v2\/pages\/64"}],"wp:attachment":[{"href":"https:\/\/agora.xtec.cat\/ceipquermany\/wp-json\/wp\/v2\/media?parent=2676"}],"curies":[{"name":"wp","href":"https:\/\/api.w.org\/{rel}","templated":true}]}}