{"id":26,"date":"2014-09-18T12:24:32","date_gmt":"2014-09-18T11:24:32","guid":{"rendered":"http:\/\/agora.xtec.cat\/ceipquermany\/?page_id=26"},"modified":"2017-05-16T16:24:18","modified_gmt":"2017-05-16T14:24:18","slug":"historia","status":"publish","type":"page","link":"https:\/\/agora.xtec.cat\/ceipquermany\/lescola\/historia\/","title":{"rendered":"Hist\u00f2ria"},"content":{"rendered":"<p>L\u2019escola Quermany\u00a0de Pals fou inaugurada\u00a0el 25 d\u2019octubre de\u00a01925, sent alcalde el senyor\u00a0Jaume Canela. Fins\u00a0aquell moment,\u00a0diversos edificis s\u2019havien utilitzat amb aquesta finalitat.<\/p>\n<p>L\u2019aportaci\u00f3 econ\u00f2mica vingu\u00e9 principalment de Josep Torres Jonama.\u00a0Aquest, va ser un industrial surer i indi\u00e0 que, durant el primer quart del segle XX, va impulsar nombroses activitats filantr\u00f2piques i d\u2019iniciativa social.\u00a0Entre les quals destaca la subvenci\u00f3 de les escoles p\u00fabliques de Palafrugell, Pals, Regenc\u00f3s i Mont-ras.<\/p>\n<p>El nou edifici disposava de quatre grans aules orientades al sud, i amb un pati espai\u00f3s i assolellat. Durant molts anys, en aquestes aules hi van haver els\/les alumnes separats per sexes . Poc a poc es van anar fent petites obres de manteniment i ampliaci\u00f3.<\/p>\n<p>A la d\u00e8cada dels setanta, per\u00f2 hi ha haver un gran augment de la poblaci\u00f3 i els alumnes ja no cabien a l\u2019escola. Aix\u00ed es va decidir que els alumnes dels cursos superiors (6\u00e8, 7\u00e8 i 8\u00e8) havien d\u2019anar a acabar la seva escolaritzaci\u00f3 a Begur. No va ser fins al 1987, que despr\u00e9s de la construcci\u00f3 de noves aules, que els alumnes van poder tornar a acabar la seva escolaritzaci\u00f3 al municipi.<\/p>\n<p>A partir d\u2019aqu\u00ed hi ha hagut diferents ampliacions i reformes, fins a l\u2019actualitat que l\u2019escola disposa d\u2019una vintena d\u2019aules i espais.<\/p>\n","protected":false},"excerpt":{"rendered":"<p>L\u2019escola Quermany\u00a0de Pals fou inaugurada\u00a0el 25 d\u2019octubre de\u00a01925, sent alcalde el senyor\u00a0Jaume Canela. Fins\u00a0aquell moment,\u00a0diversos edificis s\u2019havien utilitzat amb aquesta finalitat.<br \/>\nL\u2019aportaci\u00f3 econ\u00f2mica vingu\u00e9 principalment de Josep Torres Jonama.\u00a0Aquest, va ser un industrial surer i indi\u00e0 que, durant el primer quart del segle XX, va impulsar&hellip;  <a href=\"https:\/\/agora.xtec.cat\/ceipquermany\/lescola\/historia\/\" title=\"Read Hist\u00f2ria\">Llegeix m\u00e9s\u00bb<\/a><\/p>\n","protected":false},"author":1,"featured_media":0,"parent":22,"menu_order":20,"comment_status":"closed","ping_status":"closed","template":"page-templates\/side-menu.php","meta":{"_bbp_topic_count":0,"_bbp_reply_count":0,"_bbp_total_topic_count":0,"_bbp_total_reply_count":0,"_bbp_voice_count":0,"_bbp_anonymous_reply_count":0,"_bbp_topic_count_hidden":0,"_bbp_reply_count_hidden":0,"_bbp_forum_subforum_count":0,"footnotes":""},"class_list":["post-26","page","type-page","status-publish","hentry"],"post_mailing_queue_ids":[],"_links":{"self":[{"href":"https:\/\/agora.xtec.cat\/ceipquermany\/wp-json\/wp\/v2\/pages\/26","targetHints":{"allow":["GET"]}}],"collection":[{"href":"https:\/\/agora.xtec.cat\/ceipquermany\/wp-json\/wp\/v2\/pages"}],"about":[{"href":"https:\/\/agora.xtec.cat\/ceipquermany\/wp-json\/wp\/v2\/types\/page"}],"author":[{"embeddable":true,"href":"https:\/\/agora.xtec.cat\/ceipquermany\/wp-json\/wp\/v2\/users\/1"}],"replies":[{"embeddable":true,"href":"https:\/\/agora.xtec.cat\/ceipquermany\/wp-json\/wp\/v2\/comments?post=26"}],"version-history":[{"count":3,"href":"https:\/\/agora.xtec.cat\/ceipquermany\/wp-json\/wp\/v2\/pages\/26\/revisions"}],"predecessor-version":[{"id":2526,"href":"https:\/\/agora.xtec.cat\/ceipquermany\/wp-json\/wp\/v2\/pages\/26\/revisions\/2526"}],"up":[{"embeddable":true,"href":"https:\/\/agora.xtec.cat\/ceipquermany\/wp-json\/wp\/v2\/pages\/22"}],"wp:attachment":[{"href":"https:\/\/agora.xtec.cat\/ceipquermany\/wp-json\/wp\/v2\/media?parent=26"}],"curies":[{"name":"wp","href":"https:\/\/api.w.org\/{rel}","templated":true}]}}