{"id":22,"date":"2014-09-18T12:19:57","date_gmt":"2014-09-18T11:19:57","guid":{"rendered":"http:\/\/agora.xtec.cat\/ceipquermany\/?page_id=22"},"modified":"2019-09-19T09:58:09","modified_gmt":"2019-09-19T07:58:09","slug":"lescola","status":"publish","type":"page","link":"https:\/\/agora.xtec.cat\/ceipquermany\/lescola\/","title":{"rendered":"L&#8217;escola"},"content":{"rendered":"<p>Benvinguts i benvingudes a l&#8217;Escola Quermany!<\/p>\n<p>L\u2019escola d\u2019Educaci\u00f3 Infantil i Prim\u00e0ria Quermany es troba ubicada al municipi de Pals, al Baix Empord\u00e0. Va ser fundada l\u2019any 1925 finan\u00e7ada per Josep Torras i Jonama, empresari surer que despr\u00e9s de la seva tornada de Nova York, va col.laborar en la construcci\u00f3 de m\u00e9s edificis escolars de la zona. El nom li ve donat per dues muntanyes que actuen de contrafort del mass\u00eds de Begur properes a l\u2019escola: el Quermany (del llat\u00ed \u201cquer\u201d roca i \u201cmany\u201d magna) petit i el Quermany gros, de poc m\u00e9s de 100 i 200 metres d\u2019al\u00e7ada.<\/p>\n<p>\u00c9s l\u2019\u00fanica escola d\u2019infantil i prim\u00e0ria que es troba al municipi.<\/p>\n<p>&nbsp;<\/p>\n","protected":false},"excerpt":{"rendered":"<p>Benvinguts i benvingudes a l&#8217;Escola Quermany!<br \/>\nL\u2019escola d\u2019Educaci\u00f3 Infantil i Prim\u00e0ria Quermany es troba ubicada al municipi de Pals, al Baix Empord\u00e0. Va ser fundada l\u2019any 1925 finan\u00e7ada per Josep Torras i Jonama, empresari surer que despr\u00e9s de la seva tornada de Nova York, va col.laborar&hellip;  <a href=\"https:\/\/agora.xtec.cat\/ceipquermany\/lescola\/\" title=\"Read L&#8217;escola\">Llegeix m\u00e9s\u00bb<\/a><\/p>\n","protected":false},"author":1,"featured_media":0,"parent":0,"menu_order":0,"comment_status":"closed","ping_status":"closed","template":"page-templates\/side-menu.php","meta":{"_bbp_topic_count":0,"_bbp_reply_count":0,"_bbp_total_topic_count":0,"_bbp_total_reply_count":0,"_bbp_voice_count":0,"_bbp_anonymous_reply_count":0,"_bbp_topic_count_hidden":0,"_bbp_reply_count_hidden":0,"_bbp_forum_subforum_count":0,"footnotes":""},"class_list":["post-22","page","type-page","status-publish","hentry"],"post_mailing_queue_ids":[],"_links":{"self":[{"href":"https:\/\/agora.xtec.cat\/ceipquermany\/wp-json\/wp\/v2\/pages\/22","targetHints":{"allow":["GET"]}}],"collection":[{"href":"https:\/\/agora.xtec.cat\/ceipquermany\/wp-json\/wp\/v2\/pages"}],"about":[{"href":"https:\/\/agora.xtec.cat\/ceipquermany\/wp-json\/wp\/v2\/types\/page"}],"author":[{"embeddable":true,"href":"https:\/\/agora.xtec.cat\/ceipquermany\/wp-json\/wp\/v2\/users\/1"}],"replies":[{"embeddable":true,"href":"https:\/\/agora.xtec.cat\/ceipquermany\/wp-json\/wp\/v2\/comments?post=22"}],"version-history":[{"count":3,"href":"https:\/\/agora.xtec.cat\/ceipquermany\/wp-json\/wp\/v2\/pages\/22\/revisions"}],"predecessor-version":[{"id":4319,"href":"https:\/\/agora.xtec.cat\/ceipquermany\/wp-json\/wp\/v2\/pages\/22\/revisions\/4319"}],"wp:attachment":[{"href":"https:\/\/agora.xtec.cat\/ceipquermany\/wp-json\/wp\/v2\/media?parent=22"}],"curies":[{"name":"wp","href":"https:\/\/api.w.org\/{rel}","templated":true}]}}