{"id":2148,"date":"2016-09-16T14:55:33","date_gmt":"2016-09-16T13:55:33","guid":{"rendered":"http:\/\/agora.xtec.cat\/ceipquermany\/?page_id=2148"},"modified":"2025-09-01T22:02:30","modified_gmt":"2025-09-01T20:02:30","slug":"claustre","status":"publish","type":"page","link":"https:\/\/agora.xtec.cat\/ceipquermany\/lescola\/claustre\/","title":{"rendered":"Persones que hi treballem"},"content":{"rendered":"<h1 class=\"entry-title\"><\/h1>\n<table class=\" aligncenter\" style=\"height: 922px; width: 57.0151%;\">\n<tbody>\n<tr style=\"height: 31px;\">\n<td style=\"text-align: center; height: 31px; width: 11.0497%;\"><strong>CURS<\/strong><\/td>\n<td style=\"text-align: center; height: 31px; width: 39.779%;\"><strong>NOM<\/strong><\/td>\n<td style=\"height: 31px; width: 17.1271%;\"><strong>\u00a0 \u00a0ESPECIALITAT<\/strong><\/td>\n<td style=\"text-align: center; height: 31px; width: 30.0184%;\"><strong>C\u00c0RRECS<\/strong><\/td>\n<\/tr>\n<tr style=\"height: 31px;\">\n<td style=\"height: 10px; width: 11.0497%;\">EI3<\/td>\n<td style=\"height: 10px; width: 39.779%;\">Sandra Deulofeu i Costa<\/td>\n<td style=\"height: 10px; width: 17.1271%;\">Infantil<\/td>\n<td style=\"height: 10px; width: 30.0184%;\"><\/td>\n<\/tr>\n<tr style=\"height: 31px;\">\n<td style=\"height: 31px; width: 11.0497%;\">EI4<\/td>\n<td style=\"height: 31px; width: 39.779%;\">Ester Ribas i Gispert<\/td>\n<td style=\"height: 31px; width: 17.1271%;\">Infantil<\/td>\n<td style=\"height: 31px; width: 30.0184%;\"><\/td>\n<\/tr>\n<tr style=\"height: 31px;\">\n<td style=\"height: 31px; width: 11.0497%;\">EI5<\/td>\n<td style=\"height: 31px; width: 39.779%;\">F\u00e0tima S\u00e1nchez i Gonz\u00e1lez<\/td>\n<td style=\"height: 31px; width: 17.1271%;\">Infantil<\/td>\n<td style=\"height: 31px; width: 30.0184%;\"><\/td>\n<\/tr>\n<tr style=\"height: 31px;\">\n<td style=\"height: 31px; width: 11.0497%;\">1r<\/td>\n<td style=\"height: 31px; width: 39.779%;\">\u00a0Marta Jord\u00e0 i Lunes<\/td>\n<td style=\"height: 31px; width: 17.1271%;\">Prim\u00e0ria<\/td>\n<td style=\"height: 31px; width: 30.0184%;\"><\/td>\n<\/tr>\n<tr style=\"height: 31px;\">\n<td style=\"height: 31px; width: 11.0497%;\">2n<\/td>\n<td style=\"height: 31px; width: 39.779%;\">\u00a0Ivette Salat i Rubinat<\/td>\n<td style=\"height: 31px; width: 17.1271%;\">Prim\u00e0ria<\/td>\n<td style=\"height: 31px; width: 30.0184%;\"><\/td>\n<\/tr>\n<tr style=\"height: 31px;\">\n<td style=\"height: 31px; width: 11.0497%;\">3r<\/td>\n<td style=\"height: 31px; width: 39.779%;\">J\u00falia Montia i L\u00f3pez<\/td>\n<td style=\"height: 31px; width: 17.1271%;\">Prim\u00e0ria<\/td>\n<td style=\"height: 31px; width: 30.0184%;\"><\/td>\n<\/tr>\n<tr style=\"height: 31px;\">\n<td style=\"height: 31px; width: 11.0497%;\">4t<\/td>\n<td style=\"height: 31px; width: 39.779%;\">Gl\u00f2ria F\u00e0bregas i Juanmiquel<\/td>\n<td style=\"height: 31px; width: 17.1271%;\">Prim\u00e0ria<\/td>\n<td style=\"height: 31px; width: 30.0184%;\"><\/td>\n<\/tr>\n<tr style=\"height: 31px;\">\n<td style=\"height: 31px; width: 11.0497%;\">5\u00e8<\/td>\n<td style=\"height: 31px; width: 39.779%;\">Patr\u00edcia Jordi i Olano<\/td>\n<td style=\"height: 31px; width: 17.1271%;\">Prim\u00e0ria<\/td>\n<td style=\"height: 31px; width: 30.0184%;\"><\/td>\n<\/tr>\n<tr style=\"height: 31px;\">\n<td style=\"height: 31px; width: 11.0497%;\">6\u00e8<\/td>\n<td style=\"height: 31px; width: 39.779%;\">\u00a0N\u00faria Ram\u00edrez i Roig<\/td>\n<td style=\"height: 31px; width: 17.1271%;\">Prim\u00e0ria<\/td>\n<td style=\"height: 31px; width: 30.0184%;\"><\/td>\n<\/tr>\n<tr style=\"height: 31px;\">\n<td style=\"height: 31px; width: 11.0497%;\">REL<\/td>\n<td style=\"height: 31px; width: 39.779%;\">Yolanda Contreras i Jim\u00e9nez<\/td>\n<td style=\"height: 31px; width: 17.1271%;\">Religi\u00f3<\/td>\n<td style=\"height: 31px; width: 30.0184%;\"><\/td>\n<\/tr>\n<tr style=\"height: 46px;\">\n<td style=\"height: 46px; width: 11.0497%;\">PE<\/td>\n<td style=\"height: 46px; width: 39.779%;\">Isaac Benito i Padr\u00f3<\/td>\n<td style=\"height: 46px; width: 17.1271%;\">Physical Education<\/td>\n<td style=\"height: 46px; width: 30.0184%;\"><\/td>\n<\/tr>\n<tr>\n<td style=\"width: 11.0497%;\">EE<\/td>\n<td style=\"width: 39.779%;\">Patr\u00edcia Jordi i Olano<\/td>\n<td style=\"width: 17.1271%;\">Educaci\u00f3 Especial<\/td>\n<td style=\"width: 30.0184%;\"><\/td>\n<\/tr>\n<tr>\n<td style=\"width: 11.0497%;\">EI<\/td>\n<td style=\"width: 39.779%;\">J\u00falia Salleras i Alabau<\/td>\n<td style=\"width: 17.1271%;\">Suports<\/td>\n<td style=\"width: 30.0184%;\"><\/td>\n<\/tr>\n<tr style=\"height: 38px;\">\n<td style=\"height: 38px; width: 11.0497%;\">PMU<\/td>\n<td style=\"height: 38px; width: 39.779%;\"><a href=\"https:\/\/agora.xtec.cat\/ceipquermany\/wp-content\/uploads\/usu756\/2023\/05\/Equip-directiu-1.pdf\">Josep Antoni Garcia i Ca\u00f1adas<\/a><\/td>\n<td style=\"height: 38px; width: 17.1271%;\">M\u00fasica<\/td>\n<td style=\"height: 38px; width: 30.0184%;\">Secretari<\/td>\n<\/tr>\n<tr style=\"height: 31px;\">\n<td style=\"height: 31px; width: 11.0497%;\">ANG<\/td>\n<td style=\"height: 31px; width: 39.779%;\"><a href=\"https:\/\/agora.xtec.cat\/ceipquermany\/wp-content\/uploads\/usu756\/2023\/05\/Equip-directiu-1.pdf\">S\u00edlvia L\u00f3pez I Vila<\/a><\/p>\n<p>Juan Ramon Padilla i Mar\u00edn<\/td>\n<td style=\"height: 31px; width: 17.1271%;\">English<\/td>\n<td style=\"height: 31px; width: 30.0184%;\">Cap d&#8217;Estudis<\/td>\n<\/tr>\n<tr>\n<td style=\"width: 11.0497%;\">PRI<\/td>\n<td style=\"width: 39.779%;\"><a href=\"https:\/\/agora.xtec.cat\/ceipquermany\/wp-content\/uploads\/usu756\/2023\/05\/Equip-directiu-1.pdf\">Judit Albert i Planas<\/a><\/td>\n<td style=\"width: 17.1271%;\">Suports<\/td>\n<td style=\"width: 30.0184%;\">Directora<\/td>\n<\/tr>\n<tr style=\"height: 31px;\">\n<td style=\"height: 31px; width: 11.0497%;\">VET<\/td>\n<td style=\"height: 31px; width: 39.779%;\">S\u00f2nia F\u00e0bregas i S\u00e1nchez<\/td>\n<td style=\"height: 31px; width: 17.1271%;\">Vetlladora<\/td>\n<td style=\"height: 31px; width: 30.0184%;\"><\/td>\n<\/tr>\n<tr style=\"height: 46px;\">\n<td style=\"height: 46px; width: 11.0497%;\">PAS<\/td>\n<td style=\"height: 46px; width: 39.779%;\">Carme Garcia i Mendoza<\/td>\n<td style=\"height: 46px; width: 17.1271%;\">Administrativa<\/td>\n<td style=\"height: 46px; width: 30.0184%;\"><\/td>\n<\/tr>\n<tr style=\"height: 31px;\">\n<td style=\"height: 31px; width: 11.0497%;\">PAS<\/td>\n<td style=\"height: 31px; width: 39.779%;\">Tere Servi\u00e0 i Moret<\/td>\n<td style=\"height: 31px; width: 17.1271%;\">Consergeria<\/td>\n<td style=\"height: 31px; width: 30.0184%;\"><\/td>\n<\/tr>\n<tr style=\"height: 31px;\">\n<td style=\"height: 31px; width: 11.0497%;\">MENJ<\/td>\n<td style=\"height: 31px; width: 39.779%;\">Pili Garrido i Rufaste<\/p>\n<p>&nbsp;<\/td>\n<td style=\"height: 31px; width: 17.1271%;\">Acollida matinal<\/p>\n<p>Monitora menjador<\/td>\n<td style=\"height: 31px; width: 30.0184%;\">Coord menjador<\/td>\n<\/tr>\n<tr style=\"height: 31px;\">\n<td style=\"height: 31px; width: 11.0497%;\">MENJ<\/td>\n<td style=\"height: 31px; width: 39.779%;\">S\u00f2nia F\u00e0bregas i S\u00e1nchez<\/td>\n<td style=\"height: 31px; width: 17.1271%;\">Monitora<\/td>\n<td style=\"height: 31px; width: 30.0184%;\"><\/td>\n<\/tr>\n<tr>\n<td style=\"width: 11.0497%;\">MENJ<\/td>\n<td style=\"width: 39.779%;\"><\/td>\n<td style=\"width: 17.1271%;\">Monitora<\/td>\n<td style=\"width: 30.0184%;\"><\/td>\n<\/tr>\n<tr style=\"height: 32px;\">\n<td style=\"width: 11.0497%; height: 32px;\">MENJ<\/td>\n<td style=\"width: 39.779%; height: 32px;\">Lucy Mart\u00edn i Bertos<\/td>\n<td style=\"width: 17.1271%; height: 32px;\">Monitora<\/td>\n<td style=\"width: 30.0184%; height: 32px;\"><\/td>\n<\/tr>\n<tr style=\"height: 32px;\">\n<td style=\"width: 11.0497%; height: 32px;\">MENJ<\/td>\n<td style=\"width: 39.779%; height: 32px;\"><\/td>\n<td style=\"width: 17.1271%; height: 32px;\">Monitora<\/td>\n<td style=\"width: 30.0184%; height: 32px;\"><\/td>\n<\/tr>\n<tr style=\"height: 32px;\">\n<td style=\"width: 11.0497%; height: 32px;\"><\/td>\n<td style=\"width: 39.779%; height: 32px;\"><\/td>\n<td style=\"width: 17.1271%; height: 32px;\"><\/td>\n<td style=\"width: 30.0184%; height: 32px;\"><\/td>\n<\/tr>\n<tr style=\"height: 32px;\">\n<td style=\"width: 11.0497%; height: 32px;\">ACN<\/td>\n<td style=\"width: 39.779%; height: 32px;\"><\/td>\n<td style=\"width: 17.1271%; height: 32px;\">Cuina<\/td>\n<td style=\"width: 30.0184%; height: 32px;\"><\/td>\n<\/tr>\n<\/tbody>\n<\/table>\n<div><\/div>\n<div><\/div>\n<div><\/div>\n<div class=\"entry-content\"><\/div>\n<p>&nbsp;<\/p>\n<p>&nbsp;<\/p>\n<p>&nbsp;<\/p>\n","protected":false},"excerpt":{"rendered":"<p>CURS<br \/>\nNOM<br \/>\n\u00a0 \u00a0ESPECIALITAT<br \/>\nC\u00c0RRECS<\/p>\n<p>EI3<br \/>\nSandra Deulofeu i Costa<br \/>\nInfantil<\/p>\n<p>EI4<br \/>\nEster Ribas i Gispert<br \/>\nInfantil<\/p>\n<p>EI5<br \/>\nF\u00e0tima S\u00e1nchez i Gonz\u00e1lez<br \/>\nInfantil<\/p>\n<p>1r<br \/>\n\u00a0Marta Jord\u00e0 i Lunes<br \/>\nPrim\u00e0ria<\/p>\n<p>2n<br \/>\n\u00a0Ivette Salat i Rubinat<br \/>\nPrim\u00e0ria<\/p>\n<p>3r<br \/>\nJ\u00falia Montia i L\u00f3pez<br \/>\nPrim\u00e0ria<\/p>\n<p>4t<br \/>\nGl\u00f2ria F\u00e0bregas i Juanmiquel<br \/>\nPrim\u00e0ria<\/p>\n<p>5\u00e8<br \/>\nPatr\u00edcia Jordi i Olano<br \/>\nPrim\u00e0ria<\/p>\n<p>6\u00e8<br \/>\n\u00a0N\u00faria Ram\u00edrez i Roig<br \/>\nPrim\u00e0ria<\/p>\n<p>REL<br \/>\nYolanda Contreras i Jim\u00e9nez<br \/>\nReligi\u00f3<\/p>\n<p>PE<br \/>\nIsaac Benito i Padr\u00f3<br \/>\nPhysical Education<\/p>\n<p>EE<br \/>\nPatr\u00edcia Jordi i Olano<br \/>\nEducaci\u00f3 Especial<\/p>\n<p>EI<br \/>\nJ\u00falia Salleras i Alabau<br \/>\nSuports<\/p>\n<p>PMU<br \/>\n<a href=\"https:\/\/agora.xtec.cat\/ceipquermany\/wp-content\/uploads\/usu756\/2023\/05\/Equip-directiu-1.pdf\">Josep Antoni&hellip;  <a href=\"https:\/\/agora.xtec.cat\/ceipquermany\/lescola\/claustre\/\" title=\"Read Persones que hi treballem\">Llegeix m\u00e9s\u00bb<\/a><\/p>\n","protected":false},"author":1,"featured_media":0,"parent":22,"menu_order":7,"comment_status":"closed","ping_status":"closed","template":"page-templates\/side-menu.php","meta":{"_bbp_topic_count":0,"_bbp_reply_count":0,"_bbp_total_topic_count":0,"_bbp_total_reply_count":0,"_bbp_voice_count":0,"_bbp_anonymous_reply_count":0,"_bbp_topic_count_hidden":0,"_bbp_reply_count_hidden":0,"_bbp_forum_subforum_count":0,"footnotes":""},"class_list":["post-2148","page","type-page","status-publish","hentry"],"post_mailing_queue_ids":[],"_links":{"self":[{"href":"https:\/\/agora.xtec.cat\/ceipquermany\/wp-json\/wp\/v2\/pages\/2148","targetHints":{"allow":["GET"]}}],"collection":[{"href":"https:\/\/agora.xtec.cat\/ceipquermany\/wp-json\/wp\/v2\/pages"}],"about":[{"href":"https:\/\/agora.xtec.cat\/ceipquermany\/wp-json\/wp\/v2\/types\/page"}],"author":[{"embeddable":true,"href":"https:\/\/agora.xtec.cat\/ceipquermany\/wp-json\/wp\/v2\/users\/1"}],"replies":[{"embeddable":true,"href":"https:\/\/agora.xtec.cat\/ceipquermany\/wp-json\/wp\/v2\/comments?post=2148"}],"version-history":[{"count":8,"href":"https:\/\/agora.xtec.cat\/ceipquermany\/wp-json\/wp\/v2\/pages\/2148\/revisions"}],"predecessor-version":[{"id":18008,"href":"https:\/\/agora.xtec.cat\/ceipquermany\/wp-json\/wp\/v2\/pages\/2148\/revisions\/18008"}],"up":[{"embeddable":true,"href":"https:\/\/agora.xtec.cat\/ceipquermany\/wp-json\/wp\/v2\/pages\/22"}],"wp:attachment":[{"href":"https:\/\/agora.xtec.cat\/ceipquermany\/wp-json\/wp\/v2\/media?parent=2148"}],"curies":[{"name":"wp","href":"https:\/\/api.w.org\/{rel}","templated":true}]}}