{"id":9,"date":"2014-09-17T15:08:18","date_gmt":"2014-09-17T14:08:18","guid":{"rendered":"http:\/\/agora.xtec.cat\/ceippuiggracios\/?page_id=9"},"modified":"2026-03-03T10:05:42","modified_gmt":"2026-03-03T09:05:42","slug":"pagina-dinici-buida","status":"publish","type":"page","link":"https:\/\/agora.xtec.cat\/ceippuiggracios\/","title":{"rendered":"OFERTA INICIAL DE PLACES CURS 2025-2026"},"content":{"rendered":"<h1><strong><a href=\"https:\/\/agora.xtec.cat\/ceippuiggracios\/wp-content\/uploads\/usu511\/2026\/03\/Captura-de-pantalla-2026-03-03-095246.png\">OFERTA INICIAL DE PLACES<\/a><\/strong><\/h1>\n<h1><strong><span class=\"a_GcMg font-feature-liga-off font-feature-clig-off font-feature-calt-off text-decoration-none text-strikethrough-none\">Presentaci\u00f3 de sol\u00b7licituds del <\/span><span class=\"a_GcMg font-feature-liga-off font-feature-clig-off font-feature-calt-off text-decoration-none text-strikethrough-none\">04 al 18 de mar\u00e7<\/span><\/strong><\/h1>\n<h2>Podeu consultar aquest <a href=\"https:\/\/www.youtube.com\/watch?v=9xMdvXoFR_4\" target=\"_blank\" rel=\"noopener\"><strong>v\u00eddeo<\/strong>\u00a0<\/a>del Departament que us explica els\u00a0<strong>passos a seguir<\/strong>\u00a0en el proc\u00e9s de preinscripci\u00f3 telem\u00e0tica.<\/h2>\n<h1><\/h1>\n<p><a href=\"https:\/\/agora.xtec.cat\/ceippuiggracios\/wp-content\/uploads\/usu511\/2026\/03\/JORNADA-DE-PORTES-OBERTES-2627.jpg\"><img loading=\"lazy\" decoding=\"async\" class=\"alignnone size-full wp-image-4738\" src=\"https:\/\/agora.xtec.cat\/ceippuiggracios\/wp-content\/uploads\/usu511\/2026\/03\/JORNADA-DE-PORTES-OBERTES-2627.jpg\" alt=\"\" width=\"2245\" height=\"1587\" srcset=\"https:\/\/agora.xtec.cat\/ceippuiggracios\/wp-content\/uploads\/usu511\/2026\/03\/JORNADA-DE-PORTES-OBERTES-2627.jpg 2245w, https:\/\/agora.xtec.cat\/ceippuiggracios\/wp-content\/uploads\/usu511\/2026\/03\/JORNADA-DE-PORTES-OBERTES-2627-300x212.jpg 300w, https:\/\/agora.xtec.cat\/ceippuiggracios\/wp-content\/uploads\/usu511\/2026\/03\/JORNADA-DE-PORTES-OBERTES-2627-1024x724.jpg 1024w, https:\/\/agora.xtec.cat\/ceippuiggracios\/wp-content\/uploads\/usu511\/2026\/03\/JORNADA-DE-PORTES-OBERTES-2627-768x543.jpg 768w, https:\/\/agora.xtec.cat\/ceippuiggracios\/wp-content\/uploads\/usu511\/2026\/03\/JORNADA-DE-PORTES-OBERTES-2627-1536x1086.jpg 1536w, https:\/\/agora.xtec.cat\/ceippuiggracios\/wp-content\/uploads\/usu511\/2026\/03\/JORNADA-DE-PORTES-OBERTES-2627-2048x1448.jpg 2048w\" sizes=\"auto, (max-width: 2245px) 100vw, 2245px\" \/><\/a><\/p>\n<p>&nbsp;<\/p>\n<div style=\"width: 100%;\">\n<div style=\"position: relative; padding-bottom: 56.25%; padding-top: 0; height: 0;\"><iframe loading=\"lazy\" style=\"position: absolute; top: 0; left: 0; width: 100%; height: 100%;\" title=\"Portes obertes 2026-27\" src=\"https:\/\/view.genially.com\/697b2f02868bd8e2ccf8d232\" width=\"1200\" height=\"675\" frameborder=\"0\" scrolling=\"yes\" allowfullscreen=\"allowfullscreen\"><\/iframe><\/div>\n<\/div>\n<p>&nbsp;<\/p>\n<div>\n<div style=\"position: relative; width: 100%; height: 0; padding-top: 56.2500%; padding-bottom: 0; box-shadow: 0 2px 8px 0 rgba(63,69,81,0.16); margin-top: 1.6em; margin-bottom: 0.9em; overflow: hidden; border-radius: 8px; will-change: transform;\"><iframe style=\"position: absolute; width: 100%; height: 100%; top: 0; left: 0; border: none; padding: 0; margin: 0;\" src=\"https:\/\/www.canva.com\/design\/DAGD47ZXliA\/l5ESmhlxgn83jEgjcZaJ5g\/view?embed\" allowfullscreen=\"allowfullscreen\"><br \/>\n<\/iframe><\/div>\n<p><a href=\"https:\/\/www.canva.com\/design\/DAGD47ZXliA\/l5ESmhlxgn83jEgjcZaJ5g\/view?utm_content=DAGD47ZXliA&amp;utm_campaign=designshare&amp;utm_medium=embeds&amp;utm_source=link\" target=\"_blank\" rel=\"noopener\">INFANTIL les matem\u00e0tiques<\/a> de Escola Puiggraci\u00f3s<\/p>\n<\/div>\n<div><\/div>\n<div><\/div>\n<div>\n<p><script src=\"https:\/\/static.elfsight.com\/platform\/platform.js\" async><\/script><\/p>\n<div class=\"elfsight-app-a3ea629c-a42d-4169-b76e-66e5af5e8520\" data-elfsight-app-lazy=\"\"><\/div>\n<\/div>\n<div><\/div>\n<div><strong style=\"color: #000080; font-size: 1.6875em;\"><a style=\"color: #000080; text-decoration: underline;\" href=\"https:\/\/www.instagram.com\/escolapuiggracios\/\" target=\"_blank\" rel=\"noopener\">\u00daltimes publicacions a<\/a><\/strong> <strong style=\"color: #000080; font-size: 1.6875em;\"><a style=\"color: #000080; text-decoration: underline;\" href=\"https:\/\/www.instagram.com\/escolapuiggracios\/\" target=\"_blank\" rel=\"noopener\">Instagram. No us les perdeu!<\/a><\/strong><\/div>\n<div><\/div>\n<div><\/div>\n<div><\/div>\n<div><\/div>\n","protected":false},"excerpt":{"rendered":"<p><a href=\"https:\/\/agora.xtec.cat\/ceippuiggracios\/wp-content\/uploads\/usu511\/2026\/03\/Captura-de-pantalla-2026-03-03-095246.png\">OFERTA INICIAL DE PLACES<\/a><br \/>\nPresentaci\u00f3 de sol\u00b7licituds del 04 al 18 de mar\u00e7<br \/>\nPodeu consultar aquest <a href=\"https:\/\/www.youtube.com\/watch?v=9xMdvXoFR_4\" target=\"_blank\" rel=\"noopener\">v\u00eddeo\u00a0<\/a>del Departament que us explica els\u00a0passos a seguir\u00a0en el proc\u00e9s de preinscripci\u00f3 telem\u00e0tica.<\/p>\n<p><a href=\"https:\/\/agora.xtec.cat\/ceippuiggracios\/wp-content\/uploads\/usu511\/2026\/03\/JORNADA-DE-PORTES-OBERTES-2627.jpg\"><\/a><br \/>\n&nbsp;<\/p>\n<p>&nbsp;<\/p>\n<p><a href=\"https:\/\/www.canva.com\/design\/DAGD47ZXliA\/l5ESmhlxgn83jEgjcZaJ5g\/view?utm_content=DAGD47ZXliA&amp;utm_campaign=designshare&amp;utm_medium=embeds&amp;utm_source=link\" target=\"_blank\" rel=\"noopener\">INFANTIL les matem\u00e0tiques<\/a> de Escola Puiggraci\u00f3s<\/p>\n<p><a style=\"color: #000080; text-decoration: underline;\" href=\"https:\/\/www.instagram.com\/escolapuiggracios\/\"&hellip;  <a href=\"https:\/\/agora.xtec.cat\/ceippuiggracios\/\" title=\"Read OFERTA INICIAL DE PLACES CURS 2025-2026\">Llegeix m\u00e9s\u00bb<\/a><\/p>\n","protected":false},"author":1,"featured_media":0,"parent":0,"menu_order":0,"comment_status":"closed","ping_status":"closed","template":"page-templates\/front-page.php","meta":{"_bbp_topic_count":0,"_bbp_reply_count":0,"_bbp_total_topic_count":0,"_bbp_total_reply_count":0,"_bbp_voice_count":0,"_bbp_anonymous_reply_count":0,"_bbp_topic_count_hidden":0,"_bbp_reply_count_hidden":0,"_bbp_forum_subforum_count":0,"footnotes":""},"class_list":["post-9","page","type-page","status-publish","hentry"],"post_mailing_queue_ids":[],"_links":{"self":[{"href":"https:\/\/agora.xtec.cat\/ceippuiggracios\/wp-json\/wp\/v2\/pages\/9","targetHints":{"allow":["GET"]}}],"collection":[{"href":"https:\/\/agora.xtec.cat\/ceippuiggracios\/wp-json\/wp\/v2\/pages"}],"about":[{"href":"https:\/\/agora.xtec.cat\/ceippuiggracios\/wp-json\/wp\/v2\/types\/page"}],"author":[{"embeddable":true,"href":"https:\/\/agora.xtec.cat\/ceippuiggracios\/wp-json\/wp\/v2\/users\/1"}],"replies":[{"embeddable":true,"href":"https:\/\/agora.xtec.cat\/ceippuiggracios\/wp-json\/wp\/v2\/comments?post=9"}],"version-history":[{"count":7,"href":"https:\/\/agora.xtec.cat\/ceippuiggracios\/wp-json\/wp\/v2\/pages\/9\/revisions"}],"predecessor-version":[{"id":4751,"href":"https:\/\/agora.xtec.cat\/ceippuiggracios\/wp-json\/wp\/v2\/pages\/9\/revisions\/4751"}],"wp:attachment":[{"href":"https:\/\/agora.xtec.cat\/ceippuiggracios\/wp-json\/wp\/v2\/media?parent=9"}],"curies":[{"name":"wp","href":"https:\/\/api.w.org\/{rel}","templated":true}]}}