{"id":3704,"date":"2020-12-14T15:35:04","date_gmt":"2020-12-14T14:35:04","guid":{"rendered":"http:\/\/agora.xtec.cat\/ceippuiggracios\/?page_id=3704"},"modified":"2025-06-18T14:18:02","modified_gmt":"2025-06-18T12:18:02","slug":"preinscripcio","status":"publish","type":"page","link":"https:\/\/agora.xtec.cat\/ceippuiggracios\/preinscripcio\/","title":{"rendered":"PREINSCRIPCI\u00d3 CURS 2025-2026"},"content":{"rendered":"<h2><span style=\"text-decoration: underline; color: #ff0000;\">PER\u00cdODE DE MATRICULACI\u00d3 DEL 25 DE JUNY AL 3 DE JULIOL (virtual)<\/span><\/h2>\n<p><a href=\"https:\/\/agora.xtec.cat\/ceippuiggracios\/wp-content\/uploads\/usu511\/2025\/06\/Captura-de-pantalla-2025-06-18-135534.png\"><img loading=\"lazy\" decoding=\"async\" class=\"alignnone size-full wp-image-4712\" src=\"https:\/\/agora.xtec.cat\/ceippuiggracios\/wp-content\/uploads\/usu511\/2025\/06\/Captura-de-pantalla-2025-06-18-135534.png\" alt=\"\" width=\"1003\" height=\"705\" srcset=\"https:\/\/agora.xtec.cat\/ceippuiggracios\/wp-content\/uploads\/usu511\/2025\/06\/Captura-de-pantalla-2025-06-18-135534.png 1003w, https:\/\/agora.xtec.cat\/ceippuiggracios\/wp-content\/uploads\/usu511\/2025\/06\/Captura-de-pantalla-2025-06-18-135534-300x211.png 300w, https:\/\/agora.xtec.cat\/ceippuiggracios\/wp-content\/uploads\/usu511\/2025\/06\/Captura-de-pantalla-2025-06-18-135534-768x540.png 768w\" sizes=\"auto, (max-width: 1003px) 100vw, 1003px\" \/><\/a><\/p>\n<h3><strong><span style=\"text-decoration: underline;\"><span style=\"color: #ff0000; text-decoration: underline;\">DOCUMENTS PER LA MATR\u00cdCULA:\u00a0<\/span><\/span><\/strong><\/h3>\n<h4><a href=\"https:\/\/agora.xtec.cat\/ceippuiggracios\/wp-content\/uploads\/usu511\/2025\/06\/Autoritzacions_globals_2025-2026.pdf\">AUTORITZACIONS PER A LES ETAPES D\u2019EDUCACI\u00d3 INFANTIL I PRIM\u00c0RIA<\/a><\/h4>\n<h4><a href=\"https:\/\/agora.xtec.cat\/ceippuiggracios\/wp-content\/uploads\/usu511\/2025\/06\/Fitxa_ingres_.pdf\">FITXA INGR\u00c9S<\/a><\/h4>\n<p>___________________________________________________________________________________________________________________<\/p>\n<h2><em><a href=\"https:\/\/agora.xtec.cat\/ceippuiggracios\/wp-content\/uploads\/usu511\/2025\/06\/INFORME_PREINSCRITES_OME_INFORME_PREINSCRITES_OME.pdf\">ALUMNES PREINSCRITS AL CENTRE CURS 2025-2026<\/a><\/em><\/h2>\n<h2><em><a href=\"https:\/\/agora.xtec.cat\/ceippuiggracios\/wp-content\/uploads\/usu511\/2025\/06\/INFORME_ASSIGNADES_INFORME_ASSIGNADES-1.pdf\">ALUMNES ASSIGNATS AL CENTRE AMB INDICACI\u00d3 DE LA PRIMERA PETICI\u00d3 CURS 2025-2026<\/a><\/em><\/h2>\n<h2><em><a href=\"https:\/\/agora.xtec.cat\/ceippuiggracios\/wp-content\/uploads\/usu511\/2025\/06\/INFORME_LLISTA_ESPERA_OME_LLISTA_ESPERA-1.pdf\">LLISTA ESPERA CURS 2025-2026<\/a><\/em><\/h2>\n<h2><a href=\"https:\/\/agora.xtec.cat\/ceippuiggracios\/wp-content\/uploads\/usu511\/2025\/06\/OFERTA-FINAL-PLACES.pdf\"><em>OFERTA FINAL PLACES CURS 2025-2026<\/em><\/a><\/h2>\n<h2><em><a href=\"https:\/\/agora.xtec.cat\/ceippuiggracios\/wp-content\/uploads\/usu511\/2025\/05\/BAREM-DEFINITIU.pdf\">BAREM DEFINITIU CURS 2025-2026<\/a><\/em><\/h2>\n<h2><em><a href=\"https:\/\/agora.xtec.cat\/ceippuiggracios\/wp-content\/uploads\/usu511\/2025\/05\/BAREM-RESOLTES-RECLAMACIONS.pdf\">BAREM RESOLTES LES RECLAMACIONS CURS 2025-2026<\/a><\/em><\/h2>\n<h2><em><a href=\"https:\/\/agora.xtec.cat\/ceippuiggracios\/wp-content\/uploads\/usu511\/2025\/04\/BAREM-PROVISIONAL.pdf\">BAREM PROVISIONAL CURS 2025-2026<\/a><\/em><\/h2>\n<h2><em><a href=\"https:\/\/agora.xtec.cat\/ceippuiggracios\/wp-content\/uploads\/usu511\/2025\/04\/OFERTA-INICIAL-110325.pdf\">OFERTA INICIAL CURS 2025-2026<\/a><\/em><\/h2>\n<p><a href=\"https:\/\/agora.xtec.cat\/ceippuiggracios\/wp-content\/uploads\/usu511\/2025\/03\/preinscripcio-blog.png\"><img loading=\"lazy\" decoding=\"async\" class=\"alignnone size-full wp-image-4676\" src=\"https:\/\/agora.xtec.cat\/ceippuiggracios\/wp-content\/uploads\/usu511\/2025\/03\/preinscripcio-blog.png\" alt=\"\" width=\"1008\" height=\"673\" srcset=\"https:\/\/agora.xtec.cat\/ceippuiggracios\/wp-content\/uploads\/usu511\/2025\/03\/preinscripcio-blog.png 1008w, https:\/\/agora.xtec.cat\/ceippuiggracios\/wp-content\/uploads\/usu511\/2025\/03\/preinscripcio-blog-300x200.png 300w, https:\/\/agora.xtec.cat\/ceippuiggracios\/wp-content\/uploads\/usu511\/2025\/03\/preinscripcio-blog-768x513.png 768w\" sizes=\"auto, (max-width: 1008px) 100vw, 1008px\" \/><\/a><\/p>\n<p><!--more--><\/p>\n<h4><\/h4>\n<p>DOCUMENTACI\u00d3:<\/p>\n<p><a href=\"https:\/\/agora.xtec.cat\/ceippuiggracios\/wp-content\/uploads\/usu511\/2024\/03\/Oferta-inicial.pdf\">Oferta inicial (5 de mar\u00e7)<\/a><\/p>\n<h4><strong><span style=\"color: #000000;\">Com emplenar la sol\u00b7licitud de preinscripci\u00f3:<\/span><\/strong><\/h4>\n<h5><a href=\"https:\/\/youtu.be\/OuhbC06EQSs\">https:\/\/youtu.be\/OuhbC06EQSs<\/a><\/h5>\n<h4><span style=\"color: #ffffff;\">&#8211;<\/span><\/h4>\n<h4><strong><span style=\"color: #000000;\">Presentaci\u00f3 de sol\u00b7licituds de preinscripci\u00f3:<\/span><\/strong><\/h4>\n<div class=\"FW_sArticleFoto\">\n<div class=\"FW_sEditPro\">\n<ul>\n<li>Educaci\u00f3 infantil (3-6 anys) i educaci\u00f3 prim\u00e0ria:\u00a0<strong>del 6 al 20 de mar\u00e7 de 2024.<\/strong><\/li>\n<li>Nou web de la preinscripci\u00f3:<br \/>\n<h5><a href=\"https:\/\/preinscripcio.gencat.cat\/ca\/inici\/\">https:\/\/preinscripcio.gencat.cat\/ca\/inici\/<\/a><\/h5>\n<\/li>\n<\/ul>\n<\/div>\n<h4><span style=\"color: #ffffff;\">&#8211;<\/span><\/h4>\n<h4 id=\"FW_bloc_24c7f9f3-3a42-11eb-90aa-005056924a59_1\" class=\"FW_ancora\"><strong><span style=\"color: #000000;\">Web de preinscripci\u00f3:<\/span><\/strong><\/h4>\n<div class=\"page\" title=\"Page 20\">\n<div class=\"section\">\n<div class=\"layoutArea\">\n<div class=\"column\">\n<h5><strong><a href=\"http:\/\/preinscripcio.gencat.cat\/ca\/inici\/\">http:\/\/preinscripcio.gencat.cat\/ca\/inici\/<\/a><\/strong><\/h5>\n<p>El web preinscripcio.gencat.cat conte\u0301 les respostes a les preguntes que usualment formulen les fami\u0301lies. Tambe\u0301 s\u2019hi troben els enllac\u0327os als formularis que necessitaran durant el proce\u0301s a l\u2019hora de presentar documentacio\u0301.<\/p>\n<\/div>\n<h4><span style=\"color: #ffffff;\">&#8211;<\/span><\/h4>\n<h4><strong><span style=\"color: #000000;\">El Portal de Centres:\u00a0<\/span><\/strong><\/h4>\n<div class=\"page\" title=\"Page 20\">\n<div class=\"section\">\n<div class=\"layoutArea\">\n<div class=\"column\">\n<h5><a href=\"https:\/\/espai.educacio.gencat.cat\/Alumnes\/PreinscripcioMatricula\">https:\/\/espai.educacio.gencat.cat\/Alumnes\/PreinscripcioMatricula<\/a><\/h5>\n<p>Conte\u0301 tota la informacio\u0301 actualitzada per a la gestio\u0301 del proce\u0301s, inclosos els calendaris.<\/p>\n<h4><span style=\"color: #ffffff;\">&#8211;<\/span><\/h4>\n<h4><strong><span style=\"color: #000000;\">El Mapa escolar de Catalunya:\u00a0<\/span><\/strong><\/h4>\n<div class=\"page\" title=\"Page 20\">\n<div class=\"section\">\n<div class=\"layoutArea\">\n<div class=\"column\">\n<h5><a href=\"http:\/\/mapaescolar.gencat.cat\/\">http:\/\/mapaescolar.gencat.cat\/<\/a><\/h5>\n<p>Tota l\u2019oferta de places sostinguda amb fons pu\u0301blics es pot consultar al Mapa Escolar de Catalunya<\/p>\n<p><span style=\"color: #ffffff;\">.<\/span><\/p>\n<\/div>\n<\/div>\n<\/div>\n<\/div>\n<\/div>\n<\/div>\n<\/div>\n<\/div>\n<\/div>\n<\/div>\n<\/div>\n<\/div>\n<div class=\"FW_sArticleFoto\">\n<div class=\"FW_sEditPro\">\n<h5><\/h5>\n<p>&nbsp;<\/p>\n<p>&nbsp;<\/p>\n<\/div>\n<\/div>\n","protected":false},"excerpt":{"rendered":"<p>PER\u00cdODE DE MATRICULACI\u00d3 DEL 25 DE JUNY AL 3 DE JULIOL (virtual)<br \/>\n<a href=\"https:\/\/agora.xtec.cat\/ceippuiggracios\/wp-content\/uploads\/usu511\/2025\/06\/Captura-de-pantalla-2025-06-18-135534.png\"><\/a><br \/>\nDOCUMENTS PER LA MATR\u00cdCULA:\u00a0<br \/>\n<a href=\"https:\/\/agora.xtec.cat\/ceippuiggracios\/wp-content\/uploads\/usu511\/2025\/06\/Autoritzacions_globals_2025-2026.pdf\">AUTORITZACIONS PER A LES ETAPES D\u2019EDUCACI\u00d3 INFANTIL I PRIM\u00c0RIA<\/a><br \/>\n<a href=\"https:\/\/agora.xtec.cat\/ceippuiggracios\/wp-content\/uploads\/usu511\/2025\/06\/Fitxa_ingres_.pdf\">FITXA INGR\u00c9S<\/a><br \/>\n___________________________________________________________________________________________________________________<br \/>\n<a href=\"https:\/\/agora.xtec.cat\/ceippuiggracios\/wp-content\/uploads\/usu511\/2025\/06\/INFORME_PREINSCRITES_OME_INFORME_PREINSCRITES_OME.pdf\">ALUMNES PREINSCRITS AL CENTRE CURS 2025-2026<\/a><br \/>\n<a href=\"https:\/\/agora.xtec.cat\/ceippuiggracios\/wp-content\/uploads\/usu511\/2025\/06\/INFORME_ASSIGNADES_INFORME_ASSIGNADES-1.pdf\">ALUMNES ASSIGNATS AL CENTRE AMB INDICACI\u00d3 DE LA PRIMERA PETICI\u00d3 CURS 2025-2026<\/a><br \/>\n<a&hellip;  <a href=\"https:\/\/agora.xtec.cat\/ceippuiggracios\/preinscripcio\/\" title=\"Read PREINSCRIPCI\u00d3 CURS 2025-2026\">Llegeix m\u00e9s\u00bb<\/a><\/p>\n","protected":false},"author":1,"featured_media":0,"parent":0,"menu_order":0,"comment_status":"closed","ping_status":"closed","template":"","meta":{"_bbp_topic_count":0,"_bbp_reply_count":0,"_bbp_total_topic_count":0,"_bbp_total_reply_count":0,"_bbp_voice_count":0,"_bbp_anonymous_reply_count":0,"_bbp_topic_count_hidden":0,"_bbp_reply_count_hidden":0,"_bbp_forum_subforum_count":0,"footnotes":""},"class_list":["post-3704","page","type-page","status-publish","hentry"],"post_mailing_queue_ids":[],"_links":{"self":[{"href":"https:\/\/agora.xtec.cat\/ceippuiggracios\/wp-json\/wp\/v2\/pages\/3704","targetHints":{"allow":["GET"]}}],"collection":[{"href":"https:\/\/agora.xtec.cat\/ceippuiggracios\/wp-json\/wp\/v2\/pages"}],"about":[{"href":"https:\/\/agora.xtec.cat\/ceippuiggracios\/wp-json\/wp\/v2\/types\/page"}],"author":[{"embeddable":true,"href":"https:\/\/agora.xtec.cat\/ceippuiggracios\/wp-json\/wp\/v2\/users\/1"}],"replies":[{"embeddable":true,"href":"https:\/\/agora.xtec.cat\/ceippuiggracios\/wp-json\/wp\/v2\/comments?post=3704"}],"version-history":[{"count":6,"href":"https:\/\/agora.xtec.cat\/ceippuiggracios\/wp-json\/wp\/v2\/pages\/3704\/revisions"}],"predecessor-version":[{"id":4721,"href":"https:\/\/agora.xtec.cat\/ceippuiggracios\/wp-json\/wp\/v2\/pages\/3704\/revisions\/4721"}],"wp:attachment":[{"href":"https:\/\/agora.xtec.cat\/ceippuiggracios\/wp-json\/wp\/v2\/media?parent=3704"}],"curies":[{"name":"wp","href":"https:\/\/api.w.org\/{rel}","templated":true}]}}