{"id":3561,"date":"2020-07-13T18:49:15","date_gmt":"2020-07-13T16:49:15","guid":{"rendered":"http:\/\/agora.xtec.cat\/ceippuiggracios\/?page_id=3561"},"modified":"2020-10-22T11:03:55","modified_gmt":"2020-10-22T09:03:55","slug":"padlet-infantil","status":"publish","type":"page","link":"https:\/\/agora.xtec.cat\/ceippuiggracios\/blog-antic\/padlet-infantil\/","title":{"rendered":"Padlet INFANTIL"},"content":{"rendered":"<p dir=\"ltr\">El Padlet \u00e9s un espai compartit on\u00a0 els diferents nivell d\u2019infantil anirem posant algunes fotografies d\u2019activitats que fem a l\u2019escola. Tamb\u00e9 aprofitarem per explicar-vos algunes not\u00edcies!!<\/p>\n<p dir=\"ltr\">A m\u00e9s, en cas de confinament, aquesta ser\u00e0 l\u2019eina de comunicaci\u00f3 entre escola i fam\u00edlies i us oferirem propostes per fer a casa.<\/p>\n<p id=\"m_-3520245019130185988gmail-docs-internal-guid-1f537e85-7fff-3ca5-cf67-ea2db4b29311\" dir=\"ltr\">Aquesta plataforma permet la interacci\u00f3 entre fam\u00edlies i escoles ja que permet comentar les publicacions i fer-hi la vostra aportaci\u00f3. Per fer-ho, heu de clicar + i us apareixer\u00e0 un calaix\u00f3 on podeu escriure. Cal que a l\u2019apartat de T\u00cdTOL escriviu el nom, cognom i classe de l\u2019alumne.<\/p>\n<p><em><strong>*\u00c9s responsabilitat de cada fam\u00edlia compartir o no imatges i\/o v\u00eddeos de les seves criatures. Recordeu que l\u2019acc\u00e9s als Padlets est\u00e0 protegit per la contrasenya del portal web.<\/strong><\/em><\/p>\n<p><a href=\"https:\/\/padlet.com\/padp31\/qvh9d0o2t85sli8i\" target=\"_blank\" rel=\"noopener noreferrer\">PADLET P3<\/a><\/p>\n<p><a href=\"https:\/\/padlet.com\/padp41\/2epyf96e53ps7gzo\">PADLET P4<\/a><\/p>\n<p><a href=\"https:\/\/padlet.com\/padp52\/5xgbh06zzswrpye4\">PADLET P5<\/a><\/p>\n","protected":false},"excerpt":{"rendered":"<p>El Padlet \u00e9s un espai compartit on\u00a0 els diferents nivell d\u2019infantil anirem posant algunes fotografies d\u2019activitats que fem a l\u2019escola. Tamb\u00e9 aprofitarem per explicar-vos algunes not\u00edcies!!<br \/>\nA m\u00e9s, en cas de confinament, aquesta ser\u00e0 l\u2019eina de comunicaci\u00f3 entre escola i fam\u00edlies i us oferirem propostes per&hellip;  <a href=\"https:\/\/agora.xtec.cat\/ceippuiggracios\/blog-antic\/padlet-infantil\/\" title=\"Read Padlet INFANTIL\">Llegeix m\u00e9s\u00bb<\/a><\/p>\n","protected":false},"author":1,"featured_media":0,"parent":87,"menu_order":0,"comment_status":"closed","ping_status":"closed","template":"","meta":{"_bbp_topic_count":0,"_bbp_reply_count":0,"_bbp_total_topic_count":0,"_bbp_total_reply_count":0,"_bbp_voice_count":0,"_bbp_anonymous_reply_count":0,"_bbp_topic_count_hidden":0,"_bbp_reply_count_hidden":0,"_bbp_forum_subforum_count":0,"footnotes":""},"class_list":["post-3561","page","type-page","status-publish","hentry"],"post_mailing_queue_ids":[],"_links":{"self":[{"href":"https:\/\/agora.xtec.cat\/ceippuiggracios\/wp-json\/wp\/v2\/pages\/3561","targetHints":{"allow":["GET"]}}],"collection":[{"href":"https:\/\/agora.xtec.cat\/ceippuiggracios\/wp-json\/wp\/v2\/pages"}],"about":[{"href":"https:\/\/agora.xtec.cat\/ceippuiggracios\/wp-json\/wp\/v2\/types\/page"}],"author":[{"embeddable":true,"href":"https:\/\/agora.xtec.cat\/ceippuiggracios\/wp-json\/wp\/v2\/users\/1"}],"replies":[{"embeddable":true,"href":"https:\/\/agora.xtec.cat\/ceippuiggracios\/wp-json\/wp\/v2\/comments?post=3561"}],"version-history":[{"count":3,"href":"https:\/\/agora.xtec.cat\/ceippuiggracios\/wp-json\/wp\/v2\/pages\/3561\/revisions"}],"predecessor-version":[{"id":3630,"href":"https:\/\/agora.xtec.cat\/ceippuiggracios\/wp-json\/wp\/v2\/pages\/3561\/revisions\/3630"}],"up":[{"embeddable":true,"href":"https:\/\/agora.xtec.cat\/ceippuiggracios\/wp-json\/wp\/v2\/pages\/87"}],"wp:attachment":[{"href":"https:\/\/agora.xtec.cat\/ceippuiggracios\/wp-json\/wp\/v2\/media?parent=3561"}],"curies":[{"name":"wp","href":"https:\/\/api.w.org\/{rel}","templated":true}]}}