{"id":28,"date":"2014-09-18T12:29:35","date_gmt":"2014-09-18T11:29:35","guid":{"rendered":"http:\/\/agora.xtec.cat\/ceippuiggracios\/?page_id=28"},"modified":"2026-02-02T09:58:33","modified_gmt":"2026-02-02T08:58:33","slug":"consell-escolar","status":"publish","type":"page","link":"https:\/\/agora.xtec.cat\/ceippuiggracios\/lescola\/consell-escolar\/","title":{"rendered":"Consell escolar"},"content":{"rendered":"<p><strong>COMPOSICI\u00d3 DEL CONSELL ESCOLAR<\/strong><\/p>\n<p><strong>Sector mestres<\/strong>: Cristina Oliver, Marina Hern\u00e1ndez, No\u00e8lia Mu\u00f1oz, M\u00f2nica Ropero, Vanessa Becerra i Jasmina Martin.<\/p>\n<p><strong>Sector pares:<\/strong> Carlos Pati\u00f1o, Lidia Carbajo, Laura Clavell, Mario Ma\u00f1ez i Lalo Carrillo.<\/p>\n<p><strong>Equip Directiu<\/strong>: Marta Vinyeta, Merc\u00e8 Bretcha, Virg\u00ednia Juli\u00e0.<\/p>\n<p><strong>Ajuntament: <\/strong>Sonia Afuera.<\/p>\n<p><strong>PAS<\/strong>: Maite Vilaseca.<\/p>\n<p><strong>PAE:<\/strong> Sara Saura.<\/p>\n<p><strong>Designaci\u00f3 AFA: <\/strong>Maite Rodr\u00edguez.<\/p>\n<p>El consell escolar \u00e9s l\u2019\u00f2rgan de participaci\u00f3 dels diferents sectors de la comunitat educativa en el govern dels centres.<\/p>\n<p>Les mares i els pares dels alumnes matriculats en un centre educatiu, per mitj\u00e0 dels representants escollits en les eleccions, formen part del consell escolar del centre.<\/p>\n<p>El formen els representants de tota la comunitat educativa, \u00e9s a dir, direcci\u00f3, professors, alumnes, fam\u00edlies, personal d\u2019administraci\u00f3 i serveis, representant de l\u2019administraci\u00f3 local i altres persones que el mateix consell consideri necess\u00e0ries.<\/p>\n<p>La funci\u00f3 principal del consell escolar \u00e9s la de debatre i aprovar temes relacionats amb el funcionament i l\u2019organitzaci\u00f3 del centre: el projecte educatiu, el pla i la mem\u00f2ria anuals de centre, la carta de comprom\u00eds, les normes d\u2019organitzaci\u00f3 i funcionament, el pressupost i rendiment de comptes, el procediment de selecci\u00f3 i la proposta de cessament del director, etc.<\/p>\n<p>&nbsp;<\/p>\n<p><strong>Atenent a la normativa vigent, fem p\u00fablics els acords presos al consell escolar tenint en compte que la mateixa normativa destaca que \u201cnom\u00e9s cal especificar els acords presos de forma breu i tenint en compte la protecci\u00f3 de dades personals.\u201d (Documents per a l\u2019organitzaci\u00f3 i la gesti\u00f3 dels centres)<\/strong><\/p>\n<h2 style=\"text-align: center;\"><a href=\"https:\/\/drive.google.com\/drive\/folders\/1hqxjz0iYqccmDwPKzJ2vmRJhnwqdEhY4?usp=sharing\">CARPETA ACORDS<\/a><\/h2>\n<div class=\"addtoany_share_save_container addtoany_content addtoany_content_bottom\">\n<div class=\"a2a_kit a2a_kit_size_32 addtoany_list\" data-a2a-url=\"https:\/\/agora.xtec.cat\/ceippuiggracios\/lescola\/actes-consell-escolar\/\" data-a2a-title=\"Actes consell escolar\"><\/div>\n<\/div>\n<p>&nbsp;<\/p>\n","protected":false},"excerpt":{"rendered":"<p>COMPOSICI\u00d3 DEL CONSELL ESCOLAR<br \/>\nSector mestres: Cristina Oliver, Marina Hern\u00e1ndez, No\u00e8lia Mu\u00f1oz, M\u00f2nica Ropero, Vanessa Becerra i Jasmina Martin.<br \/>\nSector pares: Carlos Pati\u00f1o, Lidia Carbajo, Laura Clavell, Mario Ma\u00f1ez i Lalo Carrillo.<br \/>\nEquip Directiu: Marta Vinyeta, Merc\u00e8 Bretcha, Virg\u00ednia Juli\u00e0.<br \/>\nAjuntament: Sonia Afuera.<br \/>\nPAS: Maite Vilaseca.<br \/>\nPAE: Sara Saura.<br \/>\nDesignaci\u00f3 AFA: Maite&hellip;  <a href=\"https:\/\/agora.xtec.cat\/ceippuiggracios\/lescola\/consell-escolar\/\" title=\"Read Consell escolar\">Llegeix m\u00e9s\u00bb<\/a><\/p>\n","protected":false},"author":1,"featured_media":0,"parent":22,"menu_order":30,"comment_status":"closed","ping_status":"closed","template":"page-templates\/side-menu.php","meta":{"_bbp_topic_count":0,"_bbp_reply_count":0,"_bbp_total_topic_count":0,"_bbp_total_reply_count":0,"_bbp_voice_count":0,"_bbp_anonymous_reply_count":0,"_bbp_topic_count_hidden":0,"_bbp_reply_count_hidden":0,"_bbp_forum_subforum_count":0,"footnotes":""},"class_list":["post-28","page","type-page","status-publish","hentry"],"post_mailing_queue_ids":[],"_links":{"self":[{"href":"https:\/\/agora.xtec.cat\/ceippuiggracios\/wp-json\/wp\/v2\/pages\/28","targetHints":{"allow":["GET"]}}],"collection":[{"href":"https:\/\/agora.xtec.cat\/ceippuiggracios\/wp-json\/wp\/v2\/pages"}],"about":[{"href":"https:\/\/agora.xtec.cat\/ceippuiggracios\/wp-json\/wp\/v2\/types\/page"}],"author":[{"embeddable":true,"href":"https:\/\/agora.xtec.cat\/ceippuiggracios\/wp-json\/wp\/v2\/users\/1"}],"replies":[{"embeddable":true,"href":"https:\/\/agora.xtec.cat\/ceippuiggracios\/wp-json\/wp\/v2\/comments?post=28"}],"version-history":[{"count":6,"href":"https:\/\/agora.xtec.cat\/ceippuiggracios\/wp-json\/wp\/v2\/pages\/28\/revisions"}],"predecessor-version":[{"id":4736,"href":"https:\/\/agora.xtec.cat\/ceippuiggracios\/wp-json\/wp\/v2\/pages\/28\/revisions\/4736"}],"up":[{"embeddable":true,"href":"https:\/\/agora.xtec.cat\/ceippuiggracios\/wp-json\/wp\/v2\/pages\/22"}],"wp:attachment":[{"href":"https:\/\/agora.xtec.cat\/ceippuiggracios\/wp-json\/wp\/v2\/media?parent=28"}],"curies":[{"name":"wp","href":"https:\/\/api.w.org\/{rel}","templated":true}]}}