{"id":26,"date":"2014-09-18T12:24:32","date_gmt":"2014-09-18T11:24:32","guid":{"rendered":"http:\/\/agora.xtec.cat\/ceippuiggracios\/?page_id=26"},"modified":"2017-07-05T10:15:21","modified_gmt":"2017-07-05T08:15:21","slug":"historia","status":"publish","type":"page","link":"https:\/\/agora.xtec.cat\/ceippuiggracios\/lescola\/historia\/","title":{"rendered":"La Nostra Hist\u00f2ria"},"content":{"rendered":"<h1 class=\"entry-title\"><\/h1>\n<div class=\"entry-content\">\n<p>Va ser la primera escola que hi va haver a la Garriga, tot i que no va tenir nom fins que es van estrenar els edificis actuals. Com que des de la muntanyeta on es va ubicar l\u2019escola, es veia el santuari de Puiggraci\u00f3s, van anomenar l\u2019escola\u201dNostra senyora de Puiggraci\u00f3s\u201d, i m\u00e9s tard considerant que era una escola p\u00fablica i laica, es va modificar i es va dir \u201cPuiggraci\u00f3s\u201d.<\/p>\n<p><strong>D\u2019ON VENIM<\/strong><\/p>\n<p>L\u2019escola Puiggraci\u00f3s \u00e9s fruit de la primera escola del municipi, podr\u00edem dir que el primer nucli, com escola de nens neix l\u2019any 1811 data en que fou nomenat el primer mestre Isidre Casanovas. L\u2019any 1856 va ser reconeguda com escola elemental de nens. El van succeir el seu fill Antoni Casanovas que era mestre i alhora secretari de l\u2019Ajuntament i\u00a0 el seu n\u00e9t Jenaro Casanovas. L\u2019any 1857 despr\u00e9s de 46 anys de l\u2019inici de l\u2019escola de nens, es va instaurar l\u2019escola de nenes a c\u00e0rrec de la religiosa Anna Ravell. Era un nucli escolar que rebia ajudes del consistori i va passar a ser p\u00fablic l\u2019any 1860.\u00a0 A partir del 1871 van continuar la tasca docent Margarita Janer i Concepci\u00f3 Viguer. Tant l\u2019escola de nens com de nenes van ocupar diferents locals i van anar creixent al mateix ritme que creixia el poble. Can Sala va ser el darrer espai que van utilitzar. L\u2019any 1962 l\u2019Ajuntament va fer els tr\u00e0mits per construir un nou edifici amb cabuda per a m\u00e9s alumnes. L\u2019any 1964 es van inaugurar les primeres aules a la muntanyeta. Posteriorment es va anar incrementant el n\u00famero d\u2019aules fins a ser una escola graduada i mixta, de doble l\u00ednia educativa. Durant molts anys l\u2019escola va ocupar dos espais: l\u2019edifici de can Sala on hi havia el parvulari i a la muntanyeta les aules de prim\u00e0ria.<\/p>\n<p>Des de l\u2019any 1975 al 1979 va enquibir el primer nucli de l\u2019Institut de formaci\u00f3 Professional (classes d\u2019administratiu).\u00a0 Uns anys m\u00e9s tard va tancar l\u2019escola Immaculada de les monges i bona part dels alumnes van passar a formar part del col\u00b7legi Puiggraci\u00f3s. Els arxius d\u2019aquesta escola juntament amb els del col\u00b7legi Alpe que va tancar uns anys m\u00e9s tard van passar a la nostra escola ja que havien de quedar operatius per a futures gestions.<\/p>\n<p><strong>Som una escola amb molts anys d\u2019hist\u00f2ria per\u00f2 que s\u2019ha renovat constantment, actualment els edificis estan remodelats, amb la tecnologia necess\u00e0ria per a dur a terme un ensenyament adequat als nostres temps. En un marc incomparable\u00a0 gaudim d\u2019uns patis amb arbres i vegetaci\u00f3, amb hort i zones enjardinades, en plena muntanyeta i vistes privilegiades de la Garriga i el seu entorn.<\/strong><\/p>\n<\/div>\n","protected":false},"excerpt":{"rendered":"<p>Va ser la primera escola que hi va haver a la Garriga, tot i que no va tenir nom fins que es van estrenar els edificis actuals. Com que des de la muntanyeta on es va ubicar l\u2019escola, es veia el santuari de Puiggraci\u00f3s, van&hellip;  <a href=\"https:\/\/agora.xtec.cat\/ceippuiggracios\/lescola\/historia\/\" title=\"Read La Nostra Hist\u00f2ria\">Llegeix m\u00e9s\u00bb<\/a><\/p>\n","protected":false},"author":1,"featured_media":0,"parent":22,"menu_order":20,"comment_status":"closed","ping_status":"closed","template":"page-templates\/side-menu.php","meta":{"_bbp_topic_count":0,"_bbp_reply_count":0,"_bbp_total_topic_count":0,"_bbp_total_reply_count":0,"_bbp_voice_count":0,"_bbp_anonymous_reply_count":0,"_bbp_topic_count_hidden":0,"_bbp_reply_count_hidden":0,"_bbp_forum_subforum_count":0,"footnotes":""},"class_list":["post-26","page","type-page","status-publish","hentry"],"post_mailing_queue_ids":[],"_links":{"self":[{"href":"https:\/\/agora.xtec.cat\/ceippuiggracios\/wp-json\/wp\/v2\/pages\/26","targetHints":{"allow":["GET"]}}],"collection":[{"href":"https:\/\/agora.xtec.cat\/ceippuiggracios\/wp-json\/wp\/v2\/pages"}],"about":[{"href":"https:\/\/agora.xtec.cat\/ceippuiggracios\/wp-json\/wp\/v2\/types\/page"}],"author":[{"embeddable":true,"href":"https:\/\/agora.xtec.cat\/ceippuiggracios\/wp-json\/wp\/v2\/users\/1"}],"replies":[{"embeddable":true,"href":"https:\/\/agora.xtec.cat\/ceippuiggracios\/wp-json\/wp\/v2\/comments?post=26"}],"version-history":[{"count":3,"href":"https:\/\/agora.xtec.cat\/ceippuiggracios\/wp-json\/wp\/v2\/pages\/26\/revisions"}],"predecessor-version":[{"id":474,"href":"https:\/\/agora.xtec.cat\/ceippuiggracios\/wp-json\/wp\/v2\/pages\/26\/revisions\/474"}],"up":[{"embeddable":true,"href":"https:\/\/agora.xtec.cat\/ceippuiggracios\/wp-json\/wp\/v2\/pages\/22"}],"wp:attachment":[{"href":"https:\/\/agora.xtec.cat\/ceippuiggracios\/wp-json\/wp\/v2\/media?parent=26"}],"curies":[{"name":"wp","href":"https:\/\/api.w.org\/{rel}","templated":true}]}}