{"id":24,"date":"2014-09-18T12:23:15","date_gmt":"2014-09-18T11:23:15","guid":{"rendered":"http:\/\/agora.xtec.cat\/ceippuiggracios\/?page_id=24"},"modified":"2023-01-27T11:14:09","modified_gmt":"2023-01-27T10:14:09","slug":"on-som","status":"publish","type":"page","link":"https:\/\/agora.xtec.cat\/ceippuiggracios\/lescola\/on-som\/","title":{"rendered":"On som"},"content":{"rendered":"<div class=\"entry-content\">\n<p>La nostra escola est\u00e0 situada al tur\u00f3 de la Muntanyeta de la Garriga, en un lloc geogr\u00e0ficament privilegiat i fora del nucli urb\u00e0. Gaudeix d\u2019una vista i d\u2019uns espais d\u2019esbarjo \u00f2ptims. De l\u2019antic bosc de la Muntanyeta se\u2019n conserva una m\u00ednima part integrada dins el recinte escolar. Aquest \u00e9s l\u2019espai d\u2019esbarjo habitual\u00a0 que ens permet jugar en un entorn natural que ens potencia la creativitat, la imaginaci\u00f3 i el respecte per la natura.<\/p>\n<p>&nbsp;<\/p>\n<p>La Garriga \u00e9s un municipi del Vall\u00e8s Oriental, ubicat a 40 kil\u00f2metres de Barcelona i a tocar del Parc Natural del Montseny.<\/p>\n<\/div>\n<p style=\"color: #666666;\"><strong>Escola Puiggraci\u00f3s<\/strong><br \/>\nCarrer Pere Ball\u00fas 5<br \/>\n08530 La Garriga<\/p>\n<p><img loading=\"lazy\" decoding=\"async\" class=\"\" src=\"https:\/\/i.pinimg.com\/564x\/84\/4e\/8c\/844e8cd4ab26c82286238471f0e5a901.jpg\" width=\"32\" height=\"32\" \/>\u00a0938718177<\/p>\n<p><a href=\"https:\/\/wa.me\/34661048448\"><img loading=\"lazy\" decoding=\"async\" class=\"alignnone wp-image-4310\" src=\"https:\/\/agora.xtec.cat\/ceippuiggracios\/wp-content\/uploads\/usu511\/2023\/01\/icon-whats.png\" alt=\"\" width=\"34\" height=\"34\" \/><\/a><a href=\"https:\/\/agora.xtec.cat\/ceippuiggracios\/wp-content\/uploads\/usu511\/2023\/01\/icona-whatsapp.png\">\u00a0<\/a><a href=\"https:\/\/wa.me\/34661048448\">661048448<\/a><\/p>\n<p><img loading=\"lazy\" decoding=\"async\" class=\"\" src=\"https:\/\/play-lh.googleusercontent.com\/KSuaRLiI_FlDP8cM4MzJ23ml3og5Hxb9AapaGTMZ2GgR103mvJ3AAnoOFz1yheeQBBI\" alt=\"Gmail - Apps en Google Play\" width=\"32\" height=\"32\" \/>\u00a0<a href=\"mailto:a8017311@xtec.cat\">a8017311<span class=\"\">@xtec.ca<\/span>t<\/a><\/p>\n<p><iframe loading=\"lazy\" src=\"https:\/\/www.google.com\/maps\/embed?pb=!1m18!1m12!1m3!1d2979.66202590051!2d2.2890840149224263!3d41.68464207923798!2m3!1f0!2f0!3f0!3m2!1i1024!2i768!4f13.1!3m3!1m2!1s0x12a4c591beb13e59%3A0x31ea62e0f85824ac!2sEscola+P%C3%BAblica+Puiggraci%C3%B3s!5e0!3m2!1sca!2ses!4v1496301672353\" width=\"600\" height=\"450\" frameborder=\"0\"><\/iframe><\/p>\n","protected":false},"excerpt":{"rendered":"<p>La nostra escola est\u00e0 situada al tur\u00f3 de la Muntanyeta de la Garriga, en un lloc geogr\u00e0ficament privilegiat i fora del nucli urb\u00e0. Gaudeix d\u2019una vista i d\u2019uns espais d\u2019esbarjo \u00f2ptims. De l\u2019antic bosc de la Muntanyeta se\u2019n conserva una m\u00ednima part integrada dins el&hellip;  <a href=\"https:\/\/agora.xtec.cat\/ceippuiggracios\/lescola\/on-som\/\" title=\"Read On som\">Llegeix m\u00e9s\u00bb<\/a><\/p>\n","protected":false},"author":1,"featured_media":0,"parent":22,"menu_order":10,"comment_status":"closed","ping_status":"closed","template":"page-templates\/side-menu.php","meta":{"_bbp_topic_count":0,"_bbp_reply_count":0,"_bbp_total_topic_count":0,"_bbp_total_reply_count":0,"_bbp_voice_count":0,"_bbp_anonymous_reply_count":0,"_bbp_topic_count_hidden":0,"_bbp_reply_count_hidden":0,"_bbp_forum_subforum_count":0,"footnotes":""},"class_list":["post-24","page","type-page","status-publish","hentry"],"post_mailing_queue_ids":[],"_links":{"self":[{"href":"https:\/\/agora.xtec.cat\/ceippuiggracios\/wp-json\/wp\/v2\/pages\/24","targetHints":{"allow":["GET"]}}],"collection":[{"href":"https:\/\/agora.xtec.cat\/ceippuiggracios\/wp-json\/wp\/v2\/pages"}],"about":[{"href":"https:\/\/agora.xtec.cat\/ceippuiggracios\/wp-json\/wp\/v2\/types\/page"}],"author":[{"embeddable":true,"href":"https:\/\/agora.xtec.cat\/ceippuiggracios\/wp-json\/wp\/v2\/users\/1"}],"replies":[{"embeddable":true,"href":"https:\/\/agora.xtec.cat\/ceippuiggracios\/wp-json\/wp\/v2\/comments?post=24"}],"version-history":[{"count":4,"href":"https:\/\/agora.xtec.cat\/ceippuiggracios\/wp-json\/wp\/v2\/pages\/24\/revisions"}],"predecessor-version":[{"id":4314,"href":"https:\/\/agora.xtec.cat\/ceippuiggracios\/wp-json\/wp\/v2\/pages\/24\/revisions\/4314"}],"up":[{"embeddable":true,"href":"https:\/\/agora.xtec.cat\/ceippuiggracios\/wp-json\/wp\/v2\/pages\/22"}],"wp:attachment":[{"href":"https:\/\/agora.xtec.cat\/ceippuiggracios\/wp-json\/wp\/v2\/media?parent=24"}],"curies":[{"name":"wp","href":"https:\/\/api.w.org\/{rel}","templated":true}]}}